{"id":903,"date":"2022-03-16T03:35:56","date_gmt":"2022-03-16T03:35:56","guid":{"rendered":"https:\/\/ciproba.com.mx\/?page_id=903"},"modified":"2023-10-17T19:49:09","modified_gmt":"2023-10-18T01:49:09","slug":"bolsadetrabajo","status":"publish","type":"page","link":"https:\/\/www.itesloscabos.edu.mx\/inicio\/bolsadetrabajo\/","title":{"rendered":"Bolsa de Trabajo"},"content":{"rendered":"\n<h1>\n\t\tBOLSA DE TRABAJO\n\t<\/h1>\n\t<div class=\"job_listings\" data-location=\"\" data-keywords=\"\" data-show_filters=\"true\" data-show_pagination=\"false\" data-per_page=\"40\" data-orderby=\"featured\" data-order=\"DESC\" data-categories=\"\" data-disable-form-state-storage=\"\" data-post_id=\"903\" >\n<form class=\"job_filters\">\n\t\n\t<div class=\"search_jobs\">\n\t\t\n\t\t<div class=\"search_keywords\">\n\t\t\t<label for=\"search_keywords\">Palabras clave<\/label>\n\t\t\t<input type=\"text\" name=\"search_keywords\" id=\"search_keywords\" placeholder=\"Palabras clave\" value=\"\" \/>\n\t\t<\/div>\n\n\t\t<div class=\"search_location\">\n\t\t\t<label for=\"search_location\">Ubicaci\u00f3n<\/label>\n\t\t\t<input type=\"text\" name=\"search_location\" id=\"search_location\" placeholder=\"Ubicaci\u00f3n\" value=\"\" \/>\n\t\t<\/div>\n\n\t\t\t\t\t<div class=\"search_remote_position\">\n\t\t\t\t<input type=\"checkbox\" class=\"input-checkbox\" name=\"remote_position\" id=\"remote_position\" placeholder=\"Ubicaci\u00f3n\" value=\"1\"  \/>\n\t\t\t\t<label for=\"remote_position\" id=\"remote_position_label\">Solo puestos en remoto<\/label>\n\t\t\t<\/div>\n\t\t\n\t\t<div style=\"clear: both\"><\/div>\n\n\t\t\t\t\t<div class=\"search_categories\">\n\t\t\t\t<label for=\"search_categories\">Categor\u00eda<\/label>\n\t\t\t\t\t\t\t\t\t<select name='search_categories[]' id='search_categories' class='job-manager-category-dropdown '  data-placeholder='Elige una categor\u00eda&hellip;' data-no_results_text='No se han encontrado resultados' data-multiple_text='Elige alguna opci\u00f3n'>\n<option value=\"\">Cualquier categor\u00eda<\/option>\t<option class=\"level-0\" value=\"16\">Construcci\u00f3n<\/option>\n\t<option class=\"level-0\" value=\"18\">Finanzas<\/option>\n\t<option class=\"level-0\" value=\"14\">Hoteleria<\/option>\n\t<option class=\"level-0\" value=\"15\">Industrial<\/option>\n\t<option class=\"level-0\" value=\"17\">Transporte<\/option>\n<\/select>\n\t\t\t\t\t\t\t<\/div>\n\t\t\n\t\t\t\t\t<div class=\"search_submit\">\n\t\t\t\t<input type=\"submit\" value=\"Buscar trabajos\">\n\t\t\t<\/div>\n\t\t\n\t\t\t<\/div>\n\n\t\t<ul class=\"job_types\">\n\t\t\t\t\t<li><label for=\"job_type_freelance\" class=\"freelance\"><input type=\"checkbox\" name=\"filter_job_type[]\" value=\"freelance\"  checked='checked' id=\"job_type_freelance\" \/> Freelance<\/label><\/li>\n\t\t\t\t\t<li><label for=\"job_type_q\" class=\"mixto\"><input type=\"checkbox\" name=\"filter_job_type[]\" value=\"q\"  checked='checked' id=\"job_type_q\" \/> Mixto<\/label><\/li>\n\t\t\t\t\t<li><label for=\"job_type_ss\" class=\"servicio-social\"><input type=\"checkbox\" name=\"filter_job_type[]\" value=\"ss\"  checked='checked' id=\"job_type_ss\" \/> Servicio Social<\/label><\/li>\n\t\t\t\t\t<li><label for=\"job_type_temp\" class=\"temporal\"><input type=\"checkbox\" name=\"filter_job_type[]\" value=\"temp\"  checked='checked' id=\"job_type_temp\" \/> Temporal<\/label><\/li>\n\t\t\t\t\t<li><label for=\"job_type_tc\" class=\"tiempo-completo\"><input type=\"checkbox\" name=\"filter_job_type[]\" value=\"tc\"  checked='checked' id=\"job_type_tc\" \/> Tiempo Completo<\/label><\/li>\n\t\t\t<\/ul>\n\t<input type=\"hidden\" name=\"filter_job_type[]\" value=\"\" \/>\n<div class=\"showing_jobs\"><\/div><\/form>\n\n\n<noscript>Tu navegador no es compatible con JavaScript o est\u00e1 desactivado. JavaScript debe estar activado para poder ver las ofertas.<\/noscript>\n<ul class=\"job_listings\">\n<\/ul>\n<a class=\"load_more_jobs\" href=\"#\" style=\"display:none;\"><strong>Cargar m\u00e1s ofertas<\/strong><\/a><\/div>\n<h2>\n\t\tENVIAR VACANTE DE TRABAJO\n\t<\/h2>\n\t <form action=\"\/inicio\/wp-json\/wp\/v2\/pages\/903\" method=\"post\" id=\"submit-job-form\" class=\"job-manager-form\" enctype=\"multipart\/form-data\">\n\n\t\n\t\n\t\n\t\t\t<fieldset class=\"fieldset-login_required\">\n\t\t<label>\u00bfTienes una cuenta?<\/label>\n\t\t<div class=\"field account-sign-in\">\n\t\t\t<a class=\"button\" href=\"https:\/\/www.itesloscabos.edu.mx\/wp-login.php?redirect_to=https%3A%2F%2Fwww.itesloscabos.edu.mx%2Finicio%2Fbolsadetrabajo%2F\">Acceder<\/a>\n\n\t\t\t\t\t<\/div>\n\t<\/fieldset>\n\t\n\t\n\t\n\t\t<!-- Job Information Fields -->\n\t\t\n\t\t\t\t\t<fieldset class=\"fieldset-job_title fieldset-type-text\">\n\t\t\t\t<label for=\"job_title\">T\u00edtulo del trabajo<\/label>\n\t\t\t\t<div class=\"field required-field\">\n\t\t\t\t\t<input type=\"text\" class=\"input-text\" name=\"job_title\" id=\"job_title\" placeholder=\"\" value=\"\" maxlength=\"\" required \/>\n\t\t\t\t<\/div>\n\t\t\t<\/fieldset>\n\t\t\t\t\t<fieldset class=\"fieldset-job_location fieldset-type-text\">\n\t\t\t\t<label for=\"job_location\">Ubicaci\u00f3n <small>(opcional)<\/small><\/label>\n\t\t\t\t<div class=\"field \">\n\t\t\t\t\t<input type=\"text\" class=\"input-text\" name=\"job_location\" id=\"job_location\" placeholder=\"Ejemplo: \u00abMadrid\u00bb\" value=\"\" maxlength=\"\"  \/>\n<small class=\"description\">Dejar en blanco si la ubicaci\u00f3n no es importante<\/small>\t\t\t\t<\/div>\n\t\t\t<\/fieldset>\n\t\t\t\t\t<fieldset class=\"fieldset-remote_position fieldset-type-checkbox\">\n\t\t\t\t<label for=\"remote_position\">Puesto en remoto <small>(opcional)<\/small><\/label>\n\t\t\t\t<div class=\"field \">\n\t\t\t\t\t<input type=\"checkbox\" class=\"input-checkbox\" name=\"remote_position\" id=\"remote_position\"  value=\"1\"  \/>\n<small class=\"description\">Selecciona si este es un puesto remoto.<\/small>\t\t\t\t<\/div>\n\t\t\t<\/fieldset>\n\t\t\t\t\t<fieldset class=\"fieldset-job_type fieldset-type-term-multiselect\">\n\t\t\t\t<label for=\"job_type\">Tipo de trabajo<\/label>\n\t\t\t\t<div class=\"field required-field\">\n\t\t\t\t\t<select name='job_type[]' id='job_type' class='job-manager-category-dropdown ' multiple='multiple' data-placeholder='Elige el tipo de trabajo&hellip;' data-no_results_text='No se han encontrado resultados' data-multiple_text='Elige alguna opci\u00f3n'>\n\t<option class=\"level-0\" value=\"12\">Freelance<\/option>\n\t<option class=\"level-0\" value=\"10\">Mixto<\/option>\n\t<option class=\"level-0\" value=\"13\">Servicio Social<\/option>\n\t<option class=\"level-0\" value=\"11\">Temporal<\/option>\n\t<option class=\"level-0\" value=\"9\">Tiempo Completo<\/option>\n<\/select>\n\t\t\t\t<\/div>\n\t\t\t<\/fieldset>\n\t\t\t\t\t<fieldset class=\"fieldset-job_category fieldset-type-term-multiselect\">\n\t\t\t\t<label for=\"job_category\">Categor\u00eda del trabajo<\/label>\n\t\t\t\t<div class=\"field required-field\">\n\t\t\t\t\t<select name='job_category[]' id='job_category' class='job-manager-category-dropdown ' multiple='multiple' data-placeholder='Elige una categor\u00eda&hellip;' data-no_results_text='No se han encontrado resultados' data-multiple_text='Elige alguna opci\u00f3n'>\n\t<option class=\"level-0\" value=\"16\">Construcci\u00f3n<\/option>\n\t<option class=\"level-0\" value=\"18\">Finanzas<\/option>\n\t<option class=\"level-0\" value=\"14\">Hoteleria<\/option>\n\t<option class=\"level-0\" value=\"15\">Industrial<\/option>\n\t<option class=\"level-0\" value=\"17\">Transporte<\/option>\n<\/select>\n\t\t\t\t<\/div>\n\t\t\t<\/fieldset>\n\t\t\t\t\t<fieldset class=\"fieldset-job_description fieldset-type-wp-editor\">\n\t\t\t\t<label for=\"job_description\">Descripci\u00f3n<\/label>\n\t\t\t\t<div class=\"field required-field\">\n\t\t\t\t\t<div id=\"wp-job_description-wrap\" class=\"wp-core-ui wp-editor-wrap tmce-active\"><link rel='stylesheet' id='dashicons-css' href='https:\/\/www.itesloscabos.edu.mx\/wp-includes\/css\/dashicons.min.css?ver=6.9.4' media='all' \/>\n<link rel='stylesheet' id='editor-buttons-css' href='https:\/\/www.itesloscabos.edu.mx\/wp-includes\/css\/editor.min.css?ver=6.9.4' media='all' \/>\n<style> .mce-top-part button { background-color: rgba(0,0,0,0.0) !important; } <\/style>\n<div id=\"wp-job_description-editor-container\" class=\"wp-editor-container\"><textarea class=\"wp-editor-area\" rows=\"8\" autocomplete=\"off\" cols=\"40\" name=\"job_description\" id=\"job_description\"><\/textarea><\/div>\n<\/div>\n\n\t\t\t\t<\/div>\n\t\t\t<\/fieldset>\n\t\t\t\t\t<fieldset class=\"fieldset-application fieldset-type-text\">\n\t\t\t\t<label for=\"application\">Direcci\u00f3n de correo electr\u00f3nico o URL de la solicitud<\/label>\n\t\t\t\t<div class=\"field required-field\">\n\t\t\t\t\t<input type=\"text\" class=\"input-text\" name=\"application\" id=\"application\" placeholder=\"Introduce un correo electr\u00f3nico o la URL de la web\" value=\"\" maxlength=\"\" required \/>\n\t\t\t\t<\/div>\n\t\t\t<\/fieldset>\n\t\t\t\t\t<fieldset class=\"fieldset-job_salary fieldset-type-text\">\n\t\t\t\t<label for=\"job_salary\">Sueldo <small>(opcional)<\/small><\/label>\n\t\t\t\t<div class=\"field \">\n\t\t\t\t\t<input type=\"text\" class=\"input-text\" name=\"job_salary\" id=\"job_salary\" placeholder=\"p.ej. 20000\" value=\"\" maxlength=\"\"  \/>\n\t\t\t\t<\/div>\n\t\t\t<\/fieldset>\n\t\t\t\t\t<fieldset class=\"fieldset-job_salary_currency fieldset-type-text\">\n\t\t\t\t<label for=\"job_salary_currency\">Moneda del sueldo <small>(opcional)<\/small><\/label>\n\t\t\t\t<div class=\"field \">\n\t\t\t\t\t<input type=\"text\" class=\"input-text\" name=\"job_salary_currency\" id=\"job_salary_currency\" placeholder=\"p.ej. \u20ac\" value=\"\" maxlength=\"\"  \/>\n<small class=\"description\">A\u00f1ade una moneda para el sueldo, este campo es opcional. D\u00e9jalo vac\u00edo para usar la moneda del sueldo por defecto.<\/small>\t\t\t\t<\/div>\n\t\t\t<\/fieldset>\n\t\t\t\t\t<fieldset class=\"fieldset-job_salary_unit fieldset-type-select\">\n\t\t\t\t<label for=\"job_salary_unit\">Unidad de sueldo <small>(opcional)<\/small><\/label>\n\t\t\t\t<div class=\"field \">\n\t\t\t\t\t<select name=\"job_salary_unit\" id=\"job_salary_unit\"  autocomplete=\"off\">\n\t\t\t<option value=\"\" >--<\/option>\n\t\t\t<option value=\"YEAR\" >A\u00f1o<\/option>\n\t\t\t<option value=\"MONTH\" >Mes<\/option>\n\t\t\t<option value=\"WEEK\" >Semana<\/option>\n\t\t\t<option value=\"DAY\" >D\u00eda<\/option>\n\t\t\t<option value=\"HOUR\" >Hora<\/option>\n\t<\/select>\n<small class=\"description\">A\u00f1ade una unidad de periodo del sueldo, este campo es opcional. D\u00e9jalo vac\u00edo para usar la unidad de sueldo por defecto, si es que est\u00e1 definida.<\/small>\t\t\t\t<\/div>\n\t\t\t<\/fieldset>\n\t\t\n\t\t\n\t\t<!-- Company Information Fields -->\n\t\t\t\t\t<h2>Detalles de la empresa<\/h2>\n\n\t\t\t\n\t\t\t\t\t\t\t<fieldset class=\"fieldset-company_name fieldset-type-text\">\n\t\t\t\t\t<label for=\"company_name\">Nombre de la empresa<\/label>\n\t\t\t\t\t<div class=\"field required-field\">\n\t\t\t\t\t\t<input type=\"text\" class=\"input-text\" name=\"company_name\" id=\"company_name\" placeholder=\"Introduce el nombre de la empresa\" value=\"\" maxlength=\"\" required \/>\n\t\t\t\t\t<\/div>\n\t\t\t\t<\/fieldset>\n\t\t\t\t\t\t\t<fieldset class=\"fieldset-company_website fieldset-type-text\">\n\t\t\t\t\t<label for=\"company_website\">Web <small>(opcional)<\/small><\/label>\n\t\t\t\t\t<div class=\"field \">\n\t\t\t\t\t\t<input type=\"text\" class=\"input-text\" name=\"company_website\" id=\"company_website\" placeholder=\"https:\/\/\" value=\"\" maxlength=\"\"  \/>\n\t\t\t\t\t<\/div>\n\t\t\t\t<\/fieldset>\n\t\t\t\t\t\t\t<fieldset class=\"fieldset-company_tagline fieldset-type-text\">\n\t\t\t\t\t<label for=\"company_tagline\">Descripci\u00f3n corta <small>(opcional)<\/small><\/label>\n\t\t\t\t\t<div class=\"field \">\n\t\t\t\t\t\t<input type=\"text\" class=\"input-text\" name=\"company_tagline\" id=\"company_tagline\" placeholder=\"Breve descripci\u00f3n de la empresa\" value=\"\" maxlength=\"64\"  \/>\n\t\t\t\t\t<\/div>\n\t\t\t\t<\/fieldset>\n\t\t\t\t\t\t\t<fieldset class=\"fieldset-company_video fieldset-type-text\">\n\t\t\t\t\t<label for=\"company_video\">V\u00eddeo <small>(opcional)<\/small><\/label>\n\t\t\t\t\t<div class=\"field \">\n\t\t\t\t\t\t<input type=\"text\" class=\"input-text\" name=\"company_video\" id=\"company_video\" placeholder=\"Un enlace a un v\u00eddeo acerca de tu empresa\" value=\"\" maxlength=\"\"  \/>\n\t\t\t\t\t<\/div>\n\t\t\t\t<\/fieldset>\n\t\t\t\t\t\t\t<fieldset class=\"fieldset-company_twitter fieldset-type-text\">\n\t\t\t\t\t<label for=\"company_twitter\">Nombre de usuario en Twitter <small>(opcional)<\/small><\/label>\n\t\t\t\t\t<div class=\"field \">\n\t\t\t\t\t\t<input type=\"text\" class=\"input-text\" name=\"company_twitter\" id=\"company_twitter\" placeholder=\"@tuempresa\" value=\"\" maxlength=\"\"  \/>\n\t\t\t\t\t<\/div>\n\t\t\t\t<\/fieldset>\n\t\t\t\t\t\t\t<fieldset class=\"fieldset-company_logo fieldset-type-file\">\n\t\t\t\t\t<label for=\"company_logo\">Logotipo <small>(opcional)<\/small><\/label>\n\t\t\t\t\t<div class=\"field \">\n\t\t\t\t\t\t<div class=\"job-manager-uploaded-files\">\n\t<\/div>\n\n<input\n\ttype=\"file\"\n\tclass=\"input-text\"\n\tdata-file_types=\"jpg|jpeg|gif|png\"\n\t\t\t\tname=\"company_logo\"\n\tid=\"company_logo\"\n\tplaceholder=\"\"\n\/>\n<small class=\"description\">\n\t\t\tTama\u00f1o m\u00e1ximo del archivo: 512 MB.\t<\/small>\n\t\t\t\t\t<\/div>\n\t\t\t\t<\/fieldset>\n\t\t\t\n\t\t\t\t\t\n\t\t<fieldset class=\"fieldset-agreement-checkbox \">\n\t<div class=\"field full-line-checkbox-field required-field\">\n\t\t<input type=\"checkbox\" class=\"input-checkbox\" name=\"agreement-checkbox\" id=\"agreement-checkbox\"  value=\"1\"  required \/>\n\t\t<label for=\"agreement-checkbox\">Acepto los t\u00e9rminos y condiciones.<\/label>\n\t\t\t<\/div>\n<\/fieldset>\n\n\t\t<p>\n\t\t\t<input type=\"hidden\" name=\"job_manager_form\" value=\"submit-job\" \/>\n\t\t\t<input type=\"hidden\" name=\"job_id\" value=\"0\" \/>\n\t\t\t<input type=\"hidden\" name=\"step\" value=\"0\" \/>\n\t\t\t<input type=\"submit\" name=\"submit_job\" class=\"button\" value=\"Previsualizar\" \/>\n\t\t\t\t\t\t<span class=\"spinner\" style=\"background-image: url(https:\/\/www.itesloscabos.edu.mx\/wp-includes\/images\/spinner.gif);\"><\/span>\n\t\t<\/p>\n\n\t<\/form>\n\n\t\t\t<h3 class='info-table-main-heading'>\t\t\t Registro de Egresados\t\t\t<\/h3>\n\t\t\t<h5 class='info-table-sub-heading'>\t\t\tBolsa de Trabajo\t\t\t<\/h5>\t\t\t\t\n\t\t\t<p><a href=\"https:\/\/www.itesloscabos.edu.mx\/services-copy-copy-copy-4\/\"><b>Click para abrir formulario<\/b><\/a><\/p>\t\t\n\t\t\t\t<a href=\"https:\/\/www.itesloscabos.edu.mx\/wp-content\/uploads\/2023\/09\/Vacante-Auxiliar-Administrativo.jpeg\" target=\"_self\" itemprop=\"url\" rel=\"noopener\">\n\t\t\t\t<img loading=\"lazy\" decoding=\"async\" src=\"https:\/\/www.itesloscabos.edu.mx\/wp-content\/uploads\/2023\/09\/Vacante-Auxiliar-Administrativo.jpeg\" alt=\"Vacante Auxiliar Administrativo\" itemprop=\"image\" height=\"1080\" width=\"1080\" title=\"Vacante Auxiliar Administrativo\" onerror=\"this.style.display='none'\"  \/>\n\t\t\t\t<\/a>\n\t\t\t\t<a href=\"https:\/\/www.itesloscabos.edu.mx\/wp-content\/uploads\/2023\/09\/CON.png\" target=\"_self\" itemprop=\"url\" rel=\"noopener\">\n\t\t\t\t<img loading=\"lazy\" decoding=\"async\" src=\"https:\/\/www.itesloscabos.edu.mx\/wp-content\/uploads\/2023\/09\/CON.png\" alt=\"CON\" itemprop=\"image\" height=\"2101\" width=\"1501\" title=\"CON\" onerror=\"this.style.display='none'\"  \/>\n\t\t\t\t<\/a>\n\t\t\t\t<a href=\"https:\/\/www.itesloscabos.edu.mx\/wp-content\/uploads\/2023\/05\/VACANTES-CASELIN.jpg\" target=\"_self\" itemprop=\"url\" rel=\"noopener\">\n\t\t\t\t<img loading=\"lazy\" decoding=\"async\" src=\"https:\/\/www.itesloscabos.edu.mx\/wp-content\/uploads\/2023\/05\/VACANTES-CASELIN-225x300.jpg\" alt=\"VACANTES CASELIN\" itemprop=\"image\" height=\"300\" width=\"225\" title=\"VACANTES CASELIN\" onerror=\"this.style.display='none'\"  \/>\n\t\t\t\t<\/a>\n\t\t\t\t<a href=\"https:\/\/www.itesloscabos.edu.mx\/wp-content\/uploads\/2023\/05\/vacantes-2023.jpg\" target=\"_self\" itemprop=\"url\" rel=\"noopener\">\n\t\t\t\t<img loading=\"lazy\" decoding=\"async\" src=\"https:\/\/www.itesloscabos.edu.mx\/wp-content\/uploads\/2023\/05\/vacantes-2023.jpg\" alt=\"vacantes 2023\" itemprop=\"image\" height=\"788\" width=\"940\" title=\"vacantes 2023\" onerror=\"this.style.display='none'\"  \/>\n\t\t\t\t<\/a>\n\t\t\t\t<a href=\"https:\/\/www.itesloscabos.edu.mx\/wp-content\/uploads\/2023\/05\/VAcante-Laboral1.jpeg\" target=\"_self\" itemprop=\"url\" rel=\"noopener\">\n\t\t\t\t<img loading=\"lazy\" decoding=\"async\" src=\"https:\/\/www.itesloscabos.edu.mx\/wp-content\/uploads\/2023\/05\/VAcante-Laboral1-214x300.jpeg\" alt=\"VAcante Laboral1\" itemprop=\"image\" height=\"300\" width=\"214\" title=\"VAcante Laboral1\" onerror=\"this.style.display='none'\"  \/>\n\t\t\t\t<\/a>\n\t\t\t\t<a href=\"https:\/\/www.itesloscabos.edu.mx\/wp-content\/uploads\/2023\/06\/WhatsApp-Image-2023-06-28-at-14.39.40.jpeg\" target=\"_self\" itemprop=\"url\" rel=\"noopener\">\n\t\t\t\t<img loading=\"lazy\" decoding=\"async\" src=\"https:\/\/www.itesloscabos.edu.mx\/wp-content\/uploads\/2023\/06\/WhatsApp-Image-2023-06-28-at-14.39.40.jpeg\" alt=\"WhatsApp Image 2023-06-28 at 14.39.40\" itemprop=\"image\" height=\"834\" width=\"1024\" title=\"WhatsApp Image 2023-06-28 at 14.39.40\" onerror=\"this.style.display='none'\"  \/>\n\t\t\t\t<\/a>\n\t\t\t\t<a href=\"https:\/\/www.itesloscabos.edu.mx\/wp-content\/uploads\/2023\/05\/Vacante-Laboral.jpeg\" target=\"_self\" itemprop=\"url\" rel=\"noopener\">\n\t\t\t\t<img loading=\"lazy\" decoding=\"async\" src=\"https:\/\/www.itesloscabos.edu.mx\/wp-content\/uploads\/2023\/05\/Vacante-Laboral-214x300.jpeg\" alt=\"Vacante Laboral\" itemprop=\"image\" height=\"300\" width=\"214\" title=\"Vacante Laboral\" onerror=\"this.style.display='none'\"  \/>\n\t\t\t\t<\/a>\n\t\t\t\t<a href=\"https:\/\/www.itesloscabos.edu.mx\/wp-content\/uploads\/2023\/10\/a072b5ae-4408-4b9c-a176-3724e705cbc2.jpeg\" target=\"_self\" itemprop=\"url\" rel=\"noopener\">\n\t\t\t\t<img loading=\"lazy\" decoding=\"async\" src=\"https:\/\/www.itesloscabos.edu.mx\/wp-content\/uploads\/2023\/10\/a072b5ae-4408-4b9c-a176-3724e705cbc2.jpeg\" alt=\"a072b5ae-4408-4b9c-a176-3724e705cbc2\" itemprop=\"image\" height=\"788\" width=\"940\" title=\"a072b5ae-4408-4b9c-a176-3724e705cbc2\" onerror=\"this.style.display='none'\"  \/>\n\t\t\t\t<\/a>\n\t\t\t\t<a href=\"https:\/\/www.itesloscabos.edu.mx\/wp-content\/uploads\/2023\/06\/Image.jpeg\" target=\"_self\" itemprop=\"url\" rel=\"noopener\">\n\t\t\t\t<img loading=\"lazy\" decoding=\"async\" src=\"https:\/\/www.itesloscabos.edu.mx\/wp-content\/uploads\/2023\/06\/Image-232x300.jpeg\" alt=\"Image\" itemprop=\"image\" height=\"300\" width=\"232\" title=\"Image\" onerror=\"this.style.display='none'\"  \/>\n\t\t\t\t<\/a>\n\n","protected":false},"excerpt":{"rendered":"<p>BOLSA DE TRABAJO ENVIAR VACANTE DE TRABAJO Registro de Egresados Bolsa de Trabajo Click para abrir formulario<\/p>\n","protected":false},"author":1,"featured_media":0,"parent":0,"menu_order":0,"comment_status":"closed","ping_status":"closed","template":"","meta":{"om_disable_all_campaigns":false,"_monsterinsights_skip_tracking":false,"_monsterinsights_sitenote_active":false,"_monsterinsights_sitenote_note":"","_monsterinsights_sitenote_category":0,"_uf_show_specific_survey":0,"_uf_disable_surveys":false,"site-sidebar-layout":"no-sidebar","site-content-layout":"page-builder","ast-main-header-display":"","ast-hfb-above-header-display":"","ast-hfb-below-header-display":"","ast-hfb-mobile-header-display":"","site-post-title":"disabled","ast-breadcrumbs-content":"","ast-featured-img":"disabled","footer-sml-layout":"","theme-transparent-header-meta":"enabled","adv-header-id-meta":"","stick-header-meta":"","header-above-stick-meta":"","header-main-stick-meta":"","header-below-stick-meta":"","footnotes":""},"class_list":["post-903","page","type-page","status-publish","hentry"],"aioseo_notices":[],"yoast_head":"<!-- This site is optimized with the Yoast SEO plugin v27.2 - https:\/\/yoast.com\/product\/yoast-seo-wordpress\/ -->\n<title>Bolsa de Trabajo - ITES<\/title>\n<meta name=\"robots\" content=\"index, follow, max-snippet:-1, max-image-preview:large, max-video-preview:-1\" \/>\n<link rel=\"canonical\" href=\"https:\/\/www.itesloscabos.edu.mx\/inicio\/bolsadetrabajo\/\" \/>\n<meta property=\"og:locale\" content=\"es_ES\" \/>\n<meta property=\"og:type\" content=\"article\" \/>\n<meta property=\"og:title\" content=\"Bolsa de Trabajo - ITES\" \/>\n<meta property=\"og:description\" content=\"BOLSA DE TRABAJO ENVIAR VACANTE DE TRABAJO Registro de Egresados Bolsa de Trabajo Click para abrir formulario\" \/>\n<meta property=\"og:url\" content=\"https:\/\/www.itesloscabos.edu.mx\/inicio\/bolsadetrabajo\/\" \/>\n<meta property=\"og:site_name\" content=\"ITES\" \/>\n<meta property=\"article:modified_time\" content=\"2023-10-18T01:49:09+00:00\" \/>\n<meta property=\"og:image\" content=\"https:\/\/www.itesloscabos.edu.mx\/wp-content\/uploads\/2023\/09\/Vacante-Auxiliar-Administrativo.jpeg\" \/>\n<meta name=\"twitter:card\" content=\"summary_large_image\" \/>\n<script type=\"application\/ld+json\" class=\"yoast-schema-graph\">{\"@context\":\"https:\/\/schema.org\",\"@graph\":[{\"@type\":\"WebPage\",\"@id\":\"https:\/\/www.itesloscabos.edu.mx\/inicio\/bolsadetrabajo\/\",\"url\":\"https:\/\/www.itesloscabos.edu.mx\/inicio\/bolsadetrabajo\/\",\"name\":\"Bolsa de Trabajo - ITES\",\"isPartOf\":{\"@id\":\"https:\/\/www.itesloscabos.edu.mx\/inicio\/#website\"},\"primaryImageOfPage\":{\"@id\":\"https:\/\/www.itesloscabos.edu.mx\/inicio\/bolsadetrabajo\/#primaryimage\"},\"image\":{\"@id\":\"https:\/\/www.itesloscabos.edu.mx\/inicio\/bolsadetrabajo\/#primaryimage\"},\"thumbnailUrl\":\"https:\/\/www.itesloscabos.edu.mx\/wp-content\/uploads\/2023\/09\/Vacante-Auxiliar-Administrativo.jpeg\",\"datePublished\":\"2022-03-16T03:35:56+00:00\",\"dateModified\":\"2023-10-18T01:49:09+00:00\",\"breadcrumb\":{\"@id\":\"https:\/\/www.itesloscabos.edu.mx\/inicio\/bolsadetrabajo\/#breadcrumb\"},\"inLanguage\":\"es\",\"potentialAction\":[{\"@type\":\"ReadAction\",\"target\":[\"https:\/\/www.itesloscabos.edu.mx\/inicio\/bolsadetrabajo\/\"]}]},{\"@type\":\"ImageObject\",\"inLanguage\":\"es\",\"@id\":\"https:\/\/www.itesloscabos.edu.mx\/inicio\/bolsadetrabajo\/#primaryimage\",\"url\":\"https:\/\/www.itesloscabos.edu.mx\/wp-content\/uploads\/2023\/09\/Vacante-Auxiliar-Administrativo.jpeg\",\"contentUrl\":\"https:\/\/www.itesloscabos.edu.mx\/wp-content\/uploads\/2023\/09\/Vacante-Auxiliar-Administrativo.jpeg\"},{\"@type\":\"BreadcrumbList\",\"@id\":\"https:\/\/www.itesloscabos.edu.mx\/inicio\/bolsadetrabajo\/#breadcrumb\",\"itemListElement\":[{\"@type\":\"ListItem\",\"position\":1,\"name\":\"Portada\",\"item\":\"https:\/\/www.itesloscabos.edu.mx\/inicio\/\"},{\"@type\":\"ListItem\",\"position\":2,\"name\":\"Bolsa de Trabajo\"}]},{\"@type\":\"WebSite\",\"@id\":\"https:\/\/www.itesloscabos.edu.mx\/inicio\/#website\",\"url\":\"https:\/\/www.itesloscabos.edu.mx\/inicio\/\",\"name\":\"ITES\",\"description\":\"Los Cabos\",\"potentialAction\":[{\"@type\":\"SearchAction\",\"target\":{\"@type\":\"EntryPoint\",\"urlTemplate\":\"https:\/\/www.itesloscabos.edu.mx\/inicio\/?s={search_term_string}\"},\"query-input\":{\"@type\":\"PropertyValueSpecification\",\"valueRequired\":true,\"valueName\":\"search_term_string\"}}],\"inLanguage\":\"es\"}]}<\/script>\n<!-- \/ Yoast SEO plugin. -->","yoast_head_json":{"title":"Bolsa de Trabajo - ITES","robots":{"index":"index","follow":"follow","max-snippet":"max-snippet:-1","max-image-preview":"max-image-preview:large","max-video-preview":"max-video-preview:-1"},"canonical":"https:\/\/www.itesloscabos.edu.mx\/inicio\/bolsadetrabajo\/","og_locale":"es_ES","og_type":"article","og_title":"Bolsa de Trabajo - ITES","og_description":"BOLSA DE TRABAJO ENVIAR VACANTE DE TRABAJO Registro de Egresados Bolsa de Trabajo Click para abrir formulario","og_url":"https:\/\/www.itesloscabos.edu.mx\/inicio\/bolsadetrabajo\/","og_site_name":"ITES","article_modified_time":"2023-10-18T01:49:09+00:00","og_image":[{"url":"https:\/\/www.itesloscabos.edu.mx\/wp-content\/uploads\/2023\/09\/Vacante-Auxiliar-Administrativo.jpeg","type":"","width":"","height":""}],"twitter_card":"summary_large_image","schema":{"@context":"https:\/\/schema.org","@graph":[{"@type":"WebPage","@id":"https:\/\/www.itesloscabos.edu.mx\/inicio\/bolsadetrabajo\/","url":"https:\/\/www.itesloscabos.edu.mx\/inicio\/bolsadetrabajo\/","name":"Bolsa de Trabajo - ITES","isPartOf":{"@id":"https:\/\/www.itesloscabos.edu.mx\/inicio\/#website"},"primaryImageOfPage":{"@id":"https:\/\/www.itesloscabos.edu.mx\/inicio\/bolsadetrabajo\/#primaryimage"},"image":{"@id":"https:\/\/www.itesloscabos.edu.mx\/inicio\/bolsadetrabajo\/#primaryimage"},"thumbnailUrl":"https:\/\/www.itesloscabos.edu.mx\/wp-content\/uploads\/2023\/09\/Vacante-Auxiliar-Administrativo.jpeg","datePublished":"2022-03-16T03:35:56+00:00","dateModified":"2023-10-18T01:49:09+00:00","breadcrumb":{"@id":"https:\/\/www.itesloscabos.edu.mx\/inicio\/bolsadetrabajo\/#breadcrumb"},"inLanguage":"es","potentialAction":[{"@type":"ReadAction","target":["https:\/\/www.itesloscabos.edu.mx\/inicio\/bolsadetrabajo\/"]}]},{"@type":"ImageObject","inLanguage":"es","@id":"https:\/\/www.itesloscabos.edu.mx\/inicio\/bolsadetrabajo\/#primaryimage","url":"https:\/\/www.itesloscabos.edu.mx\/wp-content\/uploads\/2023\/09\/Vacante-Auxiliar-Administrativo.jpeg","contentUrl":"https:\/\/www.itesloscabos.edu.mx\/wp-content\/uploads\/2023\/09\/Vacante-Auxiliar-Administrativo.jpeg"},{"@type":"BreadcrumbList","@id":"https:\/\/www.itesloscabos.edu.mx\/inicio\/bolsadetrabajo\/#breadcrumb","itemListElement":[{"@type":"ListItem","position":1,"name":"Portada","item":"https:\/\/www.itesloscabos.edu.mx\/inicio\/"},{"@type":"ListItem","position":2,"name":"Bolsa de Trabajo"}]},{"@type":"WebSite","@id":"https:\/\/www.itesloscabos.edu.mx\/inicio\/#website","url":"https:\/\/www.itesloscabos.edu.mx\/inicio\/","name":"ITES","description":"Los Cabos","potentialAction":[{"@type":"SearchAction","target":{"@type":"EntryPoint","urlTemplate":"https:\/\/www.itesloscabos.edu.mx\/inicio\/?s={search_term_string}"},"query-input":{"@type":"PropertyValueSpecification","valueRequired":true,"valueName":"search_term_string"}}],"inLanguage":"es"}]}},"blog_post_layout_featured_media_urls":{"thumbnail":"","full":""},"categories_names":null,"comments_number":"0","_links":{"self":[{"href":"https:\/\/www.itesloscabos.edu.mx\/inicio\/wp-json\/wp\/v2\/pages\/903","targetHints":{"allow":["GET"]}}],"collection":[{"href":"https:\/\/www.itesloscabos.edu.mx\/inicio\/wp-json\/wp\/v2\/pages"}],"about":[{"href":"https:\/\/www.itesloscabos.edu.mx\/inicio\/wp-json\/wp\/v2\/types\/page"}],"author":[{"embeddable":true,"href":"https:\/\/www.itesloscabos.edu.mx\/inicio\/wp-json\/wp\/v2\/users\/1"}],"replies":[{"embeddable":true,"href":"https:\/\/www.itesloscabos.edu.mx\/inicio\/wp-json\/wp\/v2\/comments?post=903"}],"version-history":[{"count":33,"href":"https:\/\/www.itesloscabos.edu.mx\/inicio\/wp-json\/wp\/v2\/pages\/903\/revisions"}],"predecessor-version":[{"id":3405,"href":"https:\/\/www.itesloscabos.edu.mx\/inicio\/wp-json\/wp\/v2\/pages\/903\/revisions\/3405"}],"wp:attachment":[{"href":"https:\/\/www.itesloscabos.edu.mx\/inicio\/wp-json\/wp\/v2\/media?parent=903"}],"curies":[{"name":"wp","href":"https:\/\/api.w.org\/{rel}","templated":true}]}}