{"id":885,"date":"2022-03-16T03:15:47","date_gmt":"2022-03-16T03:15:47","guid":{"rendered":"https:\/\/ciproba.com.mx\/?page_id=885"},"modified":"2022-03-16T03:16:02","modified_gmt":"2022-03-16T03:16:02","slug":"gastronomia-copy-6","status":"publish","type":"page","link":"https:\/\/www.itesloscabos.edu.mx\/inicio\/gastronomia-copy-6\/","title":{"rendered":"Entidad Conocer (Certificado de Competencias)"},"content":{"rendered":"\r\n<h1>\r\n\t\tEntidad Conocer (Certificado de Competencias)\r\n\t<\/h1>\r\n\tINSTITUTO TECNOL\u00d3GICO DE ESTUDIOS SUPERIORES DE LOS CABOS<br \/>\r\nSUBDIRECCI\u00d3N DE VINCULACI\u00d3N<br \/>\r\nENTIDAD CONOCER &#8211; ITES LOS CABOS<br \/>\r\nECE 124-13\r\n\r\n\u00bfQu\u00e9 es la Certificaci\u00f3n de las competencias?<br \/>\r\nEl Consejo Nacional de Normalizaci\u00f3n y Certificaci\u00f3n de Competencias Laborales (CONOCER), define a la Certificaci\u00f3n de las competencias, como el proceso a trav\u00e9s del cual las personas demuestran por medio de evidencias, que cuentan, sin importar como los hayan adquirido, con los conocimientos, habilidades y destrezas necesarias para cumplir una funci\u00f3n a un alto nivel de desempe\u00f1o de acuerdo con lo definido en un Est\u00e1ndar de Competencia.\r\n\u00bfQu\u00e9 son los est\u00e1ndares de competencia?<br \/>\r\nUn documento oficial aplicable en toda la Rep\u00fablica Mexicana que sirve de referencia para evaluar y certificar la competencia de las personas.\r\n\u00bfQu\u00e9 es la evaluaci\u00f3n de competencias?<br \/>\r\nProceso mediante el cual se recoge y analiza las evidencias de la competencia laboral de una persona, con relaci\u00f3n a la realizaci\u00f3n de una funci\u00f3n individual a un Est\u00e1ndar de Competencia inscrito en el Registro Nacional de Est\u00e1ndares de Competencia con el prop\u00f3sito de determinar si la persona es competente o todav\u00eda no en dicha funci\u00f3n individual. (CONOCER, 2014).\r\n\r\nITES LOS CABOS, ofrece el servicio de CERTIFICACI\u00d3N con base en los\u00a0 distintos est\u00e1ndares de competencias que forman parte del Registro\u00a0 Nacional de Competencias laborales, concebido como el referente nacional para la certificaci\u00f3n de competencias de personas, fuente de conocimiento para empleadores y trabajadores e insumo para el desarrollar programas curriculares alineados a los requerimientos de los sectores productivo, socia, educativo y de gobierno del pa\u00eds.\r\n\r\n","protected":false},"excerpt":{"rendered":"<p>Entidad Conocer (Certificado de Competencias) INSTITUTO TECNOL\u00d3GICO DE ESTUDIOS SUPERIORES DE LOS CABOS SUBDIRECCI\u00d3N DE VINCULACI\u00d3N ENTIDAD CONOCER &#8211; ITES LOS CABOS ECE 124-13 \u00bfQu\u00e9 es la Certificaci\u00f3n de las competencias? El Consejo Nacional de Normalizaci\u00f3n y Certificaci\u00f3n de Competencias Laborales (CONOCER), define a la Certificaci\u00f3n de las competencias, como el proceso a trav\u00e9s del &hellip;<\/p>\n<p class=\"read-more\"> <a class=\"\" href=\"https:\/\/www.itesloscabos.edu.mx\/inicio\/gastronomia-copy-6\/\"> <span class=\"screen-reader-text\">Entidad Conocer (Certificado de Competencias)<\/span> Leer m\u00e1s &raquo;<\/a><\/p>\n","protected":false},"author":1,"featured_media":0,"parent":0,"menu_order":0,"comment_status":"closed","ping_status":"closed","template":"","meta":{"om_disable_all_campaigns":false,"_monsterinsights_skip_tracking":false,"_monsterinsights_sitenote_active":false,"_monsterinsights_sitenote_note":"","_monsterinsights_sitenote_category":0,"_uf_show_specific_survey":0,"_uf_disable_surveys":false,"site-sidebar-layout":"no-sidebar","site-content-layout":"page-builder","ast-main-header-display":"","ast-hfb-above-header-display":"","ast-hfb-below-header-display":"","ast-hfb-mobile-header-display":"","site-post-title":"disabled","ast-breadcrumbs-content":"","ast-featured-img":"disabled","footer-sml-layout":"","theme-transparent-header-meta":"default","adv-header-id-meta":"","stick-header-meta":"","header-above-stick-meta":"","header-main-stick-meta":"","header-below-stick-meta":"","footnotes":""},"class_list":["post-885","page","type-page","status-publish","hentry"],"aioseo_notices":[],"yoast_head":"<!-- This site is optimized with the Yoast SEO plugin v27.2 - https:\/\/yoast.com\/product\/yoast-seo-wordpress\/ -->\n<title>Entidad Conocer (Certificado de Competencias) - ITES<\/title>\n<meta name=\"robots\" content=\"index, follow, max-snippet:-1, max-image-preview:large, max-video-preview:-1\" \/>\n<link rel=\"canonical\" href=\"https:\/\/www.itesloscabos.edu.mx\/inicio\/gastronomia-copy-6\/\" \/>\n<meta property=\"og:locale\" content=\"es_ES\" \/>\n<meta property=\"og:type\" content=\"article\" \/>\n<meta property=\"og:title\" content=\"Entidad Conocer (Certificado de Competencias) - ITES\" \/>\n<meta property=\"og:description\" content=\"Entidad Conocer (Certificado de Competencias) INSTITUTO TECNOL\u00d3GICO DE ESTUDIOS SUPERIORES DE LOS CABOS SUBDIRECCI\u00d3N DE VINCULACI\u00d3N ENTIDAD CONOCER &#8211; ITES LOS CABOS ECE 124-13 \u00bfQu\u00e9 es la Certificaci\u00f3n de las competencias? El Consejo Nacional de Normalizaci\u00f3n y Certificaci\u00f3n de Competencias Laborales (CONOCER), define a la Certificaci\u00f3n de las competencias, como el proceso a trav\u00e9s del &hellip; Entidad Conocer (Certificado de Competencias) Leer m\u00e1s &raquo;\" \/>\n<meta property=\"og:url\" content=\"https:\/\/www.itesloscabos.edu.mx\/inicio\/gastronomia-copy-6\/\" \/>\n<meta property=\"og:site_name\" content=\"ITES\" \/>\n<meta property=\"article:modified_time\" content=\"2022-03-16T03:16:02+00:00\" \/>\n<meta name=\"twitter:card\" content=\"summary_large_image\" \/>\n<meta name=\"twitter:label1\" content=\"Tiempo de lectura\" \/>\n\t<meta name=\"twitter:data1\" content=\"1 minuto\" \/>\n<script type=\"application\/ld+json\" class=\"yoast-schema-graph\">{\"@context\":\"https:\/\/schema.org\",\"@graph\":[{\"@type\":\"WebPage\",\"@id\":\"https:\/\/www.itesloscabos.edu.mx\/inicio\/gastronomia-copy-6\/\",\"url\":\"https:\/\/www.itesloscabos.edu.mx\/inicio\/gastronomia-copy-6\/\",\"name\":\"Entidad Conocer (Certificado de Competencias) - ITES\",\"isPartOf\":{\"@id\":\"https:\/\/www.itesloscabos.edu.mx\/inicio\/#website\"},\"datePublished\":\"2022-03-16T03:15:47+00:00\",\"dateModified\":\"2022-03-16T03:16:02+00:00\",\"breadcrumb\":{\"@id\":\"https:\/\/www.itesloscabos.edu.mx\/inicio\/gastronomia-copy-6\/#breadcrumb\"},\"inLanguage\":\"es\",\"potentialAction\":[{\"@type\":\"ReadAction\",\"target\":[\"https:\/\/www.itesloscabos.edu.mx\/inicio\/gastronomia-copy-6\/\"]}]},{\"@type\":\"BreadcrumbList\",\"@id\":\"https:\/\/www.itesloscabos.edu.mx\/inicio\/gastronomia-copy-6\/#breadcrumb\",\"itemListElement\":[{\"@type\":\"ListItem\",\"position\":1,\"name\":\"Portada\",\"item\":\"https:\/\/www.itesloscabos.edu.mx\/inicio\/\"},{\"@type\":\"ListItem\",\"position\":2,\"name\":\"Entidad Conocer (Certificado de Competencias)\"}]},{\"@type\":\"WebSite\",\"@id\":\"https:\/\/www.itesloscabos.edu.mx\/inicio\/#website\",\"url\":\"https:\/\/www.itesloscabos.edu.mx\/inicio\/\",\"name\":\"ITES\",\"description\":\"Los Cabos\",\"potentialAction\":[{\"@type\":\"SearchAction\",\"target\":{\"@type\":\"EntryPoint\",\"urlTemplate\":\"https:\/\/www.itesloscabos.edu.mx\/inicio\/?s={search_term_string}\"},\"query-input\":{\"@type\":\"PropertyValueSpecification\",\"valueRequired\":true,\"valueName\":\"search_term_string\"}}],\"inLanguage\":\"es\"}]}<\/script>\n<!-- \/ Yoast SEO plugin. -->","yoast_head_json":{"title":"Entidad Conocer (Certificado de Competencias) - ITES","robots":{"index":"index","follow":"follow","max-snippet":"max-snippet:-1","max-image-preview":"max-image-preview:large","max-video-preview":"max-video-preview:-1"},"canonical":"https:\/\/www.itesloscabos.edu.mx\/inicio\/gastronomia-copy-6\/","og_locale":"es_ES","og_type":"article","og_title":"Entidad Conocer (Certificado de Competencias) - ITES","og_description":"Entidad Conocer (Certificado de Competencias) INSTITUTO TECNOL\u00d3GICO DE ESTUDIOS SUPERIORES DE LOS CABOS SUBDIRECCI\u00d3N DE VINCULACI\u00d3N ENTIDAD CONOCER &#8211; ITES LOS CABOS ECE 124-13 \u00bfQu\u00e9 es la Certificaci\u00f3n de las competencias? El Consejo Nacional de Normalizaci\u00f3n y Certificaci\u00f3n de Competencias Laborales (CONOCER), define a la Certificaci\u00f3n de las competencias, como el proceso a trav\u00e9s del &hellip; Entidad Conocer (Certificado de Competencias) Leer m\u00e1s &raquo;","og_url":"https:\/\/www.itesloscabos.edu.mx\/inicio\/gastronomia-copy-6\/","og_site_name":"ITES","article_modified_time":"2022-03-16T03:16:02+00:00","twitter_card":"summary_large_image","twitter_misc":{"Tiempo de lectura":"1 minuto"},"schema":{"@context":"https:\/\/schema.org","@graph":[{"@type":"WebPage","@id":"https:\/\/www.itesloscabos.edu.mx\/inicio\/gastronomia-copy-6\/","url":"https:\/\/www.itesloscabos.edu.mx\/inicio\/gastronomia-copy-6\/","name":"Entidad Conocer (Certificado de Competencias) - ITES","isPartOf":{"@id":"https:\/\/www.itesloscabos.edu.mx\/inicio\/#website"},"datePublished":"2022-03-16T03:15:47+00:00","dateModified":"2022-03-16T03:16:02+00:00","breadcrumb":{"@id":"https:\/\/www.itesloscabos.edu.mx\/inicio\/gastronomia-copy-6\/#breadcrumb"},"inLanguage":"es","potentialAction":[{"@type":"ReadAction","target":["https:\/\/www.itesloscabos.edu.mx\/inicio\/gastronomia-copy-6\/"]}]},{"@type":"BreadcrumbList","@id":"https:\/\/www.itesloscabos.edu.mx\/inicio\/gastronomia-copy-6\/#breadcrumb","itemListElement":[{"@type":"ListItem","position":1,"name":"Portada","item":"https:\/\/www.itesloscabos.edu.mx\/inicio\/"},{"@type":"ListItem","position":2,"name":"Entidad Conocer (Certificado de Competencias)"}]},{"@type":"WebSite","@id":"https:\/\/www.itesloscabos.edu.mx\/inicio\/#website","url":"https:\/\/www.itesloscabos.edu.mx\/inicio\/","name":"ITES","description":"Los Cabos","potentialAction":[{"@type":"SearchAction","target":{"@type":"EntryPoint","urlTemplate":"https:\/\/www.itesloscabos.edu.mx\/inicio\/?s={search_term_string}"},"query-input":{"@type":"PropertyValueSpecification","valueRequired":true,"valueName":"search_term_string"}}],"inLanguage":"es"}]}},"blog_post_layout_featured_media_urls":{"thumbnail":"","full":""},"categories_names":null,"comments_number":"0","_links":{"self":[{"href":"https:\/\/www.itesloscabos.edu.mx\/inicio\/wp-json\/wp\/v2\/pages\/885","targetHints":{"allow":["GET"]}}],"collection":[{"href":"https:\/\/www.itesloscabos.edu.mx\/inicio\/wp-json\/wp\/v2\/pages"}],"about":[{"href":"https:\/\/www.itesloscabos.edu.mx\/inicio\/wp-json\/wp\/v2\/types\/page"}],"author":[{"embeddable":true,"href":"https:\/\/www.itesloscabos.edu.mx\/inicio\/wp-json\/wp\/v2\/users\/1"}],"replies":[{"embeddable":true,"href":"https:\/\/www.itesloscabos.edu.mx\/inicio\/wp-json\/wp\/v2\/comments?post=885"}],"version-history":[{"count":2,"href":"https:\/\/www.itesloscabos.edu.mx\/inicio\/wp-json\/wp\/v2\/pages\/885\/revisions"}],"predecessor-version":[{"id":887,"href":"https:\/\/www.itesloscabos.edu.mx\/inicio\/wp-json\/wp\/v2\/pages\/885\/revisions\/887"}],"wp:attachment":[{"href":"https:\/\/www.itesloscabos.edu.mx\/inicio\/wp-json\/wp\/v2\/media?parent=885"}],"curies":[{"name":"wp","href":"https:\/\/api.w.org\/{rel}","templated":true}]}}