{"id":880,"date":"2022-03-16T03:10:26","date_gmt":"2022-03-16T03:10:26","guid":{"rendered":"https:\/\/ciproba.com.mx\/?page_id=880"},"modified":"2022-03-16T03:11:04","modified_gmt":"2022-03-16T03:11:04","slug":"gastronomia-copy-5","status":"publish","type":"page","link":"https:\/\/www.itesloscabos.edu.mx\/inicio\/gastronomia-copy-5\/","title":{"rendered":"Ventanilla Control Escolar"},"content":{"rendered":"\r\n<h1>\r\n\t\tVentanilla de Control Escolar\r\n\t<\/h1>\r\n\t<h3>Ventanilla de Control Escolar<\/h3>\r\nOficinas Planeaci\u00f3n<br \/>\r\nHorario de atenci\u00f3n 08:00 &#8211; 20:00 horas<br \/>\r\nventanillaescolares<a href=\"mailto:itescabosanlucas@loscabos.tecnmn.mx\" target=\"_self\" rel=\"noopener\">@loscabos.tecnmn.mx<\/a>\r\nCredencial de estudiante.<br \/>\r\nTiempo de solicitud: lunes, martes y mi\u00e9rcoles.<br \/>\r\nTiempo de entrega: D\u00eda viernes.\r\nSeguro Facultativo (NUEVA MODALIDAD).<br \/>\r\nRequisitos:<br \/>\r\n\u2022 Obtener el n\u00famero NSS de la p\u00e1gina del IMSS.<br \/>\r\n\u2022 Acudir a la oficina de Control Escolar para solicitar la alta.<br \/>\r\n\u2022 Despu\u00e9s del tiempo estipulado acudir a las oficinas correspondientes del IMSS con: 1 fotograf\u00eda tama\u00f1o infantil, comprobante de domicilio, identificaci\u00f3n oficial y n\u00famero NSS.<br \/>\r\nTiempo de solicitud: Al inicio del ciclo escolar.<br \/>\r\nTiempo de entrega: 48 horas dependiendo de la demanda y el calendario escolar.\r\nConstancias.<br \/>\r\nTiempo de solicitud: Durante la vigencia del semestre.<br \/>\r\nTiempo de entrega: Una vez solicitada se entrega al d\u00eda siguiente, a excepci\u00f3n de temporadas de inscripci\u00f3n y reinscripci\u00f3n.<br \/>\r\n\u00a1Acude en tiempo y forma a realizar los tr\u00e1mites que necesites!\r\nFicha de aspirante (Proceso Nuevo Ingreso).<br \/>\r\nTiempo de solicitud: Generalmente se inicia el mes de marzo.<br \/>\r\nTiempo de entrega: Durante el tiempo estipulado en la convocatoria.<br \/>\r\nPrimeramente se debe realizar el pago de la ficha en el banco y posteriormente acudir a ventanilla de control escolar para realizar el tr\u00e1mite con la documentaci\u00f3n solicitada.\r\nInscripci\u00f3n a nuevo ingreso:<br \/>\r\nTiempo de solicitud: Seg\u00fan calendario escolar, mes de Agosto.<br \/>\r\nTiempo de entrega: En el momento en que se acude a realizar el tr\u00e1mite, presentando los requisitos requeridos.\r\n\r\nRealizar primero el pago por el costo correspondiente de inscripci\u00f3n en el banco y acudir a ventanilla a realizar el tr\u00e1mite con la documentaci\u00f3n necesaria.\r\nReinscripci\u00f3n.<br \/>\r\nTiempo de solicitud: Consultar calendario escolar.<br \/>\r\nTiempo de entrega: El estudiante realiza este tr\u00e1mite mediante la plataforma CONECT, cumpliendo los requisitos es inmediato: pago, conocimiento del horario de clases, las materias que se cursar\u00e1n y el grupo al que se reinscribir\u00e1n.<br \/>\r\nDeber\u00e1 de obtener su ficha de pago referenciado y realizar el pago en el banco correspondiente para iniciar el tr\u00e1mite de reinscripci\u00f3n.\r\nCertificado parcial de estudios.<br \/>\r\nTiempo de solicitud: Durante el ciclo escolar.<br \/>\r\nTiempo de entrega: 15 d\u00edas h\u00e1biles a partir de la solicitud.\r\nCertificado total de estudios.<br \/>\r\nTiempo de solicitud:\u00a0 Al cubrir el 100% del plan de estudios.<br \/>\r\nTiempo de entrega: 30 d\u00edas h\u00e1biles a partir de la solicitud.\r\nBaja temporal.<br \/>\r\nTiempo de solicitud:\u00a0 Durante los primeros 20 d\u00edas h\u00e1biles a partir del inicio del semestre.<br \/>\r\nTiempo de entrega:\u00a0 Al momento de la solicitud.\r\nBaja definitiva.<br \/>\r\nTiempo de solicitud:\u00a0 Durante todo el semestre.<br \/>\r\nTiempo de entrega:\u00a0 Al momento de la solicitud. (Podr\u00eda ser que en tiempo pico se necesite un poco m\u00e1s de tiempo para atender los tr\u00e1mite).\r\nContacto<br \/>\r\nOficinas Planeaci\u00f3n<br \/>\r\nEstrella Espinoza L\u00f3pez<br \/>\r\nJefa del Departamento de Control Escolar<br \/>\r\nAtenci\u00f3n en edificio D, planta alta<br \/>\r\nTel. (624)14 2 59 39\/16 3 22 50 ext. 2018<br \/>\r\n<a href=\"mailto:serviciosescolares@loscabos.tecnmn.mx\" target=\"_self\" rel=\"noopener\">serviciosescolares@loscabos.tecnmn.mx<\/a>\r\n\r\n","protected":false},"excerpt":{"rendered":"<p>Ventanilla de Control Escolar Ventanilla de Control Escolar Oficinas Planeaci\u00f3n Horario de atenci\u00f3n 08:00 &#8211; 20:00 horas ventanillaescolares@loscabos.tecnmn.mx Credencial de estudiante. Tiempo de solicitud: lunes, martes y mi\u00e9rcoles. Tiempo de entrega: D\u00eda viernes. Seguro Facultativo (NUEVA MODALIDAD). Requisitos: \u2022 Obtener el n\u00famero NSS de la p\u00e1gina del IMSS. \u2022 Acudir a la oficina de Control &hellip;<\/p>\n<p class=\"read-more\"> <a class=\"\" href=\"https:\/\/www.itesloscabos.edu.mx\/inicio\/gastronomia-copy-5\/\"> <span class=\"screen-reader-text\">Ventanilla Control Escolar<\/span> Leer m\u00e1s &raquo;<\/a><\/p>\n","protected":false},"author":1,"featured_media":0,"parent":0,"menu_order":0,"comment_status":"closed","ping_status":"closed","template":"","meta":{"om_disable_all_campaigns":false,"_monsterinsights_skip_tracking":false,"_monsterinsights_sitenote_active":false,"_monsterinsights_sitenote_note":"","_monsterinsights_sitenote_category":0,"_uf_show_specific_survey":0,"_uf_disable_surveys":false,"site-sidebar-layout":"no-sidebar","site-content-layout":"page-builder","ast-main-header-display":"","ast-hfb-above-header-display":"","ast-hfb-below-header-display":"","ast-hfb-mobile-header-display":"","site-post-title":"disabled","ast-breadcrumbs-content":"","ast-featured-img":"disabled","footer-sml-layout":"","theme-transparent-header-meta":"default","adv-header-id-meta":"","stick-header-meta":"","header-above-stick-meta":"","header-main-stick-meta":"","header-below-stick-meta":"","footnotes":""},"class_list":["post-880","page","type-page","status-publish","hentry"],"aioseo_notices":[],"yoast_head":"<!-- This site is optimized with the Yoast SEO plugin v27.2 - https:\/\/yoast.com\/product\/yoast-seo-wordpress\/ -->\n<title>Ventanilla Control Escolar - ITES<\/title>\n<meta name=\"robots\" content=\"index, follow, max-snippet:-1, max-image-preview:large, max-video-preview:-1\" \/>\n<link rel=\"canonical\" href=\"https:\/\/www.itesloscabos.edu.mx\/inicio\/gastronomia-copy-5\/\" \/>\n<meta property=\"og:locale\" content=\"es_ES\" \/>\n<meta property=\"og:type\" content=\"article\" \/>\n<meta property=\"og:title\" content=\"Ventanilla Control Escolar - ITES\" \/>\n<meta property=\"og:description\" content=\"Ventanilla de Control Escolar Ventanilla de Control Escolar Oficinas Planeaci\u00f3n Horario de atenci\u00f3n 08:00 &#8211; 20:00 horas ventanillaescolares@loscabos.tecnmn.mx Credencial de estudiante. Tiempo de solicitud: lunes, martes y mi\u00e9rcoles. Tiempo de entrega: D\u00eda viernes. Seguro Facultativo (NUEVA MODALIDAD). Requisitos: \u2022 Obtener el n\u00famero NSS de la p\u00e1gina del IMSS. \u2022 Acudir a la oficina de Control &hellip; Ventanilla Control Escolar Leer m\u00e1s &raquo;\" \/>\n<meta property=\"og:url\" content=\"https:\/\/www.itesloscabos.edu.mx\/inicio\/gastronomia-copy-5\/\" \/>\n<meta property=\"og:site_name\" content=\"ITES\" \/>\n<meta property=\"article:modified_time\" content=\"2022-03-16T03:11:04+00:00\" \/>\n<meta name=\"twitter:card\" content=\"summary_large_image\" \/>\n<meta name=\"twitter:label1\" content=\"Tiempo de lectura\" \/>\n\t<meta name=\"twitter:data1\" content=\"2 minutos\" \/>\n<script type=\"application\/ld+json\" class=\"yoast-schema-graph\">{\"@context\":\"https:\/\/schema.org\",\"@graph\":[{\"@type\":\"WebPage\",\"@id\":\"https:\/\/www.itesloscabos.edu.mx\/inicio\/gastronomia-copy-5\/\",\"url\":\"https:\/\/www.itesloscabos.edu.mx\/inicio\/gastronomia-copy-5\/\",\"name\":\"Ventanilla Control Escolar - ITES\",\"isPartOf\":{\"@id\":\"https:\/\/www.itesloscabos.edu.mx\/inicio\/#website\"},\"datePublished\":\"2022-03-16T03:10:26+00:00\",\"dateModified\":\"2022-03-16T03:11:04+00:00\",\"breadcrumb\":{\"@id\":\"https:\/\/www.itesloscabos.edu.mx\/inicio\/gastronomia-copy-5\/#breadcrumb\"},\"inLanguage\":\"es\",\"potentialAction\":[{\"@type\":\"ReadAction\",\"target\":[\"https:\/\/www.itesloscabos.edu.mx\/inicio\/gastronomia-copy-5\/\"]}]},{\"@type\":\"BreadcrumbList\",\"@id\":\"https:\/\/www.itesloscabos.edu.mx\/inicio\/gastronomia-copy-5\/#breadcrumb\",\"itemListElement\":[{\"@type\":\"ListItem\",\"position\":1,\"name\":\"Portada\",\"item\":\"https:\/\/www.itesloscabos.edu.mx\/inicio\/\"},{\"@type\":\"ListItem\",\"position\":2,\"name\":\"Ventanilla Control Escolar\"}]},{\"@type\":\"WebSite\",\"@id\":\"https:\/\/www.itesloscabos.edu.mx\/inicio\/#website\",\"url\":\"https:\/\/www.itesloscabos.edu.mx\/inicio\/\",\"name\":\"ITES\",\"description\":\"Los Cabos\",\"potentialAction\":[{\"@type\":\"SearchAction\",\"target\":{\"@type\":\"EntryPoint\",\"urlTemplate\":\"https:\/\/www.itesloscabos.edu.mx\/inicio\/?s={search_term_string}\"},\"query-input\":{\"@type\":\"PropertyValueSpecification\",\"valueRequired\":true,\"valueName\":\"search_term_string\"}}],\"inLanguage\":\"es\"}]}<\/script>\n<!-- \/ Yoast SEO plugin. -->","yoast_head_json":{"title":"Ventanilla Control Escolar - ITES","robots":{"index":"index","follow":"follow","max-snippet":"max-snippet:-1","max-image-preview":"max-image-preview:large","max-video-preview":"max-video-preview:-1"},"canonical":"https:\/\/www.itesloscabos.edu.mx\/inicio\/gastronomia-copy-5\/","og_locale":"es_ES","og_type":"article","og_title":"Ventanilla Control Escolar - ITES","og_description":"Ventanilla de Control Escolar Ventanilla de Control Escolar Oficinas Planeaci\u00f3n Horario de atenci\u00f3n 08:00 &#8211; 20:00 horas ventanillaescolares@loscabos.tecnmn.mx Credencial de estudiante. Tiempo de solicitud: lunes, martes y mi\u00e9rcoles. Tiempo de entrega: D\u00eda viernes. Seguro Facultativo (NUEVA MODALIDAD). Requisitos: \u2022 Obtener el n\u00famero NSS de la p\u00e1gina del IMSS. \u2022 Acudir a la oficina de Control &hellip; Ventanilla Control Escolar Leer m\u00e1s &raquo;","og_url":"https:\/\/www.itesloscabos.edu.mx\/inicio\/gastronomia-copy-5\/","og_site_name":"ITES","article_modified_time":"2022-03-16T03:11:04+00:00","twitter_card":"summary_large_image","twitter_misc":{"Tiempo de lectura":"2 minutos"},"schema":{"@context":"https:\/\/schema.org","@graph":[{"@type":"WebPage","@id":"https:\/\/www.itesloscabos.edu.mx\/inicio\/gastronomia-copy-5\/","url":"https:\/\/www.itesloscabos.edu.mx\/inicio\/gastronomia-copy-5\/","name":"Ventanilla Control Escolar - ITES","isPartOf":{"@id":"https:\/\/www.itesloscabos.edu.mx\/inicio\/#website"},"datePublished":"2022-03-16T03:10:26+00:00","dateModified":"2022-03-16T03:11:04+00:00","breadcrumb":{"@id":"https:\/\/www.itesloscabos.edu.mx\/inicio\/gastronomia-copy-5\/#breadcrumb"},"inLanguage":"es","potentialAction":[{"@type":"ReadAction","target":["https:\/\/www.itesloscabos.edu.mx\/inicio\/gastronomia-copy-5\/"]}]},{"@type":"BreadcrumbList","@id":"https:\/\/www.itesloscabos.edu.mx\/inicio\/gastronomia-copy-5\/#breadcrumb","itemListElement":[{"@type":"ListItem","position":1,"name":"Portada","item":"https:\/\/www.itesloscabos.edu.mx\/inicio\/"},{"@type":"ListItem","position":2,"name":"Ventanilla Control Escolar"}]},{"@type":"WebSite","@id":"https:\/\/www.itesloscabos.edu.mx\/inicio\/#website","url":"https:\/\/www.itesloscabos.edu.mx\/inicio\/","name":"ITES","description":"Los Cabos","potentialAction":[{"@type":"SearchAction","target":{"@type":"EntryPoint","urlTemplate":"https:\/\/www.itesloscabos.edu.mx\/inicio\/?s={search_term_string}"},"query-input":{"@type":"PropertyValueSpecification","valueRequired":true,"valueName":"search_term_string"}}],"inLanguage":"es"}]}},"blog_post_layout_featured_media_urls":{"thumbnail":"","full":""},"categories_names":null,"comments_number":"0","_links":{"self":[{"href":"https:\/\/www.itesloscabos.edu.mx\/inicio\/wp-json\/wp\/v2\/pages\/880","targetHints":{"allow":["GET"]}}],"collection":[{"href":"https:\/\/www.itesloscabos.edu.mx\/inicio\/wp-json\/wp\/v2\/pages"}],"about":[{"href":"https:\/\/www.itesloscabos.edu.mx\/inicio\/wp-json\/wp\/v2\/types\/page"}],"author":[{"embeddable":true,"href":"https:\/\/www.itesloscabos.edu.mx\/inicio\/wp-json\/wp\/v2\/users\/1"}],"replies":[{"embeddable":true,"href":"https:\/\/www.itesloscabos.edu.mx\/inicio\/wp-json\/wp\/v2\/comments?post=880"}],"version-history":[{"count":2,"href":"https:\/\/www.itesloscabos.edu.mx\/inicio\/wp-json\/wp\/v2\/pages\/880\/revisions"}],"predecessor-version":[{"id":882,"href":"https:\/\/www.itesloscabos.edu.mx\/inicio\/wp-json\/wp\/v2\/pages\/880\/revisions\/882"}],"wp:attachment":[{"href":"https:\/\/www.itesloscabos.edu.mx\/inicio\/wp-json\/wp\/v2\/media?parent=880"}],"curies":[{"name":"wp","href":"https:\/\/api.w.org\/{rel}","templated":true}]}}