{"id":876,"date":"2022-03-16T03:08:06","date_gmt":"2022-03-16T03:08:06","guid":{"rendered":"https:\/\/ciproba.com.mx\/?page_id=876"},"modified":"2022-03-16T03:08:44","modified_gmt":"2022-03-16T03:08:44","slug":"gastronomia-copy-4","status":"publish","type":"page","link":"https:\/\/www.itesloscabos.edu.mx\/inicio\/gastronomia-copy-4\/","title":{"rendered":"Titulaci\u00f3n"},"content":{"rendered":"\r\n<h1>\r\n\t\tTitulaci\u00f3n\r\n\t<\/h1>\r\n\t<h3>Titulaci\u00f3n<\/h3>\r\nT\u00edtulo y c\u00e9dula profesional.<br \/>\r\nTiempo de solicitud: Al solicitar el protocolo.<br \/>\r\nTiempo de entrega: Un A\u00f1o\r\nCarta pasante.<br \/>\r\nTiempo de solicitud: Al cubrir el 100% de los cr\u00e9ditos del plan de estudios y que no se vaya a titular.<br \/>\r\nTiempo de entrega: 15 d\u00edas h\u00e1biles a partir de la solicitud.\r\nContacto<br \/>\r\nLic. Jos\u00e9 Roberto De la Pe\u00f1a Collins<br \/>\r\nCoordinador de Titulaci\u00f3n<br \/>\r\nAtenci\u00f3n en Edificio D, planta alta.<br \/>\r\nHorario de 8-2 y de 5-7<br \/>\r\nTel. (624) 14 2 59 39\/ 16 3 22 50 ext. 2037<br \/>\r\n<a href=\"mailto:titulacion@itesloscabos.edu.mx\" target=\"_self\" rel=\"noopener\">titulacion@itesloscabos.edu.mx<\/a>\r\n\r\n","protected":false},"excerpt":{"rendered":"<p>Titulaci\u00f3n Titulaci\u00f3n T\u00edtulo y c\u00e9dula profesional. Tiempo de solicitud: Al solicitar el protocolo. Tiempo de entrega: Un A\u00f1o Carta pasante. Tiempo de solicitud: Al cubrir el 100% de los cr\u00e9ditos del plan de estudios y que no se vaya a titular. Tiempo de entrega: 15 d\u00edas h\u00e1biles a partir de la solicitud. Contacto Lic. Jos\u00e9 &hellip;<\/p>\n<p class=\"read-more\"> <a class=\"\" href=\"https:\/\/www.itesloscabos.edu.mx\/inicio\/gastronomia-copy-4\/\"> <span class=\"screen-reader-text\">Titulaci\u00f3n<\/span> Leer m\u00e1s &raquo;<\/a><\/p>\n","protected":false},"author":1,"featured_media":0,"parent":0,"menu_order":0,"comment_status":"closed","ping_status":"closed","template":"","meta":{"om_disable_all_campaigns":false,"_monsterinsights_skip_tracking":false,"_monsterinsights_sitenote_active":false,"_monsterinsights_sitenote_note":"","_monsterinsights_sitenote_category":0,"_uf_show_specific_survey":0,"_uf_disable_surveys":false,"site-sidebar-layout":"no-sidebar","site-content-layout":"page-builder","ast-main-header-display":"","ast-hfb-above-header-display":"","ast-hfb-below-header-display":"","ast-hfb-mobile-header-display":"","site-post-title":"disabled","ast-breadcrumbs-content":"","ast-featured-img":"disabled","footer-sml-layout":"","theme-transparent-header-meta":"default","adv-header-id-meta":"","stick-header-meta":"","header-above-stick-meta":"","header-main-stick-meta":"","header-below-stick-meta":"","footnotes":""},"class_list":["post-876","page","type-page","status-publish","hentry"],"aioseo_notices":[],"yoast_head":"<!-- This site is optimized with the Yoast SEO plugin v27.2 - https:\/\/yoast.com\/product\/yoast-seo-wordpress\/ -->\n<title>Titulaci\u00f3n - ITES<\/title>\n<meta name=\"robots\" content=\"index, follow, max-snippet:-1, max-image-preview:large, max-video-preview:-1\" \/>\n<link rel=\"canonical\" href=\"https:\/\/www.itesloscabos.edu.mx\/inicio\/gastronomia-copy-4\/\" \/>\n<meta property=\"og:locale\" content=\"es_ES\" \/>\n<meta property=\"og:type\" content=\"article\" \/>\n<meta property=\"og:title\" content=\"Titulaci\u00f3n - ITES\" \/>\n<meta property=\"og:description\" content=\"Titulaci\u00f3n Titulaci\u00f3n T\u00edtulo y c\u00e9dula profesional. Tiempo de solicitud: Al solicitar el protocolo. Tiempo de entrega: Un A\u00f1o Carta pasante. Tiempo de solicitud: Al cubrir el 100% de los cr\u00e9ditos del plan de estudios y que no se vaya a titular. Tiempo de entrega: 15 d\u00edas h\u00e1biles a partir de la solicitud. Contacto Lic. Jos\u00e9 &hellip; Titulaci\u00f3n Leer m\u00e1s &raquo;\" \/>\n<meta property=\"og:url\" content=\"https:\/\/www.itesloscabos.edu.mx\/inicio\/gastronomia-copy-4\/\" \/>\n<meta property=\"og:site_name\" content=\"ITES\" \/>\n<meta property=\"article:modified_time\" content=\"2022-03-16T03:08:44+00:00\" \/>\n<meta name=\"twitter:card\" content=\"summary_large_image\" \/>\n<script type=\"application\/ld+json\" class=\"yoast-schema-graph\">{\"@context\":\"https:\/\/schema.org\",\"@graph\":[{\"@type\":\"WebPage\",\"@id\":\"https:\/\/www.itesloscabos.edu.mx\/inicio\/gastronomia-copy-4\/\",\"url\":\"https:\/\/www.itesloscabos.edu.mx\/inicio\/gastronomia-copy-4\/\",\"name\":\"Titulaci\u00f3n - ITES\",\"isPartOf\":{\"@id\":\"https:\/\/www.itesloscabos.edu.mx\/inicio\/#website\"},\"datePublished\":\"2022-03-16T03:08:06+00:00\",\"dateModified\":\"2022-03-16T03:08:44+00:00\",\"breadcrumb\":{\"@id\":\"https:\/\/www.itesloscabos.edu.mx\/inicio\/gastronomia-copy-4\/#breadcrumb\"},\"inLanguage\":\"es\",\"potentialAction\":[{\"@type\":\"ReadAction\",\"target\":[\"https:\/\/www.itesloscabos.edu.mx\/inicio\/gastronomia-copy-4\/\"]}]},{\"@type\":\"BreadcrumbList\",\"@id\":\"https:\/\/www.itesloscabos.edu.mx\/inicio\/gastronomia-copy-4\/#breadcrumb\",\"itemListElement\":[{\"@type\":\"ListItem\",\"position\":1,\"name\":\"Portada\",\"item\":\"https:\/\/www.itesloscabos.edu.mx\/inicio\/\"},{\"@type\":\"ListItem\",\"position\":2,\"name\":\"Titulaci\u00f3n\"}]},{\"@type\":\"WebSite\",\"@id\":\"https:\/\/www.itesloscabos.edu.mx\/inicio\/#website\",\"url\":\"https:\/\/www.itesloscabos.edu.mx\/inicio\/\",\"name\":\"ITES\",\"description\":\"Los Cabos\",\"potentialAction\":[{\"@type\":\"SearchAction\",\"target\":{\"@type\":\"EntryPoint\",\"urlTemplate\":\"https:\/\/www.itesloscabos.edu.mx\/inicio\/?s={search_term_string}\"},\"query-input\":{\"@type\":\"PropertyValueSpecification\",\"valueRequired\":true,\"valueName\":\"search_term_string\"}}],\"inLanguage\":\"es\"}]}<\/script>\n<!-- \/ Yoast SEO plugin. -->","yoast_head_json":{"title":"Titulaci\u00f3n - ITES","robots":{"index":"index","follow":"follow","max-snippet":"max-snippet:-1","max-image-preview":"max-image-preview:large","max-video-preview":"max-video-preview:-1"},"canonical":"https:\/\/www.itesloscabos.edu.mx\/inicio\/gastronomia-copy-4\/","og_locale":"es_ES","og_type":"article","og_title":"Titulaci\u00f3n - ITES","og_description":"Titulaci\u00f3n Titulaci\u00f3n T\u00edtulo y c\u00e9dula profesional. Tiempo de solicitud: Al solicitar el protocolo. Tiempo de entrega: Un A\u00f1o Carta pasante. Tiempo de solicitud: Al cubrir el 100% de los cr\u00e9ditos del plan de estudios y que no se vaya a titular. Tiempo de entrega: 15 d\u00edas h\u00e1biles a partir de la solicitud. Contacto Lic. Jos\u00e9 &hellip; Titulaci\u00f3n Leer m\u00e1s &raquo;","og_url":"https:\/\/www.itesloscabos.edu.mx\/inicio\/gastronomia-copy-4\/","og_site_name":"ITES","article_modified_time":"2022-03-16T03:08:44+00:00","twitter_card":"summary_large_image","schema":{"@context":"https:\/\/schema.org","@graph":[{"@type":"WebPage","@id":"https:\/\/www.itesloscabos.edu.mx\/inicio\/gastronomia-copy-4\/","url":"https:\/\/www.itesloscabos.edu.mx\/inicio\/gastronomia-copy-4\/","name":"Titulaci\u00f3n - ITES","isPartOf":{"@id":"https:\/\/www.itesloscabos.edu.mx\/inicio\/#website"},"datePublished":"2022-03-16T03:08:06+00:00","dateModified":"2022-03-16T03:08:44+00:00","breadcrumb":{"@id":"https:\/\/www.itesloscabos.edu.mx\/inicio\/gastronomia-copy-4\/#breadcrumb"},"inLanguage":"es","potentialAction":[{"@type":"ReadAction","target":["https:\/\/www.itesloscabos.edu.mx\/inicio\/gastronomia-copy-4\/"]}]},{"@type":"BreadcrumbList","@id":"https:\/\/www.itesloscabos.edu.mx\/inicio\/gastronomia-copy-4\/#breadcrumb","itemListElement":[{"@type":"ListItem","position":1,"name":"Portada","item":"https:\/\/www.itesloscabos.edu.mx\/inicio\/"},{"@type":"ListItem","position":2,"name":"Titulaci\u00f3n"}]},{"@type":"WebSite","@id":"https:\/\/www.itesloscabos.edu.mx\/inicio\/#website","url":"https:\/\/www.itesloscabos.edu.mx\/inicio\/","name":"ITES","description":"Los Cabos","potentialAction":[{"@type":"SearchAction","target":{"@type":"EntryPoint","urlTemplate":"https:\/\/www.itesloscabos.edu.mx\/inicio\/?s={search_term_string}"},"query-input":{"@type":"PropertyValueSpecification","valueRequired":true,"valueName":"search_term_string"}}],"inLanguage":"es"}]}},"blog_post_layout_featured_media_urls":{"thumbnail":"","full":""},"categories_names":null,"comments_number":"0","_links":{"self":[{"href":"https:\/\/www.itesloscabos.edu.mx\/inicio\/wp-json\/wp\/v2\/pages\/876","targetHints":{"allow":["GET"]}}],"collection":[{"href":"https:\/\/www.itesloscabos.edu.mx\/inicio\/wp-json\/wp\/v2\/pages"}],"about":[{"href":"https:\/\/www.itesloscabos.edu.mx\/inicio\/wp-json\/wp\/v2\/types\/page"}],"author":[{"embeddable":true,"href":"https:\/\/www.itesloscabos.edu.mx\/inicio\/wp-json\/wp\/v2\/users\/1"}],"replies":[{"embeddable":true,"href":"https:\/\/www.itesloscabos.edu.mx\/inicio\/wp-json\/wp\/v2\/comments?post=876"}],"version-history":[{"count":2,"href":"https:\/\/www.itesloscabos.edu.mx\/inicio\/wp-json\/wp\/v2\/pages\/876\/revisions"}],"predecessor-version":[{"id":878,"href":"https:\/\/www.itesloscabos.edu.mx\/inicio\/wp-json\/wp\/v2\/pages\/876\/revisions\/878"}],"wp:attachment":[{"href":"https:\/\/www.itesloscabos.edu.mx\/inicio\/wp-json\/wp\/v2\/media?parent=876"}],"curies":[{"name":"wp","href":"https:\/\/api.w.org\/{rel}","templated":true}]}}