{"id":872,"date":"2022-03-16T03:05:25","date_gmt":"2022-03-16T03:05:25","guid":{"rendered":"https:\/\/ciproba.com.mx\/?page_id=872"},"modified":"2024-02-15T15:25:48","modified_gmt":"2024-02-15T21:25:48","slug":"gastronomia-copy-3","status":"publish","type":"page","link":"https:\/\/www.itesloscabos.edu.mx\/inicio\/gastronomia-copy-3\/","title":{"rendered":"Becas"},"content":{"rendered":"\n<h1>\n\t\tBecas\n\t<\/h1>\n\t<p><strong>La Coordinaci\u00f3n de Becas ITES<\/strong> tiene como objetivo contribuir al desarrollo integral de los estudiantes del ITES Los Cabos, mediante la captaci\u00f3n y difusi\u00f3n de los distintos apoyos Federales y Estatales dirigidos a estudiantes de nivel superior.<\/p>\n<p>As\u00ed mismo, brindar orientaci\u00f3n sobre los procesos de Becas en los que el ITES Los Cabos se encuentre involucrado directamente.<\/p>\n<p>En esta coordinaci\u00f3n se gestiona la informaci\u00f3n y difunden convocatorias de becas internas y externas, que se describen a continuaci\u00f3n:<\/p>\n<p><strong><u>BECAS INTERNAS<\/u><\/strong><\/p>\n<p><strong><u>\u00a0<\/u><\/strong><strong>Dependientes Econ\u00f3micos de Ejidatarios <\/strong><\/p>\n<p>Dicha Beca consiste en un descuento econ\u00f3mico aplicable en la inscripci\u00f3n o reinscripci\u00f3n del estudiante sin considerar los cursos de Ingl\u00e9s y los conceptos de deuda generadas por el estudiante. Esta beca se obtiene mediante la entrega de una constancia-solicitud emitida por el Ejido San Jos\u00e9 al inicio del primer semestre. Una vez entregada la constancia, la beca tiene una duraci\u00f3n permanente mientras el alumno est\u00e9 inscrito en el ITES Los Cabos. No aplica en la Extensi\u00f3n de CSL.<\/p>\n<p><strong>Beca Trabajador(a) ITES Los Cabos:<\/strong><\/p>\n<p>Consiste en un descuento del 100% en el pago de nuevo ingreso o reinscripci\u00f3n seg\u00fan sea el caso, no requiere ser regular ni promedio m\u00ednimo. La carta de solicitud la ingresan por \u00fanica vez al inicio de la carrera y es v\u00e1lida durante su estancia acad\u00e9mica.<\/p>\n<p><strong>Beca Hijos(as) Trabajadores ITES Los Cabos<\/strong><\/p>\n<p>Esta beca consiste en un descuento sobre el pago de inscripci\u00f3n o reinscripci\u00f3n seg\u00fan sea el caso, del estudiante hijo(a) del colaborador(a) ITES, se atiende mediante aviso interno para que la documentaci\u00f3n de solicitud sea presentada en tiempo y forma en las \u00e1reas de Direcci\u00f3n General y la Coordinaci\u00f3n de Becas del mismo Instituto.<\/p>\n<p><strong>Excelencia Acad\u00e9mica ITES Los Cabos: De acuerdo al promedio obtenido: 95<\/strong><\/p>\n<p>Para el otorgamiento de esta Beca, se tomar\u00e1 como criterio de asignaci\u00f3n la calificaci\u00f3n general del semestre anterior transcurrido, el alumno regular, ser\u00e1 acreedor a un descuento por concepto de reinscripci\u00f3n semestral cuando obtenga un promedio general de 95, sin considerar la calificaci\u00f3n obtenida en las materias de Ingl\u00e9s y Tutor\u00edas. Consultar las bases. Se solicita atendiendo la convocatoria, la cual se emite y es lanzada al t\u00e9rmino de cada semestre en los meses de diciembre y junio, y se hace efectiva al inicio de cada semestre en los meses de enero y agosto respectivamente. Es un apoyo econ\u00f3mico aplicado directamente al pago de su reinscripci\u00f3n, el cual es proveniente de ingresos propios de la Instituci\u00f3n.<\/p>\n<p><strong>M\u00e9rito Deportivo, C\u00edvico y Cultural ITES Los Cabos<\/strong><\/p>\n<p>Para el otorgamiento de esta Beca, en el \u00e1mbito deportivo se requiere destacar en una disciplina en 1ro, 2do o 3er lugar en p\u00f3dium, en cuanto a lo c\u00edvico y cultural se eval\u00faa de acuerdo a las presentaciones dentro y fuera del Instituto, as\u00ed como la asistencia a ensayos y actividades sabatinas. Lo anterior siempre y cuando represente de manera oficial a la Instituci\u00f3n. Dentro de los requisitos est\u00e1 ser estudiante regular y tener un promedio general m\u00ednimo de 85 del semestre inmediato anterior transcurrido sin considerar ingl\u00e9s y tutor\u00edas, el (la) estudiante, ser\u00e1 acreedor(a) a un descuento por concepto de reinscripci\u00f3n al semestre por ingresar. Consultar las bases. Se solicita atendiendo la convocatoria, la cual se emite y es lanzada al t\u00e9rmino de cada semestre en los meses de diciembre y junio, y se hace efectiva al inicio de cada semestre en los meses de enero y agosto respectivamente. Es un apoyo econ\u00f3mico aplicado directamente al pago de su reinscripci\u00f3n, el cual es proveniente de ingresos propios de la Instituci\u00f3n.<\/p>\n<p><strong>Beca Jefes\/as de Grupo ITES Los Cabos:<\/strong><\/p>\n<p>Esta beca se cre\u00f3 a ra\u00edz de poder apoyar a los(as) estudiantes que son Jefes(as) de grupo y que representan a los(as) estudiantes de todas las carreras de ambos turnos (matutino y vespertino) con las que cuenta el ITES Los Cabos. Bases: realizar el tr\u00e1mite de la solicitud en tiempo y forma ante las \u00e1reas correspondientes. Requisitos: Ser alumno(a) Regular (no adeudo de materias), Promedio general m\u00ednimo de 85 y cumplir con las funciones que el cargo demande.<\/p>\n<p>&nbsp;<\/p>\n<p><strong><u>BECAS EXTERNAS<\/u><\/strong><\/p>\n<p><strong><u>\u00a0<\/u><\/strong><strong>Beca Federal J\u00f3venes Escribiendo el Futuro (JEF)<\/strong><\/p>\n<p>Perteneciente al Programa de Becas para el Bienestar Benito Ju\u00e1rez, tiene como objetivo primordial lograr que estudiantes de escasos recursos econ\u00f3micos inscritos en Instituciones P\u00fablicas de Educaci\u00f3n Superior (IPES), puedan continuar y\/o concluir sus estudios de educaci\u00f3n superior. No requiere ser estudiante regular ni promedio m\u00ednimo.<\/p>\n<p>La convocatoria se publica en los meses de febrero y septiembre (seg\u00fan corresponda a cada semestre) en ella se informan los requisitos que los(as) solicitantes deben cumplir para obtener los beneficios del programa. Una vez obtenida la beca, reciben un apoyo econ\u00f3mico durante 10 meses anuales.<\/p>\n<p>El tr\u00e1mite para la solicitud se realiza a trav\u00e9s de la plataforma del SUBES: <a href=\"https:\/\/subes.becasbenitojuarez.gob.mx\/\">SUBES &#8211; 2023 (becasbenitojuarez.gob.mx)<\/a> previo registro y activaci\u00f3n de ficha escolar en la misma plataforma.<\/p>\n<p><strong>Asociaciones Civiles: Building Baja\u00b4s Future, Green ScholarShip Program, Fundaci\u00f3n Questro y LigaMac AC:<\/strong><\/p>\n<p>Asociaciones Civiles y Fundaciones que brindan apoyo econ\u00f3mico, acad\u00e9mico y psicol\u00f3gico a estudiantes destacados inscritos en el ITES Los Cabos. Los(as) estudiantes deber\u00e1n realizar directamente sus solicitudes y tr\u00e1mites en las Asociaciones antes mencionadas, as\u00ed como tambi\u00e9n, apegarse a las convocatorias y requisitos de las mismas.<\/p>\n<p><a href=\"https:\/\/www.buildingbajasfuture.org\/\">https:\/\/www.buildingbajasfuture.org\/<\/a><\/p>\n<p><a href=\"https:\/\/gspcabo.org\/\">https:\/\/gspcabo.org\/<\/a><\/p>\n<p><a href=\"https:\/\/fundacionquestro.org\/index.php\/es\/\">https:\/\/fundacionquestro.org\/<\/a><\/p>\n<p><a href=\"http:\/\/www.ligamac.org\">www.ligamac.org<\/a><\/p>\n<p><strong>Beca de Ayuda Econ\u00f3mica H. Ayuntamiento de Los Cabos<\/strong><\/p>\n<p>Como su nombre lo dice, es un apoyo econ\u00f3mico que otorga el H. Ayuntamiento de Los Cabos, a trav\u00e9s de la Direcci\u00f3n Municipal de Educaci\u00f3n, y est\u00e1 dirigido a estudiantes de bajos recursos econ\u00f3micos. El tr\u00e1mite y solicitud es de manera independiente, directamente del estudiante en las oficinas de la Direcci\u00f3n Municipal de Educaci\u00f3n. Los(as) beneficiados(as) son seleccionados(as) en base al estudio socioecon\u00f3mico realizado por parte de la misma Direcci\u00f3n.<\/p>\n<p><strong>Beca de Ayuda para Transporte H. Ayuntamiento de Los Cabos<\/strong><\/p>\n<p>Es una nueva modalidad de Beca que otorga el H. Ayuntamiento de Los Cabos, a trav\u00e9s de la Direcci\u00f3n Municipal de Educaci\u00f3n, el cual consiste en un apoyo del 100% de descuento sobre las tarifas, otorgado mediante una\u00a0 tarjeta tipo credencial, misma que es aceptada en las rutas de camiones, colectivos y urbanos con los cuales el Ayuntamiento tiene convenio de colaboraci\u00f3n, este tipo de apoyo est\u00e1 dirigido y otorgado a estudiantes de bajos recursos econ\u00f3micos, para que de esta manera puedan apoyarse o apoyar a sus padres con parte de los gastos que implica el traslado casa-escuela\u00a0 escuela-casa. La solicitud y tr\u00e1mite se realiza por parte del estudiante y la Coordinaci\u00f3n de Becas del ITES Los Cabos conjuntamente. Los(as) beneficiados(as) son seleccionados(as) en base al estudio socioecon\u00f3mico realizado en conjunto por parte de la Coordinaci\u00f3n de Becas del ITES Los Cabos y de la misma Direcci\u00f3n de Educaci\u00f3n Municipal.<\/p>\n<p><strong>Beca Patronato del Estudiante Sudcaliforniano:<\/strong><\/p>\n<p>El tr\u00e1mite y solicitud es de manera independiente y directa por parte del estudiante en la p\u00e1gina oficial del mismo Patronato. Consultar bases y requisitos en la Convocatoria publicada en su sitio web. <a href=\"https:\/\/pesbcs.gob.mx\">pesbcs.gob.mx<\/a><\/p>\n<p>&nbsp;<\/p>\nContacto<br \/>\nVer\u00f3nica Cota Monta\u00f1o<br \/>\nCoordinadora de Becas<br \/>\nAtenci\u00f3n en Edificio v<br \/>\nHorario de 8-3<br \/>\nTel. (624) 14 2 59 39\/ 16 3 22 50 ext. 2030<br \/>\nbecas@loscabos.tecnm.mx\n\n","protected":false},"excerpt":{"rendered":"<p>Becas La Coordinaci\u00f3n de Becas ITES tiene como objetivo contribuir al desarrollo integral de los estudiantes del ITES Los Cabos, mediante la captaci\u00f3n y difusi\u00f3n de los distintos apoyos Federales y Estatales dirigidos a estudiantes de nivel superior. As\u00ed mismo, brindar orientaci\u00f3n sobre los procesos de Becas en los que el ITES Los Cabos se &hellip;<\/p>\n<p class=\"read-more\"> <a class=\"\" href=\"https:\/\/www.itesloscabos.edu.mx\/inicio\/gastronomia-copy-3\/\"> <span class=\"screen-reader-text\">Becas<\/span> Leer m\u00e1s &raquo;<\/a><\/p>\n","protected":false},"author":1,"featured_media":0,"parent":0,"menu_order":0,"comment_status":"closed","ping_status":"closed","template":"","meta":{"om_disable_all_campaigns":false,"_monsterinsights_skip_tracking":false,"_monsterinsights_sitenote_active":false,"_monsterinsights_sitenote_note":"","_monsterinsights_sitenote_category":0,"_uf_show_specific_survey":0,"_uf_disable_surveys":false,"site-sidebar-layout":"no-sidebar","site-content-layout":"page-builder","ast-main-header-display":"","ast-hfb-above-header-display":"","ast-hfb-below-header-display":"","ast-hfb-mobile-header-display":"","site-post-title":"disabled","ast-breadcrumbs-content":"","ast-featured-img":"disabled","footer-sml-layout":"","theme-transparent-header-meta":"default","adv-header-id-meta":"","stick-header-meta":"","header-above-stick-meta":"","header-main-stick-meta":"","header-below-stick-meta":"","footnotes":""},"class_list":["post-872","page","type-page","status-publish","hentry"],"aioseo_notices":[],"yoast_head":"<!-- This site is optimized with the Yoast SEO plugin v27.2 - https:\/\/yoast.com\/product\/yoast-seo-wordpress\/ -->\n<title>Becas - ITES<\/title>\n<meta name=\"robots\" content=\"index, follow, max-snippet:-1, max-image-preview:large, max-video-preview:-1\" \/>\n<link rel=\"canonical\" href=\"https:\/\/www.itesloscabos.edu.mx\/inicio\/gastronomia-copy-3\/\" \/>\n<meta property=\"og:locale\" content=\"es_ES\" \/>\n<meta property=\"og:type\" content=\"article\" \/>\n<meta property=\"og:title\" content=\"Becas - ITES\" \/>\n<meta property=\"og:description\" content=\"Becas La Coordinaci\u00f3n de Becas ITES tiene como objetivo contribuir al desarrollo integral de los estudiantes del ITES Los Cabos, mediante la captaci\u00f3n y difusi\u00f3n de los distintos apoyos Federales y Estatales dirigidos a estudiantes de nivel superior. As\u00ed mismo, brindar orientaci\u00f3n sobre los procesos de Becas en los que el ITES Los Cabos se &hellip; Becas Leer m\u00e1s &raquo;\" \/>\n<meta property=\"og:url\" content=\"https:\/\/www.itesloscabos.edu.mx\/inicio\/gastronomia-copy-3\/\" \/>\n<meta property=\"og:site_name\" content=\"ITES\" \/>\n<meta property=\"article:modified_time\" content=\"2024-02-15T21:25:48+00:00\" \/>\n<meta name=\"twitter:card\" content=\"summary_large_image\" \/>\n<meta name=\"twitter:label1\" content=\"Tiempo de lectura\" \/>\n\t<meta name=\"twitter:data1\" content=\"6 minutos\" \/>\n<script type=\"application\/ld+json\" class=\"yoast-schema-graph\">{\"@context\":\"https:\/\/schema.org\",\"@graph\":[{\"@type\":\"WebPage\",\"@id\":\"https:\/\/www.itesloscabos.edu.mx\/inicio\/gastronomia-copy-3\/\",\"url\":\"https:\/\/www.itesloscabos.edu.mx\/inicio\/gastronomia-copy-3\/\",\"name\":\"Becas - ITES\",\"isPartOf\":{\"@id\":\"https:\/\/www.itesloscabos.edu.mx\/inicio\/#website\"},\"datePublished\":\"2022-03-16T03:05:25+00:00\",\"dateModified\":\"2024-02-15T21:25:48+00:00\",\"breadcrumb\":{\"@id\":\"https:\/\/www.itesloscabos.edu.mx\/inicio\/gastronomia-copy-3\/#breadcrumb\"},\"inLanguage\":\"es\",\"potentialAction\":[{\"@type\":\"ReadAction\",\"target\":[\"https:\/\/www.itesloscabos.edu.mx\/inicio\/gastronomia-copy-3\/\"]}]},{\"@type\":\"BreadcrumbList\",\"@id\":\"https:\/\/www.itesloscabos.edu.mx\/inicio\/gastronomia-copy-3\/#breadcrumb\",\"itemListElement\":[{\"@type\":\"ListItem\",\"position\":1,\"name\":\"Portada\",\"item\":\"https:\/\/www.itesloscabos.edu.mx\/inicio\/\"},{\"@type\":\"ListItem\",\"position\":2,\"name\":\"Becas\"}]},{\"@type\":\"WebSite\",\"@id\":\"https:\/\/www.itesloscabos.edu.mx\/inicio\/#website\",\"url\":\"https:\/\/www.itesloscabos.edu.mx\/inicio\/\",\"name\":\"ITES\",\"description\":\"Los Cabos\",\"potentialAction\":[{\"@type\":\"SearchAction\",\"target\":{\"@type\":\"EntryPoint\",\"urlTemplate\":\"https:\/\/www.itesloscabos.edu.mx\/inicio\/?s={search_term_string}\"},\"query-input\":{\"@type\":\"PropertyValueSpecification\",\"valueRequired\":true,\"valueName\":\"search_term_string\"}}],\"inLanguage\":\"es\"}]}<\/script>\n<!-- \/ Yoast SEO plugin. -->","yoast_head_json":{"title":"Becas - ITES","robots":{"index":"index","follow":"follow","max-snippet":"max-snippet:-1","max-image-preview":"max-image-preview:large","max-video-preview":"max-video-preview:-1"},"canonical":"https:\/\/www.itesloscabos.edu.mx\/inicio\/gastronomia-copy-3\/","og_locale":"es_ES","og_type":"article","og_title":"Becas - ITES","og_description":"Becas La Coordinaci\u00f3n de Becas ITES tiene como objetivo contribuir al desarrollo integral de los estudiantes del ITES Los Cabos, mediante la captaci\u00f3n y difusi\u00f3n de los distintos apoyos Federales y Estatales dirigidos a estudiantes de nivel superior. As\u00ed mismo, brindar orientaci\u00f3n sobre los procesos de Becas en los que el ITES Los Cabos se &hellip; Becas Leer m\u00e1s &raquo;","og_url":"https:\/\/www.itesloscabos.edu.mx\/inicio\/gastronomia-copy-3\/","og_site_name":"ITES","article_modified_time":"2024-02-15T21:25:48+00:00","twitter_card":"summary_large_image","twitter_misc":{"Tiempo de lectura":"6 minutos"},"schema":{"@context":"https:\/\/schema.org","@graph":[{"@type":"WebPage","@id":"https:\/\/www.itesloscabos.edu.mx\/inicio\/gastronomia-copy-3\/","url":"https:\/\/www.itesloscabos.edu.mx\/inicio\/gastronomia-copy-3\/","name":"Becas - ITES","isPartOf":{"@id":"https:\/\/www.itesloscabos.edu.mx\/inicio\/#website"},"datePublished":"2022-03-16T03:05:25+00:00","dateModified":"2024-02-15T21:25:48+00:00","breadcrumb":{"@id":"https:\/\/www.itesloscabos.edu.mx\/inicio\/gastronomia-copy-3\/#breadcrumb"},"inLanguage":"es","potentialAction":[{"@type":"ReadAction","target":["https:\/\/www.itesloscabos.edu.mx\/inicio\/gastronomia-copy-3\/"]}]},{"@type":"BreadcrumbList","@id":"https:\/\/www.itesloscabos.edu.mx\/inicio\/gastronomia-copy-3\/#breadcrumb","itemListElement":[{"@type":"ListItem","position":1,"name":"Portada","item":"https:\/\/www.itesloscabos.edu.mx\/inicio\/"},{"@type":"ListItem","position":2,"name":"Becas"}]},{"@type":"WebSite","@id":"https:\/\/www.itesloscabos.edu.mx\/inicio\/#website","url":"https:\/\/www.itesloscabos.edu.mx\/inicio\/","name":"ITES","description":"Los Cabos","potentialAction":[{"@type":"SearchAction","target":{"@type":"EntryPoint","urlTemplate":"https:\/\/www.itesloscabos.edu.mx\/inicio\/?s={search_term_string}"},"query-input":{"@type":"PropertyValueSpecification","valueRequired":true,"valueName":"search_term_string"}}],"inLanguage":"es"}]}},"blog_post_layout_featured_media_urls":{"thumbnail":"","full":""},"categories_names":null,"comments_number":"0","_links":{"self":[{"href":"https:\/\/www.itesloscabos.edu.mx\/inicio\/wp-json\/wp\/v2\/pages\/872","targetHints":{"allow":["GET"]}}],"collection":[{"href":"https:\/\/www.itesloscabos.edu.mx\/inicio\/wp-json\/wp\/v2\/pages"}],"about":[{"href":"https:\/\/www.itesloscabos.edu.mx\/inicio\/wp-json\/wp\/v2\/types\/page"}],"author":[{"embeddable":true,"href":"https:\/\/www.itesloscabos.edu.mx\/inicio\/wp-json\/wp\/v2\/users\/1"}],"replies":[{"embeddable":true,"href":"https:\/\/www.itesloscabos.edu.mx\/inicio\/wp-json\/wp\/v2\/comments?post=872"}],"version-history":[{"count":7,"href":"https:\/\/www.itesloscabos.edu.mx\/inicio\/wp-json\/wp\/v2\/pages\/872\/revisions"}],"predecessor-version":[{"id":4400,"href":"https:\/\/www.itesloscabos.edu.mx\/inicio\/wp-json\/wp\/v2\/pages\/872\/revisions\/4400"}],"wp:attachment":[{"href":"https:\/\/www.itesloscabos.edu.mx\/inicio\/wp-json\/wp\/v2\/media?parent=872"}],"curies":[{"name":"wp","href":"https:\/\/api.w.org\/{rel}","templated":true}]}}