{"id":868,"date":"2022-03-16T03:03:19","date_gmt":"2022-03-16T03:03:19","guid":{"rendered":"https:\/\/ciproba.com.mx\/?page_id=868"},"modified":"2022-03-16T03:03:59","modified_gmt":"2022-03-16T03:03:59","slug":"gastronomia-copy-2","status":"publish","type":"page","link":"https:\/\/www.itesloscabos.edu.mx\/inicio\/gastronomia-copy-2\/","title":{"rendered":"Atenci\u00f3n Psicopedag\u00f3gica"},"content":{"rendered":"\r\n<h1>\r\n\t\tAtenci\u00f3n Psicopedag\u00f3gica\r\n\t<\/h1>\r\n\t<p>El \u00e1rea de atenci\u00f3n psicopedag\u00f3gica\u00a0del TecNM Campus Los Cabos tiene como objetivo favorecer que la comunidad estudiantil del Campus encuentre bienestar integral y desarrollen los recursos necesarios para responder satisfactoriamente a las demandas de sus respectivas carreras.<\/p>\r\n<p>\u200b<\/p>\r\n<p>Objetivos espec\u00edficos:<\/p>\r\n<p>* Realizar un diagn\u00f3stico general de la problem\u00e1tica de salud existente, en la comunidad de nuevo ingreso.<\/p>\r\n<p>* Acompa\u00f1ar al \u00a0o la estudiante para desarrollar y fortalecer habilidades cognitivas, psicosociales y afectivas, as\u00ed como la toma de decisiones, soluci\u00f3n de problemas y seguimiento de un proyecto de vida<\/p>\r\n<p>* Proponer y realizar actividades para la prevenci\u00f3n y atenci\u00f3n de los problemas de salud existentes en nuestra Comunidad Tecnol\u00f3gica tanto de nuevo ingreso como la existente.<\/p>\r\n<p>* Participar de forma proactiva en las actividades de prevenci\u00f3n y promoci\u00f3n de salud de nuestro Instituto, as\u00ed como de las dependencias de salud de los tres niveles de gobierno<\/p>\r\n<p>* Desarrollar una actitud de compromiso, responsabilidad y respeto al entorno escolar y social.<\/p>\r\n<p>\u200b<\/p>\r\n<p>Servicios:<\/p>\r\n<p>Aplicaci\u00f3n Test Orientaci\u00f3n Vocacional<\/p>\r\n<p>Curso de Orientaci\u00f3n Vocacional<\/p>\r\n<p>Taller de Proyecto de Vida<\/p>\r\n<p>Trabajo en sesi\u00f3n individual<\/p>\r\n<p>Atenci\u00f3n y orientaci\u00f3n psicol\u00f3gica<\/p>\r\n<p>Apoyo psicopedag\u00f3gico<\/p>\r\n<p>Proyecto vida-carrera profesional<\/p>\r\n<p>Desarrollo Humano<\/p>\r\n<p>Atenci\u00f3n Psicopedag\u00f3gica<\/p>\r\n<p>Lic en Psicolog\u00eda Edrey Yamil Gastelum<\/p>\r\n<p>Horario de atenci\u00f3n:<\/p>\r\n<p>09:00 \u00a0a 14:00 hrs y de 16:00 a 17:00 hrs<\/p>\r\n<p>Edificio I<\/p>\r\n\r\n","protected":false},"excerpt":{"rendered":"<p>Atenci\u00f3n Psicopedag\u00f3gica El \u00e1rea de atenci\u00f3n psicopedag\u00f3gica\u00a0del TecNM Campus Los Cabos tiene como objetivo favorecer que la comunidad estudiantil del Campus encuentre bienestar integral y desarrollen los recursos necesarios para responder satisfactoriamente a las demandas de sus respectivas carreras. \u200b Objetivos espec\u00edficos: * Realizar un diagn\u00f3stico general de la problem\u00e1tica de salud existente, en la &hellip;<\/p>\n<p class=\"read-more\"> <a class=\"\" href=\"https:\/\/www.itesloscabos.edu.mx\/inicio\/gastronomia-copy-2\/\"> <span class=\"screen-reader-text\">Atenci\u00f3n Psicopedag\u00f3gica<\/span> Leer m\u00e1s &raquo;<\/a><\/p>\n","protected":false},"author":1,"featured_media":0,"parent":0,"menu_order":0,"comment_status":"closed","ping_status":"closed","template":"","meta":{"om_disable_all_campaigns":false,"_monsterinsights_skip_tracking":false,"_monsterinsights_sitenote_active":false,"_monsterinsights_sitenote_note":"","_monsterinsights_sitenote_category":0,"_uf_show_specific_survey":0,"_uf_disable_surveys":false,"site-sidebar-layout":"no-sidebar","site-content-layout":"page-builder","ast-main-header-display":"","ast-hfb-above-header-display":"","ast-hfb-below-header-display":"","ast-hfb-mobile-header-display":"","site-post-title":"disabled","ast-breadcrumbs-content":"","ast-featured-img":"disabled","footer-sml-layout":"","theme-transparent-header-meta":"default","adv-header-id-meta":"","stick-header-meta":"","header-above-stick-meta":"","header-main-stick-meta":"","header-below-stick-meta":"","footnotes":""},"class_list":["post-868","page","type-page","status-publish","hentry"],"aioseo_notices":[],"yoast_head":"<!-- This site is optimized with the Yoast SEO plugin v27.2 - https:\/\/yoast.com\/product\/yoast-seo-wordpress\/ -->\n<title>Atenci\u00f3n Psicopedag\u00f3gica - ITES<\/title>\n<meta name=\"robots\" content=\"index, follow, max-snippet:-1, max-image-preview:large, max-video-preview:-1\" \/>\n<link rel=\"canonical\" href=\"https:\/\/www.itesloscabos.edu.mx\/inicio\/gastronomia-copy-2\/\" \/>\n<meta property=\"og:locale\" content=\"es_ES\" \/>\n<meta property=\"og:type\" content=\"article\" \/>\n<meta property=\"og:title\" content=\"Atenci\u00f3n Psicopedag\u00f3gica - ITES\" \/>\n<meta property=\"og:description\" content=\"Atenci\u00f3n Psicopedag\u00f3gica El \u00e1rea de atenci\u00f3n psicopedag\u00f3gica\u00a0del TecNM Campus Los Cabos tiene como objetivo favorecer que la comunidad estudiantil del Campus encuentre bienestar integral y desarrollen los recursos necesarios para responder satisfactoriamente a las demandas de sus respectivas carreras. \u200b Objetivos espec\u00edficos: * Realizar un diagn\u00f3stico general de la problem\u00e1tica de salud existente, en la &hellip; Atenci\u00f3n Psicopedag\u00f3gica Leer m\u00e1s &raquo;\" \/>\n<meta property=\"og:url\" content=\"https:\/\/www.itesloscabos.edu.mx\/inicio\/gastronomia-copy-2\/\" \/>\n<meta property=\"og:site_name\" content=\"ITES\" \/>\n<meta property=\"article:modified_time\" content=\"2022-03-16T03:03:59+00:00\" \/>\n<meta name=\"twitter:card\" content=\"summary_large_image\" \/>\n<meta name=\"twitter:label1\" content=\"Tiempo de lectura\" \/>\n\t<meta name=\"twitter:data1\" content=\"1 minuto\" \/>\n<script type=\"application\/ld+json\" class=\"yoast-schema-graph\">{\"@context\":\"https:\/\/schema.org\",\"@graph\":[{\"@type\":\"WebPage\",\"@id\":\"https:\/\/www.itesloscabos.edu.mx\/inicio\/gastronomia-copy-2\/\",\"url\":\"https:\/\/www.itesloscabos.edu.mx\/inicio\/gastronomia-copy-2\/\",\"name\":\"Atenci\u00f3n Psicopedag\u00f3gica - ITES\",\"isPartOf\":{\"@id\":\"https:\/\/www.itesloscabos.edu.mx\/inicio\/#website\"},\"datePublished\":\"2022-03-16T03:03:19+00:00\",\"dateModified\":\"2022-03-16T03:03:59+00:00\",\"breadcrumb\":{\"@id\":\"https:\/\/www.itesloscabos.edu.mx\/inicio\/gastronomia-copy-2\/#breadcrumb\"},\"inLanguage\":\"es\",\"potentialAction\":[{\"@type\":\"ReadAction\",\"target\":[\"https:\/\/www.itesloscabos.edu.mx\/inicio\/gastronomia-copy-2\/\"]}]},{\"@type\":\"BreadcrumbList\",\"@id\":\"https:\/\/www.itesloscabos.edu.mx\/inicio\/gastronomia-copy-2\/#breadcrumb\",\"itemListElement\":[{\"@type\":\"ListItem\",\"position\":1,\"name\":\"Portada\",\"item\":\"https:\/\/www.itesloscabos.edu.mx\/inicio\/\"},{\"@type\":\"ListItem\",\"position\":2,\"name\":\"Atenci\u00f3n Psicopedag\u00f3gica\"}]},{\"@type\":\"WebSite\",\"@id\":\"https:\/\/www.itesloscabos.edu.mx\/inicio\/#website\",\"url\":\"https:\/\/www.itesloscabos.edu.mx\/inicio\/\",\"name\":\"ITES\",\"description\":\"Los Cabos\",\"potentialAction\":[{\"@type\":\"SearchAction\",\"target\":{\"@type\":\"EntryPoint\",\"urlTemplate\":\"https:\/\/www.itesloscabos.edu.mx\/inicio\/?s={search_term_string}\"},\"query-input\":{\"@type\":\"PropertyValueSpecification\",\"valueRequired\":true,\"valueName\":\"search_term_string\"}}],\"inLanguage\":\"es\"}]}<\/script>\n<!-- \/ Yoast SEO plugin. -->","yoast_head_json":{"title":"Atenci\u00f3n Psicopedag\u00f3gica - ITES","robots":{"index":"index","follow":"follow","max-snippet":"max-snippet:-1","max-image-preview":"max-image-preview:large","max-video-preview":"max-video-preview:-1"},"canonical":"https:\/\/www.itesloscabos.edu.mx\/inicio\/gastronomia-copy-2\/","og_locale":"es_ES","og_type":"article","og_title":"Atenci\u00f3n Psicopedag\u00f3gica - ITES","og_description":"Atenci\u00f3n Psicopedag\u00f3gica El \u00e1rea de atenci\u00f3n psicopedag\u00f3gica\u00a0del TecNM Campus Los Cabos tiene como objetivo favorecer que la comunidad estudiantil del Campus encuentre bienestar integral y desarrollen los recursos necesarios para responder satisfactoriamente a las demandas de sus respectivas carreras. \u200b Objetivos espec\u00edficos: * Realizar un diagn\u00f3stico general de la problem\u00e1tica de salud existente, en la &hellip; Atenci\u00f3n Psicopedag\u00f3gica Leer m\u00e1s &raquo;","og_url":"https:\/\/www.itesloscabos.edu.mx\/inicio\/gastronomia-copy-2\/","og_site_name":"ITES","article_modified_time":"2022-03-16T03:03:59+00:00","twitter_card":"summary_large_image","twitter_misc":{"Tiempo de lectura":"1 minuto"},"schema":{"@context":"https:\/\/schema.org","@graph":[{"@type":"WebPage","@id":"https:\/\/www.itesloscabos.edu.mx\/inicio\/gastronomia-copy-2\/","url":"https:\/\/www.itesloscabos.edu.mx\/inicio\/gastronomia-copy-2\/","name":"Atenci\u00f3n Psicopedag\u00f3gica - ITES","isPartOf":{"@id":"https:\/\/www.itesloscabos.edu.mx\/inicio\/#website"},"datePublished":"2022-03-16T03:03:19+00:00","dateModified":"2022-03-16T03:03:59+00:00","breadcrumb":{"@id":"https:\/\/www.itesloscabos.edu.mx\/inicio\/gastronomia-copy-2\/#breadcrumb"},"inLanguage":"es","potentialAction":[{"@type":"ReadAction","target":["https:\/\/www.itesloscabos.edu.mx\/inicio\/gastronomia-copy-2\/"]}]},{"@type":"BreadcrumbList","@id":"https:\/\/www.itesloscabos.edu.mx\/inicio\/gastronomia-copy-2\/#breadcrumb","itemListElement":[{"@type":"ListItem","position":1,"name":"Portada","item":"https:\/\/www.itesloscabos.edu.mx\/inicio\/"},{"@type":"ListItem","position":2,"name":"Atenci\u00f3n Psicopedag\u00f3gica"}]},{"@type":"WebSite","@id":"https:\/\/www.itesloscabos.edu.mx\/inicio\/#website","url":"https:\/\/www.itesloscabos.edu.mx\/inicio\/","name":"ITES","description":"Los Cabos","potentialAction":[{"@type":"SearchAction","target":{"@type":"EntryPoint","urlTemplate":"https:\/\/www.itesloscabos.edu.mx\/inicio\/?s={search_term_string}"},"query-input":{"@type":"PropertyValueSpecification","valueRequired":true,"valueName":"search_term_string"}}],"inLanguage":"es"}]}},"blog_post_layout_featured_media_urls":{"thumbnail":"","full":""},"categories_names":null,"comments_number":"0","_links":{"self":[{"href":"https:\/\/www.itesloscabos.edu.mx\/inicio\/wp-json\/wp\/v2\/pages\/868","targetHints":{"allow":["GET"]}}],"collection":[{"href":"https:\/\/www.itesloscabos.edu.mx\/inicio\/wp-json\/wp\/v2\/pages"}],"about":[{"href":"https:\/\/www.itesloscabos.edu.mx\/inicio\/wp-json\/wp\/v2\/types\/page"}],"author":[{"embeddable":true,"href":"https:\/\/www.itesloscabos.edu.mx\/inicio\/wp-json\/wp\/v2\/users\/1"}],"replies":[{"embeddable":true,"href":"https:\/\/www.itesloscabos.edu.mx\/inicio\/wp-json\/wp\/v2\/comments?post=868"}],"version-history":[{"count":2,"href":"https:\/\/www.itesloscabos.edu.mx\/inicio\/wp-json\/wp\/v2\/pages\/868\/revisions"}],"predecessor-version":[{"id":870,"href":"https:\/\/www.itesloscabos.edu.mx\/inicio\/wp-json\/wp\/v2\/pages\/868\/revisions\/870"}],"wp:attachment":[{"href":"https:\/\/www.itesloscabos.edu.mx\/inicio\/wp-json\/wp\/v2\/media?parent=868"}],"curies":[{"name":"wp","href":"https:\/\/api.w.org\/{rel}","templated":true}]}}