{"id":864,"date":"2022-03-16T03:00:01","date_gmt":"2022-03-16T03:00:01","guid":{"rendered":"https:\/\/ciproba.com.mx\/?page_id=864"},"modified":"2022-03-16T03:00:26","modified_gmt":"2022-03-16T03:00:26","slug":"gastronomia-copy","status":"publish","type":"page","link":"https:\/\/www.itesloscabos.edu.mx\/inicio\/gastronomia-copy\/","title":{"rendered":"Centro de Informaci\u00f3n"},"content":{"rendered":"\r\n<h1>\r\n\t\tCentro de Informaci\u00f3n\r\n\t<\/h1>\r\n<p><strong>CENTRO DE INFORMACI\u00d3N<\/strong><\/p>\r\n<p>El \u00e1rea del Centro de Informaci\u00f3n del TecNM Campus Los Cabos tiene como objetivo el gestionar, promover y facilitar recursos y servicios documentales, creando una cultura de acceso a la informaci\u00f3n, para contribuir a la formaci\u00f3n integral de profesionistas competitivos, en el marco de los objetivos institucionales.<\/p>\r\n<p>\u200b<\/p>\r\n<p>Objetivos espec\u00edficos:<\/p>\r\n<p>* Respaldar y realizar los objetivos del proyecto educativo del centro escolar y del plan de estudios.<\/p>\r\n<p>* Inculcar y fomentar el h\u00e1bito y el placer de la lectura, el aprendizaje y la utilizaci\u00f3n de las bibliotecas a lo largo de toda su vida.<\/p>\r\n<p>\u200b<\/p>\r\n<p>* Ofrecer oportunidades para realizar experiencias de creaci\u00f3n y utilizaci\u00f3n de informaci\u00f3n a fin de adquirir conocimientos, comprender, desarrollar la imaginaci\u00f3n y entretenerse.<\/p>\r\n<p>* Prestar apoyo a toda la comunidad estudiantil para la adquisici\u00f3n y aplicaci\u00f3n de capacidades que permitan evaluar y utilizar la informaci\u00f3n, independientemente de su soporte, formato o medio de difusi\u00f3n, teniendo en cuenta la sensibilidad a las formas de comunicaci\u00f3n que existan en la comunidad.<\/p>\r\n<p>* Facilitar el acceso a los recursos y posibilidades locales, regionales, nacionales y mundiales para que la comunidad estudiantil tengan contacto con ideas, experiencias y opiniones varias.<\/p>\r\n<p>* Organizar actividades que estimulen la concienciaci\u00f3n y la sensibilizaci\u00f3n en el plano cultural y social.<\/p>\r\n<p>* Trabajar con el alumnado, el profesorado, la administraci\u00f3n y las familias para realizar el proyecto educativo del centro escolar; proclamar la idea de que la libertad intelectual y el acceso a la informaci\u00f3n son fundamentales para ejercer la ciudadan\u00eda y participar en una democracia con eficiencia y responsabilidad.<\/p>\r\n<p>* Fomentar la lectura y promover los recursos y servicios de la biblioteca escolar dentro y fuera del conjunto de la comunidad escolar.<\/p>\r\n<p>\u200b<\/p>\r\n<p>Servicios:<\/p>\r\n<p>* Pr\u00e9stamo de material bibliogr\u00e1fico<\/p>\r\n<p>* Acceso a internet para consulta<\/p>\r\n<p>* Espacio de lectura y estudio<\/p>\r\n\r\n<p>Atenci\u00f3n Centro de Informaci\u00f3n<\/p>\r\n<ol>\r\n<li>\r\n<p>Alba X\u00f3chitl S\u00e1nchez \u00c1lvarez<\/p>\r\n<\/li>\r\n<\/ol>\r\n<p>08:00 a 15:00 hrs.<\/p>\r\n<p>Edificio D Planta Baja<\/p>\r\n\r\n<ol>\r\n<li>\r\n<p>Blanca Estela Calleja Valente<\/p>\r\n<\/li>\r\n<\/ol>\r\n<p>15:00 a 22:00 hrs.<\/p>\r\n<p>Edificio D Planta Baja<\/p>\r\n\r\n","protected":false},"excerpt":{"rendered":"<p>Centro de Informaci\u00f3n CENTRO DE INFORMACI\u00d3N El \u00e1rea del Centro de Informaci\u00f3n del TecNM Campus Los Cabos tiene como objetivo el gestionar, promover y facilitar recursos y servicios documentales, creando una cultura de acceso a la informaci\u00f3n, para contribuir a la formaci\u00f3n integral de profesionistas competitivos, en el marco de los objetivos institucionales. \u200b Objetivos &hellip;<\/p>\n<p class=\"read-more\"> <a class=\"\" href=\"https:\/\/www.itesloscabos.edu.mx\/inicio\/gastronomia-copy\/\"> <span class=\"screen-reader-text\">Centro de Informaci\u00f3n<\/span> Leer m\u00e1s &raquo;<\/a><\/p>\n","protected":false},"author":1,"featured_media":0,"parent":0,"menu_order":0,"comment_status":"closed","ping_status":"closed","template":"","meta":{"om_disable_all_campaigns":false,"_monsterinsights_skip_tracking":false,"_monsterinsights_sitenote_active":false,"_monsterinsights_sitenote_note":"","_monsterinsights_sitenote_category":0,"_uf_show_specific_survey":0,"_uf_disable_surveys":false,"site-sidebar-layout":"no-sidebar","site-content-layout":"page-builder","ast-main-header-display":"","ast-hfb-above-header-display":"","ast-hfb-below-header-display":"","ast-hfb-mobile-header-display":"","site-post-title":"disabled","ast-breadcrumbs-content":"","ast-featured-img":"disabled","footer-sml-layout":"","theme-transparent-header-meta":"default","adv-header-id-meta":"","stick-header-meta":"","header-above-stick-meta":"","header-main-stick-meta":"","header-below-stick-meta":"","footnotes":""},"class_list":["post-864","page","type-page","status-publish","hentry"],"aioseo_notices":[],"yoast_head":"<!-- This site is optimized with the Yoast SEO plugin v27.2 - https:\/\/yoast.com\/product\/yoast-seo-wordpress\/ -->\n<title>Centro de Informaci\u00f3n - ITES<\/title>\n<meta name=\"robots\" content=\"index, follow, max-snippet:-1, max-image-preview:large, max-video-preview:-1\" \/>\n<link rel=\"canonical\" href=\"https:\/\/www.itesloscabos.edu.mx\/inicio\/gastronomia-copy\/\" \/>\n<meta property=\"og:locale\" content=\"es_ES\" \/>\n<meta property=\"og:type\" content=\"article\" \/>\n<meta property=\"og:title\" content=\"Centro de Informaci\u00f3n - ITES\" \/>\n<meta property=\"og:description\" content=\"Centro de Informaci\u00f3n CENTRO DE INFORMACI\u00d3N El \u00e1rea del Centro de Informaci\u00f3n del TecNM Campus Los Cabos tiene como objetivo el gestionar, promover y facilitar recursos y servicios documentales, creando una cultura de acceso a la informaci\u00f3n, para contribuir a la formaci\u00f3n integral de profesionistas competitivos, en el marco de los objetivos institucionales. \u200b Objetivos &hellip; Centro de Informaci\u00f3n Leer m\u00e1s &raquo;\" \/>\n<meta property=\"og:url\" content=\"https:\/\/www.itesloscabos.edu.mx\/inicio\/gastronomia-copy\/\" \/>\n<meta property=\"og:site_name\" content=\"ITES\" \/>\n<meta property=\"article:modified_time\" content=\"2022-03-16T03:00:26+00:00\" \/>\n<meta name=\"twitter:card\" content=\"summary_large_image\" \/>\n<meta name=\"twitter:label1\" content=\"Tiempo de lectura\" \/>\n\t<meta name=\"twitter:data1\" content=\"2 minutos\" \/>\n<script type=\"application\/ld+json\" class=\"yoast-schema-graph\">{\"@context\":\"https:\/\/schema.org\",\"@graph\":[{\"@type\":\"WebPage\",\"@id\":\"https:\/\/www.itesloscabos.edu.mx\/inicio\/gastronomia-copy\/\",\"url\":\"https:\/\/www.itesloscabos.edu.mx\/inicio\/gastronomia-copy\/\",\"name\":\"Centro de Informaci\u00f3n - ITES\",\"isPartOf\":{\"@id\":\"https:\/\/www.itesloscabos.edu.mx\/inicio\/#website\"},\"datePublished\":\"2022-03-16T03:00:01+00:00\",\"dateModified\":\"2022-03-16T03:00:26+00:00\",\"breadcrumb\":{\"@id\":\"https:\/\/www.itesloscabos.edu.mx\/inicio\/gastronomia-copy\/#breadcrumb\"},\"inLanguage\":\"es\",\"potentialAction\":[{\"@type\":\"ReadAction\",\"target\":[\"https:\/\/www.itesloscabos.edu.mx\/inicio\/gastronomia-copy\/\"]}]},{\"@type\":\"BreadcrumbList\",\"@id\":\"https:\/\/www.itesloscabos.edu.mx\/inicio\/gastronomia-copy\/#breadcrumb\",\"itemListElement\":[{\"@type\":\"ListItem\",\"position\":1,\"name\":\"Portada\",\"item\":\"https:\/\/www.itesloscabos.edu.mx\/inicio\/\"},{\"@type\":\"ListItem\",\"position\":2,\"name\":\"Centro de Informaci\u00f3n\"}]},{\"@type\":\"WebSite\",\"@id\":\"https:\/\/www.itesloscabos.edu.mx\/inicio\/#website\",\"url\":\"https:\/\/www.itesloscabos.edu.mx\/inicio\/\",\"name\":\"ITES\",\"description\":\"Los Cabos\",\"potentialAction\":[{\"@type\":\"SearchAction\",\"target\":{\"@type\":\"EntryPoint\",\"urlTemplate\":\"https:\/\/www.itesloscabos.edu.mx\/inicio\/?s={search_term_string}\"},\"query-input\":{\"@type\":\"PropertyValueSpecification\",\"valueRequired\":true,\"valueName\":\"search_term_string\"}}],\"inLanguage\":\"es\"}]}<\/script>\n<!-- \/ Yoast SEO plugin. -->","yoast_head_json":{"title":"Centro de Informaci\u00f3n - ITES","robots":{"index":"index","follow":"follow","max-snippet":"max-snippet:-1","max-image-preview":"max-image-preview:large","max-video-preview":"max-video-preview:-1"},"canonical":"https:\/\/www.itesloscabos.edu.mx\/inicio\/gastronomia-copy\/","og_locale":"es_ES","og_type":"article","og_title":"Centro de Informaci\u00f3n - ITES","og_description":"Centro de Informaci\u00f3n CENTRO DE INFORMACI\u00d3N El \u00e1rea del Centro de Informaci\u00f3n del TecNM Campus Los Cabos tiene como objetivo el gestionar, promover y facilitar recursos y servicios documentales, creando una cultura de acceso a la informaci\u00f3n, para contribuir a la formaci\u00f3n integral de profesionistas competitivos, en el marco de los objetivos institucionales. \u200b Objetivos &hellip; Centro de Informaci\u00f3n Leer m\u00e1s &raquo;","og_url":"https:\/\/www.itesloscabos.edu.mx\/inicio\/gastronomia-copy\/","og_site_name":"ITES","article_modified_time":"2022-03-16T03:00:26+00:00","twitter_card":"summary_large_image","twitter_misc":{"Tiempo de lectura":"2 minutos"},"schema":{"@context":"https:\/\/schema.org","@graph":[{"@type":"WebPage","@id":"https:\/\/www.itesloscabos.edu.mx\/inicio\/gastronomia-copy\/","url":"https:\/\/www.itesloscabos.edu.mx\/inicio\/gastronomia-copy\/","name":"Centro de Informaci\u00f3n - ITES","isPartOf":{"@id":"https:\/\/www.itesloscabos.edu.mx\/inicio\/#website"},"datePublished":"2022-03-16T03:00:01+00:00","dateModified":"2022-03-16T03:00:26+00:00","breadcrumb":{"@id":"https:\/\/www.itesloscabos.edu.mx\/inicio\/gastronomia-copy\/#breadcrumb"},"inLanguage":"es","potentialAction":[{"@type":"ReadAction","target":["https:\/\/www.itesloscabos.edu.mx\/inicio\/gastronomia-copy\/"]}]},{"@type":"BreadcrumbList","@id":"https:\/\/www.itesloscabos.edu.mx\/inicio\/gastronomia-copy\/#breadcrumb","itemListElement":[{"@type":"ListItem","position":1,"name":"Portada","item":"https:\/\/www.itesloscabos.edu.mx\/inicio\/"},{"@type":"ListItem","position":2,"name":"Centro de Informaci\u00f3n"}]},{"@type":"WebSite","@id":"https:\/\/www.itesloscabos.edu.mx\/inicio\/#website","url":"https:\/\/www.itesloscabos.edu.mx\/inicio\/","name":"ITES","description":"Los Cabos","potentialAction":[{"@type":"SearchAction","target":{"@type":"EntryPoint","urlTemplate":"https:\/\/www.itesloscabos.edu.mx\/inicio\/?s={search_term_string}"},"query-input":{"@type":"PropertyValueSpecification","valueRequired":true,"valueName":"search_term_string"}}],"inLanguage":"es"}]}},"blog_post_layout_featured_media_urls":{"thumbnail":"","full":""},"categories_names":null,"comments_number":"0","_links":{"self":[{"href":"https:\/\/www.itesloscabos.edu.mx\/inicio\/wp-json\/wp\/v2\/pages\/864","targetHints":{"allow":["GET"]}}],"collection":[{"href":"https:\/\/www.itesloscabos.edu.mx\/inicio\/wp-json\/wp\/v2\/pages"}],"about":[{"href":"https:\/\/www.itesloscabos.edu.mx\/inicio\/wp-json\/wp\/v2\/types\/page"}],"author":[{"embeddable":true,"href":"https:\/\/www.itesloscabos.edu.mx\/inicio\/wp-json\/wp\/v2\/users\/1"}],"replies":[{"embeddable":true,"href":"https:\/\/www.itesloscabos.edu.mx\/inicio\/wp-json\/wp\/v2\/comments?post=864"}],"version-history":[{"count":2,"href":"https:\/\/www.itesloscabos.edu.mx\/inicio\/wp-json\/wp\/v2\/pages\/864\/revisions"}],"predecessor-version":[{"id":866,"href":"https:\/\/www.itesloscabos.edu.mx\/inicio\/wp-json\/wp\/v2\/pages\/864\/revisions\/866"}],"wp:attachment":[{"href":"https:\/\/www.itesloscabos.edu.mx\/inicio\/wp-json\/wp\/v2\/media?parent=864"}],"curies":[{"name":"wp","href":"https:\/\/api.w.org\/{rel}","templated":true}]}}