{"id":752,"date":"2022-03-15T08:16:06","date_gmt":"2022-03-15T08:16:06","guid":{"rendered":"https:\/\/ciproba.com.mx\/?page_id=752"},"modified":"2024-08-05T15:53:34","modified_gmt":"2024-08-05T21:53:34","slug":"about-copy-12","status":"publish","type":"page","link":"https:\/\/www.itesloscabos.edu.mx\/inicio\/about-copy-12\/","title":{"rendered":"Convocatorias"},"content":{"rendered":"\n\n\t<h1>\n\t\t\t\t\tCONVOCATORIAS\n\t\t\t\t<\/h1>\n\t\n<table id=\"tablepress-3\" class=\"tablepress tablepress-id-3\">\n<thead>\n<tr class=\"row-1\">\n\t<th class=\"column-1\">                   Tema<\/th><th class=\"column-2\">   Fecha de Publicaci\u00f3n<\/th>\n<\/tr>\n<\/thead>\n<tbody class=\"row-striping row-hover\">\n<tr class=\"row-2\">\n\t<td class=\"column-1\"><a href=\"https:\/\/www.itesloscabos.edu.mx\/wp-content\/uploads\/2023\/11\/PLAN-DE-NEGOCIO.-edi.pdf\">CONVOCATORIA PARA EL PUESTO DE DOCENTE PARA ASIGNATURA DE PLAN DE NEGOCIOS<\/a><\/td><td class=\"column-2\">10 de noviembre 2023<\/td>\n<\/tr>\n<tr class=\"row-3\">\n\t<td class=\"column-1\"><a href=\"https:\/\/www.itesloscabos.edu.mx\/wp-content\/uploads\/2023\/10\/ENTORNO-A-LA-INNOVACION.pdf\">CONVOCATORIA PARA EL PUESTO DE DOCENTE PARA LA ASIGNATURA DE ENTORNO A LA INNOVACI\u00d3N<\/a><\/td><td class=\"column-2\">28 de Octubre de 2023<\/td>\n<\/tr>\n<tr class=\"row-4\">\n\t<td class=\"column-1\"><a href=\"https:\/\/www.itesloscabos.edu.mx\/wp-content\/uploads\/2023\/09\/TALLER-DE-INVESTIGACION-II-1.pdf\"> CONVOCATORIA PARA LA ASIGNATURA TALLER DE INVESTIGACI\u00d3N II<\/a><\/td><td class=\"column-2\">13 de septiembre de 2023<\/td>\n<\/tr>\n<tr class=\"row-5\">\n\t<td class=\"column-1\"><a href=\"https:\/\/www.itesloscabos.edu.mx\/wp-content\/uploads\/2023\/09\/MEDICO-1.pdf\">CONVOCATORIA PARA EL PUESTO DE M\u00c9DICO<\/a><\/td><td class=\"column-2\">13 de septiembre de 2023<\/td>\n<\/tr>\n<tr class=\"row-6\">\n\t<td class=\"column-1\"><a href=\"https:\/\/www.itesloscabos.edu.mx\/wp-content\/uploads\/2023\/09\/TALLER-DE-ETICA.pdf\">CONVOCATORIA TALLER DE \u00c9TICA<\/a><\/td><td class=\"column-2\">13 septiembre de 2023<\/td>\n<\/tr>\n<tr class=\"row-7\">\n\t<td class=\"column-1\"><a href=\"https:\/\/www.itesloscabos.edu.mx\/wp-content\/uploads\/2023\/08\/MATEMATICAS-APLICADAS-AL-TURISMO-1.pdf\">MATEM\u00c1TICAS APLICADAS AL TURISMO<\/a><\/td><td class=\"column-2\">21 de agosto de 2023<\/td>\n<\/tr>\n<tr class=\"row-8\">\n\t<td class=\"column-1\"><a href=\"https:\/\/www.itesloscabos.edu.mx\/wp-content\/uploads\/2023\/08\/08182023adm-deempresas-turi.pdf\">ADMINISTRACI\u00d3N DE EMPRESAS TUR\u00cdSTICAS <\/a><\/td><td class=\"column-2\">21 agosto 2023<\/td>\n<\/tr>\n<tr class=\"row-9\">\n\t<td class=\"column-1\"><a href=\"https:\/\/www.itesloscabos.edu.mx\/wp-content\/uploads\/2023\/08\/08182023fundamentos-investig.pdf\">FUNDAMENTOS DE INVESTIGACI\u00d3N<\/a><\/td><td class=\"column-2\">21 agosto 2023<\/td>\n<\/tr>\n<tr class=\"row-10\">\n\t<td class=\"column-1\"><a href=\"https:\/\/www.itesloscabos.edu.mx\/wp-content\/uploads\/2023\/08\/08182023habilidadesdirectiv.pdf\">HABILIDADES DIRECTIVAS I<\/a><\/td><td class=\"column-2\">21 agosto 2023<\/td>\n<\/tr>\n<tr class=\"row-11\">\n\t<td class=\"column-1\"><a href=\"https:\/\/www.itesloscabos.edu.mx\/wp-content\/uploads\/2023\/08\/08182023herramientas-informa.pdf\">HERRAMIENTAS INFORM\u00c1TICAS ADMINISTRATIVAS<\/a><\/td><td class=\"column-2\">21 agosto 2023<\/td>\n<\/tr>\n<tr class=\"row-12\">\n\t<td class=\"column-1\"><a href=\"https:\/\/www.itesloscabos.edu.mx\/wp-content\/uploads\/2023\/08\/08182023quimica.pdf\">QU\u00cdMICA<\/a><\/td><td class=\"column-2\">21 agosto 2023<\/td>\n<\/tr>\n<tr class=\"row-13\">\n\t<td class=\"column-1\"><a href=\"https:\/\/www.itesloscabos.edu.mx\/wp-content\/uploads\/2023\/08\/08072023maquinas-y-equipos-.pdf\">CONVOCATORIA PARA LA ASIGNATURA DE M\u00c1QUINAS Y EQUIPOS T\u00c9RMICOS II<\/a><\/td><td class=\"column-2\">8 de agosto 2023<\/td>\n<\/tr>\n<tr class=\"row-14\">\n\t<td class=\"column-1\"><a href=\"https:\/\/www.itesloscabos.edu.mx\/wp-content\/uploads\/2023\/08\/08072023sistemas-electricos-.pdf\">CONVOCATORIA PARA LA ASIGNATURA DE SISTEMAS EL\u00c9CTRICOS DE POTENCIA<\/a><\/td><td class=\"column-2\">8 de agosto 2023<\/td>\n<\/tr>\n<tr class=\"row-15\">\n\t<td class=\"column-1\"><a href=\"https:\/\/www.itesloscabos.edu.mx\/wp-content\/uploads\/2023\/08\/MERCADOTECNIA.pdf\" rel=\"noopener\" target=\"_blank\">CONVOCATORIA PARA LA ASIGNATURA DE MERCADOTECNIA<\/a><\/td><td class=\"column-2\">7 de agosto de 2023<\/td>\n<\/tr>\n<tr class=\"row-16\">\n\t<td class=\"column-1\"><a href=\"https:\/\/www.itesloscabos.edu.mx\/wp-content\/uploads\/2023\/08\/SEMINARIO-DE-CONTADURIA.pdf\" rel=\"noopener\" target=\"_blank\">CONVOCATORIA PARA LA ASIGNATURA SEMINARIO DE  CONTADUR\u00cdA<\/a><\/td><td class=\"column-2\">7 de agosto de 2023<\/td>\n<\/tr>\n<tr class=\"row-17\">\n\t<td class=\"column-1\"><a href=\"https:\/\/www.itesloscabos.edu.mx\/wp-content\/uploads\/2023\/08\/CONTABILIDAD-AVANZADA.pdf\" rel=\"noopener\" target=\"_blank\">CONVOCATORIA PARA LA ASIGNATURA DE CONTABILIDAD AVANZADA<\/a><\/td><td class=\"column-2\">7 de agosto de 2023<\/td>\n<\/tr>\n<tr class=\"row-18\">\n\t<td class=\"column-1\"><a href=\"https:\/\/www.itesloscabos.edu.mx\/wp-content\/uploads\/2023\/08\/TALLER-DE-INFORMATICA-I.pdf\" rel=\"noopener\" target=\"_blank\">CONVOCATORIA PARA LA ASIGNATURA TALLER DE INFORM\u00c1TICA I<\/a><\/td><td class=\"column-2\">7 de agosto de 2023<\/td>\n<\/tr>\n<tr class=\"row-19\">\n\t<td class=\"column-1\"><a href=\"https:\/\/www.itesloscabos.edu.mx\/wp-content\/uploads\/2023\/08\/08042023desarrollo-sustentab.pdf\" rel=\"noopener\" target=\"_blank\">CONVOCATORIA PARA LA ASIGNATURA DESARROLLO SUSTENTABLE<\/a><\/td><td class=\"column-2\">7 de agosto de 2023<\/td>\n<\/tr>\n<tr class=\"row-20\">\n\t<td class=\"column-1\"><a href=\"https:\/\/www.itesloscabos.edu.mx\/wp-content\/uploads\/2023\/08\/08042023matematicas-gastro.pdf\" rel=\"noopener\" target=\"_blank\">CONVOCATORIA PARA LA ASIGNATURA DE MATEM\u00c1TICAS PARA GASTRONOM\u00cdA <\/a><\/td><td class=\"column-2\">7 de agosto de 2023<\/td>\n<\/tr>\n<tr class=\"row-21\">\n\t<td class=\"column-1\"><a href=\"https:\/\/www.itesloscabos.edu.mx\/wp-content\/uploads\/2023\/08\/ELABORACION.pdf\" rel=\"noopener\" target=\"_blank\">CONVOCATORIA PARA LA ASIGNATURA DE ELABORACI\u00d3N Y EVALUACI\u00d3N  DE PROYECTOS DE INVERSI\u00d3N<\/a><\/td><td class=\"column-2\">7 de agosto de 2023<\/td>\n<\/tr>\n<tr class=\"row-22\">\n\t<td class=\"column-1\"><a href=\"https:\/\/www.itesloscabos.edu.mx\/wp-content\/uploads\/2023\/08\/08042023probabilidad-estadis.pdf\" rel=\"noopener\" target=\"_blank\">CONVOCATORIA PARA LA ASIGNATURA DE PROBABILIDAD Y ESTAD\u00cdSTICA <\/a><\/td><td class=\"column-2\">7 de agosto de 2023<\/td>\n<\/tr>\n<tr class=\"row-23\">\n\t<td class=\"column-1\"><a href=\"https:\/\/www.itesloscabos.edu.mx\/wp-content\/uploads\/2023\/08\/CARY.pdf\" rel=\"noopener\" target=\"_blank\">CONVOCATORIAS DIVERSAS PARA DOCENTES<\/a><\/td><td class=\"column-2\">6 de agosto de 2023<\/td>\n<\/tr>\n<tr class=\"row-24\">\n\t<td class=\"column-1\"><a href=\"https:\/\/www.itesloscabos.edu.mx\/wp-content\/uploads\/2023\/05\/Bases-del-premio-2023.pdf\">CONVOCATORIA A PARTICIPAR EN IX PREMIO DE DERECHOS HUMANOS REY DE ESPA\u00d1A<\/a><\/td><td class=\"column-2\">16 de mayo 2023<\/td>\n<\/tr>\n<tr class=\"row-25\">\n\t<td class=\"column-1\"><a href=\"https:\/\/www.itesloscabos.edu.mx\/wp-content\/uploads\/2023\/05\/Convocatoria-Diplomado-Cadena-de-Valor-del-Litio.pdf\">CONVOCATORIA DIPLOMADO CADENA DE VALOR DE LITIO<\/a><\/td><td class=\"column-2\">8 de mayo 2023<\/td>\n<\/tr>\n<tr class=\"row-26\">\n\t<td class=\"column-1\"><a href=\"https:\/\/www.itesloscabos.edu.mx\/wp-content\/uploads\/2023\/05\/convocatoria_semiconductores.pdf\">CONVOCATORIA AL DIPLOMADO EN SEMICONDUCTORES<\/a><\/td><td class=\"column-2\">8 de mayo 2023<\/td>\n<\/tr>\n<tr class=\"row-27\">\n\t<td class=\"column-1\"><a href=\"https:\/\/www.itesloscabos.edu.mx\/wp-content\/uploads\/2023\/04\/Convocatoria-Asignatura-B-feb-jun-2023.pdf\">CONVOCATORIA PROMOCI\u00d3N DE CATEGOR\u00cdA PROFESOR(A) DE ASIGNATURA \u00abB\u00bb<\/a><\/td><td class=\"column-2\">19 de Abril 2023<\/td>\n<\/tr>\n<tr class=\"row-28\">\n\t<td class=\"column-1\"><a href=\"https:\/\/www.itesloscabos.edu.mx\/wp-content\/uploads\/2023\/04\/Convocatoria-Asociado-B-ago-dic-2023-.pdf\">CONVOCATORIA DE CARRERA DE ENSE\u00d1ANZA SUPERIOR ASOCIADO(A) \u00abA\u00bb AL CONCURSO PROMOCI\u00d3N DE CATEGOR\u00cdA PROFESOR(A) DE CARRERA DE ENSE\u00d1ANZA SUPERIOR ASOCIADO(A) \u00abB\u00bb<\/a><\/td><td class=\"column-2\">19 de Abril 2023<\/td>\n<\/tr>\n<tr class=\"row-29\">\n\t<td class=\"column-1\"><a href=\"https:\/\/www.itesloscabos.edu.mx\/wp-content\/uploads\/2023\/04\/Convocatoria-Asociado-A-ago-dic-2023.pdf\">CONVOCATORIA PROFESOR DE ASIGNATURA \u00abB\u00bb PROMOCI\u00d3N DE CATEGOR\u00cdA PROFESOR(A) DE CARRERA DE ENSE\u00d1ANZA SUPERIOR ASOCIADO(A) \u00abA\u00bb<\/a><\/td><td class=\"column-2\">19 de Abril 2023<\/td>\n<\/tr>\n<tr class=\"row-30\">\n\t<td class=\"column-1\"><a href=\"https:\/\/www.itesloscabos.edu.mx\/wp-content\/uploads\/2023\/04\/CONVOCATORIAITES.pdf\">CONVOCATORIA CERTAMEN DE PROYECTOS INNOVATECNM 2023 ETAPA LOCAL<\/a><\/td><td class=\"column-2\">14 Abril 2023<\/td>\n<\/tr>\n<tr class=\"row-31\">\n\t<td class=\"column-1\"><a href=\"https:\/\/www.itesloscabos.edu.mx\/wp-content\/uploads\/2023\/03\/Convocatoria-del-Concurso-Pleno-Ninas-y-Ninos-2023.pdf\">CONVOCATORIA DEL CONCURSO PLENO NI\u00d1AS Y NI\u00d1OS 2023<\/a><\/td><td class=\"column-2\">30 de marzo de 2023<\/td>\n<\/tr>\n<tr class=\"row-32\">\n\t<td class=\"column-1\"><a href=\"https:\/\/www.itesloscabos.edu.mx\/wp-content\/uploads\/2023\/03\/CONVOCATORIAITES7051.pdf\">CONVOCATORIA CUMBRE NACIONAL DE DESARROLLO TECNOL\u00d3GICO, INVESTIGACI\u00d3N E INNOVACI\u00d3N<\/a><\/td><td class=\"column-2\">30 de marzo de 2023<\/td>\n<\/tr>\n<tr class=\"row-33\">\n\t<td class=\"column-1\"><a href=\"https:\/\/www.itesloscabos.edu.mx\/inicio\/convocatoria-programa-de-estimulos-al-desempeno-docente\/\">CONVOCATORIA PROGRAMA DE EST\u00cdMULOS AL DESEMPE\u00d1O DOCENTE 2023<\/a><\/td><td class=\"column-2\">8 de marzo 2023<\/td>\n<\/tr>\n<tr class=\"row-34\">\n\t<td class=\"column-1\"><a href=\"https:\/\/www.itesloscabos.edu.mx\/wp-content\/uploads\/2023\/01\/Covocatoria-apoyo-economico-para-estudios-de-posgrado-1801023.jpeg\">CONVOCATORIA APOYO ECON\u00d3MICO PARA ESTUDIOS DE POSGRADO<\/a><\/td><td class=\"column-2\">18 Enero 2023<\/td>\n<\/tr>\n<tr class=\"row-35\">\n\t<td class=\"column-1\"><a href=\"https:\/\/www.itesloscabos.edu.mx\/inicio\/convocatoria-para-el-puesto-de-docente-para-asignatura-finanzas-corporativas\/\" rel=\"noopener\" target=\"_blank\">CONVOCATORIA PARA EL PUESTO DE DOCENTE PARA ASIGNATURA \u00abFINANZAS CORPORATIVAS\u00bb<\/a><\/td><td class=\"column-2\">11 Enero 2023<\/td>\n<\/tr>\n<tr class=\"row-36\">\n\t<td class=\"column-1\"><a href=\"https:\/\/www.itesloscabos.edu.mx\/inicio\/convocatoria-para-el-puesto-de-docente-para-asignatura-impuestos-personas-fisicas\/\">CONVOCATORIA PARA EL PUESTO DE DOCENTE PARA ASIGNATURA \u00abIMPUESTOS PERSONAS F\u00cdSICAS\u00bb<\/a><\/td><td class=\"column-2\">11 Enero 2023<\/td>\n<\/tr>\n<tr class=\"row-37\">\n\t<td class=\"column-1\"><a href=\"https:\/\/www.itesloscabos.edu.mx\/inicio\/convocatoria-para-el-puesto-de-docente-para-asignatura-marco-legal-del-turismo\/\">CONVOCATORIA PARA EL PUESTO DE DOCENTE PARA ASIGNATURA \u00abMARCO LEGAL DEL TURISMO\u00bb<\/a><\/td><td class=\"column-2\">11 Enero 2023<\/td>\n<\/tr>\n<tr class=\"row-38\">\n\t<td class=\"column-1\"><a href=\"https:\/\/www.itesloscabos.edu.mx\/inicio\/convocatoria-para-el-puesto-de-docente-para-asignatura-otros-impuestos\/\">CONVOCATORIA PARA EL PUESTO DE DOCENTE PARA ASIGNATURA \u00abOTROS IMPUESTOS\u00bb<\/a><\/td><td class=\"column-2\">11 Enero 2023<\/td>\n<\/tr>\n<tr class=\"row-39\">\n\t<td class=\"column-1\"><a href=\"https:\/\/www.itesloscabos.edu.mx\/inicio\/convocatoria-beca-de-excelencia-academica-ites-2023\/\">CONVOCATORIA \u00abBECA DE EXCELENCIA ACAD\u00c9MICA ITES 2023\u00bb<\/a><\/td><td class=\"column-2\">4 Enero 2023<\/td>\n<\/tr>\n<tr class=\"row-40\">\n\t<td class=\"column-1\"><a href=\"https:\/\/www.itesloscabos.edu.mx\/inicio\/convocatoria-beca-al-merito-deportivo-civico-y-cultural-2023\/\">CONVOCATORIA \u00abBECA AL M\u00c9RITO DEPORTIVO C\u00cdVICO Y CULTURAL 2023\u00bb<\/a><\/td><td class=\"column-2\">4 Enero 2023<\/td>\n<\/tr>\n<tr class=\"row-41\">\n\t<td class=\"column-1\"><a href=\"https:\/\/ciproba.com.mx\/wp-content\/uploads\/2022\/03\/XIV-Concurso-Nacional-Literario.pdf\">Convocatoria XIV Concurso Nacional Literario<\/a><\/td><td class=\"column-2\">28 Febrero 2022<\/td>\n<\/tr>\n<tr class=\"row-42\">\n\t<td class=\"column-1\"><a href=\"https:\/\/ciproba.com.mx\/wp-content\/uploads\/2022\/03\/CONVOCATORIA-VIRTUALIZACION.pdf\">Convocatoria Virtualizaci\u00f3n<\/a><\/td><td class=\"column-2\">28 Febrero 2022<\/td>\n<\/tr>\n<tr class=\"row-43\">\n\t<td class=\"column-1\"><a href=\"https:\/\/ciproba.com.mx\/wp-content\/uploads\/2022\/03\/Convocatoria-Revista-INNOVAITESCYT-2022.pdf\">Convocatoria Revista INNOVAITESCYT 2022<\/a><\/td><td class=\"column-2\">28 Febrero 2022<\/td>\n<\/tr>\n<tr class=\"row-44\">\n\t<td class=\"column-1\"><a href=\"https:\/\/ciproba.com.mx\/wp-content\/uploads\/2022\/03\/CONVOCATORIA-TALLER-DE-INVESTIGACION-II.pdf\">Convocatoria Taller de Investigaci\u00f3n II<\/a><\/td><td class=\"column-2\">3 de marzo 2022<\/td>\n<\/tr>\n<\/tbody>\n<\/table>\n<!-- #tablepress-3 from cache -->\n\n","protected":false},"excerpt":{"rendered":"<p>CONVOCATORIAS<\/p>\n","protected":false},"author":1,"featured_media":0,"parent":0,"menu_order":0,"comment_status":"closed","ping_status":"closed","template":"","meta":{"om_disable_all_campaigns":false,"_monsterinsights_skip_tracking":false,"_monsterinsights_sitenote_active":false,"_monsterinsights_sitenote_note":"","_monsterinsights_sitenote_category":0,"_uf_show_specific_survey":0,"_uf_disable_surveys":false,"site-sidebar-layout":"no-sidebar","site-content-layout":"page-builder","ast-main-header-display":"","ast-hfb-above-header-display":"","ast-hfb-below-header-display":"","ast-hfb-mobile-header-display":"","site-post-title":"disabled","ast-breadcrumbs-content":"","ast-featured-img":"disabled","footer-sml-layout":"","theme-transparent-header-meta":"enabled","adv-header-id-meta":"","stick-header-meta":"","header-above-stick-meta":"","header-main-stick-meta":"","header-below-stick-meta":"","footnotes":""},"class_list":["post-752","page","type-page","status-publish","hentry"],"aioseo_notices":[],"yoast_head":"<!-- This site is optimized with the Yoast SEO plugin v27.2 - https:\/\/yoast.com\/product\/yoast-seo-wordpress\/ -->\n<title>Convocatorias - ITES<\/title>\n<meta name=\"robots\" content=\"index, follow, max-snippet:-1, max-image-preview:large, max-video-preview:-1\" \/>\n<link rel=\"canonical\" href=\"https:\/\/www.itesloscabos.edu.mx\/inicio\/about-copy-12\/\" \/>\n<meta property=\"og:locale\" content=\"es_ES\" \/>\n<meta property=\"og:type\" content=\"article\" \/>\n<meta property=\"og:title\" content=\"Convocatorias - ITES\" \/>\n<meta property=\"og:description\" content=\"CONVOCATORIAS\" \/>\n<meta property=\"og:url\" content=\"https:\/\/www.itesloscabos.edu.mx\/inicio\/about-copy-12\/\" \/>\n<meta property=\"og:site_name\" content=\"ITES\" \/>\n<meta property=\"article:modified_time\" content=\"2024-08-05T21:53:34+00:00\" \/>\n<meta name=\"twitter:card\" content=\"summary_large_image\" \/>\n<script type=\"application\/ld+json\" class=\"yoast-schema-graph\">{\"@context\":\"https:\/\/schema.org\",\"@graph\":[{\"@type\":\"WebPage\",\"@id\":\"https:\/\/www.itesloscabos.edu.mx\/inicio\/about-copy-12\/\",\"url\":\"https:\/\/www.itesloscabos.edu.mx\/inicio\/about-copy-12\/\",\"name\":\"Convocatorias - ITES\",\"isPartOf\":{\"@id\":\"https:\/\/www.itesloscabos.edu.mx\/inicio\/#website\"},\"datePublished\":\"2022-03-15T08:16:06+00:00\",\"dateModified\":\"2024-08-05T21:53:34+00:00\",\"breadcrumb\":{\"@id\":\"https:\/\/www.itesloscabos.edu.mx\/inicio\/about-copy-12\/#breadcrumb\"},\"inLanguage\":\"es\",\"potentialAction\":[{\"@type\":\"ReadAction\",\"target\":[\"https:\/\/www.itesloscabos.edu.mx\/inicio\/about-copy-12\/\"]}]},{\"@type\":\"BreadcrumbList\",\"@id\":\"https:\/\/www.itesloscabos.edu.mx\/inicio\/about-copy-12\/#breadcrumb\",\"itemListElement\":[{\"@type\":\"ListItem\",\"position\":1,\"name\":\"Portada\",\"item\":\"https:\/\/www.itesloscabos.edu.mx\/inicio\/\"},{\"@type\":\"ListItem\",\"position\":2,\"name\":\"Convocatorias\"}]},{\"@type\":\"WebSite\",\"@id\":\"https:\/\/www.itesloscabos.edu.mx\/inicio\/#website\",\"url\":\"https:\/\/www.itesloscabos.edu.mx\/inicio\/\",\"name\":\"ITES\",\"description\":\"Los Cabos\",\"potentialAction\":[{\"@type\":\"SearchAction\",\"target\":{\"@type\":\"EntryPoint\",\"urlTemplate\":\"https:\/\/www.itesloscabos.edu.mx\/inicio\/?s={search_term_string}\"},\"query-input\":{\"@type\":\"PropertyValueSpecification\",\"valueRequired\":true,\"valueName\":\"search_term_string\"}}],\"inLanguage\":\"es\"}]}<\/script>\n<!-- \/ Yoast SEO plugin. -->","yoast_head_json":{"title":"Convocatorias - ITES","robots":{"index":"index","follow":"follow","max-snippet":"max-snippet:-1","max-image-preview":"max-image-preview:large","max-video-preview":"max-video-preview:-1"},"canonical":"https:\/\/www.itesloscabos.edu.mx\/inicio\/about-copy-12\/","og_locale":"es_ES","og_type":"article","og_title":"Convocatorias - ITES","og_description":"CONVOCATORIAS","og_url":"https:\/\/www.itesloscabos.edu.mx\/inicio\/about-copy-12\/","og_site_name":"ITES","article_modified_time":"2024-08-05T21:53:34+00:00","twitter_card":"summary_large_image","schema":{"@context":"https:\/\/schema.org","@graph":[{"@type":"WebPage","@id":"https:\/\/www.itesloscabos.edu.mx\/inicio\/about-copy-12\/","url":"https:\/\/www.itesloscabos.edu.mx\/inicio\/about-copy-12\/","name":"Convocatorias - ITES","isPartOf":{"@id":"https:\/\/www.itesloscabos.edu.mx\/inicio\/#website"},"datePublished":"2022-03-15T08:16:06+00:00","dateModified":"2024-08-05T21:53:34+00:00","breadcrumb":{"@id":"https:\/\/www.itesloscabos.edu.mx\/inicio\/about-copy-12\/#breadcrumb"},"inLanguage":"es","potentialAction":[{"@type":"ReadAction","target":["https:\/\/www.itesloscabos.edu.mx\/inicio\/about-copy-12\/"]}]},{"@type":"BreadcrumbList","@id":"https:\/\/www.itesloscabos.edu.mx\/inicio\/about-copy-12\/#breadcrumb","itemListElement":[{"@type":"ListItem","position":1,"name":"Portada","item":"https:\/\/www.itesloscabos.edu.mx\/inicio\/"},{"@type":"ListItem","position":2,"name":"Convocatorias"}]},{"@type":"WebSite","@id":"https:\/\/www.itesloscabos.edu.mx\/inicio\/#website","url":"https:\/\/www.itesloscabos.edu.mx\/inicio\/","name":"ITES","description":"Los Cabos","potentialAction":[{"@type":"SearchAction","target":{"@type":"EntryPoint","urlTemplate":"https:\/\/www.itesloscabos.edu.mx\/inicio\/?s={search_term_string}"},"query-input":{"@type":"PropertyValueSpecification","valueRequired":true,"valueName":"search_term_string"}}],"inLanguage":"es"}]}},"blog_post_layout_featured_media_urls":{"thumbnail":"","full":""},"categories_names":null,"comments_number":"0","_links":{"self":[{"href":"https:\/\/www.itesloscabos.edu.mx\/inicio\/wp-json\/wp\/v2\/pages\/752","targetHints":{"allow":["GET"]}}],"collection":[{"href":"https:\/\/www.itesloscabos.edu.mx\/inicio\/wp-json\/wp\/v2\/pages"}],"about":[{"href":"https:\/\/www.itesloscabos.edu.mx\/inicio\/wp-json\/wp\/v2\/types\/page"}],"author":[{"embeddable":true,"href":"https:\/\/www.itesloscabos.edu.mx\/inicio\/wp-json\/wp\/v2\/users\/1"}],"replies":[{"embeddable":true,"href":"https:\/\/www.itesloscabos.edu.mx\/inicio\/wp-json\/wp\/v2\/comments?post=752"}],"version-history":[{"count":13,"href":"https:\/\/www.itesloscabos.edu.mx\/inicio\/wp-json\/wp\/v2\/pages\/752\/revisions"}],"predecessor-version":[{"id":5080,"href":"https:\/\/www.itesloscabos.edu.mx\/inicio\/wp-json\/wp\/v2\/pages\/752\/revisions\/5080"}],"wp:attachment":[{"href":"https:\/\/www.itesloscabos.edu.mx\/inicio\/wp-json\/wp\/v2\/media?parent=752"}],"curies":[{"name":"wp","href":"https:\/\/api.w.org\/{rel}","templated":true}]}}