{"id":676,"date":"2022-03-15T04:41:35","date_gmt":"2022-03-15T04:41:35","guid":{"rendered":"https:\/\/ciproba.com.mx\/?page_id=676"},"modified":"2024-02-27T12:07:45","modified_gmt":"2024-02-27T18:07:45","slug":"services-copy","status":"publish","type":"page","link":"https:\/\/www.itesloscabos.edu.mx\/inicio\/services-copy\/","title":{"rendered":"Ing. Administraci\u00f3n"},"content":{"rendered":"\n<h2>\n\t\tMODALIDAD MIXTA Y PRESENCIAL\n\t<\/h2>\n\t\t\t\t<img loading=\"lazy\" decoding=\"async\" src=\"https:\/\/www.itesloscabos.edu.mx\/wp-content\/uploads\/2024\/02\/info-admon.png\" alt=\"info admon\" itemprop=\"image\" height=\"2452\" width=\"3264\" title=\"info admon\" onerror=\"this.style.display='none'\"  \/>\n<p><strong>INGENIER\u00cdA EN ADMINISTRACI\u00d3N<\/strong><\/p>\n<p>MODELO EDUCATIVO DISPONIBLE PARA CONSULTA<\/p>\n<p>OBJETIVO GENERAL<\/p>\n<p>Formar profesionales competentes que apliquen la ciencia y la tecnolog\u00eda en la generaci\u00f3n, innovaci\u00f3n y direcci\u00f3n de empresas, para resolver los desaf\u00edos de un entorno globalizado, con una visi\u00f3n emprendedora, \u00e9tica, humana y de responsabilidad social.<\/p>\n<p>PERFIL DE INGRESO<\/p>\n<ul>\n<li>\n<p>Capacidad de observaci\u00f3n y an\u00e1lisis del entorno que lo rodea.<\/p>\n<\/li>\n<li>\n<p>Capacidad de adaptaci\u00f3n al contexto en el que se desenvuelve.<\/p>\n<\/li>\n<li>\n<p>Se expresa de forma correcta de manera verbal y escrita.<\/p>\n<\/li>\n<li>\n<p>Muestra una fuerte inclinaci\u00f3n hacia la toma de decisiones.<\/p>\n<\/li>\n<li>\n<p>Mantiene control sobre sus emociones y logra automotivarse en distintas situaciones.<\/p>\n<\/li>\n<li>\n<p>Tiene un alto sentido de responsabilidad.<\/p>\n<\/li>\n<li>\n<p>Es capaz de relacionarse con diferentes personas en distintos \u00e1mbitos.<\/p>\n<\/li>\n<li>\n<p>Muestra inter\u00e9s por las \u00e1reas econ\u00f3mico-administrativas.<\/p>\n<\/li>\n<li>\n<p>Es creativo e innovador.<\/p>\n<\/li>\n<li>\n<p>Cuenta con habilidades de pensamiento l\u00f3gico matem\u00e1tico.<\/p>\n<\/li>\n<li>\n<p>Cuenta con habilidades de investigaci\u00f3n.<\/p>\n<\/li>\n<li>\n<p>Hace uso de las tecnolog\u00edas de la informaci\u00f3n.<\/p>\n<\/li>\n<li>\n<p>Actitud positiva ante el enfoque sustentable.<\/p>\n<\/li>\n<\/ul>\n<p>PERFIL DE EGRESO<\/p>\n<ol>\n<li>\n<p>Genera, desarrolla e innova empresas competitivas para la transformaci\u00f3n econ\u00f3mica y social, identificando las oportunidades de negocios en contextos locales, regionales, nacionales e internacionales.<\/p>\n<\/li>\n<li>\n<p>Toma decisiones en las operaciones econ\u00f3micas, administrativas y financieras que se generan dentro de las empresas, con el objeto de minimizar riesgos, en un marco de derecho nacional e internacional.<\/p>\n<\/li>\n<li>\n<p>Utiliza metodolog\u00edas, t\u00e9cnicas y herramientas para la resoluci\u00f3n de problemas en la empresa.<\/p>\n<\/li>\n<li>\n<p>Propone soluciones creativas para generar ventajas competitivas en la empresa.<\/p>\n<\/li>\n<li>\n<p>Act\u00faa de forma \u00e9tica como agente de cambio en las empresas, para responder a las necesidades del entorno con un esp\u00edritu de responsabilidad social.<\/p>\n<\/li>\n<li>\n<p>Utiliza eficientemente las tecnolog\u00edas de la informaci\u00f3n y comunicaci\u00f3n para optimizar los procesos y recursos en su pr\u00e1ctica profesional.<\/p>\n<\/li>\n<li>\n<p>Planea, organiza, integra y dirige equipos de trabajo para favorecer el crecimiento de la empresa.<\/p>\n<\/li>\n<li>\n<p>Aplica habilidades directivas para el logro de los objetivos organizacionales en diferentes contextos.<\/p>\n<\/li>\n<li>\n<p>Promueve sistemas de calidad para el proceso de mejora continua en las empresas.<\/p>\n<\/li>\n<li>\n<p>Aplica el marco legal vigente, acorde a las necesidades situacionales de la empresa para darle certeza jur\u00eddica.<\/p>\n<\/li>\n<li>\n<p>Desarrolla e implementa modelos y planes de negocios para generar riqueza.<\/p>\n<\/li>\n<li>\n<p>Dise\u00f1a e implementa estrategias para optimizar los procesos en la generaci\u00f3n de negocios.<\/p>\n<\/li>\n<li>\n<p>Presta servicios de consultor\u00eda en su \u00e1mbito profesional para alcanzar los objetivos de la empresa.<\/p>\n<\/li>\n<li>\n<p>Investiga las megatendencias que impactan a la empresa y a su entorno para tomar medidas proactivas en los programas de desarrollo sustentable.<\/p>\n<\/li>\n<li>\n<p>Dise\u00f1a, implementa y eval\u00faa los sistemas y modelos administrativos, para la optimizaci\u00f3n de los recursos que intervienen en la empresa, con un enfoque de calidad y competitividad.<\/p>\n<\/li>\n<\/ol>\n<p>16. Promueve el potencial del capital humano para incrementar la productividad de la empresa.<\/p>\n<p>CAMPO LABORAL<\/p>\n<p>Podr\u00e1 desempe\u00f1arte como gestor de su propia empresa en los distintos giros y sectores, como ejecutivo de empresas p\u00fablicas o privadas en materia de recursos financieros, humanos y de producci\u00f3n centrados en los enfoques de calidad, o bien como consultor y asesor empresarial en materia de elaboraci\u00f3n de planes de desarrollo y proyectos de inversi\u00f3n aplicables a las \u00e1reas funcionales de operaci\u00f3n, finanzas, administraci\u00f3n del personal y mercadotecnia.<\/p>\n\t\t\t\t<a href=\"https:\/\/www.itesloscabos.edu.mx\/wp-content\/uploads\/2024\/01\/RETICULA-ING-EN-ADMINISTRACION_Jun2023.pdf\" target=\"_self\" itemprop=\"url\" rel=\"noopener\">\n\t\t\t\t<img loading=\"lazy\" decoding=\"async\" src=\"https:\/\/www.itesloscabos.edu.mx\/wp-content\/uploads\/2024\/02\/reti-admon.png\" alt=\"reti admon\" itemprop=\"image\" height=\"2452\" width=\"3264\" title=\"reti admon\" onerror=\"this.style.display='none'\"  \/>\n\t\t\t\t<\/a>\n\n","protected":false},"excerpt":{"rendered":"<p>MODALIDAD MIXTA Y PRESENCIAL INGENIER\u00cdA EN ADMINISTRACI\u00d3N MODELO EDUCATIVO DISPONIBLE PARA CONSULTA OBJETIVO GENERAL Formar profesionales competentes que apliquen la ciencia y la tecnolog\u00eda en la generaci\u00f3n, innovaci\u00f3n y direcci\u00f3n de empresas, para resolver los desaf\u00edos de un entorno globalizado, con una visi\u00f3n emprendedora, \u00e9tica, humana y de responsabilidad social. PERFIL DE INGRESO Capacidad de &hellip;<\/p>\n<p class=\"read-more\"> <a class=\"\" href=\"https:\/\/www.itesloscabos.edu.mx\/inicio\/services-copy\/\"> <span class=\"screen-reader-text\">Ing. Administraci\u00f3n<\/span> Leer m\u00e1s &raquo;<\/a><\/p>\n","protected":false},"author":1,"featured_media":0,"parent":0,"menu_order":0,"comment_status":"closed","ping_status":"closed","template":"","meta":{"om_disable_all_campaigns":false,"_monsterinsights_skip_tracking":false,"_monsterinsights_sitenote_active":false,"_monsterinsights_sitenote_note":"","_monsterinsights_sitenote_category":0,"_uf_show_specific_survey":0,"_uf_disable_surveys":false,"site-sidebar-layout":"no-sidebar","site-content-layout":"page-builder","ast-main-header-display":"","ast-hfb-above-header-display":"","ast-hfb-below-header-display":"","ast-hfb-mobile-header-display":"","site-post-title":"disabled","ast-breadcrumbs-content":"","ast-featured-img":"disabled","footer-sml-layout":"","theme-transparent-header-meta":"enabled","adv-header-id-meta":"","stick-header-meta":"","header-above-stick-meta":"","header-main-stick-meta":"","header-below-stick-meta":"","footnotes":""},"class_list":["post-676","page","type-page","status-publish","hentry"],"aioseo_notices":[],"yoast_head":"<!-- This site is optimized with the Yoast SEO plugin v27.2 - https:\/\/yoast.com\/product\/yoast-seo-wordpress\/ -->\n<title>Ing. Administraci\u00f3n - ITES<\/title>\n<meta name=\"robots\" content=\"index, follow, max-snippet:-1, max-image-preview:large, max-video-preview:-1\" \/>\n<link rel=\"canonical\" href=\"https:\/\/www.itesloscabos.edu.mx\/inicio\/services-copy\/\" \/>\n<meta property=\"og:locale\" content=\"es_ES\" \/>\n<meta property=\"og:type\" content=\"article\" \/>\n<meta property=\"og:title\" content=\"Ing. Administraci\u00f3n - ITES\" \/>\n<meta property=\"og:description\" content=\"MODALIDAD MIXTA Y PRESENCIAL INGENIER\u00cdA EN ADMINISTRACI\u00d3N MODELO EDUCATIVO DISPONIBLE PARA CONSULTA OBJETIVO GENERAL Formar profesionales competentes que apliquen la ciencia y la tecnolog\u00eda en la generaci\u00f3n, innovaci\u00f3n y direcci\u00f3n de empresas, para resolver los desaf\u00edos de un entorno globalizado, con una visi\u00f3n emprendedora, \u00e9tica, humana y de responsabilidad social. PERFIL DE INGRESO Capacidad de &hellip; Ing. Administraci\u00f3n Leer m\u00e1s &raquo;\" \/>\n<meta property=\"og:url\" content=\"https:\/\/www.itesloscabos.edu.mx\/inicio\/services-copy\/\" \/>\n<meta property=\"og:site_name\" content=\"ITES\" \/>\n<meta property=\"article:modified_time\" content=\"2024-02-27T18:07:45+00:00\" \/>\n<meta property=\"og:image\" content=\"https:\/\/www.itesloscabos.edu.mx\/wp-content\/uploads\/2024\/02\/info-admon.png\" \/>\n<meta name=\"twitter:card\" content=\"summary_large_image\" \/>\n<meta name=\"twitter:label1\" content=\"Tiempo de lectura\" \/>\n\t<meta name=\"twitter:data1\" content=\"3 minutos\" \/>\n<script type=\"application\/ld+json\" class=\"yoast-schema-graph\">{\"@context\":\"https:\/\/schema.org\",\"@graph\":[{\"@type\":\"WebPage\",\"@id\":\"https:\/\/www.itesloscabos.edu.mx\/inicio\/services-copy\/\",\"url\":\"https:\/\/www.itesloscabos.edu.mx\/inicio\/services-copy\/\",\"name\":\"Ing. Administraci\u00f3n - ITES\",\"isPartOf\":{\"@id\":\"https:\/\/www.itesloscabos.edu.mx\/inicio\/#website\"},\"primaryImageOfPage\":{\"@id\":\"https:\/\/www.itesloscabos.edu.mx\/inicio\/services-copy\/#primaryimage\"},\"image\":{\"@id\":\"https:\/\/www.itesloscabos.edu.mx\/inicio\/services-copy\/#primaryimage\"},\"thumbnailUrl\":\"https:\/\/www.itesloscabos.edu.mx\/wp-content\/uploads\/2024\/02\/info-admon.png\",\"datePublished\":\"2022-03-15T04:41:35+00:00\",\"dateModified\":\"2024-02-27T18:07:45+00:00\",\"breadcrumb\":{\"@id\":\"https:\/\/www.itesloscabos.edu.mx\/inicio\/services-copy\/#breadcrumb\"},\"inLanguage\":\"es\",\"potentialAction\":[{\"@type\":\"ReadAction\",\"target\":[\"https:\/\/www.itesloscabos.edu.mx\/inicio\/services-copy\/\"]}]},{\"@type\":\"ImageObject\",\"inLanguage\":\"es\",\"@id\":\"https:\/\/www.itesloscabos.edu.mx\/inicio\/services-copy\/#primaryimage\",\"url\":\"https:\/\/www.itesloscabos.edu.mx\/wp-content\/uploads\/2024\/02\/info-admon.png\",\"contentUrl\":\"https:\/\/www.itesloscabos.edu.mx\/wp-content\/uploads\/2024\/02\/info-admon.png\"},{\"@type\":\"BreadcrumbList\",\"@id\":\"https:\/\/www.itesloscabos.edu.mx\/inicio\/services-copy\/#breadcrumb\",\"itemListElement\":[{\"@type\":\"ListItem\",\"position\":1,\"name\":\"Portada\",\"item\":\"https:\/\/www.itesloscabos.edu.mx\/inicio\/\"},{\"@type\":\"ListItem\",\"position\":2,\"name\":\"Ing. Administraci\u00f3n\"}]},{\"@type\":\"WebSite\",\"@id\":\"https:\/\/www.itesloscabos.edu.mx\/inicio\/#website\",\"url\":\"https:\/\/www.itesloscabos.edu.mx\/inicio\/\",\"name\":\"ITES\",\"description\":\"Los Cabos\",\"potentialAction\":[{\"@type\":\"SearchAction\",\"target\":{\"@type\":\"EntryPoint\",\"urlTemplate\":\"https:\/\/www.itesloscabos.edu.mx\/inicio\/?s={search_term_string}\"},\"query-input\":{\"@type\":\"PropertyValueSpecification\",\"valueRequired\":true,\"valueName\":\"search_term_string\"}}],\"inLanguage\":\"es\"}]}<\/script>\n<!-- \/ Yoast SEO plugin. -->","yoast_head_json":{"title":"Ing. Administraci\u00f3n - ITES","robots":{"index":"index","follow":"follow","max-snippet":"max-snippet:-1","max-image-preview":"max-image-preview:large","max-video-preview":"max-video-preview:-1"},"canonical":"https:\/\/www.itesloscabos.edu.mx\/inicio\/services-copy\/","og_locale":"es_ES","og_type":"article","og_title":"Ing. Administraci\u00f3n - ITES","og_description":"MODALIDAD MIXTA Y PRESENCIAL INGENIER\u00cdA EN ADMINISTRACI\u00d3N MODELO EDUCATIVO DISPONIBLE PARA CONSULTA OBJETIVO GENERAL Formar profesionales competentes que apliquen la ciencia y la tecnolog\u00eda en la generaci\u00f3n, innovaci\u00f3n y direcci\u00f3n de empresas, para resolver los desaf\u00edos de un entorno globalizado, con una visi\u00f3n emprendedora, \u00e9tica, humana y de responsabilidad social. PERFIL DE INGRESO Capacidad de &hellip; Ing. Administraci\u00f3n Leer m\u00e1s &raquo;","og_url":"https:\/\/www.itesloscabos.edu.mx\/inicio\/services-copy\/","og_site_name":"ITES","article_modified_time":"2024-02-27T18:07:45+00:00","og_image":[{"url":"https:\/\/www.itesloscabos.edu.mx\/wp-content\/uploads\/2024\/02\/info-admon.png","type":"","width":"","height":""}],"twitter_card":"summary_large_image","twitter_misc":{"Tiempo de lectura":"3 minutos"},"schema":{"@context":"https:\/\/schema.org","@graph":[{"@type":"WebPage","@id":"https:\/\/www.itesloscabos.edu.mx\/inicio\/services-copy\/","url":"https:\/\/www.itesloscabos.edu.mx\/inicio\/services-copy\/","name":"Ing. Administraci\u00f3n - ITES","isPartOf":{"@id":"https:\/\/www.itesloscabos.edu.mx\/inicio\/#website"},"primaryImageOfPage":{"@id":"https:\/\/www.itesloscabos.edu.mx\/inicio\/services-copy\/#primaryimage"},"image":{"@id":"https:\/\/www.itesloscabos.edu.mx\/inicio\/services-copy\/#primaryimage"},"thumbnailUrl":"https:\/\/www.itesloscabos.edu.mx\/wp-content\/uploads\/2024\/02\/info-admon.png","datePublished":"2022-03-15T04:41:35+00:00","dateModified":"2024-02-27T18:07:45+00:00","breadcrumb":{"@id":"https:\/\/www.itesloscabos.edu.mx\/inicio\/services-copy\/#breadcrumb"},"inLanguage":"es","potentialAction":[{"@type":"ReadAction","target":["https:\/\/www.itesloscabos.edu.mx\/inicio\/services-copy\/"]}]},{"@type":"ImageObject","inLanguage":"es","@id":"https:\/\/www.itesloscabos.edu.mx\/inicio\/services-copy\/#primaryimage","url":"https:\/\/www.itesloscabos.edu.mx\/wp-content\/uploads\/2024\/02\/info-admon.png","contentUrl":"https:\/\/www.itesloscabos.edu.mx\/wp-content\/uploads\/2024\/02\/info-admon.png"},{"@type":"BreadcrumbList","@id":"https:\/\/www.itesloscabos.edu.mx\/inicio\/services-copy\/#breadcrumb","itemListElement":[{"@type":"ListItem","position":1,"name":"Portada","item":"https:\/\/www.itesloscabos.edu.mx\/inicio\/"},{"@type":"ListItem","position":2,"name":"Ing. Administraci\u00f3n"}]},{"@type":"WebSite","@id":"https:\/\/www.itesloscabos.edu.mx\/inicio\/#website","url":"https:\/\/www.itesloscabos.edu.mx\/inicio\/","name":"ITES","description":"Los Cabos","potentialAction":[{"@type":"SearchAction","target":{"@type":"EntryPoint","urlTemplate":"https:\/\/www.itesloscabos.edu.mx\/inicio\/?s={search_term_string}"},"query-input":{"@type":"PropertyValueSpecification","valueRequired":true,"valueName":"search_term_string"}}],"inLanguage":"es"}]}},"blog_post_layout_featured_media_urls":{"thumbnail":"","full":""},"categories_names":null,"comments_number":"0","_links":{"self":[{"href":"https:\/\/www.itesloscabos.edu.mx\/inicio\/wp-json\/wp\/v2\/pages\/676","targetHints":{"allow":["GET"]}}],"collection":[{"href":"https:\/\/www.itesloscabos.edu.mx\/inicio\/wp-json\/wp\/v2\/pages"}],"about":[{"href":"https:\/\/www.itesloscabos.edu.mx\/inicio\/wp-json\/wp\/v2\/types\/page"}],"author":[{"embeddable":true,"href":"https:\/\/www.itesloscabos.edu.mx\/inicio\/wp-json\/wp\/v2\/users\/1"}],"replies":[{"embeddable":true,"href":"https:\/\/www.itesloscabos.edu.mx\/inicio\/wp-json\/wp\/v2\/comments?post=676"}],"version-history":[{"count":15,"href":"https:\/\/www.itesloscabos.edu.mx\/inicio\/wp-json\/wp\/v2\/pages\/676\/revisions"}],"predecessor-version":[{"id":4473,"href":"https:\/\/www.itesloscabos.edu.mx\/inicio\/wp-json\/wp\/v2\/pages\/676\/revisions\/4473"}],"wp:attachment":[{"href":"https:\/\/www.itesloscabos.edu.mx\/inicio\/wp-json\/wp\/v2\/media?parent=676"}],"curies":[{"name":"wp","href":"https:\/\/api.w.org\/{rel}","templated":true}]}}