{"id":638,"date":"2022-03-15T02:28:03","date_gmt":"2022-03-15T02:28:03","guid":{"rendered":"https:\/\/ciproba.com.mx\/?page_id=638"},"modified":"2022-03-16T01:11:01","modified_gmt":"2022-03-16T01:11:01","slug":"about-copy-11","status":"publish","type":"page","link":"https:\/\/www.itesloscabos.edu.mx\/inicio\/about-copy-11\/","title":{"rendered":"Servicios Medicos"},"content":{"rendered":"\n\n\t<h1>\n\t\t\t\t\tSERVICIOS M\u00c9DICOS\n\t\t\t\t<\/h1>\n\t<p><strong>ATENCI\u00d3N M\u00c9DICA<\/strong><\/p>\n<p>El \u00e1rea de atenci\u00f3n m\u00e9dica del TecNM Campus Los Cabos tiene como objetivo proporcionar atenci\u00f3n de Primer Nivel, el cual abarca la atenci\u00f3n ambulatoria y se dedican a la atenci\u00f3n, prevenci\u00f3n y promoci\u00f3n de la salud dentro la comunidad del Campus.<\/p>\n<p>\u200b<\/p>\n<p>Objetivos espec\u00edficos:<\/p>\n<p>* Proporcionar Atenci\u00f3n m\u00e9dica eficiente e integral.<\/p>\n<p>* Satisfacer al usuario en el proceso de atenci\u00f3n, generando confianza, conocer las necesidades y corregir lo que no es adecuado.<\/p>\n<p>* Fomentar Trabajo en equipo, que genere un ambiente agradable y de compromiso.<\/p>\n<p>* Integrar los Servicios M\u00e9dicos a la Comunidad Universitaria.<\/p>\n<p>* Contar con una \u00c1rea f\u00edsica agradable y funcional.<\/p>\n<p>* Contar con Personal que tenga\u00a0 alta capacidad resolutiva.<\/p>\n<p>\u200b<\/p>\n<p>\u00a0Servicios:<\/p>\n<p>* Consulta m\u00e9dica<\/p>\n<p>* Toma de presi\u00f3n<\/p>\n<p>* Vendajes<\/p>\n<p>* Curaciones<\/p>\n<p>* Toma de signos vitales<\/p>\n<p>* Aplicaci\u00f3n de medicamentos intramusculares\u00a0 (con receta m\u00e9dica)<\/p>\n<p>Servicio de atenci\u00f3n M\u00e9dica<\/p>\n<p>Dra. Flor de Mar\u00eda Fierro Cota<\/p>\n<p>Horario: 8:00 a 15:00 hrs.<\/p>\n<p>Edificio I<\/p>\n<p>M\u00e9dico Cirujano y Home\u00f3pata Edilia Fuentes Noriega<\/p>\n<p>Horario: 15:00 a 22:00 hrs.<\/p>\n<p>Edificio I<\/p>\n\n","protected":false},"excerpt":{"rendered":"<p>SERVICIOS M\u00c9DICOS ATENCI\u00d3N M\u00c9DICA El \u00e1rea de atenci\u00f3n m\u00e9dica del TecNM Campus Los Cabos tiene como objetivo proporcionar atenci\u00f3n de Primer Nivel, el cual abarca la atenci\u00f3n ambulatoria y se dedican a la atenci\u00f3n, prevenci\u00f3n y promoci\u00f3n de la salud dentro la comunidad del Campus. \u200b Objetivos espec\u00edficos: * Proporcionar Atenci\u00f3n m\u00e9dica eficiente e integral. &hellip;<\/p>\n<p class=\"read-more\"> <a class=\"\" href=\"https:\/\/www.itesloscabos.edu.mx\/inicio\/about-copy-11\/\"> <span class=\"screen-reader-text\">Servicios Medicos<\/span> Leer m\u00e1s &raquo;<\/a><\/p>\n","protected":false},"author":1,"featured_media":0,"parent":0,"menu_order":0,"comment_status":"closed","ping_status":"closed","template":"","meta":{"om_disable_all_campaigns":false,"_monsterinsights_skip_tracking":false,"_monsterinsights_sitenote_active":false,"_monsterinsights_sitenote_note":"","_monsterinsights_sitenote_category":0,"_uf_show_specific_survey":0,"_uf_disable_surveys":false,"site-sidebar-layout":"no-sidebar","site-content-layout":"page-builder","ast-main-header-display":"","ast-hfb-above-header-display":"","ast-hfb-below-header-display":"","ast-hfb-mobile-header-display":"","site-post-title":"disabled","ast-breadcrumbs-content":"","ast-featured-img":"disabled","footer-sml-layout":"","theme-transparent-header-meta":"enabled","adv-header-id-meta":"","stick-header-meta":"","header-above-stick-meta":"","header-main-stick-meta":"","header-below-stick-meta":"","footnotes":""},"class_list":["post-638","page","type-page","status-publish","hentry"],"aioseo_notices":[],"yoast_head":"<!-- This site is optimized with the Yoast SEO plugin v27.2 - https:\/\/yoast.com\/product\/yoast-seo-wordpress\/ -->\n<title>Servicios Medicos - ITES<\/title>\n<meta name=\"robots\" content=\"index, follow, max-snippet:-1, max-image-preview:large, max-video-preview:-1\" \/>\n<link rel=\"canonical\" href=\"https:\/\/www.itesloscabos.edu.mx\/inicio\/about-copy-11\/\" \/>\n<meta property=\"og:locale\" content=\"es_ES\" \/>\n<meta property=\"og:type\" content=\"article\" \/>\n<meta property=\"og:title\" content=\"Servicios Medicos - ITES\" \/>\n<meta property=\"og:description\" content=\"SERVICIOS M\u00c9DICOS ATENCI\u00d3N M\u00c9DICA El \u00e1rea de atenci\u00f3n m\u00e9dica del TecNM Campus Los Cabos tiene como objetivo proporcionar atenci\u00f3n de Primer Nivel, el cual abarca la atenci\u00f3n ambulatoria y se dedican a la atenci\u00f3n, prevenci\u00f3n y promoci\u00f3n de la salud dentro la comunidad del Campus. \u200b Objetivos espec\u00edficos: * Proporcionar Atenci\u00f3n m\u00e9dica eficiente e integral. &hellip; Servicios Medicos Leer m\u00e1s &raquo;\" \/>\n<meta property=\"og:url\" content=\"https:\/\/www.itesloscabos.edu.mx\/inicio\/about-copy-11\/\" \/>\n<meta property=\"og:site_name\" content=\"ITES\" \/>\n<meta property=\"article:modified_time\" content=\"2022-03-16T01:11:01+00:00\" \/>\n<meta name=\"twitter:card\" content=\"summary_large_image\" \/>\n<meta name=\"twitter:label1\" content=\"Tiempo de lectura\" \/>\n\t<meta name=\"twitter:data1\" content=\"1 minuto\" \/>\n<script type=\"application\/ld+json\" class=\"yoast-schema-graph\">{\"@context\":\"https:\/\/schema.org\",\"@graph\":[{\"@type\":\"WebPage\",\"@id\":\"https:\/\/www.itesloscabos.edu.mx\/inicio\/about-copy-11\/\",\"url\":\"https:\/\/www.itesloscabos.edu.mx\/inicio\/about-copy-11\/\",\"name\":\"Servicios Medicos - ITES\",\"isPartOf\":{\"@id\":\"https:\/\/www.itesloscabos.edu.mx\/inicio\/#website\"},\"datePublished\":\"2022-03-15T02:28:03+00:00\",\"dateModified\":\"2022-03-16T01:11:01+00:00\",\"breadcrumb\":{\"@id\":\"https:\/\/www.itesloscabos.edu.mx\/inicio\/about-copy-11\/#breadcrumb\"},\"inLanguage\":\"es\",\"potentialAction\":[{\"@type\":\"ReadAction\",\"target\":[\"https:\/\/www.itesloscabos.edu.mx\/inicio\/about-copy-11\/\"]}]},{\"@type\":\"BreadcrumbList\",\"@id\":\"https:\/\/www.itesloscabos.edu.mx\/inicio\/about-copy-11\/#breadcrumb\",\"itemListElement\":[{\"@type\":\"ListItem\",\"position\":1,\"name\":\"Portada\",\"item\":\"https:\/\/www.itesloscabos.edu.mx\/inicio\/\"},{\"@type\":\"ListItem\",\"position\":2,\"name\":\"Servicios Medicos\"}]},{\"@type\":\"WebSite\",\"@id\":\"https:\/\/www.itesloscabos.edu.mx\/inicio\/#website\",\"url\":\"https:\/\/www.itesloscabos.edu.mx\/inicio\/\",\"name\":\"ITES\",\"description\":\"Los Cabos\",\"potentialAction\":[{\"@type\":\"SearchAction\",\"target\":{\"@type\":\"EntryPoint\",\"urlTemplate\":\"https:\/\/www.itesloscabos.edu.mx\/inicio\/?s={search_term_string}\"},\"query-input\":{\"@type\":\"PropertyValueSpecification\",\"valueRequired\":true,\"valueName\":\"search_term_string\"}}],\"inLanguage\":\"es\"}]}<\/script>\n<!-- \/ Yoast SEO plugin. -->","yoast_head_json":{"title":"Servicios Medicos - ITES","robots":{"index":"index","follow":"follow","max-snippet":"max-snippet:-1","max-image-preview":"max-image-preview:large","max-video-preview":"max-video-preview:-1"},"canonical":"https:\/\/www.itesloscabos.edu.mx\/inicio\/about-copy-11\/","og_locale":"es_ES","og_type":"article","og_title":"Servicios Medicos - ITES","og_description":"SERVICIOS M\u00c9DICOS ATENCI\u00d3N M\u00c9DICA El \u00e1rea de atenci\u00f3n m\u00e9dica del TecNM Campus Los Cabos tiene como objetivo proporcionar atenci\u00f3n de Primer Nivel, el cual abarca la atenci\u00f3n ambulatoria y se dedican a la atenci\u00f3n, prevenci\u00f3n y promoci\u00f3n de la salud dentro la comunidad del Campus. \u200b Objetivos espec\u00edficos: * Proporcionar Atenci\u00f3n m\u00e9dica eficiente e integral. &hellip; Servicios Medicos Leer m\u00e1s &raquo;","og_url":"https:\/\/www.itesloscabos.edu.mx\/inicio\/about-copy-11\/","og_site_name":"ITES","article_modified_time":"2022-03-16T01:11:01+00:00","twitter_card":"summary_large_image","twitter_misc":{"Tiempo de lectura":"1 minuto"},"schema":{"@context":"https:\/\/schema.org","@graph":[{"@type":"WebPage","@id":"https:\/\/www.itesloscabos.edu.mx\/inicio\/about-copy-11\/","url":"https:\/\/www.itesloscabos.edu.mx\/inicio\/about-copy-11\/","name":"Servicios Medicos - ITES","isPartOf":{"@id":"https:\/\/www.itesloscabos.edu.mx\/inicio\/#website"},"datePublished":"2022-03-15T02:28:03+00:00","dateModified":"2022-03-16T01:11:01+00:00","breadcrumb":{"@id":"https:\/\/www.itesloscabos.edu.mx\/inicio\/about-copy-11\/#breadcrumb"},"inLanguage":"es","potentialAction":[{"@type":"ReadAction","target":["https:\/\/www.itesloscabos.edu.mx\/inicio\/about-copy-11\/"]}]},{"@type":"BreadcrumbList","@id":"https:\/\/www.itesloscabos.edu.mx\/inicio\/about-copy-11\/#breadcrumb","itemListElement":[{"@type":"ListItem","position":1,"name":"Portada","item":"https:\/\/www.itesloscabos.edu.mx\/inicio\/"},{"@type":"ListItem","position":2,"name":"Servicios Medicos"}]},{"@type":"WebSite","@id":"https:\/\/www.itesloscabos.edu.mx\/inicio\/#website","url":"https:\/\/www.itesloscabos.edu.mx\/inicio\/","name":"ITES","description":"Los Cabos","potentialAction":[{"@type":"SearchAction","target":{"@type":"EntryPoint","urlTemplate":"https:\/\/www.itesloscabos.edu.mx\/inicio\/?s={search_term_string}"},"query-input":{"@type":"PropertyValueSpecification","valueRequired":true,"valueName":"search_term_string"}}],"inLanguage":"es"}]}},"blog_post_layout_featured_media_urls":{"thumbnail":"","full":""},"categories_names":null,"comments_number":"0","_links":{"self":[{"href":"https:\/\/www.itesloscabos.edu.mx\/inicio\/wp-json\/wp\/v2\/pages\/638","targetHints":{"allow":["GET"]}}],"collection":[{"href":"https:\/\/www.itesloscabos.edu.mx\/inicio\/wp-json\/wp\/v2\/pages"}],"about":[{"href":"https:\/\/www.itesloscabos.edu.mx\/inicio\/wp-json\/wp\/v2\/types\/page"}],"author":[{"embeddable":true,"href":"https:\/\/www.itesloscabos.edu.mx\/inicio\/wp-json\/wp\/v2\/users\/1"}],"replies":[{"embeddable":true,"href":"https:\/\/www.itesloscabos.edu.mx\/inicio\/wp-json\/wp\/v2\/comments?post=638"}],"version-history":[{"count":3,"href":"https:\/\/www.itesloscabos.edu.mx\/inicio\/wp-json\/wp\/v2\/pages\/638\/revisions"}],"predecessor-version":[{"id":828,"href":"https:\/\/www.itesloscabos.edu.mx\/inicio\/wp-json\/wp\/v2\/pages\/638\/revisions\/828"}],"wp:attachment":[{"href":"https:\/\/www.itesloscabos.edu.mx\/inicio\/wp-json\/wp\/v2\/media?parent=638"}],"curies":[{"name":"wp","href":"https:\/\/api.w.org\/{rel}","templated":true}]}}