{"id":619,"date":"2022-03-15T02:05:59","date_gmt":"2022-03-15T02:05:59","guid":{"rendered":"https:\/\/ciproba.com.mx\/?page_id=619"},"modified":"2022-03-15T22:38:22","modified_gmt":"2022-03-15T22:38:22","slug":"about-copy-6","status":"publish","type":"page","link":"https:\/\/www.itesloscabos.edu.mx\/inicio\/about-copy-6\/","title":{"rendered":"Decreto de Creaci\u00f3n"},"content":{"rendered":"\n\n\t<h1>\n\t\t\t\t\tDECRETO DE CREACI\u00d3N\n\t\t\t\t<\/h1>\n\t<p>\u00abLEONEL EFRAIN COTA MONTA\u00d1O, GOBERNADOR CONSTITUCIONAL , DEL ESTADO DE BAJA CALIFORNIA SUR, EN USO Y FACUTADES QUE EN MI CALIDAD EJECUTIVO ESTATAL ME CONFIERE EL ART\u00cdCULO 79 EN SUS FRACCIONES XXIII Y XLII DE LA CONSTITUCI\u00d3N POL\u00cdTICA DEL ESTADO DE BAJA CALIFORNIA SUR, ACOMPA\u00d1ADO DE LOS C.C LIC. VICTOR MANUEL GULUARTE CASTRO, SECRETARIO GENERAL DEL GOBIERNO Y PROFESOR V\u00cdCTOR MANUEL LIZARRAGA PERAZA, SECRETARIO DE EDUCACI\u00d3N PUBLICA DEL ESTADO, CONFORME AL ART\u00cdCULO 81 DEL ORDENAMIENTO LEGAL ANTES MENCIONADO, Y ART\u00cdCULOS 1,2,4,7,8 Y 20 FRACCIONES 1,III,IV,VIII DE LA LEY ORG\u00c1NICA DE LA ADMINISTRACI\u00d3N PUBLICA ESTATAL\u00bb.<\/p>\n\nQue en el plan nacional de desarrollo 1995-2000, sociedad y gobierno contraen la responsabilidad hist\u00f3rica de cimentar las bases educativas para el M\u00e9xico del siglo XXI, para lo que se proponen realizar un impulso constante y vigoroso que consolide los cambios y asegure que la educaci\u00f3n se convierta en apoyo decisivo para el desarrollo; y se\u00f1ala, entre las principales l\u00edneas de acci\u00f3n, la necesidad de fortalecer el sistema de educaci\u00f3n tecnol\u00f3gica mediante el mejoramiento de su calidad acad\u00e9mica, la multiplicaci\u00f3n de opciones formativas en ese campo, la flexibilizaci\u00f3n curricular y una m\u00e1s estrecha vinculaci\u00f3n de ese nivel educativo con los requerimientos del sector productivo de bienes y servicios y las econom\u00edas regionales.\n<p>Que el desarrollo econ\u00f3mico, social y cultural del Estado, plantea la necesidad de brindar a los j\u00f3venes oportunidades y alternativas educativas en el nivel superior; y que de acuerdo al art\u00edculo 3\u00b0 dela Constituci\u00f3n General de la Rep\u00fablica, y las leyes vigentes en la materia, el servicio educativo en la entidad ha venido increment\u00e1ndose, a trav\u00e9s de la fundaci\u00f3n de escuelas de todos los niveles, a fin de satisfacer los requerimientos que en este aspecto exige el crecimiento de la poblaci\u00f3n.<\/p>\n<p>Que el Plan Estatal de Desarrollo 1999-2005 contempla, dentro de los objetivos en materia de educaci\u00f3n, el establecimiento de instituciones de educaci\u00f3n media y superior en las regiones de mayor marginaci\u00f3n en el Estado, as\u00ed como la implementaci\u00f3n de estrategias de planeaci\u00f3n de crecimiento y desarrollo del sistema educativo estatal que garantiza la atenci\u00f3n de la demanda.<\/p>\n<p>Que en concordancia con el mandato constitucional, es obligaci\u00f3n prioritaria del Estado prestar el servicio educativo en la entidad, de manera articulada, congruente y eficaz.<\/p>\nQue de acuerdo al diagn\u00f3stico del proceso de desarrollo estatal se precisa, en el rengl\u00f3n educativo, fortalecer y coordinar la educaci\u00f3n e investigaci\u00f3n cient\u00edfica y tecnol\u00f3gica en todos sus niveles y modalidades para apoyar los programas regionales de desarrollo.<br \/>\nQue para apoyar a la juventud del municipio de Los Cabos e interpretando una muy marcada demanda social de esta regi\u00f3n del Estado, en el sentido de contar con una instituci\u00f3n educativa de nivel superior que les brinde la oportunidad de acceder a la educaci\u00f3n profesional, sin necesidad de tener que trasladarse hasta la capital del Estado u otros puntos de la geograf\u00eda nacional.\n\t\t\t<a href=\"\" target=\"_self\" role=\"button\" rel=\"noopener\">\n\t\t\t\t\t\t\tDESCARGAR ARCHIVO\n\t\t\t\t\t<\/a>\n\n","protected":false},"excerpt":{"rendered":"<p>DECRETO DE CREACI\u00d3N \u00abLEONEL EFRAIN COTA MONTA\u00d1O, GOBERNADOR CONSTITUCIONAL , DEL ESTADO DE BAJA CALIFORNIA SUR, EN USO Y FACUTADES QUE EN MI CALIDAD EJECUTIVO ESTATAL ME CONFIERE EL ART\u00cdCULO 79 EN SUS FRACCIONES XXIII Y XLII DE LA CONSTITUCI\u00d3N POL\u00cdTICA DEL ESTADO DE BAJA CALIFORNIA SUR, ACOMPA\u00d1ADO DE LOS C.C LIC. VICTOR MANUEL GULUARTE &hellip;<\/p>\n<p class=\"read-more\"> <a class=\"\" href=\"https:\/\/www.itesloscabos.edu.mx\/inicio\/about-copy-6\/\"> <span class=\"screen-reader-text\">Decreto de Creaci\u00f3n<\/span> Leer m\u00e1s &raquo;<\/a><\/p>\n","protected":false},"author":1,"featured_media":0,"parent":0,"menu_order":0,"comment_status":"closed","ping_status":"closed","template":"","meta":{"om_disable_all_campaigns":false,"_monsterinsights_skip_tracking":false,"_monsterinsights_sitenote_active":false,"_monsterinsights_sitenote_note":"","_monsterinsights_sitenote_category":0,"_uf_show_specific_survey":0,"_uf_disable_surveys":false,"site-sidebar-layout":"no-sidebar","site-content-layout":"page-builder","ast-main-header-display":"","ast-hfb-above-header-display":"","ast-hfb-below-header-display":"","ast-hfb-mobile-header-display":"","site-post-title":"disabled","ast-breadcrumbs-content":"","ast-featured-img":"disabled","footer-sml-layout":"","theme-transparent-header-meta":"enabled","adv-header-id-meta":"","stick-header-meta":"","header-above-stick-meta":"","header-main-stick-meta":"","header-below-stick-meta":"","footnotes":""},"class_list":["post-619","page","type-page","status-publish","hentry"],"aioseo_notices":[],"yoast_head":"<!-- This site is optimized with the Yoast SEO plugin v27.2 - https:\/\/yoast.com\/product\/yoast-seo-wordpress\/ -->\n<title>Decreto de Creaci\u00f3n - ITES<\/title>\n<meta name=\"robots\" content=\"index, follow, max-snippet:-1, max-image-preview:large, max-video-preview:-1\" \/>\n<link rel=\"canonical\" href=\"https:\/\/www.itesloscabos.edu.mx\/inicio\/about-copy-6\/\" \/>\n<meta property=\"og:locale\" content=\"es_ES\" \/>\n<meta property=\"og:type\" content=\"article\" \/>\n<meta property=\"og:title\" content=\"Decreto de Creaci\u00f3n - ITES\" \/>\n<meta property=\"og:description\" content=\"DECRETO DE CREACI\u00d3N \u00abLEONEL EFRAIN COTA MONTA\u00d1O, GOBERNADOR CONSTITUCIONAL , DEL ESTADO DE BAJA CALIFORNIA SUR, EN USO Y FACUTADES QUE EN MI CALIDAD EJECUTIVO ESTATAL ME CONFIERE EL ART\u00cdCULO 79 EN SUS FRACCIONES XXIII Y XLII DE LA CONSTITUCI\u00d3N POL\u00cdTICA DEL ESTADO DE BAJA CALIFORNIA SUR, ACOMPA\u00d1ADO DE LOS C.C LIC. VICTOR MANUEL GULUARTE &hellip; Decreto de Creaci\u00f3n Leer m\u00e1s &raquo;\" \/>\n<meta property=\"og:url\" content=\"https:\/\/www.itesloscabos.edu.mx\/inicio\/about-copy-6\/\" \/>\n<meta property=\"og:site_name\" content=\"ITES\" \/>\n<meta property=\"article:modified_time\" content=\"2022-03-15T22:38:22+00:00\" \/>\n<meta name=\"twitter:card\" content=\"summary_large_image\" \/>\n<meta name=\"twitter:label1\" content=\"Tiempo de lectura\" \/>\n\t<meta name=\"twitter:data1\" content=\"3 minutos\" \/>\n<script type=\"application\/ld+json\" class=\"yoast-schema-graph\">{\"@context\":\"https:\/\/schema.org\",\"@graph\":[{\"@type\":\"WebPage\",\"@id\":\"https:\/\/www.itesloscabos.edu.mx\/inicio\/about-copy-6\/\",\"url\":\"https:\/\/www.itesloscabos.edu.mx\/inicio\/about-copy-6\/\",\"name\":\"Decreto de Creaci\u00f3n - ITES\",\"isPartOf\":{\"@id\":\"https:\/\/www.itesloscabos.edu.mx\/inicio\/#website\"},\"datePublished\":\"2022-03-15T02:05:59+00:00\",\"dateModified\":\"2022-03-15T22:38:22+00:00\",\"breadcrumb\":{\"@id\":\"https:\/\/www.itesloscabos.edu.mx\/inicio\/about-copy-6\/#breadcrumb\"},\"inLanguage\":\"es\",\"potentialAction\":[{\"@type\":\"ReadAction\",\"target\":[\"https:\/\/www.itesloscabos.edu.mx\/inicio\/about-copy-6\/\"]}]},{\"@type\":\"BreadcrumbList\",\"@id\":\"https:\/\/www.itesloscabos.edu.mx\/inicio\/about-copy-6\/#breadcrumb\",\"itemListElement\":[{\"@type\":\"ListItem\",\"position\":1,\"name\":\"Portada\",\"item\":\"https:\/\/www.itesloscabos.edu.mx\/inicio\/\"},{\"@type\":\"ListItem\",\"position\":2,\"name\":\"Decreto de Creaci\u00f3n\"}]},{\"@type\":\"WebSite\",\"@id\":\"https:\/\/www.itesloscabos.edu.mx\/inicio\/#website\",\"url\":\"https:\/\/www.itesloscabos.edu.mx\/inicio\/\",\"name\":\"ITES\",\"description\":\"Los Cabos\",\"potentialAction\":[{\"@type\":\"SearchAction\",\"target\":{\"@type\":\"EntryPoint\",\"urlTemplate\":\"https:\/\/www.itesloscabos.edu.mx\/inicio\/?s={search_term_string}\"},\"query-input\":{\"@type\":\"PropertyValueSpecification\",\"valueRequired\":true,\"valueName\":\"search_term_string\"}}],\"inLanguage\":\"es\"}]}<\/script>\n<!-- \/ Yoast SEO plugin. -->","yoast_head_json":{"title":"Decreto de Creaci\u00f3n - ITES","robots":{"index":"index","follow":"follow","max-snippet":"max-snippet:-1","max-image-preview":"max-image-preview:large","max-video-preview":"max-video-preview:-1"},"canonical":"https:\/\/www.itesloscabos.edu.mx\/inicio\/about-copy-6\/","og_locale":"es_ES","og_type":"article","og_title":"Decreto de Creaci\u00f3n - ITES","og_description":"DECRETO DE CREACI\u00d3N \u00abLEONEL EFRAIN COTA MONTA\u00d1O, GOBERNADOR CONSTITUCIONAL , DEL ESTADO DE BAJA CALIFORNIA SUR, EN USO Y FACUTADES QUE EN MI CALIDAD EJECUTIVO ESTATAL ME CONFIERE EL ART\u00cdCULO 79 EN SUS FRACCIONES XXIII Y XLII DE LA CONSTITUCI\u00d3N POL\u00cdTICA DEL ESTADO DE BAJA CALIFORNIA SUR, ACOMPA\u00d1ADO DE LOS C.C LIC. VICTOR MANUEL GULUARTE &hellip; Decreto de Creaci\u00f3n Leer m\u00e1s &raquo;","og_url":"https:\/\/www.itesloscabos.edu.mx\/inicio\/about-copy-6\/","og_site_name":"ITES","article_modified_time":"2022-03-15T22:38:22+00:00","twitter_card":"summary_large_image","twitter_misc":{"Tiempo de lectura":"3 minutos"},"schema":{"@context":"https:\/\/schema.org","@graph":[{"@type":"WebPage","@id":"https:\/\/www.itesloscabos.edu.mx\/inicio\/about-copy-6\/","url":"https:\/\/www.itesloscabos.edu.mx\/inicio\/about-copy-6\/","name":"Decreto de Creaci\u00f3n - ITES","isPartOf":{"@id":"https:\/\/www.itesloscabos.edu.mx\/inicio\/#website"},"datePublished":"2022-03-15T02:05:59+00:00","dateModified":"2022-03-15T22:38:22+00:00","breadcrumb":{"@id":"https:\/\/www.itesloscabos.edu.mx\/inicio\/about-copy-6\/#breadcrumb"},"inLanguage":"es","potentialAction":[{"@type":"ReadAction","target":["https:\/\/www.itesloscabos.edu.mx\/inicio\/about-copy-6\/"]}]},{"@type":"BreadcrumbList","@id":"https:\/\/www.itesloscabos.edu.mx\/inicio\/about-copy-6\/#breadcrumb","itemListElement":[{"@type":"ListItem","position":1,"name":"Portada","item":"https:\/\/www.itesloscabos.edu.mx\/inicio\/"},{"@type":"ListItem","position":2,"name":"Decreto de Creaci\u00f3n"}]},{"@type":"WebSite","@id":"https:\/\/www.itesloscabos.edu.mx\/inicio\/#website","url":"https:\/\/www.itesloscabos.edu.mx\/inicio\/","name":"ITES","description":"Los Cabos","potentialAction":[{"@type":"SearchAction","target":{"@type":"EntryPoint","urlTemplate":"https:\/\/www.itesloscabos.edu.mx\/inicio\/?s={search_term_string}"},"query-input":{"@type":"PropertyValueSpecification","valueRequired":true,"valueName":"search_term_string"}}],"inLanguage":"es"}]}},"blog_post_layout_featured_media_urls":{"thumbnail":"","full":""},"categories_names":null,"comments_number":"0","_links":{"self":[{"href":"https:\/\/www.itesloscabos.edu.mx\/inicio\/wp-json\/wp\/v2\/pages\/619","targetHints":{"allow":["GET"]}}],"collection":[{"href":"https:\/\/www.itesloscabos.edu.mx\/inicio\/wp-json\/wp\/v2\/pages"}],"about":[{"href":"https:\/\/www.itesloscabos.edu.mx\/inicio\/wp-json\/wp\/v2\/types\/page"}],"author":[{"embeddable":true,"href":"https:\/\/www.itesloscabos.edu.mx\/inicio\/wp-json\/wp\/v2\/users\/1"}],"replies":[{"embeddable":true,"href":"https:\/\/www.itesloscabos.edu.mx\/inicio\/wp-json\/wp\/v2\/comments?post=619"}],"version-history":[{"count":2,"href":"https:\/\/www.itesloscabos.edu.mx\/inicio\/wp-json\/wp\/v2\/pages\/619\/revisions"}],"predecessor-version":[{"id":790,"href":"https:\/\/www.itesloscabos.edu.mx\/inicio\/wp-json\/wp\/v2\/pages\/619\/revisions\/790"}],"wp:attachment":[{"href":"https:\/\/www.itesloscabos.edu.mx\/inicio\/wp-json\/wp\/v2\/media?parent=619"}],"curies":[{"name":"wp","href":"https:\/\/api.w.org\/{rel}","templated":true}]}}