{"id":616,"date":"2022-03-15T02:04:17","date_gmt":"2022-03-15T02:04:17","guid":{"rendered":"https:\/\/ciproba.com.mx\/?page_id=616"},"modified":"2022-03-15T22:28:25","modified_gmt":"2022-03-15T22:28:25","slug":"about-copy-5","status":"publish","type":"page","link":"https:\/\/www.itesloscabos.edu.mx\/inicio\/about-copy-5\/","title":{"rendered":"Misi\u00f3n, Visi\u00f3n y Valores"},"content":{"rendered":"\n\n\t<h1>\n\t\t\t\t\tMISI\u00d3N,VISI\u00d3N Y VALORES\n\t\t\t\t<\/h1>\n\t<strong>Pol\u00edtica del sistema de gesti\u00f3n integral.<\/strong><br \/>\nEn el Instituto Tecnol\u00f3gico de Estudios Superiores de Los Cabos tenemos el compromiso con nuestros estudiantes y partes interesadas de brindar servicios educativos de calidad con la finalidad de formar profesionales \u00edntegros, competitivos, emprendedores y socialmente comprometidos; a trav\u00e9s de la implementaci\u00f3n de un Sistema de Gesti\u00f3n Integral en cumplimiento de: La normatividad aplicable en materia de Calidad, Medio Ambiente, Seguridad y Salud Ocupacional y las metas estrat\u00e9gicas de la Instituci\u00f3n.\n<p>\u200b<\/p>\n<strong>Misi\u00f3n<\/strong><br \/>\nFormar integralmente profesionales capaces de responder a los retos econ\u00f3micos, sociales y ambientales a trav\u00e9s de la ciencia, la tecnolog\u00eda y la innovaci\u00f3n.\n<p>\u200b<\/p>\n<strong>Visi\u00f3n<\/strong><br \/>\nSer una instituci\u00f3n de educaci\u00f3n superior con reconocimiento nacional e internacional en la generaci\u00f3n de conocimiento, investigaci\u00f3n, vinculaci\u00f3n y emprendimiento con un modelo organizacional consolidado, inclusivo, igualitario y sostenible.\n<strong>Valores<\/strong><br \/>\nRESPETO: Es la actitud de tolerancia y aceptaci\u00f3n de los dem\u00e1s, en un clima de libertad de acci\u00f3n que permita construir relaciones armoniosas.\n<p>HONESTIDAD: Pensar, hablar y actuar con apego a los principios institucionales.<\/p>\n<p>RESPONSABILIDAD: Es un valor esencial del Instituto en cuanto a todas y cada una de las tareas que definen nuestra misi\u00f3n, implica compromisos individuales, institucionales y sociales.<\/p>\n<p>EQUIDAD: Permite el reconocimiento al esfuerzo individual y de grupo, as\u00ed como el respeto a la integridad humana.<\/p>\n<p>SERVICIO: Disposici\u00f3n de la Instituci\u00f3n para dar respuesta a las necesidades de la sociedad con actitud de entrega, colaboraci\u00f3n y esp\u00edritu de atenci\u00f3n.<\/p>\n<strong>Objetivo<\/strong><br \/>\nAsegurar un servicio educativo de calidad orientado hacia el aprendizaje significativo y la satisfacci\u00f3n del estudiante.\n<p>Objetivos de Procesos Estrat\u00e9gicos<\/p>\n<p>Acad\u00e9mico: Gestionar las actividades concernientes al cumplimiento de planes y programas de estudio, de formaci\u00f3n docente y actualizaci\u00f3n profesional con el prop\u00f3sito de ofrecer servicios educativos de calidad.<\/p>\n<p>Planeaci\u00f3n: Realizar la planeaci\u00f3n, programaci\u00f3n, presupuesto, seguimiento y evaluaci\u00f3n de las acciones para cumplir con los requisitos del servicio.<\/p>\n<p>Vinculaci\u00f3n: Contribuir a la formaci\u00f3n integral del estudiante, a trav\u00e9s de su vinculaci\u00f3n con el sector productivo, la sociedad, el deporte y la cultura.<\/p>\n<p>Administraci\u00f3n de los recursos: Determinar y proporcionar los recursos necesarios para\u00a0 mantener y mejorar el SGC de conformidad con los requisitos del Servicio Educativo.<\/p>\n<p>Calidad: Gestionar la calidad para lograr la satisfacci\u00f3n del estudiante.<\/p>\n\n","protected":false},"excerpt":{"rendered":"<p>MISI\u00d3N,VISI\u00d3N Y VALORES Pol\u00edtica del sistema de gesti\u00f3n integral. En el Instituto Tecnol\u00f3gico de Estudios Superiores de Los Cabos tenemos el compromiso con nuestros estudiantes y partes interesadas de brindar servicios educativos de calidad con la finalidad de formar profesionales \u00edntegros, competitivos, emprendedores y socialmente comprometidos; a trav\u00e9s de la implementaci\u00f3n de un Sistema de &hellip;<\/p>\n<p class=\"read-more\"> <a class=\"\" href=\"https:\/\/www.itesloscabos.edu.mx\/inicio\/about-copy-5\/\"> <span class=\"screen-reader-text\">Misi\u00f3n, Visi\u00f3n y Valores<\/span> Leer m\u00e1s &raquo;<\/a><\/p>\n","protected":false},"author":1,"featured_media":0,"parent":0,"menu_order":0,"comment_status":"closed","ping_status":"closed","template":"","meta":{"om_disable_all_campaigns":false,"_monsterinsights_skip_tracking":false,"_monsterinsights_sitenote_active":false,"_monsterinsights_sitenote_note":"","_monsterinsights_sitenote_category":0,"_uf_show_specific_survey":0,"_uf_disable_surveys":false,"site-sidebar-layout":"no-sidebar","site-content-layout":"page-builder","ast-main-header-display":"","ast-hfb-above-header-display":"","ast-hfb-below-header-display":"","ast-hfb-mobile-header-display":"","site-post-title":"disabled","ast-breadcrumbs-content":"","ast-featured-img":"disabled","footer-sml-layout":"","theme-transparent-header-meta":"enabled","adv-header-id-meta":"","stick-header-meta":"","header-above-stick-meta":"","header-main-stick-meta":"","header-below-stick-meta":"","footnotes":""},"class_list":["post-616","page","type-page","status-publish","hentry"],"aioseo_notices":[],"yoast_head":"<!-- This site is optimized with the Yoast SEO plugin v27.2 - https:\/\/yoast.com\/product\/yoast-seo-wordpress\/ -->\n<title>Misi\u00f3n, Visi\u00f3n y Valores - ITES<\/title>\n<meta name=\"robots\" content=\"index, follow, max-snippet:-1, max-image-preview:large, max-video-preview:-1\" \/>\n<link rel=\"canonical\" href=\"https:\/\/www.itesloscabos.edu.mx\/inicio\/about-copy-5\/\" \/>\n<meta property=\"og:locale\" content=\"es_ES\" \/>\n<meta property=\"og:type\" content=\"article\" \/>\n<meta property=\"og:title\" content=\"Misi\u00f3n, Visi\u00f3n y Valores - ITES\" \/>\n<meta property=\"og:description\" content=\"MISI\u00d3N,VISI\u00d3N Y VALORES Pol\u00edtica del sistema de gesti\u00f3n integral. En el Instituto Tecnol\u00f3gico de Estudios Superiores de Los Cabos tenemos el compromiso con nuestros estudiantes y partes interesadas de brindar servicios educativos de calidad con la finalidad de formar profesionales \u00edntegros, competitivos, emprendedores y socialmente comprometidos; a trav\u00e9s de la implementaci\u00f3n de un Sistema de &hellip; Misi\u00f3n, Visi\u00f3n y Valores Leer m\u00e1s &raquo;\" \/>\n<meta property=\"og:url\" content=\"https:\/\/www.itesloscabos.edu.mx\/inicio\/about-copy-5\/\" \/>\n<meta property=\"og:site_name\" content=\"ITES\" \/>\n<meta property=\"article:modified_time\" content=\"2022-03-15T22:28:25+00:00\" \/>\n<meta name=\"twitter:card\" content=\"summary_large_image\" \/>\n<meta name=\"twitter:label1\" content=\"Tiempo de lectura\" \/>\n\t<meta name=\"twitter:data1\" content=\"2 minutos\" \/>\n<script type=\"application\/ld+json\" class=\"yoast-schema-graph\">{\"@context\":\"https:\/\/schema.org\",\"@graph\":[{\"@type\":\"WebPage\",\"@id\":\"https:\/\/www.itesloscabos.edu.mx\/inicio\/about-copy-5\/\",\"url\":\"https:\/\/www.itesloscabos.edu.mx\/inicio\/about-copy-5\/\",\"name\":\"Misi\u00f3n, Visi\u00f3n y Valores - ITES\",\"isPartOf\":{\"@id\":\"https:\/\/www.itesloscabos.edu.mx\/inicio\/#website\"},\"datePublished\":\"2022-03-15T02:04:17+00:00\",\"dateModified\":\"2022-03-15T22:28:25+00:00\",\"breadcrumb\":{\"@id\":\"https:\/\/www.itesloscabos.edu.mx\/inicio\/about-copy-5\/#breadcrumb\"},\"inLanguage\":\"es\",\"potentialAction\":[{\"@type\":\"ReadAction\",\"target\":[\"https:\/\/www.itesloscabos.edu.mx\/inicio\/about-copy-5\/\"]}]},{\"@type\":\"BreadcrumbList\",\"@id\":\"https:\/\/www.itesloscabos.edu.mx\/inicio\/about-copy-5\/#breadcrumb\",\"itemListElement\":[{\"@type\":\"ListItem\",\"position\":1,\"name\":\"Portada\",\"item\":\"https:\/\/www.itesloscabos.edu.mx\/inicio\/\"},{\"@type\":\"ListItem\",\"position\":2,\"name\":\"Misi\u00f3n, Visi\u00f3n y Valores\"}]},{\"@type\":\"WebSite\",\"@id\":\"https:\/\/www.itesloscabos.edu.mx\/inicio\/#website\",\"url\":\"https:\/\/www.itesloscabos.edu.mx\/inicio\/\",\"name\":\"ITES\",\"description\":\"Los Cabos\",\"potentialAction\":[{\"@type\":\"SearchAction\",\"target\":{\"@type\":\"EntryPoint\",\"urlTemplate\":\"https:\/\/www.itesloscabos.edu.mx\/inicio\/?s={search_term_string}\"},\"query-input\":{\"@type\":\"PropertyValueSpecification\",\"valueRequired\":true,\"valueName\":\"search_term_string\"}}],\"inLanguage\":\"es\"}]}<\/script>\n<!-- \/ Yoast SEO plugin. -->","yoast_head_json":{"title":"Misi\u00f3n, Visi\u00f3n y Valores - ITES","robots":{"index":"index","follow":"follow","max-snippet":"max-snippet:-1","max-image-preview":"max-image-preview:large","max-video-preview":"max-video-preview:-1"},"canonical":"https:\/\/www.itesloscabos.edu.mx\/inicio\/about-copy-5\/","og_locale":"es_ES","og_type":"article","og_title":"Misi\u00f3n, Visi\u00f3n y Valores - ITES","og_description":"MISI\u00d3N,VISI\u00d3N Y VALORES Pol\u00edtica del sistema de gesti\u00f3n integral. En el Instituto Tecnol\u00f3gico de Estudios Superiores de Los Cabos tenemos el compromiso con nuestros estudiantes y partes interesadas de brindar servicios educativos de calidad con la finalidad de formar profesionales \u00edntegros, competitivos, emprendedores y socialmente comprometidos; a trav\u00e9s de la implementaci\u00f3n de un Sistema de &hellip; Misi\u00f3n, Visi\u00f3n y Valores Leer m\u00e1s &raquo;","og_url":"https:\/\/www.itesloscabos.edu.mx\/inicio\/about-copy-5\/","og_site_name":"ITES","article_modified_time":"2022-03-15T22:28:25+00:00","twitter_card":"summary_large_image","twitter_misc":{"Tiempo de lectura":"2 minutos"},"schema":{"@context":"https:\/\/schema.org","@graph":[{"@type":"WebPage","@id":"https:\/\/www.itesloscabos.edu.mx\/inicio\/about-copy-5\/","url":"https:\/\/www.itesloscabos.edu.mx\/inicio\/about-copy-5\/","name":"Misi\u00f3n, Visi\u00f3n y Valores - ITES","isPartOf":{"@id":"https:\/\/www.itesloscabos.edu.mx\/inicio\/#website"},"datePublished":"2022-03-15T02:04:17+00:00","dateModified":"2022-03-15T22:28:25+00:00","breadcrumb":{"@id":"https:\/\/www.itesloscabos.edu.mx\/inicio\/about-copy-5\/#breadcrumb"},"inLanguage":"es","potentialAction":[{"@type":"ReadAction","target":["https:\/\/www.itesloscabos.edu.mx\/inicio\/about-copy-5\/"]}]},{"@type":"BreadcrumbList","@id":"https:\/\/www.itesloscabos.edu.mx\/inicio\/about-copy-5\/#breadcrumb","itemListElement":[{"@type":"ListItem","position":1,"name":"Portada","item":"https:\/\/www.itesloscabos.edu.mx\/inicio\/"},{"@type":"ListItem","position":2,"name":"Misi\u00f3n, Visi\u00f3n y Valores"}]},{"@type":"WebSite","@id":"https:\/\/www.itesloscabos.edu.mx\/inicio\/#website","url":"https:\/\/www.itesloscabos.edu.mx\/inicio\/","name":"ITES","description":"Los Cabos","potentialAction":[{"@type":"SearchAction","target":{"@type":"EntryPoint","urlTemplate":"https:\/\/www.itesloscabos.edu.mx\/inicio\/?s={search_term_string}"},"query-input":{"@type":"PropertyValueSpecification","valueRequired":true,"valueName":"search_term_string"}}],"inLanguage":"es"}]}},"blog_post_layout_featured_media_urls":{"thumbnail":"","full":""},"categories_names":null,"comments_number":"0","_links":{"self":[{"href":"https:\/\/www.itesloscabos.edu.mx\/inicio\/wp-json\/wp\/v2\/pages\/616","targetHints":{"allow":["GET"]}}],"collection":[{"href":"https:\/\/www.itesloscabos.edu.mx\/inicio\/wp-json\/wp\/v2\/pages"}],"about":[{"href":"https:\/\/www.itesloscabos.edu.mx\/inicio\/wp-json\/wp\/v2\/types\/page"}],"author":[{"embeddable":true,"href":"https:\/\/www.itesloscabos.edu.mx\/inicio\/wp-json\/wp\/v2\/users\/1"}],"replies":[{"embeddable":true,"href":"https:\/\/www.itesloscabos.edu.mx\/inicio\/wp-json\/wp\/v2\/comments?post=616"}],"version-history":[{"count":3,"href":"https:\/\/www.itesloscabos.edu.mx\/inicio\/wp-json\/wp\/v2\/pages\/616\/revisions"}],"predecessor-version":[{"id":786,"href":"https:\/\/www.itesloscabos.edu.mx\/inicio\/wp-json\/wp\/v2\/pages\/616\/revisions\/786"}],"wp:attachment":[{"href":"https:\/\/www.itesloscabos.edu.mx\/inicio\/wp-json\/wp\/v2\/media?parent=616"}],"curies":[{"name":"wp","href":"https:\/\/api.w.org\/{rel}","templated":true}]}}