{"id":613,"date":"2022-03-15T02:02:35","date_gmt":"2022-03-15T02:02:35","guid":{"rendered":"https:\/\/ciproba.com.mx\/?page_id=613"},"modified":"2022-03-15T22:22:52","modified_gmt":"2022-03-15T22:22:52","slug":"about-copy-4","status":"publish","type":"page","link":"https:\/\/www.itesloscabos.edu.mx\/inicio\/about-copy-4\/","title":{"rendered":"Historia"},"content":{"rendered":"\n\n\t<h1>\n\t\t\t\t\thistoria\n\t\t\t\t<\/h1>\n\t\t\t\t<!-- Inline Block Space Fix\n\t\t\t\t\t\t\t\t\t\t\t\t\t\t\t\t\t\t\t\t\t\t\t\t-->\n\t\t\t\t\t\t\t\t\t<!-- Inline Block Space Fix\n\t\t\t\t\t\t\t\t\t\t\t\t\t\t\t\t--><!-- Inline Block Space Fix\n\t\t\t\t\t\t\t\t\t\t\t\t\t\t\t\t\t\t\t--><h3>historia<\/h3><!-- Inline Block Space Fix\n\t\t\t\t\t\t\t\t\t\t\t\t\t\t\t\t\t\t\t\t\t\t\t\t\t-->\n\t\t\t\t\t\t\t\t<p>Fundaci\u00f3n del ITES- Los Cabos.En 1999, a inicios de su gobierno, el Lic. Leonel Cota Monta\u00f1o, Gobernador Constitucional del Estado de Baja California Sur, gestion\u00f3 ante la Secretar\u00eda de Educaci\u00f3n P\u00fablica la creaci\u00f3n del Instituto Tecnol\u00f3gico de Estudios Superiores de Los Cabos, atendiendo la demanda creciente de la sociedad por la instalaci\u00f3n de instituciones de educaci\u00f3n superior en la zona sur del estado, y que estuvieran al alcance de todos aquellos que desearan seguir sus estudios en el nivel superior.El 20 de agosto de 1999, el Ing. Lamberto Navarro Higuera es nombrado Coordinador de las actividades relativas a la operaci\u00f3n del Instituto Tecnol\u00f3gico Superior de San Jos\u00e9 del Cabo.<\/p>\t\t\t\t\t\t\t<!-- Inline Block Space Fix\n\t\t\t\t\t\t\t\t\t\t\t--><!-- Inline Block Space Fix\n\t\t\t\t\t\t\t\t\t\t--><!-- Inline Block Space Fix\n\t\t\t\t-->\n\t\t\t\t<!-- Overlay for Style 1 -->\n\t\t\t<!-- END .front -->\n\t\t\t\t\t\t\t\t\t<a href=\"\" target=\"_self\" rel=\"noopener\"><\/a>\t\t\t\t\n\t\t\t\t<img decoding=\"async\" src=\"https:\/\/ciproba.com.mx\/wp-content\/uploads\/2022\/03\/historia.png\" alt=\"historia\" itemprop=\"image\"\/>\n\t\t\t\t<!-- Inline Block Space Fix\n\t\t\t\t\t\t\t\t\t\t\t\t\t\t\t\t\t\t\t\t\t\t\t\t-->\n\t\t\t\t\t\t\t\t\t<!-- Inline Block Space Fix\n\t\t\t\t\t\t\t\t\t\t\t\t\t\t\t\t--><!-- Inline Block Space Fix\n\t\t\t\t\t\t\t\t\t\t\t\t\t\t\t\t\t\t\t--><h3>ILUSTRACI\u00d3N . CONVENIO DE COORDINACI\u00d3N Y DECRETO DE CREACI\u00d3N.<\/h3><!-- Inline Block Space Fix\n\t\t\t\t\t\t\t\t\t\t\t\t\t\t\t\t\t\t\t\t\t\t\t\t\t-->\n\t\t\t\t\t\t\t\t<p>Fue as\u00ed como el 21 de junio del 2000 se sign\u00f3 el Convenio de Coordinaci\u00f3n respectivo, emiti\u00e9ndose el Decreto de creaci\u00f3n s\/n; el 10 de julio del mismo a\u00f1o (ver ); el Convenio mencionado, entre otros requerimientos, apuntaba la necesidad de contar con una superficie m\u00ednima de 20 hect\u00e1reas mismas que con la intervenci\u00f3n del Ejecutivo Estatal y entonces Presidente Municipal del H. VII Ayuntamiento de Los Cabos, el Ing. Narciso Ag\u00fandez Monta\u00f1o, fueron donadas por el ejido San Jos\u00e9 del Cabo en los altos de la colonia Guaymitas de esta localidad, donde se ubicar\u00eda la instituci\u00f3n. (Ver Foto )<\/p>\t\t\t\t\t\t\t<!-- Inline Block Space Fix\n\t\t\t\t\t\t\t\t\t\t\t--><!-- Inline Block Space Fix\n\t\t\t\t\t\t\t\t\t\t--><!-- Inline Block Space Fix\n\t\t\t\t-->\n\t\t\t\t<!-- Overlay for Style 1 -->\n\t\t\t<!-- END .front -->\n\t\t\t\t\t\t\t\t\t<a href=\"\" target=\"_self\" rel=\"noopener\"><\/a>\t\t\t\t\n\t\t\t\t<img decoding=\"async\" src=\"https:\/\/ciproba.com.mx\/wp-content\/uploads\/2022\/03\/decreto.png\" alt=\"decreto\" itemprop=\"image\"\/>\n\t\t\t\t<!-- Inline Block Space Fix\n\t\t\t\t\t\t\t\t\t\t\t\t\t\t\t\t\t\t\t\t\t\t\t\t-->\n\t\t\t\t\t\t\t\t\t<!-- Inline Block Space Fix\n\t\t\t\t\t\t\t\t\t\t\t\t\t\t\t\t--><!-- Inline Block Space Fix\n\t\t\t\t\t\t\t\t\t\t\t\t\t\t\t\t\t\t\t--><h3>NUEVO DIRECTOR DEL ITES LOS CABOS<\/h3><!-- Inline Block Space Fix\n\t\t\t\t\t\t\t\t\t\t\t\t\t\t\t\t\t\t\t\t\t\t\t\t\t-->\n\t\t\t\t\t\t\t\t<p>El 18 de julio de 2000, el C. Ing. Jos\u00e9 Eduardo Ruiz Castro recibe nombramiento para desempe\u00f1ar el cargo de Director General del Instituto Tecnol\u00f3gico de Estudios Superiores de Los Cabos, en el periodo 2000-2004, continuando con su segundo periodo de administraci\u00f3n (2004-2008) al ser confirmado en su cargo el 26 de marzo de 2004, ver Ilustraci\u00f3n. \u00a0<\/p>\t\t\t\t\t\t\t<!-- Inline Block Space Fix\n\t\t\t\t\t\t\t\t\t\t\t--><!-- Inline Block Space Fix\n\t\t\t\t\t\t\t\t\t\t--><!-- Inline Block Space Fix\n\t\t\t\t-->\n\t\t\t\t<!-- Overlay for Style 1 -->\n\t\t\t<!-- END .front -->\n\t\t\t\t\t\t\t\t\t<h3>Slide Box Back<\/h3>\n\t\t\t\t\t\t<ul><li>Enter description text here.<\/li><li>Enter description text here.<\/li><\/ul>\t\t\t\t\t\n\t\t\t\t\t\t\t\t\t\t<a href=\"\" target=\"_self\" rel=\"noopener\">Read More<\/a>\t\t\t\t\n\t\t\t\t<img decoding=\"async\" src=\"https:\/\/ciproba.com.mx\/wp-content\/uploads\/2022\/03\/nd.png\" alt=\"nd\" itemprop=\"image\"\/>\n\t\t\t\t<!-- Inline Block Space Fix\n\t\t\t\t\t\t\t\t\t\t\t\t\t\t\t\t\t\t\t\t\t\t\t\t-->\n\t\t\t\t\t\t\t\t\t<!-- Inline Block Space Fix\n\t\t\t\t\t\t\t\t\t\t\t\t\t\t\t\t--><!-- Inline Block Space Fix\n\t\t\t\t\t\t\t\t\t\t\t\t\t\t\t\t\t\t\t--><h3>CREACI\u00d3N DE LA JUNTA DIRECTIVA<\/h3><!-- Inline Block Space Fix\n\t\t\t\t\t\t\t\t\t\t\t\t\t\t\t\t\t\t\t\t\t\t\t\t\t-->\n\t\t\t\t\t\t\t\t<p>La H. Junta Directiva, \u00f3rgano m\u00e1ximo de gobierno del Instituto est\u00e1 conformada por representantes del Gobierno del Estado (2), Gobierno Federal (2), Gobierno Municipal (1), sector social (1) y sector productivo de la regi\u00f3n (2), se instala el 15 de agosto del 2000 (ver Foto ) y al mes de julio de 2008 se han realizado 27 sesiones ordinarias y 2 extraordinarias.<\/p>\u00a0\t\t\t\t\t\t\t<!-- Inline Block Space Fix\n\t\t\t\t\t\t\t\t\t\t\t--><!-- Inline Block Space Fix\n\t\t\t\t\t\t\t\t\t\t--><!-- Inline Block Space Fix\n\t\t\t\t-->\n\t\t\t\t<!-- Overlay for Style 1 -->\n\t\t\t<!-- END .front -->\n\t\t\t\t\t\t\t\t\t<a href=\"\" target=\"_self\" rel=\"noopener\"><\/a>\t\t\t\t\n\t\t\t\t<img decoding=\"async\" src=\"https:\/\/ciproba.com.mx\/wp-content\/uploads\/2022\/03\/nj.png\" alt=\"nj\" itemprop=\"image\"\/>\n\t\t\t\t<!-- Inline Block Space Fix\n\t\t\t\t\t\t\t\t\t\t\t\t\t\t\t\t\t\t\t\t\t\t\t\t-->\n\t\t\t\t\t\t\t\t\t<!-- Inline Block Space Fix\n\t\t\t\t\t\t\t\t\t\t\t\t\t\t\t\t--><!-- Inline Block Space Fix\n\t\t\t\t\t\t\t\t\t\t\t\t\t\t\t\t\t\t\t--><h3>OFICINA PROVICIONAL<\/h3><!-- Inline Block Space Fix\n\t\t\t\t\t\t\t\t\t\t\t\t\t\t\t\t\t\t\t\t\t\t\t\t\t-->\n\t\t\t\t\t\t\t\t<p>Iniciamos funciones para el ciclo escolar 2000-2001 en instalaciones prestadas. Con la colaboraci\u00f3n de Servicios Regionales de la SEP, en el ProNAP se ubicaron las oficinas administrativas.<\/p>\u00a0\u00a0\t\t\t\t\t\t\t<!-- Inline Block Space Fix\n\t\t\t\t\t\t\t\t\t\t\t--><!-- Inline Block Space Fix\n\t\t\t\t\t\t\t\t\t\t--><!-- Inline Block Space Fix\n\t\t\t\t-->\n\t\t\t\t<!-- Overlay for Style 1 -->\n\t\t\t<!-- END .front -->\n\t\t\t\t\t\t\t\t\t<a href=\"\" target=\"_self\" rel=\"noopener\"><\/a>\t\t\t\t\n\t\t\t\t<img decoding=\"async\" src=\"https:\/\/ciproba.com.mx\/wp-content\/uploads\/2022\/03\/nof.png\" alt=\"nof\" itemprop=\"image\"\/>\n\t\t\t\t<!-- Inline Block Space Fix\n\t\t\t\t\t\t\t\t\t\t\t\t\t\t\t\t\t\t\t\t\t\t\t\t-->\n\t\t\t\t\t\t\t\t\t<!-- Inline Block Space Fix\n\t\t\t\t\t\t\t\t\t\t\t\t\t\t\t\t--><!-- Inline Block Space Fix\n\t\t\t\t\t\t\t\t\t\t\t\t\t\t\t\t\t\t\t--><h3>INICIO DE CLASES<\/h3><!-- Inline Block Space Fix\n\t\t\t\t\t\t\t\t\t\t\t\t\t\t\t\t\t\t\t\t\t\t\t\t\t-->\n\t\t\t\t\t\t\t\t<p>El d\u00eda 18 de septiembre de 2000, se iniciaron las clases regulares correspondientes al primer semestre en las instalaciones de la escuela primaria Vicente V. Ibarra.Aperturamos las carreras de licenciatura en administraci\u00f3n e ingenier\u00eda industrial, contando as\u00ed con una matr\u00edcula de 108 alumnos. Para el 2001, incorporamos la carrera de licenciatura en inform\u00e1tica. Y, en el 2002 ya cont\u00e1bamos con las carreras de ingenier\u00eda en sistemas computacionales e ingenier\u00eda electromec\u00e1nica. M\u00e1s tarde, en el a\u00f1o 2006, cont\u00e1bamos con la licenciatura en contadur\u00eda. Ya para el 2007, ofrec\u00edamos la carrera de ingenier\u00eda civil. El ciclo escolar 2007-2008, lo iniciamos con una matr\u00edcula de 788 alumnos en las siete carreras que ofertamos como Instituto Tecnol\u00f3gico de Estudios Superiores de Los Cabos.\u00a0\u00a0<\/p>\u00a0\u00a0\t\t\t\t\t\t\t<!-- Inline Block Space Fix\n\t\t\t\t\t\t\t\t\t\t\t--><!-- Inline Block Space Fix\n\t\t\t\t\t\t\t\t\t\t--><!-- Inline Block Space Fix\n\t\t\t\t-->\n\t\t\t\t<!-- Overlay for Style 1 -->\n\t\t\t<!-- END .front -->\n\t\t\t\t\t\t\t\t\t<a href=\"\" target=\"_self\" rel=\"noopener\"><\/a>\t\t\t\t\n\t\t\t\t<img decoding=\"async\" src=\"https:\/\/ciproba.com.mx\/wp-content\/uploads\/2022\/03\/v.png\" alt=\"v\" itemprop=\"image\"\/>\n\t\t\n","protected":false},"excerpt":{"rendered":"<p>historia historia Fundaci\u00f3n del ITES- Los Cabos.En 1999, a inicios de su gobierno, el Lic. Leonel Cota Monta\u00f1o, Gobernador Constitucional del Estado de Baja California Sur, gestion\u00f3 ante la Secretar\u00eda de Educaci\u00f3n P\u00fablica la creaci\u00f3n del Instituto Tecnol\u00f3gico de Estudios Superiores de Los Cabos, atendiendo la demanda creciente de la sociedad por la instalaci\u00f3n de &hellip;<\/p>\n<p class=\"read-more\"> <a class=\"\" href=\"https:\/\/www.itesloscabos.edu.mx\/inicio\/about-copy-4\/\"> <span class=\"screen-reader-text\">Historia<\/span> Leer m\u00e1s &raquo;<\/a><\/p>\n","protected":false},"author":1,"featured_media":0,"parent":0,"menu_order":0,"comment_status":"closed","ping_status":"closed","template":"","meta":{"om_disable_all_campaigns":false,"_monsterinsights_skip_tracking":false,"_monsterinsights_sitenote_active":false,"_monsterinsights_sitenote_note":"","_monsterinsights_sitenote_category":0,"_uf_show_specific_survey":0,"_uf_disable_surveys":false,"site-sidebar-layout":"no-sidebar","site-content-layout":"page-builder","ast-main-header-display":"","ast-hfb-above-header-display":"","ast-hfb-below-header-display":"","ast-hfb-mobile-header-display":"","site-post-title":"disabled","ast-breadcrumbs-content":"","ast-featured-img":"disabled","footer-sml-layout":"","theme-transparent-header-meta":"enabled","adv-header-id-meta":"","stick-header-meta":"","header-above-stick-meta":"","header-main-stick-meta":"","header-below-stick-meta":"","footnotes":""},"class_list":["post-613","page","type-page","status-publish","hentry"],"aioseo_notices":[],"yoast_head":"<!-- This site is optimized with the Yoast SEO plugin v27.2 - https:\/\/yoast.com\/product\/yoast-seo-wordpress\/ -->\n<title>Historia - ITES<\/title>\n<meta name=\"robots\" content=\"index, follow, max-snippet:-1, max-image-preview:large, max-video-preview:-1\" \/>\n<link rel=\"canonical\" href=\"https:\/\/www.itesloscabos.edu.mx\/inicio\/about-copy-4\/\" \/>\n<meta property=\"og:locale\" content=\"es_ES\" \/>\n<meta property=\"og:type\" content=\"article\" \/>\n<meta property=\"og:title\" content=\"Historia - ITES\" \/>\n<meta property=\"og:description\" content=\"historia historia Fundaci\u00f3n del ITES- Los Cabos.En 1999, a inicios de su gobierno, el Lic. Leonel Cota Monta\u00f1o, Gobernador Constitucional del Estado de Baja California Sur, gestion\u00f3 ante la Secretar\u00eda de Educaci\u00f3n P\u00fablica la creaci\u00f3n del Instituto Tecnol\u00f3gico de Estudios Superiores de Los Cabos, atendiendo la demanda creciente de la sociedad por la instalaci\u00f3n de &hellip; Historia Leer m\u00e1s &raquo;\" \/>\n<meta property=\"og:url\" content=\"https:\/\/www.itesloscabos.edu.mx\/inicio\/about-copy-4\/\" \/>\n<meta property=\"og:site_name\" content=\"ITES\" \/>\n<meta property=\"article:modified_time\" content=\"2022-03-15T22:22:52+00:00\" \/>\n<meta property=\"og:image\" content=\"https:\/\/ciproba.com.mx\/wp-content\/uploads\/2022\/03\/historia.png\" \/>\n<meta name=\"twitter:card\" content=\"summary_large_image\" \/>\n<meta name=\"twitter:label1\" content=\"Tiempo de lectura\" \/>\n\t<meta name=\"twitter:data1\" content=\"3 minutos\" \/>\n<script type=\"application\/ld+json\" class=\"yoast-schema-graph\">{\"@context\":\"https:\/\/schema.org\",\"@graph\":[{\"@type\":\"WebPage\",\"@id\":\"https:\/\/www.itesloscabos.edu.mx\/inicio\/about-copy-4\/\",\"url\":\"https:\/\/www.itesloscabos.edu.mx\/inicio\/about-copy-4\/\",\"name\":\"Historia - ITES\",\"isPartOf\":{\"@id\":\"https:\/\/www.itesloscabos.edu.mx\/inicio\/#website\"},\"primaryImageOfPage\":{\"@id\":\"https:\/\/www.itesloscabos.edu.mx\/inicio\/about-copy-4\/#primaryimage\"},\"image\":{\"@id\":\"https:\/\/www.itesloscabos.edu.mx\/inicio\/about-copy-4\/#primaryimage\"},\"thumbnailUrl\":\"https:\/\/ciproba.com.mx\/wp-content\/uploads\/2022\/03\/historia.png\",\"datePublished\":\"2022-03-15T02:02:35+00:00\",\"dateModified\":\"2022-03-15T22:22:52+00:00\",\"breadcrumb\":{\"@id\":\"https:\/\/www.itesloscabos.edu.mx\/inicio\/about-copy-4\/#breadcrumb\"},\"inLanguage\":\"es\",\"potentialAction\":[{\"@type\":\"ReadAction\",\"target\":[\"https:\/\/www.itesloscabos.edu.mx\/inicio\/about-copy-4\/\"]}]},{\"@type\":\"ImageObject\",\"inLanguage\":\"es\",\"@id\":\"https:\/\/www.itesloscabos.edu.mx\/inicio\/about-copy-4\/#primaryimage\",\"url\":\"https:\/\/ciproba.com.mx\/wp-content\/uploads\/2022\/03\/historia.png\",\"contentUrl\":\"https:\/\/ciproba.com.mx\/wp-content\/uploads\/2022\/03\/historia.png\"},{\"@type\":\"BreadcrumbList\",\"@id\":\"https:\/\/www.itesloscabos.edu.mx\/inicio\/about-copy-4\/#breadcrumb\",\"itemListElement\":[{\"@type\":\"ListItem\",\"position\":1,\"name\":\"Portada\",\"item\":\"https:\/\/www.itesloscabos.edu.mx\/inicio\/\"},{\"@type\":\"ListItem\",\"position\":2,\"name\":\"Historia\"}]},{\"@type\":\"WebSite\",\"@id\":\"https:\/\/www.itesloscabos.edu.mx\/inicio\/#website\",\"url\":\"https:\/\/www.itesloscabos.edu.mx\/inicio\/\",\"name\":\"ITES\",\"description\":\"Los Cabos\",\"potentialAction\":[{\"@type\":\"SearchAction\",\"target\":{\"@type\":\"EntryPoint\",\"urlTemplate\":\"https:\/\/www.itesloscabos.edu.mx\/inicio\/?s={search_term_string}\"},\"query-input\":{\"@type\":\"PropertyValueSpecification\",\"valueRequired\":true,\"valueName\":\"search_term_string\"}}],\"inLanguage\":\"es\"}]}<\/script>\n<!-- \/ Yoast SEO plugin. -->","yoast_head_json":{"title":"Historia - ITES","robots":{"index":"index","follow":"follow","max-snippet":"max-snippet:-1","max-image-preview":"max-image-preview:large","max-video-preview":"max-video-preview:-1"},"canonical":"https:\/\/www.itesloscabos.edu.mx\/inicio\/about-copy-4\/","og_locale":"es_ES","og_type":"article","og_title":"Historia - ITES","og_description":"historia historia Fundaci\u00f3n del ITES- Los Cabos.En 1999, a inicios de su gobierno, el Lic. Leonel Cota Monta\u00f1o, Gobernador Constitucional del Estado de Baja California Sur, gestion\u00f3 ante la Secretar\u00eda de Educaci\u00f3n P\u00fablica la creaci\u00f3n del Instituto Tecnol\u00f3gico de Estudios Superiores de Los Cabos, atendiendo la demanda creciente de la sociedad por la instalaci\u00f3n de &hellip; Historia Leer m\u00e1s &raquo;","og_url":"https:\/\/www.itesloscabos.edu.mx\/inicio\/about-copy-4\/","og_site_name":"ITES","article_modified_time":"2022-03-15T22:22:52+00:00","og_image":[{"url":"https:\/\/ciproba.com.mx\/wp-content\/uploads\/2022\/03\/historia.png","type":"","width":"","height":""}],"twitter_card":"summary_large_image","twitter_misc":{"Tiempo de lectura":"3 minutos"},"schema":{"@context":"https:\/\/schema.org","@graph":[{"@type":"WebPage","@id":"https:\/\/www.itesloscabos.edu.mx\/inicio\/about-copy-4\/","url":"https:\/\/www.itesloscabos.edu.mx\/inicio\/about-copy-4\/","name":"Historia - ITES","isPartOf":{"@id":"https:\/\/www.itesloscabos.edu.mx\/inicio\/#website"},"primaryImageOfPage":{"@id":"https:\/\/www.itesloscabos.edu.mx\/inicio\/about-copy-4\/#primaryimage"},"image":{"@id":"https:\/\/www.itesloscabos.edu.mx\/inicio\/about-copy-4\/#primaryimage"},"thumbnailUrl":"https:\/\/ciproba.com.mx\/wp-content\/uploads\/2022\/03\/historia.png","datePublished":"2022-03-15T02:02:35+00:00","dateModified":"2022-03-15T22:22:52+00:00","breadcrumb":{"@id":"https:\/\/www.itesloscabos.edu.mx\/inicio\/about-copy-4\/#breadcrumb"},"inLanguage":"es","potentialAction":[{"@type":"ReadAction","target":["https:\/\/www.itesloscabos.edu.mx\/inicio\/about-copy-4\/"]}]},{"@type":"ImageObject","inLanguage":"es","@id":"https:\/\/www.itesloscabos.edu.mx\/inicio\/about-copy-4\/#primaryimage","url":"https:\/\/ciproba.com.mx\/wp-content\/uploads\/2022\/03\/historia.png","contentUrl":"https:\/\/ciproba.com.mx\/wp-content\/uploads\/2022\/03\/historia.png"},{"@type":"BreadcrumbList","@id":"https:\/\/www.itesloscabos.edu.mx\/inicio\/about-copy-4\/#breadcrumb","itemListElement":[{"@type":"ListItem","position":1,"name":"Portada","item":"https:\/\/www.itesloscabos.edu.mx\/inicio\/"},{"@type":"ListItem","position":2,"name":"Historia"}]},{"@type":"WebSite","@id":"https:\/\/www.itesloscabos.edu.mx\/inicio\/#website","url":"https:\/\/www.itesloscabos.edu.mx\/inicio\/","name":"ITES","description":"Los Cabos","potentialAction":[{"@type":"SearchAction","target":{"@type":"EntryPoint","urlTemplate":"https:\/\/www.itesloscabos.edu.mx\/inicio\/?s={search_term_string}"},"query-input":{"@type":"PropertyValueSpecification","valueRequired":true,"valueName":"search_term_string"}}],"inLanguage":"es"}]}},"blog_post_layout_featured_media_urls":{"thumbnail":"","full":""},"categories_names":null,"comments_number":"0","_links":{"self":[{"href":"https:\/\/www.itesloscabos.edu.mx\/inicio\/wp-json\/wp\/v2\/pages\/613","targetHints":{"allow":["GET"]}}],"collection":[{"href":"https:\/\/www.itesloscabos.edu.mx\/inicio\/wp-json\/wp\/v2\/pages"}],"about":[{"href":"https:\/\/www.itesloscabos.edu.mx\/inicio\/wp-json\/wp\/v2\/types\/page"}],"author":[{"embeddable":true,"href":"https:\/\/www.itesloscabos.edu.mx\/inicio\/wp-json\/wp\/v2\/users\/1"}],"replies":[{"embeddable":true,"href":"https:\/\/www.itesloscabos.edu.mx\/inicio\/wp-json\/wp\/v2\/comments?post=613"}],"version-history":[{"count":11,"href":"https:\/\/www.itesloscabos.edu.mx\/inicio\/wp-json\/wp\/v2\/pages\/613\/revisions"}],"predecessor-version":[{"id":783,"href":"https:\/\/www.itesloscabos.edu.mx\/inicio\/wp-json\/wp\/v2\/pages\/613\/revisions\/783"}],"wp:attachment":[{"href":"https:\/\/www.itesloscabos.edu.mx\/inicio\/wp-json\/wp\/v2\/media?parent=613"}],"curies":[{"name":"wp","href":"https:\/\/api.w.org\/{rel}","templated":true}]}}