{"id":610,"date":"2022-03-15T02:00:56","date_gmt":"2022-03-15T02:00:56","guid":{"rendered":"https:\/\/ciproba.com.mx\/?page_id=610"},"modified":"2022-03-15T22:32:49","modified_gmt":"2022-03-15T22:32:49","slug":"about-copy-3","status":"publish","type":"page","link":"https:\/\/www.itesloscabos.edu.mx\/inicio\/about-copy-3\/","title":{"rendered":"Qui\u00e9nes Somos"},"content":{"rendered":"\n\n\t<h1>\n\t\t\t\t\t\u00bfQui\u00e9nes somos?\n\t\t\t\t<\/h1>\n\t<strong>\u00bfQui\u00e9nes somos?<\/strong><br \/>\nEl Instituto Tecnol\u00f3gico de Estudios Superiores de Los Cabos (ITES Los Cabos) es un organismo descentralizado del Gobierno del estado de Baja California Sur, perteneciente al Tecnol\u00f3gico Nacional de M\u00e9xico, que tiene como objetivo impartir e impulsar la educaci\u00f3n superior tecnol\u00f3gica, as\u00ed como realizar investigaci\u00f3n cient\u00edfica y tecnol\u00f3gica, que contribuya a elevar la calidad acad\u00e9mica, vincul\u00e1ndola con las necesidades de desarrollo regional, estatal y nacional.<br \/>\nSe encuentra localizado en Blvd. Tecnol\u00f3gico de Los Cabos, Col. Guaymitas, C.P. 23407 en San Jos\u00e9 del Cabo, B.C.S.<br \/>\nEl ITES Los Cabos inicia operaciones en el ciclo escolar 2000-2001, con 2 carreras y una matr\u00edcula de 108 estudiantes, en 2014 se aperturan dos unidades acad\u00e9micas en las delegaciones de Cabo San Lucas y Santiago, para este 2017 se cuenta con una matr\u00edcula de 2528 estudiantes.<br \/>\nLa oferta educativa actualmente es de ocho carreras que son Ing. en Administraci\u00f3n, Ing. en Sistemas Computacionales, Ing. Electromec\u00e1nica, Ing. Civil, Contador P\u00fablico, Gastronom\u00eda, Arquitectura y Licenciatura en Turismo.<br \/>\nEn el tema de calidad ITES Los Cabos ha obtenido acreditaciones y certificaciones para brindar un servicio educativo de calidad en el municipio de Los Cabos.<br \/>\nEn el a\u00f1o 2003 implementa un Sistema de Gesti\u00f3n de la Calidad conforme ISO 9001:2000 y logra la certificaci\u00f3n en el 2004, teniendo su segunda recertificaci\u00f3n en el 2010 bajo la ISO 9001:2008 y tercera recertificaci\u00f3n en el a\u00f1o 2013 bajo la norma ISO 9001:2008, este 2016 obtiene por cuarta ocasi\u00f3n la recertificaci\u00f3n bajo la norma ISO 9001:2008.<br \/>\nEn mayo del 2010 el Consejo para la Acreditaci\u00f3n de la Ense\u00f1anza de Contadur\u00eda y Administraci\u00f3n, (CACECA, A.C.) otorga el Dictamen de Acreditaci\u00f3n de la carrera en Administraci\u00f3n y en Diciembre de 2013 se obtiene la Acreditaci\u00f3n de la carrera Contador P\u00fablico.<br \/>\nEn Abril de 2011 se obtiene la acreditaci\u00f3n para la carrera Ingenier\u00eda en Sistemas Computacionales por parte del Consejo de Acreditaci\u00f3n de la Ingenier\u00eda (CACEI A.C.).<br \/>\nEn Octubre de 2013 se obtiene por parte del Consejo Nacional de Normalizaci\u00f3n y Certificaci\u00f3n de Competencias Laborales (CONOCER), la Acreditaci\u00f3n como casa certificadora de competencias en el municipio de Los Cabos, creando la entidad CONOCER-ITES Los Cabos, este 2017 nuestra Entidad CONOCER ITES Los Cabos cuenta con 4 centros de evaluaci\u00f3n en el estado y 1 a nivel Nacional.\nEn Marzo de 2015 se implementa el Sistema de Gesti\u00f3n Ambiental (SGA) conforme a la norma ISO 14001:2014, formando parte del grupo 1C de Institutos Tecnol\u00f3gicos Descentralizados del Tecnol\u00f3gico Nacional de M\u00e9xico.<br \/>\nBuscando ampliar nuestra oferta educativa en materia de posgrados, se imparte la primera maestr\u00eda en ITES Los Cabos, en colaboraci\u00f3n con la Universidad de Occidente en el a\u00f1o 2013 se inician clases de la maestr\u00eda en Estudios Parlamentarios con un grupo de 40 estudiantes, actualmente se busca impartir nuevas maestr\u00edas y doctorados.<br \/>\nEn enero de 2014 se presenta la primera Revista de corte Cient\u00edfico en el Instituto, bajo el nombre INNOVAITESCYT con registro en INDAUTOR, para Diciembre 2015 se lanza el Segundo n\u00famero de la revista en la cual publican investigadores del instituto y de diversas instituciones a nivel nacional e internacional, Diciembre de 2016 se imprime el tiraje de la tercera edici\u00f3n con publicaciones a nivel internacional y es presentado en Enero de 2017.<br \/>\nActualmente en Agosto de 2016 se suma a nuestra oferta educativa la primera carrera en l\u00ednea como opci\u00f3n de educaci\u00f3n a distancia, ha sido seleccionada la carrera de Ing. en Administraci\u00f3n para dar inicio con esta modalidad educativa en el instituto, aperturando este 2017 la segunda generaci\u00f3n de esta modalidad.<br \/>\nEn el segundo semestre de 2016 se inici\u00f3 con el programa Modelo de Educaci\u00f3n Dual, el cual es un programa de formaci\u00f3n te\u00f3rico-pr\u00e1ctico para que el estudiante lleve su especialidad y residencia durante 1 a\u00f1o en una empresa de la localidad, en el cual podr\u00e1 desempe\u00f1ar competencias profesionales en un \u00e1mbito laboral y acad\u00e9mico, contando con asesores internos y externos, la primera generaci\u00f3n de formaci\u00f3n en este modelo es de 22 estudiantes de las diversas carreras del instituto.<br \/>\nDurante seis a\u00f1os nos hemos colocado en el ranking de las 100 mejores universidades del pa\u00eds elaborado por la Revista Mi Gu\u00eda Universitaria (Selecciones, Reader\u00b4s Digest).\n\n","protected":false},"excerpt":{"rendered":"<p>\u00bfQui\u00e9nes somos? \u00bfQui\u00e9nes somos? El Instituto Tecnol\u00f3gico de Estudios Superiores de Los Cabos (ITES Los Cabos) es un organismo descentralizado del Gobierno del estado de Baja California Sur, perteneciente al Tecnol\u00f3gico Nacional de M\u00e9xico, que tiene como objetivo impartir e impulsar la educaci\u00f3n superior tecnol\u00f3gica, as\u00ed como realizar investigaci\u00f3n cient\u00edfica y tecnol\u00f3gica, que contribuya a &hellip;<\/p>\n<p class=\"read-more\"> <a class=\"\" href=\"https:\/\/www.itesloscabos.edu.mx\/inicio\/about-copy-3\/\"> <span class=\"screen-reader-text\">Qui\u00e9nes Somos<\/span> Leer m\u00e1s &raquo;<\/a><\/p>\n","protected":false},"author":1,"featured_media":0,"parent":0,"menu_order":0,"comment_status":"closed","ping_status":"closed","template":"","meta":{"om_disable_all_campaigns":false,"_monsterinsights_skip_tracking":false,"_monsterinsights_sitenote_active":false,"_monsterinsights_sitenote_note":"","_monsterinsights_sitenote_category":0,"_uf_show_specific_survey":0,"_uf_disable_surveys":false,"site-sidebar-layout":"no-sidebar","site-content-layout":"page-builder","ast-main-header-display":"","ast-hfb-above-header-display":"","ast-hfb-below-header-display":"","ast-hfb-mobile-header-display":"","site-post-title":"disabled","ast-breadcrumbs-content":"","ast-featured-img":"disabled","footer-sml-layout":"","theme-transparent-header-meta":"enabled","adv-header-id-meta":"","stick-header-meta":"","header-above-stick-meta":"","header-main-stick-meta":"","header-below-stick-meta":"","footnotes":""},"class_list":["post-610","page","type-page","status-publish","hentry"],"aioseo_notices":[],"yoast_head":"<!-- This site is optimized with the Yoast SEO plugin v27.2 - https:\/\/yoast.com\/product\/yoast-seo-wordpress\/ -->\n<title>Qui\u00e9nes Somos - ITES<\/title>\n<meta name=\"robots\" content=\"index, follow, max-snippet:-1, max-image-preview:large, max-video-preview:-1\" \/>\n<link rel=\"canonical\" href=\"https:\/\/www.itesloscabos.edu.mx\/inicio\/about-copy-3\/\" \/>\n<meta property=\"og:locale\" content=\"es_ES\" \/>\n<meta property=\"og:type\" content=\"article\" \/>\n<meta property=\"og:title\" content=\"Qui\u00e9nes Somos - ITES\" \/>\n<meta property=\"og:description\" content=\"\u00bfQui\u00e9nes somos? \u00bfQui\u00e9nes somos? El Instituto Tecnol\u00f3gico de Estudios Superiores de Los Cabos (ITES Los Cabos) es un organismo descentralizado del Gobierno del estado de Baja California Sur, perteneciente al Tecnol\u00f3gico Nacional de M\u00e9xico, que tiene como objetivo impartir e impulsar la educaci\u00f3n superior tecnol\u00f3gica, as\u00ed como realizar investigaci\u00f3n cient\u00edfica y tecnol\u00f3gica, que contribuya a &hellip; Qui\u00e9nes Somos Leer m\u00e1s &raquo;\" \/>\n<meta property=\"og:url\" content=\"https:\/\/www.itesloscabos.edu.mx\/inicio\/about-copy-3\/\" \/>\n<meta property=\"og:site_name\" content=\"ITES\" \/>\n<meta property=\"article:modified_time\" content=\"2022-03-15T22:32:49+00:00\" \/>\n<meta name=\"twitter:card\" content=\"summary_large_image\" \/>\n<meta name=\"twitter:label1\" content=\"Tiempo de lectura\" \/>\n\t<meta name=\"twitter:data1\" content=\"4 minutos\" \/>\n<script type=\"application\/ld+json\" class=\"yoast-schema-graph\">{\"@context\":\"https:\/\/schema.org\",\"@graph\":[{\"@type\":\"WebPage\",\"@id\":\"https:\/\/www.itesloscabos.edu.mx\/inicio\/about-copy-3\/\",\"url\":\"https:\/\/www.itesloscabos.edu.mx\/inicio\/about-copy-3\/\",\"name\":\"Qui\u00e9nes Somos - ITES\",\"isPartOf\":{\"@id\":\"https:\/\/www.itesloscabos.edu.mx\/inicio\/#website\"},\"datePublished\":\"2022-03-15T02:00:56+00:00\",\"dateModified\":\"2022-03-15T22:32:49+00:00\",\"breadcrumb\":{\"@id\":\"https:\/\/www.itesloscabos.edu.mx\/inicio\/about-copy-3\/#breadcrumb\"},\"inLanguage\":\"es\",\"potentialAction\":[{\"@type\":\"ReadAction\",\"target\":[\"https:\/\/www.itesloscabos.edu.mx\/inicio\/about-copy-3\/\"]}]},{\"@type\":\"BreadcrumbList\",\"@id\":\"https:\/\/www.itesloscabos.edu.mx\/inicio\/about-copy-3\/#breadcrumb\",\"itemListElement\":[{\"@type\":\"ListItem\",\"position\":1,\"name\":\"Portada\",\"item\":\"https:\/\/www.itesloscabos.edu.mx\/inicio\/\"},{\"@type\":\"ListItem\",\"position\":2,\"name\":\"Qui\u00e9nes Somos\"}]},{\"@type\":\"WebSite\",\"@id\":\"https:\/\/www.itesloscabos.edu.mx\/inicio\/#website\",\"url\":\"https:\/\/www.itesloscabos.edu.mx\/inicio\/\",\"name\":\"ITES\",\"description\":\"Los Cabos\",\"potentialAction\":[{\"@type\":\"SearchAction\",\"target\":{\"@type\":\"EntryPoint\",\"urlTemplate\":\"https:\/\/www.itesloscabos.edu.mx\/inicio\/?s={search_term_string}\"},\"query-input\":{\"@type\":\"PropertyValueSpecification\",\"valueRequired\":true,\"valueName\":\"search_term_string\"}}],\"inLanguage\":\"es\"}]}<\/script>\n<!-- \/ Yoast SEO plugin. -->","yoast_head_json":{"title":"Qui\u00e9nes Somos - ITES","robots":{"index":"index","follow":"follow","max-snippet":"max-snippet:-1","max-image-preview":"max-image-preview:large","max-video-preview":"max-video-preview:-1"},"canonical":"https:\/\/www.itesloscabos.edu.mx\/inicio\/about-copy-3\/","og_locale":"es_ES","og_type":"article","og_title":"Qui\u00e9nes Somos - ITES","og_description":"\u00bfQui\u00e9nes somos? \u00bfQui\u00e9nes somos? El Instituto Tecnol\u00f3gico de Estudios Superiores de Los Cabos (ITES Los Cabos) es un organismo descentralizado del Gobierno del estado de Baja California Sur, perteneciente al Tecnol\u00f3gico Nacional de M\u00e9xico, que tiene como objetivo impartir e impulsar la educaci\u00f3n superior tecnol\u00f3gica, as\u00ed como realizar investigaci\u00f3n cient\u00edfica y tecnol\u00f3gica, que contribuya a &hellip; Qui\u00e9nes Somos Leer m\u00e1s &raquo;","og_url":"https:\/\/www.itesloscabos.edu.mx\/inicio\/about-copy-3\/","og_site_name":"ITES","article_modified_time":"2022-03-15T22:32:49+00:00","twitter_card":"summary_large_image","twitter_misc":{"Tiempo de lectura":"4 minutos"},"schema":{"@context":"https:\/\/schema.org","@graph":[{"@type":"WebPage","@id":"https:\/\/www.itesloscabos.edu.mx\/inicio\/about-copy-3\/","url":"https:\/\/www.itesloscabos.edu.mx\/inicio\/about-copy-3\/","name":"Qui\u00e9nes Somos - ITES","isPartOf":{"@id":"https:\/\/www.itesloscabos.edu.mx\/inicio\/#website"},"datePublished":"2022-03-15T02:00:56+00:00","dateModified":"2022-03-15T22:32:49+00:00","breadcrumb":{"@id":"https:\/\/www.itesloscabos.edu.mx\/inicio\/about-copy-3\/#breadcrumb"},"inLanguage":"es","potentialAction":[{"@type":"ReadAction","target":["https:\/\/www.itesloscabos.edu.mx\/inicio\/about-copy-3\/"]}]},{"@type":"BreadcrumbList","@id":"https:\/\/www.itesloscabos.edu.mx\/inicio\/about-copy-3\/#breadcrumb","itemListElement":[{"@type":"ListItem","position":1,"name":"Portada","item":"https:\/\/www.itesloscabos.edu.mx\/inicio\/"},{"@type":"ListItem","position":2,"name":"Qui\u00e9nes Somos"}]},{"@type":"WebSite","@id":"https:\/\/www.itesloscabos.edu.mx\/inicio\/#website","url":"https:\/\/www.itesloscabos.edu.mx\/inicio\/","name":"ITES","description":"Los Cabos","potentialAction":[{"@type":"SearchAction","target":{"@type":"EntryPoint","urlTemplate":"https:\/\/www.itesloscabos.edu.mx\/inicio\/?s={search_term_string}"},"query-input":{"@type":"PropertyValueSpecification","valueRequired":true,"valueName":"search_term_string"}}],"inLanguage":"es"}]}},"blog_post_layout_featured_media_urls":{"thumbnail":"","full":""},"categories_names":null,"comments_number":"0","_links":{"self":[{"href":"https:\/\/www.itesloscabos.edu.mx\/inicio\/wp-json\/wp\/v2\/pages\/610","targetHints":{"allow":["GET"]}}],"collection":[{"href":"https:\/\/www.itesloscabos.edu.mx\/inicio\/wp-json\/wp\/v2\/pages"}],"about":[{"href":"https:\/\/www.itesloscabos.edu.mx\/inicio\/wp-json\/wp\/v2\/types\/page"}],"author":[{"embeddable":true,"href":"https:\/\/www.itesloscabos.edu.mx\/inicio\/wp-json\/wp\/v2\/users\/1"}],"replies":[{"embeddable":true,"href":"https:\/\/www.itesloscabos.edu.mx\/inicio\/wp-json\/wp\/v2\/comments?post=610"}],"version-history":[{"count":2,"href":"https:\/\/www.itesloscabos.edu.mx\/inicio\/wp-json\/wp\/v2\/pages\/610\/revisions"}],"predecessor-version":[{"id":788,"href":"https:\/\/www.itesloscabos.edu.mx\/inicio\/wp-json\/wp\/v2\/pages\/610\/revisions\/788"}],"wp:attachment":[{"href":"https:\/\/www.itesloscabos.edu.mx\/inicio\/wp-json\/wp\/v2\/media?parent=610"}],"curies":[{"name":"wp","href":"https:\/\/api.w.org\/{rel}","templated":true}]}}