{"id":5243,"date":"2024-08-08T15:15:59","date_gmt":"2024-08-08T21:15:59","guid":{"rendered":"https:\/\/www.itesloscabos.edu.mx\/inicio\/?page_id=5243"},"modified":"2024-08-08T15:22:42","modified_gmt":"2024-08-08T21:22:42","slug":"contacto-ing-administracion-modalidad-mixta","status":"publish","type":"page","link":"https:\/\/www.itesloscabos.edu.mx\/inicio\/contacto-ing-administracion-modalidad-mixta\/","title":{"rendered":"Contacto Ing. Administraci\u00f3n Modalidad Mixta"},"content":{"rendered":"\n<h2>\n\t\t\u00a1Cont\u00e1ctanos y resuelve todas tus dudas!\n\t<\/h2>\n\t<p>Estamos aqu\u00ed para ayudarte y resolver cualquier inquietud que puedas tener. Ya sea que necesites m\u00e1s informaci\u00f3n o tengas preguntas espec\u00edficas, o simplemente quieras darnos tu opini\u00f3n, no dudes en ponerte en contacto con nosotros.<\/p>\n<p>Puedes enviarnos un mensaje a trav\u00e9s del formulario de contacto a continuaci\u00f3n, llamarnos directamente al 624-14 25 \u00a0939 \/\u00a0 624-16 32 250, ext. 2004 o escribirnos a difusion@loscabos.tecnm.mx, nuestro equipo de atenci\u00f3n\u00a0 est\u00e1 disponible de lunes a viernes de 9:00 a.m. a 3:00 p.m. y de 5:00 p.m. a 7:00 p.m. para asistirte con la mayor rapidez y amabilidad posible.<\/p>\n<p>\u00a1Esperamos tu mensaje y estamos aqu\u00ed para hacer tu experiencia lo m\u00e1s satisfactoria posible!<\/p>\n\t<div class=\"wpforms-container \" id=\"wpforms-735\"><form id=\"wpforms-form-735\" class=\"wpforms-validate wpforms-form wpforms-ajax-form\" data-formid=\"735\" method=\"post\" enctype=\"multipart\/form-data\" action=\"\/inicio\/wp-json\/wp\/v2\/pages\/5243\" data-token=\"d7eba15c7946d7f4f9ecdfe7e496dd10\" data-token-time=\"1778950369\"><noscript class=\"wpforms-error-noscript\">Por favor, activa JavaScript en tu navegador para completar este formulario.<\/noscript><div class=\"wpforms-field-container\"><div id=\"wpforms-735-field_1-container\" class=\"wpforms-field wpforms-field-text\" data-field-id=\"1\"><label class=\"wpforms-field-label\" for=\"wpforms-735-field_1\">Nombre<\/label><input type=\"text\" id=\"wpforms-735-field_1\" class=\"wpforms-field-medium\" name=\"wpforms[fields][1]\" ><\/div><div id=\"wpforms-735-field_2-container\" class=\"wpforms-field wpforms-field-email\" data-field-id=\"2\"><label class=\"wpforms-field-label\" for=\"wpforms-735-field_2\">Correo electr\u00f3nico <span class=\"wpforms-required-label\">*<\/span><\/label><input type=\"email\" id=\"wpforms-735-field_2\" class=\"wpforms-field-medium wpforms-field-required\" name=\"wpforms[fields][2]\" spellcheck=\"false\" required><\/div><div id=\"wpforms-735-field_4-container\" class=\"wpforms-field wpforms-field-number\" data-field-id=\"4\"><label class=\"wpforms-field-label\" for=\"wpforms-735-field_4\">Whatsapp<\/label><input type=\"number\" id=\"wpforms-735-field_4\" class=\"wpforms-field-medium\" name=\"wpforms[fields][4]\" step=\"any\" ><\/div><div id=\"wpforms-735-field_3-container\" class=\"wpforms-field wpforms-field-textarea\" data-field-id=\"3\"><label class=\"wpforms-field-label\" for=\"wpforms-735-field_3\">Agregar Mensaje <\/label><textarea id=\"wpforms-735-field_3\" class=\"wpforms-field-medium\" name=\"wpforms[fields][3]\" ><\/textarea><\/div><\/div><!-- .wpforms-field-container --><div class=\"wpforms-submit-container\" ><input type=\"hidden\" name=\"wpforms[id]\" value=\"735\"><input type=\"hidden\" name=\"page_title\" value=\"\"><input type=\"hidden\" name=\"page_url\" value=\"https:\/\/www.itesloscabos.edu.mx\/inicio\/wp-json\/wp\/v2\/pages\/5243\"><input type=\"hidden\" name=\"url_referer\" value=\"\"><button type=\"submit\" name=\"wpforms[submit]\" id=\"wpforms-submit-735\" class=\"wpforms-submit\" data-alt-text=\"Enviando...\" data-submit-text=\"Enviar\" aria-live=\"assertive\" value=\"wpforms-submit\">Enviar<\/button><img loading=\"lazy\" decoding=\"async\" src=\"https:\/\/www.itesloscabos.edu.mx\/wp-content\/plugins\/wpforms-lite\/assets\/images\/submit-spin.svg\" class=\"wpforms-submit-spinner\" style=\"display: none;\" width=\"26\" height=\"26\" alt=\"Cargando\"><\/div><\/form><\/div>  <!-- .wpforms-container -->\n\n","protected":false},"excerpt":{"rendered":"<p>\u00a1Cont\u00e1ctanos y resuelve todas tus dudas! Estamos aqu\u00ed para ayudarte y resolver cualquier inquietud que puedas tener. Ya sea que necesites m\u00e1s informaci\u00f3n o tengas preguntas espec\u00edficas, o simplemente quieras darnos tu opini\u00f3n, no dudes en ponerte en contacto con nosotros. Puedes enviarnos un mensaje a trav\u00e9s del formulario de contacto a continuaci\u00f3n, llamarnos directamente &hellip;<\/p>\n<p class=\"read-more\"> <a class=\"\" href=\"https:\/\/www.itesloscabos.edu.mx\/inicio\/contacto-ing-administracion-modalidad-mixta\/\"> <span class=\"screen-reader-text\">Contacto Ing. Administraci\u00f3n Modalidad Mixta<\/span> Leer m\u00e1s &raquo;<\/a><\/p>\n","protected":false},"author":1,"featured_media":0,"parent":0,"menu_order":0,"comment_status":"closed","ping_status":"closed","template":"","meta":{"om_disable_all_campaigns":false,"_monsterinsights_skip_tracking":false,"_monsterinsights_sitenote_active":false,"_monsterinsights_sitenote_note":"","_monsterinsights_sitenote_category":0,"_uf_show_specific_survey":0,"_uf_disable_surveys":false,"site-sidebar-layout":"no-sidebar","site-content-layout":"page-builder","ast-main-header-display":"","ast-hfb-above-header-display":"","ast-hfb-below-header-display":"","ast-hfb-mobile-header-display":"","site-post-title":"disabled","ast-breadcrumbs-content":"","ast-featured-img":"disabled","footer-sml-layout":"","theme-transparent-header-meta":"default","adv-header-id-meta":"","stick-header-meta":"","header-above-stick-meta":"","header-main-stick-meta":"","header-below-stick-meta":"","footnotes":""},"class_list":["post-5243","page","type-page","status-publish","hentry"],"aioseo_notices":[],"yoast_head":"<!-- This site is optimized with the Yoast SEO plugin v27.2 - https:\/\/yoast.com\/product\/yoast-seo-wordpress\/ -->\n<title>Contacto Ing. Administraci\u00f3n Modalidad Mixta - ITES<\/title>\n<meta name=\"robots\" content=\"index, follow, max-snippet:-1, max-image-preview:large, max-video-preview:-1\" \/>\n<link rel=\"canonical\" href=\"https:\/\/www.itesloscabos.edu.mx\/inicio\/contacto-ing-administracion-modalidad-mixta\/\" \/>\n<meta property=\"og:locale\" content=\"es_ES\" \/>\n<meta property=\"og:type\" content=\"article\" \/>\n<meta property=\"og:title\" content=\"Contacto Ing. Administraci\u00f3n Modalidad Mixta - ITES\" \/>\n<meta property=\"og:description\" content=\"\u00a1Cont\u00e1ctanos y resuelve todas tus dudas! Estamos aqu\u00ed para ayudarte y resolver cualquier inquietud que puedas tener. Ya sea que necesites m\u00e1s informaci\u00f3n o tengas preguntas espec\u00edficas, o simplemente quieras darnos tu opini\u00f3n, no dudes en ponerte en contacto con nosotros. Puedes enviarnos un mensaje a trav\u00e9s del formulario de contacto a continuaci\u00f3n, llamarnos directamente &hellip; Contacto Ing. Administraci\u00f3n Modalidad Mixta Leer m\u00e1s &raquo;\" \/>\n<meta property=\"og:url\" content=\"https:\/\/www.itesloscabos.edu.mx\/inicio\/contacto-ing-administracion-modalidad-mixta\/\" \/>\n<meta property=\"og:site_name\" content=\"ITES\" \/>\n<meta property=\"article:modified_time\" content=\"2024-08-08T21:22:42+00:00\" \/>\n<meta name=\"twitter:card\" content=\"summary_large_image\" \/>\n<script type=\"application\/ld+json\" class=\"yoast-schema-graph\">{\"@context\":\"https:\/\/schema.org\",\"@graph\":[{\"@type\":\"WebPage\",\"@id\":\"https:\/\/www.itesloscabos.edu.mx\/inicio\/contacto-ing-administracion-modalidad-mixta\/\",\"url\":\"https:\/\/www.itesloscabos.edu.mx\/inicio\/contacto-ing-administracion-modalidad-mixta\/\",\"name\":\"Contacto Ing. Administraci\u00f3n Modalidad Mixta - ITES\",\"isPartOf\":{\"@id\":\"https:\/\/www.itesloscabos.edu.mx\/inicio\/#website\"},\"datePublished\":\"2024-08-08T21:15:59+00:00\",\"dateModified\":\"2024-08-08T21:22:42+00:00\",\"breadcrumb\":{\"@id\":\"https:\/\/www.itesloscabos.edu.mx\/inicio\/contacto-ing-administracion-modalidad-mixta\/#breadcrumb\"},\"inLanguage\":\"es\",\"potentialAction\":[{\"@type\":\"ReadAction\",\"target\":[\"https:\/\/www.itesloscabos.edu.mx\/inicio\/contacto-ing-administracion-modalidad-mixta\/\"]}]},{\"@type\":\"BreadcrumbList\",\"@id\":\"https:\/\/www.itesloscabos.edu.mx\/inicio\/contacto-ing-administracion-modalidad-mixta\/#breadcrumb\",\"itemListElement\":[{\"@type\":\"ListItem\",\"position\":1,\"name\":\"Portada\",\"item\":\"https:\/\/www.itesloscabos.edu.mx\/inicio\/\"},{\"@type\":\"ListItem\",\"position\":2,\"name\":\"Contacto Ing. Administraci\u00f3n Modalidad Mixta\"}]},{\"@type\":\"WebSite\",\"@id\":\"https:\/\/www.itesloscabos.edu.mx\/inicio\/#website\",\"url\":\"https:\/\/www.itesloscabos.edu.mx\/inicio\/\",\"name\":\"ITES\",\"description\":\"Los Cabos\",\"potentialAction\":[{\"@type\":\"SearchAction\",\"target\":{\"@type\":\"EntryPoint\",\"urlTemplate\":\"https:\/\/www.itesloscabos.edu.mx\/inicio\/?s={search_term_string}\"},\"query-input\":{\"@type\":\"PropertyValueSpecification\",\"valueRequired\":true,\"valueName\":\"search_term_string\"}}],\"inLanguage\":\"es\"}]}<\/script>\n<!-- \/ Yoast SEO plugin. -->","yoast_head_json":{"title":"Contacto Ing. Administraci\u00f3n Modalidad Mixta - ITES","robots":{"index":"index","follow":"follow","max-snippet":"max-snippet:-1","max-image-preview":"max-image-preview:large","max-video-preview":"max-video-preview:-1"},"canonical":"https:\/\/www.itesloscabos.edu.mx\/inicio\/contacto-ing-administracion-modalidad-mixta\/","og_locale":"es_ES","og_type":"article","og_title":"Contacto Ing. Administraci\u00f3n Modalidad Mixta - ITES","og_description":"\u00a1Cont\u00e1ctanos y resuelve todas tus dudas! Estamos aqu\u00ed para ayudarte y resolver cualquier inquietud que puedas tener. Ya sea que necesites m\u00e1s informaci\u00f3n o tengas preguntas espec\u00edficas, o simplemente quieras darnos tu opini\u00f3n, no dudes en ponerte en contacto con nosotros. Puedes enviarnos un mensaje a trav\u00e9s del formulario de contacto a continuaci\u00f3n, llamarnos directamente &hellip; Contacto Ing. Administraci\u00f3n Modalidad Mixta Leer m\u00e1s &raquo;","og_url":"https:\/\/www.itesloscabos.edu.mx\/inicio\/contacto-ing-administracion-modalidad-mixta\/","og_site_name":"ITES","article_modified_time":"2024-08-08T21:22:42+00:00","twitter_card":"summary_large_image","schema":{"@context":"https:\/\/schema.org","@graph":[{"@type":"WebPage","@id":"https:\/\/www.itesloscabos.edu.mx\/inicio\/contacto-ing-administracion-modalidad-mixta\/","url":"https:\/\/www.itesloscabos.edu.mx\/inicio\/contacto-ing-administracion-modalidad-mixta\/","name":"Contacto Ing. Administraci\u00f3n Modalidad Mixta - ITES","isPartOf":{"@id":"https:\/\/www.itesloscabos.edu.mx\/inicio\/#website"},"datePublished":"2024-08-08T21:15:59+00:00","dateModified":"2024-08-08T21:22:42+00:00","breadcrumb":{"@id":"https:\/\/www.itesloscabos.edu.mx\/inicio\/contacto-ing-administracion-modalidad-mixta\/#breadcrumb"},"inLanguage":"es","potentialAction":[{"@type":"ReadAction","target":["https:\/\/www.itesloscabos.edu.mx\/inicio\/contacto-ing-administracion-modalidad-mixta\/"]}]},{"@type":"BreadcrumbList","@id":"https:\/\/www.itesloscabos.edu.mx\/inicio\/contacto-ing-administracion-modalidad-mixta\/#breadcrumb","itemListElement":[{"@type":"ListItem","position":1,"name":"Portada","item":"https:\/\/www.itesloscabos.edu.mx\/inicio\/"},{"@type":"ListItem","position":2,"name":"Contacto Ing. Administraci\u00f3n Modalidad Mixta"}]},{"@type":"WebSite","@id":"https:\/\/www.itesloscabos.edu.mx\/inicio\/#website","url":"https:\/\/www.itesloscabos.edu.mx\/inicio\/","name":"ITES","description":"Los Cabos","potentialAction":[{"@type":"SearchAction","target":{"@type":"EntryPoint","urlTemplate":"https:\/\/www.itesloscabos.edu.mx\/inicio\/?s={search_term_string}"},"query-input":{"@type":"PropertyValueSpecification","valueRequired":true,"valueName":"search_term_string"}}],"inLanguage":"es"}]}},"blog_post_layout_featured_media_urls":{"thumbnail":"","full":""},"categories_names":null,"comments_number":"0","_links":{"self":[{"href":"https:\/\/www.itesloscabos.edu.mx\/inicio\/wp-json\/wp\/v2\/pages\/5243","targetHints":{"allow":["GET"]}}],"collection":[{"href":"https:\/\/www.itesloscabos.edu.mx\/inicio\/wp-json\/wp\/v2\/pages"}],"about":[{"href":"https:\/\/www.itesloscabos.edu.mx\/inicio\/wp-json\/wp\/v2\/types\/page"}],"author":[{"embeddable":true,"href":"https:\/\/www.itesloscabos.edu.mx\/inicio\/wp-json\/wp\/v2\/users\/1"}],"replies":[{"embeddable":true,"href":"https:\/\/www.itesloscabos.edu.mx\/inicio\/wp-json\/wp\/v2\/comments?post=5243"}],"version-history":[{"count":3,"href":"https:\/\/www.itesloscabos.edu.mx\/inicio\/wp-json\/wp\/v2\/pages\/5243\/revisions"}],"predecessor-version":[{"id":5246,"href":"https:\/\/www.itesloscabos.edu.mx\/inicio\/wp-json\/wp\/v2\/pages\/5243\/revisions\/5246"}],"wp:attachment":[{"href":"https:\/\/www.itesloscabos.edu.mx\/inicio\/wp-json\/wp\/v2\/media?parent=5243"}],"curies":[{"name":"wp","href":"https:\/\/api.w.org\/{rel}","templated":true}]}}