{"id":5232,"date":"2024-08-07T19:09:23","date_gmt":"2024-08-08T01:09:23","guid":{"rendered":"https:\/\/www.itesloscabos.edu.mx\/inicio\/?page_id=5232"},"modified":"2026-01-23T12:48:43","modified_gmt":"2026-01-23T18:48:43","slug":"directorio","status":"publish","type":"page","link":"https:\/\/www.itesloscabos.edu.mx\/inicio\/directorio\/","title":{"rendered":"Directorio"},"content":{"rendered":"\n\n\t<ul>\n\t\t<li><h3>Directorio Telef\u00f3nico<\/h3><p>\u00a0\uf0b7 Tamara Alejandra Montalvo Arce<br \/>Directora General<br \/>Tel\u00e9fono:\u00a0624-14 25 \u00a0939 \/\u00a0 624-16 32 250 Ext. 2001<br \/>Correo Electr\u00f3nico:\u00a0direcciongeneral@loscabos.tecnm.mx\uf0b7 Claudia D\u00edaz Zavala<br \/>Direcci\u00f3n Acad\u00e9mica<br \/>Tel\u00e9fono:\u00a0624-14 25 \u00a0939 \/\u00a0 624-16 32 250 Ext.2007<br \/>Correo Electr\u00f3nico:\u00a0direccionacademica@loscabos.tecnm.mx\uf0b7 Jos\u00e9 Rub\u00e9n Cota Manriquez<br \/>Direcci\u00f3n de Planeaci\u00f3n y Vinculaci\u00f3n<br \/>Tel\u00e9fono:\u00a0624-14 25 \u00a0939 \/\u00a0 624-16 32 250 Ext. 2038<br \/>Correo Electr\u00f3nico:\u00a0direccionplanvinc@loscabos.tecnm.mx\uf0b7 Virginia Berenice Niebla Zatarain<br \/>Subdirecci\u00f3n de Investigaci\u00f3n y Posgrado\u00a0<br \/>Tel\u00e9fono:\u00a0624-14 25 \u00a0939 \/\u00a0 624-16 32 250<br \/>Correo Electr\u00f3nico:\u00a0direccioninvestigacion@loscabos.tecnm.mx\uf0b7 Miguel Mart\u00edn Mill\u00e1n Jim\u00e9nez<br \/>Subdirecci\u00f3n Acad\u00e9mica<br \/>Tel\u00e9fono:\u00a0624-14 25 \u00a0939 \/\u00a0 624-16 32 250<br \/>Correo Electr\u00f3nico:\u00a0subdireccionacademica@loscabos.tecnm.mx\uf0b7 Jorge Luis Espinoza Hern\u00e1ndez<br \/>Subdirecci\u00f3n de Vinculaci\u00f3n<br \/>Tel\u00e9fono:\u00a0624-14 25 \u00a0939 \/\u00a0 624-16 32 250 Ext. 2008<br \/>Correo Electr\u00f3nico:\u00a0subdireccionvinculacion@loscabos.tecnm.mx\uf0b7 Ignacio Vel\u00e1zquez Medina<br \/>Subdirecci\u00f3n de Servicios Administrativos<br \/>Tel\u00e9fono:\u00a0624-14 25 \u00a0939 \/\u00a0 624-16 32 250 Ext. 2014<br \/>Correo Electr\u00f3nico:\u00a0subdireccionadministrativa@loscabos.tecnm.mx\uf0b7 Darisnel G\u00f3mez Rodr\u00edguez<br \/>Subdirecci\u00f3n de Planeaci\u00f3n<br \/>Tel\u00e9fono:\u00a0624-14 25 \u00a0939 \/\u00a0 624-16 32 250 Ext. 2005<br \/>Correo Electr\u00f3nico:\u00a0subdireccionplaneacion@loscabos.tecnm.mx\uf0b7 Jessica Alc\u00e1ntara Rivera<br \/>Divisi\u00f3n de Arquitectura<br \/>Tel\u00e9fono:\u00a0624-14 25 \u00a0939 \/\u00a0 624-16 32 250<br \/>Correo Electr\u00f3nico:\u00a0divisionarquitectura@loscabos.tecnm.mx\uf0b7 Marco Antonio Garc\u00eda \u00c1lvarez<br \/>Divisi\u00f3n de Contador P\u00fablico<br \/>Tel\u00e9fono:\u00a0624-14 25 \u00a0939 \/\u00a0 624-16 32 250<br \/>Correo Electr\u00f3nico:\u00a0divisionacontadorpublico@loscabos.tecnm.mx\uf0b7 Nelly Ruth Sol\u00eds Granados<br \/>Divisi\u00f3n de Gastronom\u00eda<br \/>Tel\u00e9fono:\u00a0624-14 25 \u00a0939 \/\u00a0 624-16 32 250<br \/>Correo Electr\u00f3nico:\u00a0divisiongastronomia@loscabos.tecnm.mx\uf0b7 Omar Mart\u00ednez Cano<br \/>Divisi\u00f3n de Ingenier\u00eda Civil<br \/>Tel\u00e9fono:\u00a0624-14 25 \u00a0939 \/\u00a0 624-16 32 250<br \/>Correo Electr\u00f3nico:\u00a0divisioncivil@loscabos.tecnm.mx\uf0b7 Argelia Concepci\u00f3n Ba\u00f1aga Avil\u00e9s<br \/>Divisi\u00f3n de Ingenier\u00eda Electromec\u00e1nica<br \/>Tel\u00e9fono:\u00a0624-14 25 \u00a0939 \/\u00a0 624-16 32 250<br \/>Correo Electr\u00f3nico:\u00a0divisionelectromecanica@loscabos.tecnm.mx\uf0b7 Hisela Garc\u00eda S\u00e1nchez<br \/>Divisi\u00f3n de Ingenier\u00eda en Administraci\u00f3n<br \/>Tel\u00e9fono:\u00a0624-14 25 \u00a0939 \/\u00a0 624-16 32 250<br \/>Correo Electr\u00f3nico:\u00a0divisionadministracion@loscabos.tecnm.mx\uf0b7 V\u00edctor Manuel Verdugo Mendoza<br \/>Divisi\u00f3n de Ingenier\u00eda en Sistemas Computacionales<br \/>Tel\u00e9fono:\u00a0624-14 25 \u00a0939 \/\u00a0 624-16 32 250<br \/>Correo Electr\u00f3nico:\u00a0divisionsistemas@loscabos.tecnm.mx\uf0b7 Ferm\u00edn Hern\u00e1ndez Mendoza<br \/>Divisi\u00f3n de Licenciatura en Turismo<br \/>Tel\u00e9fono:\u00a0624-14 25 \u00a0939 \/\u00a0 624-16 32 250<br \/>Correo Electr\u00f3nico:\u00a0divisionturismo@loscabos.tecnm.mx\uf0b7 Dulce Lucia Palacios M\u00e1rquez<br \/>Departamento de Desarrollo Acad\u00e9mico<br \/>Tel\u00e9fono:\u00a0624-14 25 \u00a0939 \/\u00a0 624-16 32 250 Ext. 2036<br \/>Correo Electr\u00f3nico:\u00a0desarrolloacademico@loscabos.tecnm.mx\uf0b7Departamento de Vinculaci\u00f3n<br \/>Tel\u00e9fono:\u00a0624-14 25 \u00a0939 \/\u00a0 624-16 32 250 Ext. 2089<br \/>Correo Electr\u00f3nico:\u00a0extraescolares@loscabos.tecnm.mx \/ vinculacion@loscabos.tecnm.mx\uf0b7 Nallely Guillermina Castillo Avil\u00e9s<br \/>Departamento de Difusi\u00f3n y Concertaci\u00f3n<br \/>Tel\u00e9fono:\u00a0624-14 25 \u00a0939 \/\u00a0 624-16 32 250 Ext. 2004<br \/>Correo Electr\u00f3nico:\u00a0difusion@loscabos.tecnm.mx\uf0b7 Norma Ag\u00fandez Pimentel<br \/>Departamento de Residencias Profesionales y Servicio Social<br \/>Tel\u00e9fono:\u00a0624-14 25 \u00a0939 \/\u00a0 624-16 32 250 Ext. 2083<br \/>Correo Electr\u00f3nico:\u00a0residenciasyserviciosocial@loscabos.tecnm.mx\uf0b7 Aranza Linares Arce<br \/>Departamento de Planeaci\u00f3n y Programaci\u00f3n<br \/>Tel\u00e9fono:\u00a0624-14 25 \u00a0939 \/\u00a0 624-16 32 250 Ext. 2035<br \/>Correo Electr\u00f3nico:\u00a0planeacionyprogramacion@loscabos.tecnm.mx\uf0b7 Francisca Mara\u00f1\u00f3n Valle<br \/>Departamento de Estad\u00edstica y Evaluaci\u00f3n<br \/>Tel\u00e9fono:\u00a0624-14 25 \u00a0939 \/\u00a0 624-16 32 250 Ext. 2016<br \/>Correo Electr\u00f3nico:\u00a0estadisticayevaluacion@loscabos.tecnm.mx\uf0b7 Estrella Espinoza L\u00f3pez<br \/>Departamento de Servicios Escolares<br \/>Tel\u00e9fono:\u00a0624-14 25 \u00a0939 \/\u00a0 624-16 32 250 Ext. 2025<br \/>Correo Electr\u00f3nico:\u00a0serviciosescolares@loscabos.tecnm.mx\uf0b7 Mayra Lidia Rojas Cozar<br \/>Departamento de Personal<br \/>Tel\u00e9fono:\u00a0624-14 25 \u00a0939 \/\u00a0 624-16 32 250 Ext. 2012<br \/>Correo Electr\u00f3nico:\u00a0departamentopersonal@loscabos.tecnm.mx\uf0b7 Leodegario Land\u00edn Lucero<br \/>Departamento de Recursos Financieros<br \/>Tel\u00e9fono:\u00a0624-14 25 \u00a0939 \/\u00a0 624-16 32 250 Ext. 2010<br \/>Correo Electr\u00f3nico:\u00a0recursosfinancieros@loscabos.tecnm.mx\uf0b7 Perla Daniela Ben\u00edtez C\u00e1rdenas<br \/>Departamento de Recursos Materiales y Servicios Generales<br \/>Tel\u00e9fono:\u00a0624-14 25 \u00a0939 \/\u00a0 624-16 32 250<br \/>Correo Electr\u00f3nico:\u00a0serviciosgenerales@loscabos.tecnm.mx\uf0b7 Adriana Reyes Rold\u00e1n<br \/>Coordinaci\u00f3n de la Unidad\u00a0 de Transparencia<br \/>Tel\u00e9fono:\u00a0624-14 25 \u00a0939 \/\u00a0 624-16 32 250\u00a0<br \/>Correo Electr\u00f3nico:\u00a0transparencia@loscabos.tecnm.mx\uf0b7 Ileana L\u00f3pez Zavala<br \/>Departamento de Calidad<br \/>Tel\u00e9fono:\u00a0624-14 25 \u00a0939 \/\u00a0 624-16 32 250 Ext. 2024<br \/>Correo Electr\u00f3nico:\u00a0calidad@loscabos.tecnm.mx\uf0b7 Patricia Pi\u00f1a Villarreal<br \/>Centro de Lenguas Extranjeras<br \/>Tel\u00e9fono:\u00a0624-14 25 \u00a0939 \/\u00a0 624-16 32 250 Ext.2088<br \/>Correo Electr\u00f3nico:\u00a0centrodelenguas@loscabos.tecnm.mx\uf0b7 Edrey Yamil Ruiz Gast\u00e9lum \/Carmen Andrea Espinoza Guti\u00e9rrez<br \/>Atenci\u00f3n Psicopedag\u00f3gica<br \/>Tel\u00e9fono:\u00a0624-14 25 \u00a0939 \/\u00a0 624-16 32 250<br \/>Correo Electr\u00f3nico:\u00a0atencionpsicopedagogica@loscabos.tecnm.mx\uf0b7 Blanca Estela Calleja Valente<br \/>Coordinaci\u00f3n de Titulaci\u00f3n<br \/>Tel\u00e9fono:\u00a0624-14 25 \u00a0939 \/\u00a0 624-16 32 250 Ext. 2037<br \/>Correo Electr\u00f3nico:\u00a0titulacion@loscabos.tecnm.mx\uf0b7 Ver\u00f3nica Cota Monta\u00f1o<br \/>Coordinaci\u00f3n de Becas<br \/>Tel\u00e9fono:\u00a0624-14 25 \u00a0939 \/\u00a0 624-16 32 250 Ext. 2030<br \/>Correo Electr\u00f3nico:\u00a0becas@loscabos.tecnm.mx\uf0b7 Paula Lorenzo Victoriano<br \/>Coordinaci\u00f3n de Tutor\u00edas<br \/>Tel\u00e9fono:\u00a0624-14 25 \u00a0939 \/\u00a0 624-16 32 250 Ext. 2018<br \/>Correo Electr\u00f3nico:\u00a0tutorias@loscabos.tecnm.mx<\/p><\/li>\t<\/ul>\n\n","protected":false},"excerpt":{"rendered":"<p>Directorio Telef\u00f3nico \u00a0\uf0b7 Tamara Alejandra Montalvo ArceDirectora GeneralTel\u00e9fono:\u00a0624-14 25 \u00a0939 \/\u00a0 624-16 32 250 Ext. 2001Correo Electr\u00f3nico:\u00a0direcciongeneral@loscabos.tecnm.mx\uf0b7 Claudia D\u00edaz ZavalaDirecci\u00f3n Acad\u00e9micaTel\u00e9fono:\u00a0624-14 25 \u00a0939 \/\u00a0 624-16 32 250 Ext.2007Correo Electr\u00f3nico:\u00a0direccionacademica@loscabos.tecnm.mx\uf0b7 Jos\u00e9 Rub\u00e9n Cota ManriquezDirecci\u00f3n de Planeaci\u00f3n y Vinculaci\u00f3nTel\u00e9fono:\u00a0624-14 25 \u00a0939 \/\u00a0 624-16 32 250 Ext. 2038Correo Electr\u00f3nico:\u00a0direccionplanvinc@loscabos.tecnm.mx\uf0b7 Virginia Berenice Niebla ZatarainSubdirecci\u00f3n de Investigaci\u00f3n y Posgrado\u00a0Tel\u00e9fono:\u00a0624-14 25 &hellip;<\/p>\n<p class=\"read-more\"> <a class=\"\" href=\"https:\/\/www.itesloscabos.edu.mx\/inicio\/directorio\/\"> <span class=\"screen-reader-text\">Directorio<\/span> Leer m\u00e1s &raquo;<\/a><\/p>\n","protected":false},"author":1,"featured_media":0,"parent":0,"menu_order":0,"comment_status":"closed","ping_status":"closed","template":"","meta":{"om_disable_all_campaigns":false,"_monsterinsights_skip_tracking":false,"_monsterinsights_sitenote_active":false,"_monsterinsights_sitenote_note":"","_monsterinsights_sitenote_category":0,"_uf_show_specific_survey":0,"_uf_disable_surveys":false,"site-sidebar-layout":"no-sidebar","site-content-layout":"page-builder","ast-main-header-display":"","ast-hfb-above-header-display":"","ast-hfb-below-header-display":"","ast-hfb-mobile-header-display":"","site-post-title":"disabled","ast-breadcrumbs-content":"","ast-featured-img":"disabled","footer-sml-layout":"","theme-transparent-header-meta":"default","adv-header-id-meta":"","stick-header-meta":"","header-above-stick-meta":"","header-main-stick-meta":"","header-below-stick-meta":"","footnotes":""},"class_list":["post-5232","page","type-page","status-publish","hentry"],"aioseo_notices":[],"yoast_head":"<!-- This site is optimized with the Yoast SEO plugin v27.2 - https:\/\/yoast.com\/product\/yoast-seo-wordpress\/ -->\n<title>Directorio - ITES<\/title>\n<meta name=\"robots\" content=\"index, follow, max-snippet:-1, max-image-preview:large, max-video-preview:-1\" \/>\n<link rel=\"canonical\" href=\"https:\/\/www.itesloscabos.edu.mx\/inicio\/directorio\/\" \/>\n<meta property=\"og:locale\" content=\"es_ES\" \/>\n<meta property=\"og:type\" content=\"article\" \/>\n<meta property=\"og:title\" content=\"Directorio - ITES\" \/>\n<meta property=\"og:description\" content=\"Directorio Telef\u00f3nico \u00a0\uf0b7 Tamara Alejandra Montalvo ArceDirectora GeneralTel\u00e9fono:\u00a0624-14 25 \u00a0939 \/\u00a0 624-16 32 250 Ext. 2001Correo Electr\u00f3nico:\u00a0direcciongeneral@loscabos.tecnm.mx\uf0b7 Claudia D\u00edaz ZavalaDirecci\u00f3n Acad\u00e9micaTel\u00e9fono:\u00a0624-14 25 \u00a0939 \/\u00a0 624-16 32 250 Ext.2007Correo Electr\u00f3nico:\u00a0direccionacademica@loscabos.tecnm.mx\uf0b7 Jos\u00e9 Rub\u00e9n Cota ManriquezDirecci\u00f3n de Planeaci\u00f3n y Vinculaci\u00f3nTel\u00e9fono:\u00a0624-14 25 \u00a0939 \/\u00a0 624-16 32 250 Ext. 2038Correo Electr\u00f3nico:\u00a0direccionplanvinc@loscabos.tecnm.mx\uf0b7 Virginia Berenice Niebla ZatarainSubdirecci\u00f3n de Investigaci\u00f3n y Posgrado\u00a0Tel\u00e9fono:\u00a0624-14 25 &hellip; Directorio Leer m\u00e1s &raquo;\" \/>\n<meta property=\"og:url\" content=\"https:\/\/www.itesloscabos.edu.mx\/inicio\/directorio\/\" \/>\n<meta property=\"og:site_name\" content=\"ITES\" \/>\n<meta property=\"article:modified_time\" content=\"2026-01-23T18:48:43+00:00\" \/>\n<meta name=\"twitter:card\" content=\"summary_large_image\" \/>\n<script type=\"application\/ld+json\" class=\"yoast-schema-graph\">{\"@context\":\"https:\/\/schema.org\",\"@graph\":[{\"@type\":\"WebPage\",\"@id\":\"https:\/\/www.itesloscabos.edu.mx\/inicio\/directorio\/\",\"url\":\"https:\/\/www.itesloscabos.edu.mx\/inicio\/directorio\/\",\"name\":\"Directorio - ITES\",\"isPartOf\":{\"@id\":\"https:\/\/www.itesloscabos.edu.mx\/inicio\/#website\"},\"datePublished\":\"2024-08-08T01:09:23+00:00\",\"dateModified\":\"2026-01-23T18:48:43+00:00\",\"breadcrumb\":{\"@id\":\"https:\/\/www.itesloscabos.edu.mx\/inicio\/directorio\/#breadcrumb\"},\"inLanguage\":\"es\",\"potentialAction\":[{\"@type\":\"ReadAction\",\"target\":[\"https:\/\/www.itesloscabos.edu.mx\/inicio\/directorio\/\"]}]},{\"@type\":\"BreadcrumbList\",\"@id\":\"https:\/\/www.itesloscabos.edu.mx\/inicio\/directorio\/#breadcrumb\",\"itemListElement\":[{\"@type\":\"ListItem\",\"position\":1,\"name\":\"Portada\",\"item\":\"https:\/\/www.itesloscabos.edu.mx\/inicio\/\"},{\"@type\":\"ListItem\",\"position\":2,\"name\":\"Directorio\"}]},{\"@type\":\"WebSite\",\"@id\":\"https:\/\/www.itesloscabos.edu.mx\/inicio\/#website\",\"url\":\"https:\/\/www.itesloscabos.edu.mx\/inicio\/\",\"name\":\"ITES\",\"description\":\"Los Cabos\",\"potentialAction\":[{\"@type\":\"SearchAction\",\"target\":{\"@type\":\"EntryPoint\",\"urlTemplate\":\"https:\/\/www.itesloscabos.edu.mx\/inicio\/?s={search_term_string}\"},\"query-input\":{\"@type\":\"PropertyValueSpecification\",\"valueRequired\":true,\"valueName\":\"search_term_string\"}}],\"inLanguage\":\"es\"}]}<\/script>\n<!-- \/ Yoast SEO plugin. -->","yoast_head_json":{"title":"Directorio - ITES","robots":{"index":"index","follow":"follow","max-snippet":"max-snippet:-1","max-image-preview":"max-image-preview:large","max-video-preview":"max-video-preview:-1"},"canonical":"https:\/\/www.itesloscabos.edu.mx\/inicio\/directorio\/","og_locale":"es_ES","og_type":"article","og_title":"Directorio - ITES","og_description":"Directorio Telef\u00f3nico \u00a0\uf0b7 Tamara Alejandra Montalvo ArceDirectora GeneralTel\u00e9fono:\u00a0624-14 25 \u00a0939 \/\u00a0 624-16 32 250 Ext. 2001Correo Electr\u00f3nico:\u00a0direcciongeneral@loscabos.tecnm.mx\uf0b7 Claudia D\u00edaz ZavalaDirecci\u00f3n Acad\u00e9micaTel\u00e9fono:\u00a0624-14 25 \u00a0939 \/\u00a0 624-16 32 250 Ext.2007Correo Electr\u00f3nico:\u00a0direccionacademica@loscabos.tecnm.mx\uf0b7 Jos\u00e9 Rub\u00e9n Cota ManriquezDirecci\u00f3n de Planeaci\u00f3n y Vinculaci\u00f3nTel\u00e9fono:\u00a0624-14 25 \u00a0939 \/\u00a0 624-16 32 250 Ext. 2038Correo Electr\u00f3nico:\u00a0direccionplanvinc@loscabos.tecnm.mx\uf0b7 Virginia Berenice Niebla ZatarainSubdirecci\u00f3n de Investigaci\u00f3n y Posgrado\u00a0Tel\u00e9fono:\u00a0624-14 25 &hellip; Directorio Leer m\u00e1s &raquo;","og_url":"https:\/\/www.itesloscabos.edu.mx\/inicio\/directorio\/","og_site_name":"ITES","article_modified_time":"2026-01-23T18:48:43+00:00","twitter_card":"summary_large_image","schema":{"@context":"https:\/\/schema.org","@graph":[{"@type":"WebPage","@id":"https:\/\/www.itesloscabos.edu.mx\/inicio\/directorio\/","url":"https:\/\/www.itesloscabos.edu.mx\/inicio\/directorio\/","name":"Directorio - ITES","isPartOf":{"@id":"https:\/\/www.itesloscabos.edu.mx\/inicio\/#website"},"datePublished":"2024-08-08T01:09:23+00:00","dateModified":"2026-01-23T18:48:43+00:00","breadcrumb":{"@id":"https:\/\/www.itesloscabos.edu.mx\/inicio\/directorio\/#breadcrumb"},"inLanguage":"es","potentialAction":[{"@type":"ReadAction","target":["https:\/\/www.itesloscabos.edu.mx\/inicio\/directorio\/"]}]},{"@type":"BreadcrumbList","@id":"https:\/\/www.itesloscabos.edu.mx\/inicio\/directorio\/#breadcrumb","itemListElement":[{"@type":"ListItem","position":1,"name":"Portada","item":"https:\/\/www.itesloscabos.edu.mx\/inicio\/"},{"@type":"ListItem","position":2,"name":"Directorio"}]},{"@type":"WebSite","@id":"https:\/\/www.itesloscabos.edu.mx\/inicio\/#website","url":"https:\/\/www.itesloscabos.edu.mx\/inicio\/","name":"ITES","description":"Los Cabos","potentialAction":[{"@type":"SearchAction","target":{"@type":"EntryPoint","urlTemplate":"https:\/\/www.itesloscabos.edu.mx\/inicio\/?s={search_term_string}"},"query-input":{"@type":"PropertyValueSpecification","valueRequired":true,"valueName":"search_term_string"}}],"inLanguage":"es"}]}},"blog_post_layout_featured_media_urls":{"thumbnail":"","full":""},"categories_names":null,"comments_number":"0","_links":{"self":[{"href":"https:\/\/www.itesloscabos.edu.mx\/inicio\/wp-json\/wp\/v2\/pages\/5232","targetHints":{"allow":["GET"]}}],"collection":[{"href":"https:\/\/www.itesloscabos.edu.mx\/inicio\/wp-json\/wp\/v2\/pages"}],"about":[{"href":"https:\/\/www.itesloscabos.edu.mx\/inicio\/wp-json\/wp\/v2\/types\/page"}],"author":[{"embeddable":true,"href":"https:\/\/www.itesloscabos.edu.mx\/inicio\/wp-json\/wp\/v2\/users\/1"}],"replies":[{"embeddable":true,"href":"https:\/\/www.itesloscabos.edu.mx\/inicio\/wp-json\/wp\/v2\/comments?post=5232"}],"version-history":[{"count":10,"href":"https:\/\/www.itesloscabos.edu.mx\/inicio\/wp-json\/wp\/v2\/pages\/5232\/revisions"}],"predecessor-version":[{"id":6435,"href":"https:\/\/www.itesloscabos.edu.mx\/inicio\/wp-json\/wp\/v2\/pages\/5232\/revisions\/6435"}],"wp:attachment":[{"href":"https:\/\/www.itesloscabos.edu.mx\/inicio\/wp-json\/wp\/v2\/media?parent=5232"}],"curies":[{"name":"wp","href":"https:\/\/api.w.org\/{rel}","templated":true}]}}