{"id":5011,"date":"2024-07-08T14:04:16","date_gmt":"2024-07-08T20:04:16","guid":{"rendered":"https:\/\/www.itesloscabos.edu.mx\/inicio\/?page_id=5011"},"modified":"2025-04-14T14:41:39","modified_gmt":"2025-04-14T20:41:39","slug":"a-programa-u079","status":"publish","type":"page","link":"https:\/\/www.itesloscabos.edu.mx\/inicio\/a-programa-u079\/","title":{"rendered":"A Programa U079"},"content":{"rendered":"\n<h1>\n\t\tPROGRAMA PRESUPUESTARIO U079-2024\n\t<\/h1>\n<h2>\n\t\tEXPANSI\u00d3N DE LA EDUCACI\u00d3N MEDIA SUPERIOR Y SUPERIOR\n\t<\/h2>\n\t<p class=\"collapseomatic \" id=\"id69e58f1beada8\"  tabindex=\"0\" title=\"CONVENIO DE APOYO FINANCIERO\"    >CONVENIO DE APOYO FINANCIERO<\/p><div id=\"target-id69e58f1beada8\" class=\"collapseomatic_content \">\n<p><a href=\"https:\/\/www.itesloscabos.edu.mx\/wp-content\/uploads\/2025\/01\/Convenio-DE-APOYO-FINANCIERO-Baja-Calfornia-Sur.pdf\" target=\"_blank\" rel=\"noopener\">\u00a0DESCARGAR\u00a0 CONVENIO DE APOYO FINANCIERO<\/a><\/p>\n<\/div>\n\t<p class=\"collapseomatic \" id=\"id69e58f1beadc7\"  tabindex=\"0\" title=\"PRIMER INFORME TRIMESTRAL 2024\"    >PRIMER INFORME TRIMESTRAL 2024<\/p><div id=\"target-id69e58f1beadc7\" class=\"collapseomatic_content \">\n<p>\u00a0<a href=\"https:\/\/www.itesloscabos.edu.mx\/wp-content\/uploads\/2025\/01\/Informe-trimestral-1-1.zip\" target=\"_blank\" rel=\"noopener\">DESCARGAR\u00a0 PRIMER INFORME<\/a><\/p>\n<\/div>\n\t<p class=\"collapseomatic \" id=\"id69e58f1beadd2\"  tabindex=\"0\" title=\"SEGUNDO INFORME TRIMESTRAL 2024\"    >SEGUNDO INFORME TRIMESTRAL 2024<\/p><div id=\"target-id69e58f1beadd2\" class=\"collapseomatic_content \">\n<p>\u00a0<a href=\"https:\/\/www.itesloscabos.edu.mx\/wp-content\/uploads\/2025\/01\/SEGUNDO-INFORME-TRIMESTRAL-Oficio-DG-512-2024-1.pdf\" target=\"_blank\" rel=\"noopener\">DESCARGAR\u00a0 SEGUNDO INFORME<\/a><\/p>\n<\/div>\n\t<p class=\"collapseomatic \" id=\"id69e58f1beaddc\"  tabindex=\"0\" title=\"TERCER INFORME TRIMESTRAL 2024\"    >TERCER INFORME TRIMESTRAL 2024<\/p><div id=\"target-id69e58f1beaddc\" class=\"collapseomatic_content \">\n1. <a href=\"https:\/\/www.itesloscabos.edu.mx\/wp-content\/uploads\/2025\/01\/Oficio-3-trim-U079.pdf\">INFORME TRIMESTRAL 2024<\/a><br \/>\n2. <a href=\"https:\/\/www.itesloscabos.edu.mx\/wp-content\/uploads\/2025\/01\/Resumen-Financiero-U079.pdf\" target=\"_blank\" rel=\"noopener\">RESUMEN FINANCIERO U079<\/a><br \/>\n3. <a href=\"https:\/\/www.itesloscabos.edu.mx\/wp-content\/uploads\/2025\/01\/Oficio-DG-713-2024.pdf\" target=\"_blank\" rel=\"noopener\">OFICIO DG-713-2024<\/a><br \/>\n4. <a href=\"https:\/\/www.itesloscabos.edu.mx\/wp-content\/uploads\/2025\/01\/M00.1-0374-2024.pdf\" target=\"_blank\" rel=\"noopener\">M00.1-0374-2024<\/a><br \/>\n5. <a href=\"https:\/\/www.itesloscabos.edu.mx\/wp-content\/uploads\/2025\/01\/CONVOCATORIA.pdf\" target=\"_blank\" rel=\"noopener\">CONVOCATORIA<\/a><br \/>\n6. <a href=\"https:\/\/www.itesloscabos.edu.mx\/wp-content\/uploads\/2025\/01\/Convenio-ISIFE-U079.pdf\" target=\"_blank\" rel=\"noopener\">CONVENIO ISIFE U079<\/a>\n<p class=\"collapseomatic \" id=\"id69e58f1beadfa\"  tabindex=\"0\" title=\"CONTRATOS Y FACTURAS\"    >CONTRATOS Y FACTURAS<\/p>\n<p><a href=\"https:\/\/www.itesloscabos.edu.mx\/wp-content\/uploads\/2025\/04\/ALBERTO-MEDINA-MIYAKI-MEDICABOS-Adjudiacion-Directa.zip\" target=\"_blank\" rel=\"noopener\"> ALBERTO MEDINA MIYAKI (MEDICABOS) Adjudiaci\u00f3n Directa<\/a><\/p>\n<p><a href=\"https:\/\/www.itesloscabos.edu.mx\/wp-content\/uploads\/2025\/04\/ZAMOSA.zip\" target=\"_blank\" rel=\"noopener\">ZAMOSA<\/a><\/p>\n<p><a href=\"https:\/\/www.itesloscabos.edu.mx\/wp-content\/uploads\/2025\/04\/PRANATEC.zip\" target=\"_blank\" rel=\"noopener\">PRANATEC<\/a><\/p>\n<p><a href=\"https:\/\/www.itesloscabos.edu.mx\/wp-content\/uploads\/2025\/04\/TECNOLOGIA-EN-INFORMATICA-MULTIPLE.zip\">TECNOLOG\u00cdA EN INFORM\u00c1TICA M\u00daLTIPLE<\/a><\/p>\n<p><a href=\"https:\/\/www.itesloscabos.edu.mx\/wp-content\/uploads\/2025\/04\/LUIS-ISMAEL-ROJAS-SOTRES.zip\" target=\"_blank\" rel=\"noopener\">LUIS ISMAEL ROJAS SOTRES<\/a><\/p>\n<p><a href=\"https:\/\/www.itesloscabos.edu.mx\/wp-content\/uploads\/2025\/04\/MARIA-DE-LA-TRINIDAD-ROJAS-OLIVARES.zip\" target=\"_blank\" rel=\"noopener\">MARIA DE LA TRINIDAD ROJAS OLIVARES<\/a><\/p>\n<p><a href=\"https:\/\/www.itesloscabos.edu.mx\/wp-content\/uploads\/2025\/04\/PC-HOME.zip\" target=\"_blank\" rel=\"noopener\">PC HOME<\/a><\/p>\n<p><a href=\"https:\/\/www.itesloscabos.edu.mx\/wp-content\/uploads\/2025\/04\/INGENIERIA-Y-DESARROLLO-DE-PROYECTOS-DIDACTICOS.zip\" target=\"_blank\" rel=\"noopener\">INGENIER\u00cdA Y DESARROLLO DE PROYECTOS DID\u00c1CTICOS<\/a><\/p>\n<p><a href=\"https:\/\/www.itesloscabos.edu.mx\/wp-content\/uploads\/2025\/04\/INNOVACION-Y-CREACION-URBANA-REYLAZ-Adjudicacion-Directa.zip\" target=\"_blank\" rel=\"noopener\">INNOVACI\u00d3N Y CREACI\u00d3N URBANA (REYLAZ) Adjudicaci\u00f3n Directa<\/a><\/p>\n<p><a href=\"https:\/\/www.itesloscabos.edu.mx\/wp-content\/uploads\/2025\/04\/DEDUTEL-EXPORTACIONES-E-IMPORTACIONES.zip\" target=\"_blank\" rel=\"noopener\">DEDUTEL EXPORTACIONES E IMPORTACIONES<\/a><\/p>\n<p><a href=\"https:\/\/www.itesloscabos.edu.mx\/wp-content\/uploads\/2025\/04\/EDGAR-CERVANTES-ARAUJO-ECAPRO-Adjudiacion-Directa.zip\" target=\"_blank\" rel=\"noopener\">EDGAR CERVANTES ARAUJO (ECAPRO) Adjudiaci\u00f3n Directa<\/a><\/p>\n<p><a href=\"https:\/\/www.itesloscabos.edu.mx\/wp-content\/uploads\/2025\/04\/CRISTALERIA-LOS-CABOS-Adjudicacion-Directa.zip\" target=\"_blank\" rel=\"noopener\">CRISTALER\u00cdA LOS CABOS Adjudicaci\u00f3n Directa<\/a><\/p>\n<p><a href=\"https:\/\/www.itesloscabos.edu.mx\/wp-content\/uploads\/2025\/04\/CYNTHIA-VANESSA-MACIAS-SUAREZ-EL-ANCLA-Adjudicacion-Directa.zip\" target=\"_blank\" rel=\"noopener\">CYNTHIA VANESSA MAC\u00cdAS SUAREZ (EL ANCLA) Adjudicaci\u00f3n Directa<\/a><\/p>\n<p>&nbsp;<\/p>\n<\/div>\n<p>&nbsp;<\/p>\n<p>&nbsp;<\/p>\n<p>&nbsp;<\/p>\n\t<p class=\"collapseomatic \" id=\"id69e58f1beae0a\"  tabindex=\"0\" title=\"INFORME FINAL\"    >INFORME FINAL<\/p><div id=\"target-id69e58f1beae0a\" class=\"collapseomatic_content \">\n<p><a href=\"https:\/\/www.itesloscabos.edu.mx\/wp-content\/uploads\/2025\/04\/COMPROBANTE-DE-REINTEGRO-U079-ITES-LOS-CABOS.pdf\" target=\"_blank\" rel=\"noopener\"> COMPROBANTE DE REINTEGRO U079 ITES LOS CABOS<\/a><\/p>\n<p><a href=\"https:\/\/www.itesloscabos.edu.mx\/wp-content\/uploads\/2025\/04\/FORMATO-U079-ITES-LOS-CABOS.pdf\" target=\"_blank\" rel=\"noopener\">FORMATO U079 ITES LOS CABOS<\/a><\/p>\n<p><a href=\"https:\/\/www.itesloscabos.edu.mx\/wp-content\/uploads\/2025\/04\/LINEA-DE-CAPTURA-REINTEGRO-ITES-LOS-CABOS.pdf\" target=\"_blank\" rel=\"noopener\">LINEA DE CAPTURA REINTEGRO ITES LOS CABOS<\/a><\/p>\n<\/div>\n\n","protected":false},"excerpt":{"rendered":"<p>PROGRAMA PRESUPUESTARIO U079-2024 EXPANSI\u00d3N DE LA EDUCACI\u00d3N MEDIA SUPERIOR Y SUPERIOR &nbsp; &nbsp; &nbsp;<\/p>\n","protected":false},"author":1,"featured_media":0,"parent":0,"menu_order":0,"comment_status":"closed","ping_status":"closed","template":"","meta":{"om_disable_all_campaigns":false,"_monsterinsights_skip_tracking":false,"_monsterinsights_sitenote_active":false,"_monsterinsights_sitenote_note":"","_monsterinsights_sitenote_category":0,"_uf_show_specific_survey":0,"_uf_disable_surveys":false,"site-sidebar-layout":"no-sidebar","site-content-layout":"page-builder","ast-main-header-display":"","ast-hfb-above-header-display":"","ast-hfb-below-header-display":"","ast-hfb-mobile-header-display":"","site-post-title":"disabled","ast-breadcrumbs-content":"","ast-featured-img":"disabled","footer-sml-layout":"","theme-transparent-header-meta":"default","adv-header-id-meta":"","stick-header-meta":"","header-above-stick-meta":"","header-main-stick-meta":"","header-below-stick-meta":"","footnotes":""},"class_list":["post-5011","page","type-page","status-publish","hentry"],"aioseo_notices":[],"yoast_head":"<!-- This site is optimized with the Yoast SEO plugin v27.2 - https:\/\/yoast.com\/product\/yoast-seo-wordpress\/ -->\n<title>A Programa U079 - ITES<\/title>\n<meta name=\"robots\" content=\"index, follow, max-snippet:-1, max-image-preview:large, max-video-preview:-1\" \/>\n<link rel=\"canonical\" href=\"https:\/\/www.itesloscabos.edu.mx\/inicio\/a-programa-u079\/\" \/>\n<meta property=\"og:locale\" content=\"es_ES\" \/>\n<meta property=\"og:type\" content=\"article\" \/>\n<meta property=\"og:title\" content=\"A Programa U079 - ITES\" \/>\n<meta property=\"og:description\" content=\"PROGRAMA PRESUPUESTARIO U079-2024 EXPANSI\u00d3N DE LA EDUCACI\u00d3N MEDIA SUPERIOR Y SUPERIOR &nbsp; &nbsp; &nbsp;\" \/>\n<meta property=\"og:url\" content=\"https:\/\/www.itesloscabos.edu.mx\/inicio\/a-programa-u079\/\" \/>\n<meta property=\"og:site_name\" content=\"ITES\" \/>\n<meta property=\"article:modified_time\" content=\"2025-04-14T20:41:39+00:00\" \/>\n<meta name=\"twitter:card\" content=\"summary_large_image\" \/>\n<script type=\"application\/ld+json\" class=\"yoast-schema-graph\">{\"@context\":\"https:\/\/schema.org\",\"@graph\":[{\"@type\":\"WebPage\",\"@id\":\"https:\/\/www.itesloscabos.edu.mx\/inicio\/a-programa-u079\/\",\"url\":\"https:\/\/www.itesloscabos.edu.mx\/inicio\/a-programa-u079\/\",\"name\":\"A Programa U079 - ITES\",\"isPartOf\":{\"@id\":\"https:\/\/www.itesloscabos.edu.mx\/inicio\/#website\"},\"datePublished\":\"2024-07-08T20:04:16+00:00\",\"dateModified\":\"2025-04-14T20:41:39+00:00\",\"breadcrumb\":{\"@id\":\"https:\/\/www.itesloscabos.edu.mx\/inicio\/a-programa-u079\/#breadcrumb\"},\"inLanguage\":\"es\",\"potentialAction\":[{\"@type\":\"ReadAction\",\"target\":[\"https:\/\/www.itesloscabos.edu.mx\/inicio\/a-programa-u079\/\"]}]},{\"@type\":\"BreadcrumbList\",\"@id\":\"https:\/\/www.itesloscabos.edu.mx\/inicio\/a-programa-u079\/#breadcrumb\",\"itemListElement\":[{\"@type\":\"ListItem\",\"position\":1,\"name\":\"Portada\",\"item\":\"https:\/\/www.itesloscabos.edu.mx\/inicio\/\"},{\"@type\":\"ListItem\",\"position\":2,\"name\":\"A Programa U079\"}]},{\"@type\":\"WebSite\",\"@id\":\"https:\/\/www.itesloscabos.edu.mx\/inicio\/#website\",\"url\":\"https:\/\/www.itesloscabos.edu.mx\/inicio\/\",\"name\":\"ITES\",\"description\":\"Los Cabos\",\"potentialAction\":[{\"@type\":\"SearchAction\",\"target\":{\"@type\":\"EntryPoint\",\"urlTemplate\":\"https:\/\/www.itesloscabos.edu.mx\/inicio\/?s={search_term_string}\"},\"query-input\":{\"@type\":\"PropertyValueSpecification\",\"valueRequired\":true,\"valueName\":\"search_term_string\"}}],\"inLanguage\":\"es\"}]}<\/script>\n<!-- \/ Yoast SEO plugin. -->","yoast_head_json":{"title":"A Programa U079 - ITES","robots":{"index":"index","follow":"follow","max-snippet":"max-snippet:-1","max-image-preview":"max-image-preview:large","max-video-preview":"max-video-preview:-1"},"canonical":"https:\/\/www.itesloscabos.edu.mx\/inicio\/a-programa-u079\/","og_locale":"es_ES","og_type":"article","og_title":"A Programa U079 - ITES","og_description":"PROGRAMA PRESUPUESTARIO U079-2024 EXPANSI\u00d3N DE LA EDUCACI\u00d3N MEDIA SUPERIOR Y SUPERIOR &nbsp; &nbsp; &nbsp;","og_url":"https:\/\/www.itesloscabos.edu.mx\/inicio\/a-programa-u079\/","og_site_name":"ITES","article_modified_time":"2025-04-14T20:41:39+00:00","twitter_card":"summary_large_image","schema":{"@context":"https:\/\/schema.org","@graph":[{"@type":"WebPage","@id":"https:\/\/www.itesloscabos.edu.mx\/inicio\/a-programa-u079\/","url":"https:\/\/www.itesloscabos.edu.mx\/inicio\/a-programa-u079\/","name":"A Programa U079 - ITES","isPartOf":{"@id":"https:\/\/www.itesloscabos.edu.mx\/inicio\/#website"},"datePublished":"2024-07-08T20:04:16+00:00","dateModified":"2025-04-14T20:41:39+00:00","breadcrumb":{"@id":"https:\/\/www.itesloscabos.edu.mx\/inicio\/a-programa-u079\/#breadcrumb"},"inLanguage":"es","potentialAction":[{"@type":"ReadAction","target":["https:\/\/www.itesloscabos.edu.mx\/inicio\/a-programa-u079\/"]}]},{"@type":"BreadcrumbList","@id":"https:\/\/www.itesloscabos.edu.mx\/inicio\/a-programa-u079\/#breadcrumb","itemListElement":[{"@type":"ListItem","position":1,"name":"Portada","item":"https:\/\/www.itesloscabos.edu.mx\/inicio\/"},{"@type":"ListItem","position":2,"name":"A Programa U079"}]},{"@type":"WebSite","@id":"https:\/\/www.itesloscabos.edu.mx\/inicio\/#website","url":"https:\/\/www.itesloscabos.edu.mx\/inicio\/","name":"ITES","description":"Los Cabos","potentialAction":[{"@type":"SearchAction","target":{"@type":"EntryPoint","urlTemplate":"https:\/\/www.itesloscabos.edu.mx\/inicio\/?s={search_term_string}"},"query-input":{"@type":"PropertyValueSpecification","valueRequired":true,"valueName":"search_term_string"}}],"inLanguage":"es"}]}},"blog_post_layout_featured_media_urls":{"thumbnail":"","full":""},"categories_names":null,"comments_number":"0","_links":{"self":[{"href":"https:\/\/www.itesloscabos.edu.mx\/inicio\/wp-json\/wp\/v2\/pages\/5011","targetHints":{"allow":["GET"]}}],"collection":[{"href":"https:\/\/www.itesloscabos.edu.mx\/inicio\/wp-json\/wp\/v2\/pages"}],"about":[{"href":"https:\/\/www.itesloscabos.edu.mx\/inicio\/wp-json\/wp\/v2\/types\/page"}],"author":[{"embeddable":true,"href":"https:\/\/www.itesloscabos.edu.mx\/inicio\/wp-json\/wp\/v2\/users\/1"}],"replies":[{"embeddable":true,"href":"https:\/\/www.itesloscabos.edu.mx\/inicio\/wp-json\/wp\/v2\/comments?post=5011"}],"version-history":[{"count":52,"href":"https:\/\/www.itesloscabos.edu.mx\/inicio\/wp-json\/wp\/v2\/pages\/5011\/revisions"}],"predecessor-version":[{"id":5883,"href":"https:\/\/www.itesloscabos.edu.mx\/inicio\/wp-json\/wp\/v2\/pages\/5011\/revisions\/5883"}],"wp:attachment":[{"href":"https:\/\/www.itesloscabos.edu.mx\/inicio\/wp-json\/wp\/v2\/media?parent=5011"}],"curies":[{"name":"wp","href":"https:\/\/api.w.org\/{rel}","templated":true}]}}