{"id":4636,"date":"2024-03-15T18:56:25","date_gmt":"2024-03-16T00:56:25","guid":{"rendered":"https:\/\/www.itesloscabos.edu.mx\/inicio\/?page_id=4636"},"modified":"2024-03-20T13:33:24","modified_gmt":"2024-03-20T19:33:24","slug":"seguros-estudiantes","status":"publish","type":"page","link":"https:\/\/www.itesloscabos.edu.mx\/inicio\/seguros-estudiantes\/","title":{"rendered":"Seguros"},"content":{"rendered":"\n<h1>\n\t\tSEGUROS CON LOS QUE CUENTA EL ESTUDIANTE de ites los cabos\n\t<\/h1>\n\t<p>En ITES Los Cabos, nos preocupamos por tu bienestar mientras te dedicas a tus estudios. Por eso, todos nuestros estudiantes tienen acceso a un seguro facultativo y un seguro de accidentes personales escolares proporcionados por la instituci\u00f3n, dise\u00f1ados para brindarte tranquilidad y seguridad en todo momento.<\/p>\n<p>Nuestro seguro facultativo cubre una amplia gama de situaciones imprevistas que podr\u00edan afectar tu salud y bienestar mientras est\u00e1s en nuestras instalaciones. Desde enfermedades repentinas hasta accidentes inesperados, este seguro te ofrece la tranquilidad de saber que est\u00e1s protegido ante cualquier eventualidad. Con coberturas que incluyen gastos m\u00e9dicos, hospitalizaci\u00f3n y atenci\u00f3n de emergencia, puedes concentrarte en tus estudios sin preocuparte por los costos asociados con la atenci\u00f3n m\u00e9dica.<\/p>\n<p>Adem\u00e1s, nuestro seguro de accidentes personales escolares est\u00e1 dise\u00f1ado espec\u00edficamente para protegerte en caso de lesiones que puedan ocurrir mientras est\u00e1s en el campus o participando en actividades escolares autorizadas. Ya sea que est\u00e9s practicando deportes, asistiendo a una excursi\u00f3n escolar o simplemente yendo de un edificio a otro, este seguro te brinda una capa adicional de protecci\u00f3n para garantizar tu seguridad en todo momento.<\/p>\n<p>En ITES Los Cabos, nos preocupamos por el bienestar de nuestros estudiantes, por eso proporcionamos estos seguros como parte de nuestro compromiso con tu salud y seguridad. Es importante que conozcas estos beneficios y sepas que estamos aqu\u00ed para cuidarte mientras te preparas para tu futuro. Estudia con tranquilidad, \u00a1tu protecci\u00f3n est\u00e1 en buenas manos con nosotros!<\/p>\n\t<meta itemprop=\"url\" content=\"https:\/\/www.itesloscabos.edu.mx\/wp-content\/uploads\/2024\/03\/bueno-saludd.mp4\" \/><div style=\"width: 640px;\" class=\"wp-video\"><video muted class=\"wp-video-shortcode\" id=\"video-4636-1\" width=\"640\" height=\"360\" loop autoplay preload=\"metadata\" controls=\"controls\"><source type=\"video\/mp4\" src=\"https:\/\/www.itesloscabos.edu.mx\/wp-content\/uploads\/2024\/03\/bueno-saludd.mp4?_=1\" \/><a href=\"https:\/\/www.itesloscabos.edu.mx\/wp-content\/uploads\/2024\/03\/bueno-saludd.mp4\">https:\/\/www.itesloscabos.edu.mx\/wp-content\/uploads\/2024\/03\/bueno-saludd.mp4<\/a><\/video><\/div>\n<h2>\n\t\tSeguro facultativo\n\t<\/h2>\n\t<p>Se realiza el alta en IMSS por primera vez cuando el estudiante ingresa a la instituci\u00f3n. El tr\u00e1mite no tiene costo lo puede solicitar el estudiante de la instituci\u00f3n, en caso de no contar con ning\u00fan servicio m\u00e9dico.<\/p>\n<p>REQUISITOS<\/p>\n<ol>\n<li>Obtener vigencia de la p\u00e1gina del IMSS www.imss.gob.mx\/imssdigital<\/li>\n<li>Verificar tu \u00faltima raz\u00f3n social, si a\u00fan tienes tu registro del bachillerato, favor de solicitar tu baja en la preparatoria de origen.<\/li>\n<li>Acudir a la ventanilla de servicios Escolares para solicitar el alta.<\/li>\n<li>Despu\u00e9s de tiempo estipulado, acudir a las oficinas correspondiente del IMSS a realizar tr\u00e1mite de carnet.<\/li>\n<\/ol>\n<p>&nbsp;<\/p>\n<h2>\n\t\tSEGURO ACCIDENTES PERSONALES ESCOLARES\n\t<\/h2>\n\t<ul>\n<li>Todos los alumnos inscritos en el Instituto TECNM cuentan con las p\u00f3lizas de Seguro de Vida y de Accidentes Personales Escolares, por medio de la aseguradora Thona Seguro.<\/li>\n<li>Es un beneficio que est\u00e1 dise\u00f1ado para cubrir los accidentes que te pueden ocurrir durante tu estancia en el plantel, as\u00ed como en traslado ininterrumpido de hogar al plantel o viceversa, adem\u00e1s de aquellos eventos organizados por el plantel a los que asistas como participante.<\/li>\n<\/ul>\n\t<p><b>\u00a0<\/b><b>\u00a0 P\u00d3LIZA ACCIDENTES PERSONALES<\/b><\/p>\n<ul>\n<li>Qu\u00e9 cubre: Accidentes, aquel acontecimiento proveniente de una causa externa, s\u00fabita, fortuita y violenta que produzca lesiones corporales o la muerte del Asegurado, a consecuencia de las actividades realizadas por el estudiante, durante el traslado de su casa &#8211; escuela &#8211; casa, en actividades propias de la Instituci\u00f3n. No se consideran Accidentes las lesiones o muerte provocadas intencionalmente por el Asegurado.<\/li>\n<li><img loading=\"lazy\" decoding=\"async\" src=\"https:\/\/www.itesloscabos.edu.mx\/wp-content\/uploads\/2024\/03\/Captura-de-pantalla-2024-03-15-174610-300x121.png\" alt=\"\" width=\"414\" height=\"167\" \/><\/li>\n<\/ul>\n<p><b>\u00a0 \u00a0 \u00a0 \u00a0 \u00a0 <\/b><b>P\u00d3LIZA VIDA<\/b><\/p>\n<ul>\n<li>Qu\u00e9 cubre: Fallecimiento por cualquier causa. No cubre suicidio.<\/li>\n<li><img loading=\"lazy\" decoding=\"async\" src=\"https:\/\/www.itesloscabos.edu.mx\/wp-content\/uploads\/2024\/03\/Captura-de-pantalla-2024-03-15-174808-300x148.png\" alt=\"\" width=\"363\" height=\"179\" \/><\/li>\n<\/ul>\n<p><b>ACCIDENTES PERSONALES <\/b>(PAGO DIRECTO)<\/p>\n<ul>\n<li>Llamar a nuestro Centro de Atenci\u00f3n Telef\u00f3nica (CAT) Lada sin Costo 800-400-9911 el cual opera las 24 horas del d\u00eda, los 365 d\u00edas del a\u00f1o.<\/li>\n<li>Proporcionar su n\u00famero de p\u00f3liza y\/o nombre completo del afectado.<\/li>\n<li>De acuerdo a la ubicaci\u00f3n del asegurado se indicar\u00e1 el centro hospitalario o cl\u00ednica m\u00e1s cercana.<\/li>\n<li>Se presentar\u00e1 al hospital o cl\u00ednica asignada con la siguiente documentaci\u00f3n<\/li>\n<li>Aviso de accidente totalmente lleno, firmado y sellado por el supervisor o responsable autorizado. \u2022 Entregar la carta autorizaci\u00f3n de servicio social o pr\u00e1ctica profesional en caso de estar realizando estas actividades.<\/li>\n<li>Identificaci\u00f3n oficial del asegurado afectado en caso de ser mayor de edad<\/li>\n<li>Credencial vigente con fotograf\u00eda del Instituto Tecnol\u00f3gico Descentralizado, o Instituto Tecnol\u00f3gico Federal o Centro adscrito al Tecnol\u00f3gico Nacional de M\u00e9xico al que pertenece el alumno.<\/li>\n<li>Recibir\u00e1 la atenci\u00f3n m\u00e9dica en el hospital o cl\u00ednica asignada, el pago lo realizar\u00e1 THONA de manera directa, por lo que el asegurado pagara el deducible de $500.00 y los gastos personales no cubiertos y\/o conceptos o gastos no relacionados con el accidente cubierto.<\/li>\n<\/ul>\n<p><b>SEGURO DE VIDA<\/b><\/p>\n<p>Carta reclamaci\u00f3n firmada y sellada por el Instituto Tecnol\u00f3gico Descentralizado o Instituto Tecnol\u00f3gico Federal o Centro adscrito al Tecnol\u00f3gico Nacional de M\u00e9xico.<\/p>\n<ul>\n<li>Constancia de inscripci\u00f3n<\/li>\n<li>Solicitud de reclamaci\u00f3n seguro de vida<\/li>\n<li>Acta de nacimiento del afectado<\/li>\n<li>Acta de defunci\u00f3n del afectado.<\/li>\n<li>Comprobante de domicilio no mayor a 3 meses<\/li>\n<li>Identificaci\u00f3n oficial del beneficiario VIGENTE<\/li>\n<li>Estado de cuenta del beneficiario. (no debe estar topada la cuenta del beneficiario)<\/li>\n<\/ul>\n<p><b>GASTOS M\u00c9DICOS POR ACCIDENTES<\/b><\/p>\n<ul>\n<li>PAGO DIRECTO: Es el beneficio mediante el cual la Aseguradora coordina y paga directamente al hospital y\/o al m\u00e9dico con el cual ha celebrado convenio, por servicios m\u00e9dicos prestados a los Asegurados, de acuerdo con las condiciones del presente contrato y cuando proceda la cobertura reclamada.<\/li>\n<li>REEMBOLSO: Es la restituci\u00f3n de gastos procedentes que no fueron cubiertos mediante pago directo, erogados previamente por el Asegurado a consecuencia de un accidente cubierto por la p\u00f3liza. La Aseguradora reintegrar\u00e1 al Asegurado, hasta el monto de la Suma Asegurada, la cantidad que resulte despu\u00e9s de aplicar el deducible correspondiente, o en su caso, cuando se haya rebasado la cantidad estipulada como franquicia, cuando as\u00ed se haya contratado. Todas las indemnizaciones v\u00eda Reembolso cubiertas por la Aseguradora ser\u00e1n liquidadas al Asegurado afectado, al Contratante, al Asegurado o a quien acredite haber realizado el gasto. Todos los comprobantes deber\u00e1n ser originales y nunca en copias fotost\u00e1ticas o recibos provisionales, en los cuales deber\u00e1 constar el nombre del Asegurado afectado.<\/li>\n<\/ul>\n\t<p>Identificaci\u00f3n p\u00f3liza:<\/p>\n<p>P\u00f3liza de Accidentes Personales inicia n\u00famero con <strong>AP-TEC-00<\/strong><\/p>\n<p>P\u00f3liza de Vida inicia n\u00famero con <strong>VG-TEC-00<\/strong><\/p>\n<p>Si necesitas el n\u00famero de p\u00f3liza, acudir o llamar a servicios escolares.<\/p>\n<p><strong>Si tienes m\u00e1s dudas, favor de comunicarte a control escolar al correo: serviciosescolares@loscabos.tecnm.mx<\/strong><\/p>\n\n","protected":false},"excerpt":{"rendered":"<p>SEGUROS CON LOS QUE CUENTA EL ESTUDIANTE de ites los cabos En ITES Los Cabos, nos preocupamos por tu bienestar mientras te dedicas a tus estudios. Por eso, todos nuestros estudiantes tienen acceso a un seguro facultativo y un seguro de accidentes personales escolares proporcionados por la instituci\u00f3n, dise\u00f1ados para brindarte tranquilidad y seguridad en &hellip;<\/p>\n<p class=\"read-more\"> <a class=\"\" href=\"https:\/\/www.itesloscabos.edu.mx\/inicio\/seguros-estudiantes\/\"> <span class=\"screen-reader-text\">Seguros<\/span> Leer m\u00e1s &raquo;<\/a><\/p>\n","protected":false},"author":1,"featured_media":0,"parent":0,"menu_order":0,"comment_status":"closed","ping_status":"closed","template":"","meta":{"om_disable_all_campaigns":false,"_monsterinsights_skip_tracking":false,"_monsterinsights_sitenote_active":false,"_monsterinsights_sitenote_note":"","_monsterinsights_sitenote_category":0,"_uf_show_specific_survey":0,"_uf_disable_surveys":false,"site-sidebar-layout":"no-sidebar","site-content-layout":"page-builder","ast-main-header-display":"","ast-hfb-above-header-display":"","ast-hfb-below-header-display":"","ast-hfb-mobile-header-display":"","site-post-title":"disabled","ast-breadcrumbs-content":"","ast-featured-img":"disabled","footer-sml-layout":"","theme-transparent-header-meta":"default","adv-header-id-meta":"","stick-header-meta":"","header-above-stick-meta":"","header-main-stick-meta":"","header-below-stick-meta":"","footnotes":""},"class_list":["post-4636","page","type-page","status-publish","hentry"],"aioseo_notices":[],"yoast_head":"<!-- This site is optimized with the Yoast SEO plugin v27.2 - https:\/\/yoast.com\/product\/yoast-seo-wordpress\/ -->\n<title>Seguros - ITES<\/title>\n<meta name=\"robots\" content=\"index, follow, max-snippet:-1, max-image-preview:large, max-video-preview:-1\" \/>\n<link rel=\"canonical\" href=\"https:\/\/www.itesloscabos.edu.mx\/inicio\/seguros-estudiantes\/\" \/>\n<meta property=\"og:locale\" content=\"es_ES\" \/>\n<meta property=\"og:type\" content=\"article\" \/>\n<meta property=\"og:title\" content=\"Seguros - ITES\" \/>\n<meta property=\"og:description\" content=\"SEGUROS CON LOS QUE CUENTA EL ESTUDIANTE de ites los cabos En ITES Los Cabos, nos preocupamos por tu bienestar mientras te dedicas a tus estudios. Por eso, todos nuestros estudiantes tienen acceso a un seguro facultativo y un seguro de accidentes personales escolares proporcionados por la instituci\u00f3n, dise\u00f1ados para brindarte tranquilidad y seguridad en &hellip; Seguros Leer m\u00e1s &raquo;\" \/>\n<meta property=\"og:url\" content=\"https:\/\/www.itesloscabos.edu.mx\/inicio\/seguros-estudiantes\/\" \/>\n<meta property=\"og:site_name\" content=\"ITES\" \/>\n<meta property=\"article:modified_time\" content=\"2024-03-20T19:33:24+00:00\" \/>\n<meta property=\"og:image\" content=\"https:\/\/www.itesloscabos.edu.mx\/wp-content\/uploads\/2024\/03\/Captura-de-pantalla-2024-03-15-174610-300x121.png\" \/>\n<meta name=\"twitter:card\" content=\"summary_large_image\" \/>\n<meta name=\"twitter:label1\" content=\"Tiempo de lectura\" \/>\n\t<meta name=\"twitter:data1\" content=\"5 minutos\" \/>\n<script type=\"application\/ld+json\" class=\"yoast-schema-graph\">{\"@context\":\"https:\/\/schema.org\",\"@graph\":[{\"@type\":\"WebPage\",\"@id\":\"https:\/\/www.itesloscabos.edu.mx\/inicio\/seguros-estudiantes\/\",\"url\":\"https:\/\/www.itesloscabos.edu.mx\/inicio\/seguros-estudiantes\/\",\"name\":\"Seguros - ITES\",\"isPartOf\":{\"@id\":\"https:\/\/www.itesloscabos.edu.mx\/inicio\/#website\"},\"primaryImageOfPage\":{\"@id\":\"https:\/\/www.itesloscabos.edu.mx\/inicio\/seguros-estudiantes\/#primaryimage\"},\"image\":{\"@id\":\"https:\/\/www.itesloscabos.edu.mx\/inicio\/seguros-estudiantes\/#primaryimage\"},\"thumbnailUrl\":\"https:\/\/www.itesloscabos.edu.mx\/wp-content\/uploads\/2024\/03\/Captura-de-pantalla-2024-03-15-174610-300x121.png\",\"datePublished\":\"2024-03-16T00:56:25+00:00\",\"dateModified\":\"2024-03-20T19:33:24+00:00\",\"breadcrumb\":{\"@id\":\"https:\/\/www.itesloscabos.edu.mx\/inicio\/seguros-estudiantes\/#breadcrumb\"},\"inLanguage\":\"es\",\"potentialAction\":[{\"@type\":\"ReadAction\",\"target\":[\"https:\/\/www.itesloscabos.edu.mx\/inicio\/seguros-estudiantes\/\"]}]},{\"@type\":\"ImageObject\",\"inLanguage\":\"es\",\"@id\":\"https:\/\/www.itesloscabos.edu.mx\/inicio\/seguros-estudiantes\/#primaryimage\",\"url\":\"https:\/\/www.itesloscabos.edu.mx\/wp-content\/uploads\/2024\/03\/Captura-de-pantalla-2024-03-15-174610-300x121.png\",\"contentUrl\":\"https:\/\/www.itesloscabos.edu.mx\/wp-content\/uploads\/2024\/03\/Captura-de-pantalla-2024-03-15-174610-300x121.png\"},{\"@type\":\"BreadcrumbList\",\"@id\":\"https:\/\/www.itesloscabos.edu.mx\/inicio\/seguros-estudiantes\/#breadcrumb\",\"itemListElement\":[{\"@type\":\"ListItem\",\"position\":1,\"name\":\"Portada\",\"item\":\"https:\/\/www.itesloscabos.edu.mx\/inicio\/\"},{\"@type\":\"ListItem\",\"position\":2,\"name\":\"Seguros\"}]},{\"@type\":\"WebSite\",\"@id\":\"https:\/\/www.itesloscabos.edu.mx\/inicio\/#website\",\"url\":\"https:\/\/www.itesloscabos.edu.mx\/inicio\/\",\"name\":\"ITES\",\"description\":\"Los Cabos\",\"potentialAction\":[{\"@type\":\"SearchAction\",\"target\":{\"@type\":\"EntryPoint\",\"urlTemplate\":\"https:\/\/www.itesloscabos.edu.mx\/inicio\/?s={search_term_string}\"},\"query-input\":{\"@type\":\"PropertyValueSpecification\",\"valueRequired\":true,\"valueName\":\"search_term_string\"}}],\"inLanguage\":\"es\"}]}<\/script>\n<!-- \/ Yoast SEO plugin. -->","yoast_head_json":{"title":"Seguros - ITES","robots":{"index":"index","follow":"follow","max-snippet":"max-snippet:-1","max-image-preview":"max-image-preview:large","max-video-preview":"max-video-preview:-1"},"canonical":"https:\/\/www.itesloscabos.edu.mx\/inicio\/seguros-estudiantes\/","og_locale":"es_ES","og_type":"article","og_title":"Seguros - ITES","og_description":"SEGUROS CON LOS QUE CUENTA EL ESTUDIANTE de ites los cabos En ITES Los Cabos, nos preocupamos por tu bienestar mientras te dedicas a tus estudios. Por eso, todos nuestros estudiantes tienen acceso a un seguro facultativo y un seguro de accidentes personales escolares proporcionados por la instituci\u00f3n, dise\u00f1ados para brindarte tranquilidad y seguridad en &hellip; Seguros Leer m\u00e1s &raquo;","og_url":"https:\/\/www.itesloscabos.edu.mx\/inicio\/seguros-estudiantes\/","og_site_name":"ITES","article_modified_time":"2024-03-20T19:33:24+00:00","og_image":[{"url":"https:\/\/www.itesloscabos.edu.mx\/wp-content\/uploads\/2024\/03\/Captura-de-pantalla-2024-03-15-174610-300x121.png","type":"","width":"","height":""}],"twitter_card":"summary_large_image","twitter_misc":{"Tiempo de lectura":"5 minutos"},"schema":{"@context":"https:\/\/schema.org","@graph":[{"@type":"WebPage","@id":"https:\/\/www.itesloscabos.edu.mx\/inicio\/seguros-estudiantes\/","url":"https:\/\/www.itesloscabos.edu.mx\/inicio\/seguros-estudiantes\/","name":"Seguros - ITES","isPartOf":{"@id":"https:\/\/www.itesloscabos.edu.mx\/inicio\/#website"},"primaryImageOfPage":{"@id":"https:\/\/www.itesloscabos.edu.mx\/inicio\/seguros-estudiantes\/#primaryimage"},"image":{"@id":"https:\/\/www.itesloscabos.edu.mx\/inicio\/seguros-estudiantes\/#primaryimage"},"thumbnailUrl":"https:\/\/www.itesloscabos.edu.mx\/wp-content\/uploads\/2024\/03\/Captura-de-pantalla-2024-03-15-174610-300x121.png","datePublished":"2024-03-16T00:56:25+00:00","dateModified":"2024-03-20T19:33:24+00:00","breadcrumb":{"@id":"https:\/\/www.itesloscabos.edu.mx\/inicio\/seguros-estudiantes\/#breadcrumb"},"inLanguage":"es","potentialAction":[{"@type":"ReadAction","target":["https:\/\/www.itesloscabos.edu.mx\/inicio\/seguros-estudiantes\/"]}]},{"@type":"ImageObject","inLanguage":"es","@id":"https:\/\/www.itesloscabos.edu.mx\/inicio\/seguros-estudiantes\/#primaryimage","url":"https:\/\/www.itesloscabos.edu.mx\/wp-content\/uploads\/2024\/03\/Captura-de-pantalla-2024-03-15-174610-300x121.png","contentUrl":"https:\/\/www.itesloscabos.edu.mx\/wp-content\/uploads\/2024\/03\/Captura-de-pantalla-2024-03-15-174610-300x121.png"},{"@type":"BreadcrumbList","@id":"https:\/\/www.itesloscabos.edu.mx\/inicio\/seguros-estudiantes\/#breadcrumb","itemListElement":[{"@type":"ListItem","position":1,"name":"Portada","item":"https:\/\/www.itesloscabos.edu.mx\/inicio\/"},{"@type":"ListItem","position":2,"name":"Seguros"}]},{"@type":"WebSite","@id":"https:\/\/www.itesloscabos.edu.mx\/inicio\/#website","url":"https:\/\/www.itesloscabos.edu.mx\/inicio\/","name":"ITES","description":"Los Cabos","potentialAction":[{"@type":"SearchAction","target":{"@type":"EntryPoint","urlTemplate":"https:\/\/www.itesloscabos.edu.mx\/inicio\/?s={search_term_string}"},"query-input":{"@type":"PropertyValueSpecification","valueRequired":true,"valueName":"search_term_string"}}],"inLanguage":"es"}]}},"blog_post_layout_featured_media_urls":{"thumbnail":"","full":""},"categories_names":null,"comments_number":"0","_links":{"self":[{"href":"https:\/\/www.itesloscabos.edu.mx\/inicio\/wp-json\/wp\/v2\/pages\/4636","targetHints":{"allow":["GET"]}}],"collection":[{"href":"https:\/\/www.itesloscabos.edu.mx\/inicio\/wp-json\/wp\/v2\/pages"}],"about":[{"href":"https:\/\/www.itesloscabos.edu.mx\/inicio\/wp-json\/wp\/v2\/types\/page"}],"author":[{"embeddable":true,"href":"https:\/\/www.itesloscabos.edu.mx\/inicio\/wp-json\/wp\/v2\/users\/1"}],"replies":[{"embeddable":true,"href":"https:\/\/www.itesloscabos.edu.mx\/inicio\/wp-json\/wp\/v2\/comments?post=4636"}],"version-history":[{"count":13,"href":"https:\/\/www.itesloscabos.edu.mx\/inicio\/wp-json\/wp\/v2\/pages\/4636\/revisions"}],"predecessor-version":[{"id":4694,"href":"https:\/\/www.itesloscabos.edu.mx\/inicio\/wp-json\/wp\/v2\/pages\/4636\/revisions\/4694"}],"wp:attachment":[{"href":"https:\/\/www.itesloscabos.edu.mx\/inicio\/wp-json\/wp\/v2\/media?parent=4636"}],"curies":[{"name":"wp","href":"https:\/\/api.w.org\/{rel}","templated":true}]}}