{"id":4600,"date":"2024-03-06T23:54:54","date_gmt":"2024-03-07T05:54:54","guid":{"rendered":"https:\/\/www.itesloscabos.edu.mx\/inicio\/?page_id=4600"},"modified":"2024-08-14T19:37:01","modified_gmt":"2024-08-15T01:37:01","slug":"ingenieria-en-administracion-en-linea","status":"publish","type":"page","link":"https:\/\/www.itesloscabos.edu.mx\/inicio\/ingenieria-en-administracion-en-linea\/","title":{"rendered":"Ingenier\u00eda en administraci\u00f3n en l\u00ednea"},"content":{"rendered":"\n<h1>\n\t\tINGENIER\u00cdA EN ADMINISTRACI\u00d3N\n\t<\/h1>\n<h4>\n\t\tMODALIDAD MIXTA\n\t<\/h4>\n\t<p>\u00bfTe gustar\u00eda avanzar en tu carrera profesional sin dejar de lado tus responsabilidades actuales? Explora nuestra Ingenier\u00eda en Administraci\u00f3n en modalidad mixta en el ITES Los Cabos. Combina la flexibilidad del aprendizaje en l\u00ednea con sesiones presenciales que se adaptan a tu ritmo. Adquiere competencias clave en gesti\u00f3n empresarial mientras gestionas tu tiempo de manera eficiente, respaldado por una instituci\u00f3n de prestigio. \u00a1Inscr\u00edbete hoy y da el siguiente paso hacia tu \u00e9xito profesional!<\/p>\n\t<h3>\n\t\t\t\t\tInicio\n\t\t\t\t<\/h3>\n\t\t\t<p>27 de enero de 2025<\/p>\n\t<h3>\n\t\t\t\t\tDuraci\u00f3n\n\t\t\t\t<\/h3>\n\t\t\t<p>4 a\u00f1os y 6 meses<\/p>\n\t<h3>\n\t\t\t\t\tAsignaturas\n\t\t\t\t<\/h3>\n\t\t\t<p>40 asignaturas<br \/>m\u00e1s 4 electivas<\/p>\n\t\t\t<a href=\"https:\/\/www.itesloscabos.edu.mx\/inicio\/nuevo-ingreso-2024\/\" target=\"_blank\" role=\"button\" rel=\"noopener\">\n\t\t\t\t\t\t\t\u00a1Inscribete ya!\n\t\t\t<\/a>\n\t\t\t<a href=\"https:\/\/www.itesloscabos.edu.mx\/wp-content\/uploads\/2024\/03\/administracion-mixto-info.png\" target=\"_blank\" role=\"button\" rel=\"noopener\">\n\t\t\t\t\t\t\tDescargar folleto\n\t\t\t<\/a>\n\t\t\t\t<img loading=\"lazy\" decoding=\"async\" src=\"https:\/\/www.itesloscabos.edu.mx\/wp-content\/uploads\/2024\/03\/nueva-portada-enero-1-3.jpg\" alt=\"nueva-portada-enero-1-3\" itemprop=\"image\" height=\"430\" width=\"720\" title=\"nueva-portada-enero-1-3\" onerror=\"this.style.display='none'\"  \/>\n\t<p><strong>Si cuentas con tu certificado de bachillerato concluido<\/strong> o equivalente y quieres estudiar una <strong>Ingenier\u00eda en Administraci\u00f3n en modalidad mixta,<\/strong> \u00a0esta carrera tiene todo lo que buscas.<\/p>\n<h2>\n\t\tOPORTUNIDADES LABORALES\n\t<\/h2>\n\t<p>Encargado de planificar, coordinar y supervisar proyectos en diversas \u00e1reas como construcci\u00f3n, tecnolog\u00eda, marketing, entre otros.<\/p>\n\t<p>Responsable de analizar la situaci\u00f3n financiera de una empresa, realizar proyecciones y recomendaciones para mejorar su desempe\u00f1o econ\u00f3mico.<\/p>\n\t<p>Profesional que brinda asesor\u00eda a empresas en temas de organizaci\u00f3n, estrategia, finanzas, recursos humanos, entre otros.<\/p>\n\t<p>Encargado de la gesti\u00f3n del talento humano de una empresa, incluyendo la contrataci\u00f3n, capacitaci\u00f3n, evaluaci\u00f3n y desarrollo de personal.<\/p>\n\t<p>Responsable de planificar y coordinar la log\u00edstica de una empresa, garantizando la eficiencia en la cadena de suministro.<\/p>\n\t<p>Encargado de estudiar el mercado, identificar tendencias y oportunidades, y desarrollar estrategias para posicionar productos o servicios.<\/p>\n\t\t\t\t<img loading=\"lazy\" decoding=\"async\" src=\"https:\/\/www.itesloscabos.edu.mx\/wp-content\/uploads\/2024\/03\/estudiar-linea.jpg\" alt=\"estudiar-linea\" itemprop=\"image\" height=\"450\" width=\"800\" title=\"estudiar-linea\" onerror=\"this.style.display='none'\"  \/>\n\t\t\t\t<img loading=\"lazy\" decoding=\"async\" src=\"https:\/\/www.itesloscabos.edu.mx\/wp-content\/uploads\/2024\/03\/img-1.png\" alt=\"img-1\" itemprop=\"image\" height=\"500\" width=\"650\" title=\"img-1\" onerror=\"this.style.display='none'\"  \/>\n<h2>\n\t\t\u00bfPor qu\u00e9 deber\u00edas estudiar ingenier\u00eda en administraci\u00f3n modalidad mixta?\n\t<\/h2>\n\t<p><strong>Considera estudiar Ingenier\u00eda en Administraci\u00f3n en modalidad mixta<\/strong>, <strong>Por varias razones clave.<\/strong> Primero, esta modalidad te ofrece la flexibilidad de aprender desde casa a trav\u00e9s de plataformas en l\u00ednea, mientras mantienes el contacto directo con profesores y compa\u00f1eros en las sesiones presenciales. Esto te permite gestionar tu tiempo de manera eficiente y equilibrar tus responsabilidades laborales, familiares y personales.<\/p>\n<p>Estudiar en modalidad mixta tambi\u00e9n fomenta el desarrollo de habilidades esenciales para el mundo laboral, como la autodisciplina, la organizaci\u00f3n y la gesti\u00f3n del tiempo, que son muy valoradas por los empleadores. Adem\u00e1s, te permite mejorar tus habilidades tecnol\u00f3gicas al utilizar herramientas en l\u00ednea mientras mantienes una interacci\u00f3n directa en el entorno acad\u00e9mico.<\/p>\n<p>En resumen, la Ingenier\u00eda en Administraci\u00f3n en modalidad mixta combina la flexibilidad del aprendizaje en l\u00ednea con la interacci\u00f3n y el apoyo de las clases presenciales, ofreciendo una experiencia educativa integral que puede potenciar tu carrera profesional y tu crecimiento personal.<\/p>\n\t\t\t<a href=\"https:\/\/www.itesloscabos.edu.mx\/wp-content\/uploads\/2024\/03\/administracion-mixto-info.png\" target=\"_blank\" role=\"button\" rel=\"noopener\">\n\t\t\t\t\t\t\tVer reticula de estudios\n\t\t\t<\/a>\n<h2>\n\t\t\u00bfQu\u00e9 necesitas para hacer el examen de ingreso para la ingenier\u00eda en administraci\u00f3n en modalidad mixta?\n\t<\/h2>\n\t<p>Computadora de escritorio o port\u00e1til con conexi\u00f3n a internet y sistema operativo actualizado.<\/p>\n\t<p>CURP, acta de nacimiento, pasaporte o identificaci\u00f3n oficial del pa\u00eds de origen (s\u00f3lo para personas extranjeras)<\/p>\n\t<p>Pago de ficha para examen de nuevo ingreso<\/p>\n\t\t\t<a href=\"https:\/\/www.itesloscabos.edu.mx\/wp-content\/uploads\/2024\/03\/SIE.mp4\" target=\"_blank\" role=\"button\" rel=\"noopener\">\n\t\t\t\t\t\t\tComo solicitar ficha para examen de admisi\u00f3n\n\t\t\t<\/a>\n<h1>\n\t\t \u00bfEn qu\u00e9 consiste la ingenier\u00eda en administraci\u00f3n?\n\t<\/h1>\n\t<p>La Ingenier\u00eda en Administraci\u00f3n es una disciplina que combina conocimientos de ingenier\u00eda, administraci\u00f3n y gesti\u00f3n empresarial para formar profesionales capacitados en la optimizaci\u00f3n de recursos y procesos en organizaciones. Esta carrera se enfoca en aplicar principios y t\u00e9cnicas de la ingenier\u00eda para mejorar la eficiencia y la efectividad de las operaciones empresariales.<\/p>\n<p>Los profesionales en Ingenier\u00eda en Administraci\u00f3n est\u00e1n capacitados para analizar problemas complejos en organizaciones y proponer soluciones innovadoras. Utilizan herramientas y metodolog\u00edas de la ingenier\u00eda para optimizar procesos, reducir costos, mejorar la calidad y aumentar la productividad en diferentes \u00e1reas funcionales de una empresa.<\/p>\n<p>Entre las \u00e1reas de estudio de la Ingenier\u00eda en Administraci\u00f3n se encuentran la gesti\u00f3n de operaciones, la log\u00edstica, la calidad, la gesti\u00f3n de proyectos, la innovaci\u00f3n empresarial, la toma de decisiones, entre otras. Estos conocimientos permiten a los ingenieros en administraci\u00f3n desempe\u00f1arse eficientemente en roles de liderazgo y direcci\u00f3n dentro de organizaciones de diferentes sectores econ\u00f3micos.<\/p>\n\n\t<p><strong>\u00a1No esperes m\u00e1s!<\/strong><\/p>\n<p>Dec\u00eddete hoy a impulsar el rumbo de tu carrera profesional.<\/p>\n\t\t\t<a href=\"https:\/\/www.itesloscabos.edu.mx\/inicio\/contacto-ing-administracion-modalidad-mixta\/\" target=\"_blank\" role=\"button\" rel=\"noopener\">\n\t\t\t\t\t\t\tCONTACTAR\n\t\t\t\t\t<\/a>\n\n","protected":false},"excerpt":{"rendered":"<p>INGENIER\u00cdA EN ADMINISTRACI\u00d3N MODALIDAD MIXTA \u00bfTe gustar\u00eda avanzar en tu carrera profesional sin dejar de lado tus responsabilidades actuales? Explora nuestra Ingenier\u00eda en Administraci\u00f3n en modalidad mixta en el ITES Los Cabos. Combina la flexibilidad del aprendizaje en l\u00ednea con sesiones presenciales que se adaptan a tu ritmo. Adquiere competencias clave en gesti\u00f3n empresarial mientras &hellip;<\/p>\n<p class=\"read-more\"> <a class=\"\" href=\"https:\/\/www.itesloscabos.edu.mx\/inicio\/ingenieria-en-administracion-en-linea\/\"> <span class=\"screen-reader-text\">Ingenier\u00eda en administraci\u00f3n en l\u00ednea<\/span> Leer m\u00e1s &raquo;<\/a><\/p>\n","protected":false},"author":1,"featured_media":0,"parent":0,"menu_order":0,"comment_status":"closed","ping_status":"closed","template":"","meta":{"om_disable_all_campaigns":false,"_monsterinsights_skip_tracking":false,"_monsterinsights_sitenote_active":false,"_monsterinsights_sitenote_note":"","_monsterinsights_sitenote_category":0,"_uf_show_specific_survey":0,"_uf_disable_surveys":false,"site-sidebar-layout":"no-sidebar","site-content-layout":"page-builder","ast-main-header-display":"","ast-hfb-above-header-display":"","ast-hfb-below-header-display":"","ast-hfb-mobile-header-display":"","site-post-title":"disabled","ast-breadcrumbs-content":"","ast-featured-img":"disabled","footer-sml-layout":"","theme-transparent-header-meta":"default","adv-header-id-meta":"","stick-header-meta":"","header-above-stick-meta":"","header-main-stick-meta":"","header-below-stick-meta":"","footnotes":""},"class_list":["post-4600","page","type-page","status-publish","hentry"],"aioseo_notices":[],"yoast_head":"<!-- This site is optimized with the Yoast SEO plugin v27.2 - https:\/\/yoast.com\/product\/yoast-seo-wordpress\/ -->\n<title>Ingenier\u00eda en administraci\u00f3n en l\u00ednea - ITES<\/title>\n<meta name=\"robots\" content=\"index, follow, max-snippet:-1, max-image-preview:large, max-video-preview:-1\" \/>\n<link rel=\"canonical\" href=\"https:\/\/www.itesloscabos.edu.mx\/inicio\/ingenieria-en-administracion-en-linea\/\" \/>\n<meta property=\"og:locale\" content=\"es_ES\" \/>\n<meta property=\"og:type\" content=\"article\" \/>\n<meta property=\"og:title\" content=\"Ingenier\u00eda en administraci\u00f3n en l\u00ednea - ITES\" \/>\n<meta property=\"og:description\" content=\"INGENIER\u00cdA EN ADMINISTRACI\u00d3N MODALIDAD MIXTA \u00bfTe gustar\u00eda avanzar en tu carrera profesional sin dejar de lado tus responsabilidades actuales? Explora nuestra Ingenier\u00eda en Administraci\u00f3n en modalidad mixta en el ITES Los Cabos. Combina la flexibilidad del aprendizaje en l\u00ednea con sesiones presenciales que se adaptan a tu ritmo. Adquiere competencias clave en gesti\u00f3n empresarial mientras &hellip; Ingenier\u00eda en administraci\u00f3n en l\u00ednea Leer m\u00e1s &raquo;\" \/>\n<meta property=\"og:url\" content=\"https:\/\/www.itesloscabos.edu.mx\/inicio\/ingenieria-en-administracion-en-linea\/\" \/>\n<meta property=\"og:site_name\" content=\"ITES\" \/>\n<meta property=\"article:modified_time\" content=\"2024-08-15T01:37:01+00:00\" \/>\n<meta property=\"og:image\" content=\"https:\/\/www.itesloscabos.edu.mx\/wp-content\/uploads\/2024\/03\/nueva-portada-enero-1-3.jpg\" \/>\n<meta name=\"twitter:card\" content=\"summary_large_image\" \/>\n<script type=\"application\/ld+json\" class=\"yoast-schema-graph\">{\"@context\":\"https:\/\/schema.org\",\"@graph\":[{\"@type\":\"WebPage\",\"@id\":\"https:\/\/www.itesloscabos.edu.mx\/inicio\/ingenieria-en-administracion-en-linea\/\",\"url\":\"https:\/\/www.itesloscabos.edu.mx\/inicio\/ingenieria-en-administracion-en-linea\/\",\"name\":\"Ingenier\u00eda en administraci\u00f3n en l\u00ednea - ITES\",\"isPartOf\":{\"@id\":\"https:\/\/www.itesloscabos.edu.mx\/inicio\/#website\"},\"primaryImageOfPage\":{\"@id\":\"https:\/\/www.itesloscabos.edu.mx\/inicio\/ingenieria-en-administracion-en-linea\/#primaryimage\"},\"image\":{\"@id\":\"https:\/\/www.itesloscabos.edu.mx\/inicio\/ingenieria-en-administracion-en-linea\/#primaryimage\"},\"thumbnailUrl\":\"https:\/\/www.itesloscabos.edu.mx\/wp-content\/uploads\/2024\/03\/nueva-portada-enero-1-3.jpg\",\"datePublished\":\"2024-03-07T05:54:54+00:00\",\"dateModified\":\"2024-08-15T01:37:01+00:00\",\"breadcrumb\":{\"@id\":\"https:\/\/www.itesloscabos.edu.mx\/inicio\/ingenieria-en-administracion-en-linea\/#breadcrumb\"},\"inLanguage\":\"es\",\"potentialAction\":[{\"@type\":\"ReadAction\",\"target\":[\"https:\/\/www.itesloscabos.edu.mx\/inicio\/ingenieria-en-administracion-en-linea\/\"]}]},{\"@type\":\"ImageObject\",\"inLanguage\":\"es\",\"@id\":\"https:\/\/www.itesloscabos.edu.mx\/inicio\/ingenieria-en-administracion-en-linea\/#primaryimage\",\"url\":\"https:\/\/www.itesloscabos.edu.mx\/wp-content\/uploads\/2024\/03\/nueva-portada-enero-1-3.jpg\",\"contentUrl\":\"https:\/\/www.itesloscabos.edu.mx\/wp-content\/uploads\/2024\/03\/nueva-portada-enero-1-3.jpg\"},{\"@type\":\"BreadcrumbList\",\"@id\":\"https:\/\/www.itesloscabos.edu.mx\/inicio\/ingenieria-en-administracion-en-linea\/#breadcrumb\",\"itemListElement\":[{\"@type\":\"ListItem\",\"position\":1,\"name\":\"Portada\",\"item\":\"https:\/\/www.itesloscabos.edu.mx\/inicio\/\"},{\"@type\":\"ListItem\",\"position\":2,\"name\":\"Ingenier\u00eda en administraci\u00f3n en l\u00ednea\"}]},{\"@type\":\"WebSite\",\"@id\":\"https:\/\/www.itesloscabos.edu.mx\/inicio\/#website\",\"url\":\"https:\/\/www.itesloscabos.edu.mx\/inicio\/\",\"name\":\"ITES\",\"description\":\"Los Cabos\",\"potentialAction\":[{\"@type\":\"SearchAction\",\"target\":{\"@type\":\"EntryPoint\",\"urlTemplate\":\"https:\/\/www.itesloscabos.edu.mx\/inicio\/?s={search_term_string}\"},\"query-input\":{\"@type\":\"PropertyValueSpecification\",\"valueRequired\":true,\"valueName\":\"search_term_string\"}}],\"inLanguage\":\"es\"}]}<\/script>\n<!-- \/ Yoast SEO plugin. -->","yoast_head_json":{"title":"Ingenier\u00eda en administraci\u00f3n en l\u00ednea - ITES","robots":{"index":"index","follow":"follow","max-snippet":"max-snippet:-1","max-image-preview":"max-image-preview:large","max-video-preview":"max-video-preview:-1"},"canonical":"https:\/\/www.itesloscabos.edu.mx\/inicio\/ingenieria-en-administracion-en-linea\/","og_locale":"es_ES","og_type":"article","og_title":"Ingenier\u00eda en administraci\u00f3n en l\u00ednea - ITES","og_description":"INGENIER\u00cdA EN ADMINISTRACI\u00d3N MODALIDAD MIXTA \u00bfTe gustar\u00eda avanzar en tu carrera profesional sin dejar de lado tus responsabilidades actuales? Explora nuestra Ingenier\u00eda en Administraci\u00f3n en modalidad mixta en el ITES Los Cabos. Combina la flexibilidad del aprendizaje en l\u00ednea con sesiones presenciales que se adaptan a tu ritmo. Adquiere competencias clave en gesti\u00f3n empresarial mientras &hellip; Ingenier\u00eda en administraci\u00f3n en l\u00ednea Leer m\u00e1s &raquo;","og_url":"https:\/\/www.itesloscabos.edu.mx\/inicio\/ingenieria-en-administracion-en-linea\/","og_site_name":"ITES","article_modified_time":"2024-08-15T01:37:01+00:00","og_image":[{"url":"https:\/\/www.itesloscabos.edu.mx\/wp-content\/uploads\/2024\/03\/nueva-portada-enero-1-3.jpg","type":"","width":"","height":""}],"twitter_card":"summary_large_image","schema":{"@context":"https:\/\/schema.org","@graph":[{"@type":"WebPage","@id":"https:\/\/www.itesloscabos.edu.mx\/inicio\/ingenieria-en-administracion-en-linea\/","url":"https:\/\/www.itesloscabos.edu.mx\/inicio\/ingenieria-en-administracion-en-linea\/","name":"Ingenier\u00eda en administraci\u00f3n en l\u00ednea - ITES","isPartOf":{"@id":"https:\/\/www.itesloscabos.edu.mx\/inicio\/#website"},"primaryImageOfPage":{"@id":"https:\/\/www.itesloscabos.edu.mx\/inicio\/ingenieria-en-administracion-en-linea\/#primaryimage"},"image":{"@id":"https:\/\/www.itesloscabos.edu.mx\/inicio\/ingenieria-en-administracion-en-linea\/#primaryimage"},"thumbnailUrl":"https:\/\/www.itesloscabos.edu.mx\/wp-content\/uploads\/2024\/03\/nueva-portada-enero-1-3.jpg","datePublished":"2024-03-07T05:54:54+00:00","dateModified":"2024-08-15T01:37:01+00:00","breadcrumb":{"@id":"https:\/\/www.itesloscabos.edu.mx\/inicio\/ingenieria-en-administracion-en-linea\/#breadcrumb"},"inLanguage":"es","potentialAction":[{"@type":"ReadAction","target":["https:\/\/www.itesloscabos.edu.mx\/inicio\/ingenieria-en-administracion-en-linea\/"]}]},{"@type":"ImageObject","inLanguage":"es","@id":"https:\/\/www.itesloscabos.edu.mx\/inicio\/ingenieria-en-administracion-en-linea\/#primaryimage","url":"https:\/\/www.itesloscabos.edu.mx\/wp-content\/uploads\/2024\/03\/nueva-portada-enero-1-3.jpg","contentUrl":"https:\/\/www.itesloscabos.edu.mx\/wp-content\/uploads\/2024\/03\/nueva-portada-enero-1-3.jpg"},{"@type":"BreadcrumbList","@id":"https:\/\/www.itesloscabos.edu.mx\/inicio\/ingenieria-en-administracion-en-linea\/#breadcrumb","itemListElement":[{"@type":"ListItem","position":1,"name":"Portada","item":"https:\/\/www.itesloscabos.edu.mx\/inicio\/"},{"@type":"ListItem","position":2,"name":"Ingenier\u00eda en administraci\u00f3n en l\u00ednea"}]},{"@type":"WebSite","@id":"https:\/\/www.itesloscabos.edu.mx\/inicio\/#website","url":"https:\/\/www.itesloscabos.edu.mx\/inicio\/","name":"ITES","description":"Los Cabos","potentialAction":[{"@type":"SearchAction","target":{"@type":"EntryPoint","urlTemplate":"https:\/\/www.itesloscabos.edu.mx\/inicio\/?s={search_term_string}"},"query-input":{"@type":"PropertyValueSpecification","valueRequired":true,"valueName":"search_term_string"}}],"inLanguage":"es"}]}},"blog_post_layout_featured_media_urls":{"thumbnail":"","full":""},"categories_names":null,"comments_number":"0","_links":{"self":[{"href":"https:\/\/www.itesloscabos.edu.mx\/inicio\/wp-json\/wp\/v2\/pages\/4600","targetHints":{"allow":["GET"]}}],"collection":[{"href":"https:\/\/www.itesloscabos.edu.mx\/inicio\/wp-json\/wp\/v2\/pages"}],"about":[{"href":"https:\/\/www.itesloscabos.edu.mx\/inicio\/wp-json\/wp\/v2\/types\/page"}],"author":[{"embeddable":true,"href":"https:\/\/www.itesloscabos.edu.mx\/inicio\/wp-json\/wp\/v2\/users\/1"}],"replies":[{"embeddable":true,"href":"https:\/\/www.itesloscabos.edu.mx\/inicio\/wp-json\/wp\/v2\/comments?post=4600"}],"version-history":[{"count":18,"href":"https:\/\/www.itesloscabos.edu.mx\/inicio\/wp-json\/wp\/v2\/pages\/4600\/revisions"}],"predecessor-version":[{"id":5293,"href":"https:\/\/www.itesloscabos.edu.mx\/inicio\/wp-json\/wp\/v2\/pages\/4600\/revisions\/5293"}],"wp:attachment":[{"href":"https:\/\/www.itesloscabos.edu.mx\/inicio\/wp-json\/wp\/v2\/media?parent=4600"}],"curies":[{"name":"wp","href":"https:\/\/api.w.org\/{rel}","templated":true}]}}