{"id":4552,"date":"2024-03-05T18:07:21","date_gmt":"2024-03-06T00:07:21","guid":{"rendered":"https:\/\/www.itesloscabos.edu.mx\/inicio\/?page_id=4552"},"modified":"2024-08-15T15:33:18","modified_gmt":"2024-08-15T21:33:18","slug":"nuevo-ingreso-2024","status":"publish","type":"page","link":"https:\/\/www.itesloscabos.edu.mx\/inicio\/nuevo-ingreso-2024\/","title":{"rendered":"Nuevo ingreso 2024"},"content":{"rendered":"\n<h2>\n\t\tVIDEO DE COMO OBTENER TU FICHA PARA EXAMEN DE LA TERCERA CONVOCATORIA DE NUEVO INGRESO\n\t<\/h2>\n\t<meta itemprop=\"url\" content=\"https:\/\/www.itesloscabos.edu.mx\/wp-content\/uploads\/2024\/03\/SIE.mp4\" \/><div style=\"width: 640px;\" class=\"wp-video\"><video class=\"wp-video-shortcode\" id=\"video-4552-1\" width=\"640\" height=\"360\" preload=\"metadata\" controls=\"controls\"><source type=\"video\/mp4\" src=\"https:\/\/www.itesloscabos.edu.mx\/wp-content\/uploads\/2024\/03\/SIE.mp4?_=1\" \/><a href=\"https:\/\/www.itesloscabos.edu.mx\/wp-content\/uploads\/2024\/03\/SIE.mp4\">https:\/\/www.itesloscabos.edu.mx\/wp-content\/uploads\/2024\/03\/SIE.mp4<\/a><\/video><\/div>\n\t\t\t<a href=\"https:\/\/www.itesloscabos.edu.mx\/wp-content\/uploads\/2024\/03\/GUIA-DE-EXAMEN-ADMISION-EVALUATEC-2024-1.pdf\" target=\"_blank\" role=\"button\" rel=\"noopener\">\n\t\t\t\t\t\tDESCARGAR GU\u00cdA PARA EL EXAMEN EVALUATEC 2024\n\t\t\t\t\t<\/a>\n<h1>\n\t\tTERCERA CONVOCATORIA NUEVO INGRESO 2024 PARA CABO SAN LUCAS\n\t<\/h1>\n\t<p>\u00a1Bienvenidos a ITES Los Cabos!<\/p>\n<p>Estamos encantados de darles la m\u00e1s c\u00e1lida bienvenida a nuestra instituci\u00f3n educativa, donde la excelencia acad\u00e9mica y la innovaci\u00f3n son pilares fundamentales. En ITES Los Cabos, nos enorgullece ofrecer una amplia gama de carreras.<\/p>\n<p>En ITES Los Cabos, no solo los prepararemos para enfrentar los desaf\u00edos del mundo en constante evoluci\u00f3n, sino que tambi\u00e9n les proporcionaremos las herramientas necesarias para sobresalir y liderar en sus respectivos campos.<\/p>\n<p>Les invitamos a explorar nuestras carreras, descubrir nuevas pasiones y dar el primer paso hacia un futuro emocionante y lleno de oportunidades. \u00a1Estamos emocionados de acompa\u00f1arles en este viaje de crecimiento y aprendizaje!<\/p>\n<p>\u00a1Bienvenidos a la comunidad tecnol\u00f3gica m\u00e1s grande del pa\u00eds ITES Los Cabos!<\/p>\n\t<p><strong>FECHA L\u00cdMITE PARA INSCRIBIRTE<\/strong><\/p>\n<p><strong>28 DE AGOSTO DE 2024<\/strong><\/p>\n\t<p><strong>COSTO DE EXAMEN NUEVO INGRESO<\/strong><\/p>\n<p><strong>$2,200<\/strong><\/p>\n<h3>\n\t\tOFERTA EDUCATIVA\n\t<\/h3>\n\t<p>\u00a1Descubre tu potencial en ITES Los Cabos sede Cabo San Lucas!<\/p>\n<p>En un mundo donde las oportunidades son infinitas, \u00bfqu\u00e9 mejor lugar para forjar tu futuro que en\u00a0 ITES Los Cabos, te ofrecemos la oportunidad de convertirte en el protagonista de la pr\u00f3xima revoluci\u00f3n profesional.<\/p>\n\n<h2>\n\t\tCABO SAN LUCAS\n\t<\/h2>\n\t\t\t\t<a href=\"https:\/\/www.itesloscabos.edu.mx\/wp-content\/uploads\/2024\/03\/contador-info.png\" target=\"_blank\" rel=\"noopener\" itemprop=\"url\">\n\t\t\t\t<img loading=\"lazy\" decoding=\"async\" src=\"https:\/\/www.itesloscabos.edu.mx\/wp-content\/uploads\/2024\/03\/contador.png\" alt=\"contador\" itemprop=\"image\" height=\"2452\" width=\"1107\" title=\"contador\" onerror=\"this.style.display='none'\"  \/>\n\t\t\t\t<\/a>\n<h2>\n\t\tCABO SAN LUCAS\n\t<\/h2>\n\t\t\t\t<a href=\"https:\/\/www.itesloscabos.edu.mx\/wp-content\/uploads\/2024\/03\/arquitectura-info.png\" target=\"_blank\" rel=\"noopener\" itemprop=\"url\">\n\t\t\t\t<img loading=\"lazy\" decoding=\"async\" src=\"https:\/\/www.itesloscabos.edu.mx\/wp-content\/uploads\/2024\/03\/ARQU.png\" alt=\"ARQU\" itemprop=\"image\" height=\"2452\" width=\"1107\" title=\"ARQU\" onerror=\"this.style.display='none'\"  \/>\n\t\t\t\t<\/a>\n<h2>\n\t\tCABO SAN LUCAS\n\t<\/h2>\n\t\t\t\t<a href=\"https:\/\/www.itesloscabos.edu.mx\/wp-content\/uploads\/2024\/03\/turismo-info.png\" target=\"_blank\" rel=\"noopener\" itemprop=\"url\">\n\t\t\t\t<img loading=\"lazy\" decoding=\"async\" src=\"https:\/\/www.itesloscabos.edu.mx\/wp-content\/uploads\/2024\/03\/TURI.png\" alt=\"TURI\" itemprop=\"image\" height=\"2448\" width=\"1104\" title=\"TURI\" onerror=\"this.style.display='none'\"  \/>\n\t\t\t\t<\/a>\n<h2>\n\t\tCABO SAN LUCAS\n\t<\/h2>\n\t\t\t\t<a href=\"https:\/\/www.itesloscabos.edu.mx\/wp-content\/uploads\/2024\/03\/administracion-info.png\" target=\"_blank\" rel=\"noopener\" itemprop=\"url\">\n\t\t\t\t<img loading=\"lazy\" decoding=\"async\" src=\"https:\/\/www.itesloscabos.edu.mx\/wp-content\/uploads\/2024\/03\/admon-462x1024.png\" alt=\"admon\" itemprop=\"image\" height=\"1024\" width=\"462\" title=\"admon\" onerror=\"this.style.display='none'\"  \/>\n\t\t\t\t<\/a>\n\n","protected":false},"excerpt":{"rendered":"<p>VIDEO DE COMO OBTENER TU FICHA PARA EXAMEN DE LA TERCERA CONVOCATORIA DE NUEVO INGRESO DESCARGAR GU\u00cdA PARA EL EXAMEN EVALUATEC 2024 TERCERA CONVOCATORIA NUEVO INGRESO 2024 PARA CABO SAN LUCAS \u00a1Bienvenidos a ITES Los Cabos! Estamos encantados de darles la m\u00e1s c\u00e1lida bienvenida a nuestra instituci\u00f3n educativa, donde la excelencia acad\u00e9mica y la innovaci\u00f3n &hellip;<\/p>\n<p class=\"read-more\"> <a class=\"\" href=\"https:\/\/www.itesloscabos.edu.mx\/inicio\/nuevo-ingreso-2024\/\"> <span class=\"screen-reader-text\">Nuevo ingreso 2024<\/span> Leer m\u00e1s &raquo;<\/a><\/p>\n","protected":false},"author":1,"featured_media":0,"parent":0,"menu_order":0,"comment_status":"closed","ping_status":"closed","template":"","meta":{"om_disable_all_campaigns":false,"_monsterinsights_skip_tracking":false,"_monsterinsights_sitenote_active":false,"_monsterinsights_sitenote_note":"","_monsterinsights_sitenote_category":0,"_uf_show_specific_survey":0,"_uf_disable_surveys":false,"site-sidebar-layout":"no-sidebar","site-content-layout":"page-builder","ast-main-header-display":"","ast-hfb-above-header-display":"","ast-hfb-below-header-display":"","ast-hfb-mobile-header-display":"","site-post-title":"disabled","ast-breadcrumbs-content":"","ast-featured-img":"disabled","footer-sml-layout":"","theme-transparent-header-meta":"default","adv-header-id-meta":"","stick-header-meta":"","header-above-stick-meta":"","header-main-stick-meta":"","header-below-stick-meta":"","footnotes":""},"class_list":["post-4552","page","type-page","status-publish","hentry"],"aioseo_notices":[],"yoast_head":"<!-- This site is optimized with the Yoast SEO plugin v27.2 - https:\/\/yoast.com\/product\/yoast-seo-wordpress\/ -->\n<title>Nuevo ingreso 2024 - ITES<\/title>\n<meta name=\"robots\" content=\"index, follow, max-snippet:-1, max-image-preview:large, max-video-preview:-1\" \/>\n<link rel=\"canonical\" href=\"https:\/\/www.itesloscabos.edu.mx\/inicio\/nuevo-ingreso-2024\/\" \/>\n<meta property=\"og:locale\" content=\"es_ES\" \/>\n<meta property=\"og:type\" content=\"article\" \/>\n<meta property=\"og:title\" content=\"Nuevo ingreso 2024 - ITES\" \/>\n<meta property=\"og:description\" content=\"VIDEO DE COMO OBTENER TU FICHA PARA EXAMEN DE LA TERCERA CONVOCATORIA DE NUEVO INGRESO DESCARGAR GU\u00cdA PARA EL EXAMEN EVALUATEC 2024 TERCERA CONVOCATORIA NUEVO INGRESO 2024 PARA CABO SAN LUCAS \u00a1Bienvenidos a ITES Los Cabos! Estamos encantados de darles la m\u00e1s c\u00e1lida bienvenida a nuestra instituci\u00f3n educativa, donde la excelencia acad\u00e9mica y la innovaci\u00f3n &hellip; Nuevo ingreso 2024 Leer m\u00e1s &raquo;\" \/>\n<meta property=\"og:url\" content=\"https:\/\/www.itesloscabos.edu.mx\/inicio\/nuevo-ingreso-2024\/\" \/>\n<meta property=\"og:site_name\" content=\"ITES\" \/>\n<meta property=\"article:modified_time\" content=\"2024-08-15T21:33:18+00:00\" \/>\n<meta property=\"og:image\" content=\"https:\/\/www.itesloscabos.edu.mx\/wp-content\/uploads\/2024\/03\/contador.png\" \/>\n<meta name=\"twitter:card\" content=\"summary_large_image\" \/>\n<script type=\"application\/ld+json\" class=\"yoast-schema-graph\">{\"@context\":\"https:\/\/schema.org\",\"@graph\":[{\"@type\":\"WebPage\",\"@id\":\"https:\/\/www.itesloscabos.edu.mx\/inicio\/nuevo-ingreso-2024\/\",\"url\":\"https:\/\/www.itesloscabos.edu.mx\/inicio\/nuevo-ingreso-2024\/\",\"name\":\"Nuevo ingreso 2024 - ITES\",\"isPartOf\":{\"@id\":\"https:\/\/www.itesloscabos.edu.mx\/inicio\/#website\"},\"primaryImageOfPage\":{\"@id\":\"https:\/\/www.itesloscabos.edu.mx\/inicio\/nuevo-ingreso-2024\/#primaryimage\"},\"image\":{\"@id\":\"https:\/\/www.itesloscabos.edu.mx\/inicio\/nuevo-ingreso-2024\/#primaryimage\"},\"thumbnailUrl\":\"https:\/\/www.itesloscabos.edu.mx\/wp-content\/uploads\/2024\/03\/contador.png\",\"datePublished\":\"2024-03-06T00:07:21+00:00\",\"dateModified\":\"2024-08-15T21:33:18+00:00\",\"breadcrumb\":{\"@id\":\"https:\/\/www.itesloscabos.edu.mx\/inicio\/nuevo-ingreso-2024\/#breadcrumb\"},\"inLanguage\":\"es\",\"potentialAction\":[{\"@type\":\"ReadAction\",\"target\":[\"https:\/\/www.itesloscabos.edu.mx\/inicio\/nuevo-ingreso-2024\/\"]}]},{\"@type\":\"ImageObject\",\"inLanguage\":\"es\",\"@id\":\"https:\/\/www.itesloscabos.edu.mx\/inicio\/nuevo-ingreso-2024\/#primaryimage\",\"url\":\"https:\/\/www.itesloscabos.edu.mx\/wp-content\/uploads\/2024\/03\/contador.png\",\"contentUrl\":\"https:\/\/www.itesloscabos.edu.mx\/wp-content\/uploads\/2024\/03\/contador.png\"},{\"@type\":\"BreadcrumbList\",\"@id\":\"https:\/\/www.itesloscabos.edu.mx\/inicio\/nuevo-ingreso-2024\/#breadcrumb\",\"itemListElement\":[{\"@type\":\"ListItem\",\"position\":1,\"name\":\"Portada\",\"item\":\"https:\/\/www.itesloscabos.edu.mx\/inicio\/\"},{\"@type\":\"ListItem\",\"position\":2,\"name\":\"Nuevo ingreso 2024\"}]},{\"@type\":\"WebSite\",\"@id\":\"https:\/\/www.itesloscabos.edu.mx\/inicio\/#website\",\"url\":\"https:\/\/www.itesloscabos.edu.mx\/inicio\/\",\"name\":\"ITES\",\"description\":\"Los Cabos\",\"potentialAction\":[{\"@type\":\"SearchAction\",\"target\":{\"@type\":\"EntryPoint\",\"urlTemplate\":\"https:\/\/www.itesloscabos.edu.mx\/inicio\/?s={search_term_string}\"},\"query-input\":{\"@type\":\"PropertyValueSpecification\",\"valueRequired\":true,\"valueName\":\"search_term_string\"}}],\"inLanguage\":\"es\"}]}<\/script>\n<!-- \/ Yoast SEO plugin. -->","yoast_head_json":{"title":"Nuevo ingreso 2024 - ITES","robots":{"index":"index","follow":"follow","max-snippet":"max-snippet:-1","max-image-preview":"max-image-preview:large","max-video-preview":"max-video-preview:-1"},"canonical":"https:\/\/www.itesloscabos.edu.mx\/inicio\/nuevo-ingreso-2024\/","og_locale":"es_ES","og_type":"article","og_title":"Nuevo ingreso 2024 - ITES","og_description":"VIDEO DE COMO OBTENER TU FICHA PARA EXAMEN DE LA TERCERA CONVOCATORIA DE NUEVO INGRESO DESCARGAR GU\u00cdA PARA EL EXAMEN EVALUATEC 2024 TERCERA CONVOCATORIA NUEVO INGRESO 2024 PARA CABO SAN LUCAS \u00a1Bienvenidos a ITES Los Cabos! Estamos encantados de darles la m\u00e1s c\u00e1lida bienvenida a nuestra instituci\u00f3n educativa, donde la excelencia acad\u00e9mica y la innovaci\u00f3n &hellip; Nuevo ingreso 2024 Leer m\u00e1s &raquo;","og_url":"https:\/\/www.itesloscabos.edu.mx\/inicio\/nuevo-ingreso-2024\/","og_site_name":"ITES","article_modified_time":"2024-08-15T21:33:18+00:00","og_image":[{"url":"https:\/\/www.itesloscabos.edu.mx\/wp-content\/uploads\/2024\/03\/contador.png","type":"","width":"","height":""}],"twitter_card":"summary_large_image","schema":{"@context":"https:\/\/schema.org","@graph":[{"@type":"WebPage","@id":"https:\/\/www.itesloscabos.edu.mx\/inicio\/nuevo-ingreso-2024\/","url":"https:\/\/www.itesloscabos.edu.mx\/inicio\/nuevo-ingreso-2024\/","name":"Nuevo ingreso 2024 - ITES","isPartOf":{"@id":"https:\/\/www.itesloscabos.edu.mx\/inicio\/#website"},"primaryImageOfPage":{"@id":"https:\/\/www.itesloscabos.edu.mx\/inicio\/nuevo-ingreso-2024\/#primaryimage"},"image":{"@id":"https:\/\/www.itesloscabos.edu.mx\/inicio\/nuevo-ingreso-2024\/#primaryimage"},"thumbnailUrl":"https:\/\/www.itesloscabos.edu.mx\/wp-content\/uploads\/2024\/03\/contador.png","datePublished":"2024-03-06T00:07:21+00:00","dateModified":"2024-08-15T21:33:18+00:00","breadcrumb":{"@id":"https:\/\/www.itesloscabos.edu.mx\/inicio\/nuevo-ingreso-2024\/#breadcrumb"},"inLanguage":"es","potentialAction":[{"@type":"ReadAction","target":["https:\/\/www.itesloscabos.edu.mx\/inicio\/nuevo-ingreso-2024\/"]}]},{"@type":"ImageObject","inLanguage":"es","@id":"https:\/\/www.itesloscabos.edu.mx\/inicio\/nuevo-ingreso-2024\/#primaryimage","url":"https:\/\/www.itesloscabos.edu.mx\/wp-content\/uploads\/2024\/03\/contador.png","contentUrl":"https:\/\/www.itesloscabos.edu.mx\/wp-content\/uploads\/2024\/03\/contador.png"},{"@type":"BreadcrumbList","@id":"https:\/\/www.itesloscabos.edu.mx\/inicio\/nuevo-ingreso-2024\/#breadcrumb","itemListElement":[{"@type":"ListItem","position":1,"name":"Portada","item":"https:\/\/www.itesloscabos.edu.mx\/inicio\/"},{"@type":"ListItem","position":2,"name":"Nuevo ingreso 2024"}]},{"@type":"WebSite","@id":"https:\/\/www.itesloscabos.edu.mx\/inicio\/#website","url":"https:\/\/www.itesloscabos.edu.mx\/inicio\/","name":"ITES","description":"Los Cabos","potentialAction":[{"@type":"SearchAction","target":{"@type":"EntryPoint","urlTemplate":"https:\/\/www.itesloscabos.edu.mx\/inicio\/?s={search_term_string}"},"query-input":{"@type":"PropertyValueSpecification","valueRequired":true,"valueName":"search_term_string"}}],"inLanguage":"es"}]}},"blog_post_layout_featured_media_urls":{"thumbnail":"","full":""},"categories_names":null,"comments_number":"0","_links":{"self":[{"href":"https:\/\/www.itesloscabos.edu.mx\/inicio\/wp-json\/wp\/v2\/pages\/4552","targetHints":{"allow":["GET"]}}],"collection":[{"href":"https:\/\/www.itesloscabos.edu.mx\/inicio\/wp-json\/wp\/v2\/pages"}],"about":[{"href":"https:\/\/www.itesloscabos.edu.mx\/inicio\/wp-json\/wp\/v2\/types\/page"}],"author":[{"embeddable":true,"href":"https:\/\/www.itesloscabos.edu.mx\/inicio\/wp-json\/wp\/v2\/users\/1"}],"replies":[{"embeddable":true,"href":"https:\/\/www.itesloscabos.edu.mx\/inicio\/wp-json\/wp\/v2\/comments?post=4552"}],"version-history":[{"count":30,"href":"https:\/\/www.itesloscabos.edu.mx\/inicio\/wp-json\/wp\/v2\/pages\/4552\/revisions"}],"predecessor-version":[{"id":5308,"href":"https:\/\/www.itesloscabos.edu.mx\/inicio\/wp-json\/wp\/v2\/pages\/4552\/revisions\/5308"}],"wp:attachment":[{"href":"https:\/\/www.itesloscabos.edu.mx\/inicio\/wp-json\/wp\/v2\/media?parent=4552"}],"curies":[{"name":"wp","href":"https:\/\/api.w.org\/{rel}","templated":true}]}}