{"id":3685,"date":"2023-11-21T13:18:11","date_gmt":"2023-11-21T19:18:11","guid":{"rendered":"https:\/\/www.itesloscabos.edu.mx\/inicio\/?page_id=3685"},"modified":"2024-01-23T13:13:10","modified_gmt":"2024-01-23T19:13:10","slug":"objetos-extraviados","status":"publish","type":"page","link":"https:\/\/www.itesloscabos.edu.mx\/inicio\/objetos-extraviados\/","title":{"rendered":"Objetos extraviados"},"content":{"rendered":"\n<h1>\n\t\tObjetos Extraviados\n\t<\/h1>\n<p><strong>Sabemos lo importante que son tus pertenencias y queremos ayudarte a recuperarlas. Si has perdido algo en nuestras instalaciones, \u00a1est\u00e1s en el lugar correcto! Nuestro equipo est\u00e1 dedicado a reunirte con tus objetos perdidos y hacer que vuelvan a ti de manera segura.<\/strong><\/p>\n<p><strong>Por favor, revisa la lista de objetos encontrados a continuaci\u00f3n y si reconoces algo como tuyo, cont\u00e1ctanos para coordinar su devoluci\u00f3n. Si no encuentras lo que buscas, no te preocupes, actualizamos la lista regularmente a medida que se recuperan m\u00e1s objetos.<\/strong><\/p>\n<p><strong>Recuerda, en ITES Los Cabos, la comunidad se cuida mutuamente. Siempre estamos aqu\u00ed para apoyarte en la recuperaci\u00f3n de tus pertenencias. \u00a1Gracias por ser parte de nuestra familia ITES!<\/strong><\/p>\n<h3><strong>Para reportar un objeto perdido o reclamar uno encontrado, comun\u00edcate con nosotros al correo: difusion@loscabos.tecnm.mx al d<\/strong><strong>epartamento de Difusi\u00f3n\u00a0<\/strong><\/h3>\n<p><strong>\u00a1Estamos aqu\u00ed para ayudarte a encontrar lo que es tuyo!<\/strong> \ud83d\udd75\ufe0f\u200d\u2642\ufe0f\ud83d\udd0d<\/p>\n<h2>\n\t\tOBJETOS EXTRAVIADOS\n\t<\/h2>\n\t\t\t\t<img loading=\"lazy\" decoding=\"async\" src=\"https:\/\/www.itesloscabos.edu.mx\/wp-content\/uploads\/2023\/11\/WhatsApp-Image-2023-11-23-at-5.10.59-PM.jpeg\" alt=\"WhatsApp Image 2023-11-23 at 5.10.59 PM\" itemprop=\"image\" height=\"900\" width=\"1600\" title=\"WhatsApp Image 2023-11-23 at 5.10.59 PM\" onerror=\"this.style.display='none'\"  \/>\n\t<p>Llaves encontradas en las instalaciones de ITES Los Cabos<\/p>\n<p>&nbsp;<\/p>\n\t\t\t\t<img loading=\"lazy\" decoding=\"async\" src=\"https:\/\/www.itesloscabos.edu.mx\/wp-content\/uploads\/2023\/11\/WhatsApp-Image-2023-11-23-at-1.31.31-PM.jpeg\" alt=\"WhatsApp Image 2023-11-23 at 1.31.31 PM\" itemprop=\"image\" height=\"1600\" width=\"1200\" title=\"WhatsApp Image 2023-11-23 at 1.31.31 PM\" onerror=\"this.style.display='none'\"  \/>\n\t<p>Objeto encontrado en exterior del edificio D<\/p>\n<p>&nbsp;<\/p>\n\t\t\t\t<img loading=\"lazy\" decoding=\"async\" src=\"https:\/\/www.itesloscabos.edu.mx\/wp-content\/uploads\/2023\/11\/WhatsApp-Image-2023-11-29-at-2.01.50-PM.jpeg\" alt=\"WhatsApp Image 2023-11-29 at 2.01.50 PM\" itemprop=\"image\" height=\"1600\" width=\"1200\" title=\"WhatsApp Image 2023-11-29 at 2.01.50 PM\" onerror=\"this.style.display='none'\"  \/>\n\t<p>Cilindro de pl\u00e1stico encontrado en bancas en edificio D planta baja<\/p>\n<p>&nbsp;<\/p>\n\t\t\t\t<img loading=\"lazy\" decoding=\"async\" src=\"https:\/\/www.itesloscabos.edu.mx\/wp-content\/uploads\/2023\/11\/credencial.png\" alt=\"credencial\" itemprop=\"image\" height=\"1045\" width=\"1642\" title=\"credencial\" onerror=\"this.style.display='none'\"  \/>\n\t<p>Credencial extraviada en instalaciones ITES Los Cabos<\/p>\n<p><a href=\"https:\/\/www.itesloscabos.edu.mx\/wp-content\/uploads\/2023\/05\/Aviso-de-Privacidad-Simplificado-2022-Web-1.pdf\">Aviso de privacidad<\/a><\/p>\n\t\t\t\t<img loading=\"lazy\" decoding=\"async\" src=\"https:\/\/www.itesloscabos.edu.mx\/wp-content\/uploads\/2023\/11\/gorra.png\" alt=\"gorra\" itemprop=\"image\" height=\"1200\" width=\"1600\" title=\"gorra\" onerror=\"this.style.display='none'\"  \/>\n\t<p>Gorra extraviada en estacionamiento edifico V<\/p>\n<p>&nbsp;<\/p>\n\n","protected":false},"excerpt":{"rendered":"<p>Objetos Extraviados Sabemos lo importante que son tus pertenencias y queremos ayudarte a recuperarlas. Si has perdido algo en nuestras instalaciones, \u00a1est\u00e1s en el lugar correcto! Nuestro equipo est\u00e1 dedicado a reunirte con tus objetos perdidos y hacer que vuelvan a ti de manera segura. Por favor, revisa la lista de objetos encontrados a continuaci\u00f3n &hellip;<\/p>\n<p class=\"read-more\"> <a class=\"\" href=\"https:\/\/www.itesloscabos.edu.mx\/inicio\/objetos-extraviados\/\"> <span class=\"screen-reader-text\">Objetos extraviados<\/span> Leer m\u00e1s &raquo;<\/a><\/p>\n","protected":false},"author":1,"featured_media":0,"parent":0,"menu_order":0,"comment_status":"closed","ping_status":"closed","template":"","meta":{"om_disable_all_campaigns":false,"_monsterinsights_skip_tracking":false,"_monsterinsights_sitenote_active":false,"_monsterinsights_sitenote_note":"","_monsterinsights_sitenote_category":0,"_uf_show_specific_survey":0,"_uf_disable_surveys":false,"site-sidebar-layout":"no-sidebar","site-content-layout":"page-builder","ast-main-header-display":"","ast-hfb-above-header-display":"","ast-hfb-below-header-display":"","ast-hfb-mobile-header-display":"","site-post-title":"disabled","ast-breadcrumbs-content":"","ast-featured-img":"disabled","footer-sml-layout":"","theme-transparent-header-meta":"default","adv-header-id-meta":"","stick-header-meta":"","header-above-stick-meta":"","header-main-stick-meta":"","header-below-stick-meta":"","footnotes":""},"class_list":["post-3685","page","type-page","status-publish","hentry"],"aioseo_notices":[],"yoast_head":"<!-- This site is optimized with the Yoast SEO plugin v27.2 - https:\/\/yoast.com\/product\/yoast-seo-wordpress\/ -->\n<title>Objetos extraviados - ITES<\/title>\n<meta name=\"robots\" content=\"index, follow, max-snippet:-1, max-image-preview:large, max-video-preview:-1\" \/>\n<link rel=\"canonical\" href=\"https:\/\/www.itesloscabos.edu.mx\/inicio\/objetos-extraviados\/\" \/>\n<meta property=\"og:locale\" content=\"es_ES\" \/>\n<meta property=\"og:type\" content=\"article\" \/>\n<meta property=\"og:title\" content=\"Objetos extraviados - ITES\" \/>\n<meta property=\"og:description\" content=\"Objetos Extraviados Sabemos lo importante que son tus pertenencias y queremos ayudarte a recuperarlas. Si has perdido algo en nuestras instalaciones, \u00a1est\u00e1s en el lugar correcto! Nuestro equipo est\u00e1 dedicado a reunirte con tus objetos perdidos y hacer que vuelvan a ti de manera segura. Por favor, revisa la lista de objetos encontrados a continuaci\u00f3n &hellip; Objetos extraviados Leer m\u00e1s &raquo;\" \/>\n<meta property=\"og:url\" content=\"https:\/\/www.itesloscabos.edu.mx\/inicio\/objetos-extraviados\/\" \/>\n<meta property=\"og:site_name\" content=\"ITES\" \/>\n<meta property=\"article:modified_time\" content=\"2024-01-23T19:13:10+00:00\" \/>\n<meta property=\"og:image\" content=\"https:\/\/www.itesloscabos.edu.mx\/wp-content\/uploads\/2023\/11\/WhatsApp-Image-2023-11-23-at-5.10.59-PM.jpeg\" \/>\n<meta name=\"twitter:card\" content=\"summary_large_image\" \/>\n<meta name=\"twitter:label1\" content=\"Tiempo de lectura\" \/>\n\t<meta name=\"twitter:data1\" content=\"1 minuto\" \/>\n<script type=\"application\/ld+json\" class=\"yoast-schema-graph\">{\"@context\":\"https:\/\/schema.org\",\"@graph\":[{\"@type\":\"WebPage\",\"@id\":\"https:\/\/www.itesloscabos.edu.mx\/inicio\/objetos-extraviados\/\",\"url\":\"https:\/\/www.itesloscabos.edu.mx\/inicio\/objetos-extraviados\/\",\"name\":\"Objetos extraviados - ITES\",\"isPartOf\":{\"@id\":\"https:\/\/www.itesloscabos.edu.mx\/inicio\/#website\"},\"primaryImageOfPage\":{\"@id\":\"https:\/\/www.itesloscabos.edu.mx\/inicio\/objetos-extraviados\/#primaryimage\"},\"image\":{\"@id\":\"https:\/\/www.itesloscabos.edu.mx\/inicio\/objetos-extraviados\/#primaryimage\"},\"thumbnailUrl\":\"https:\/\/www.itesloscabos.edu.mx\/wp-content\/uploads\/2023\/11\/WhatsApp-Image-2023-11-23-at-5.10.59-PM.jpeg\",\"datePublished\":\"2023-11-21T19:18:11+00:00\",\"dateModified\":\"2024-01-23T19:13:10+00:00\",\"breadcrumb\":{\"@id\":\"https:\/\/www.itesloscabos.edu.mx\/inicio\/objetos-extraviados\/#breadcrumb\"},\"inLanguage\":\"es\",\"potentialAction\":[{\"@type\":\"ReadAction\",\"target\":[\"https:\/\/www.itesloscabos.edu.mx\/inicio\/objetos-extraviados\/\"]}]},{\"@type\":\"ImageObject\",\"inLanguage\":\"es\",\"@id\":\"https:\/\/www.itesloscabos.edu.mx\/inicio\/objetos-extraviados\/#primaryimage\",\"url\":\"https:\/\/www.itesloscabos.edu.mx\/wp-content\/uploads\/2023\/11\/WhatsApp-Image-2023-11-23-at-5.10.59-PM.jpeg\",\"contentUrl\":\"https:\/\/www.itesloscabos.edu.mx\/wp-content\/uploads\/2023\/11\/WhatsApp-Image-2023-11-23-at-5.10.59-PM.jpeg\"},{\"@type\":\"BreadcrumbList\",\"@id\":\"https:\/\/www.itesloscabos.edu.mx\/inicio\/objetos-extraviados\/#breadcrumb\",\"itemListElement\":[{\"@type\":\"ListItem\",\"position\":1,\"name\":\"Portada\",\"item\":\"https:\/\/www.itesloscabos.edu.mx\/inicio\/\"},{\"@type\":\"ListItem\",\"position\":2,\"name\":\"Objetos extraviados\"}]},{\"@type\":\"WebSite\",\"@id\":\"https:\/\/www.itesloscabos.edu.mx\/inicio\/#website\",\"url\":\"https:\/\/www.itesloscabos.edu.mx\/inicio\/\",\"name\":\"ITES\",\"description\":\"Los Cabos\",\"potentialAction\":[{\"@type\":\"SearchAction\",\"target\":{\"@type\":\"EntryPoint\",\"urlTemplate\":\"https:\/\/www.itesloscabos.edu.mx\/inicio\/?s={search_term_string}\"},\"query-input\":{\"@type\":\"PropertyValueSpecification\",\"valueRequired\":true,\"valueName\":\"search_term_string\"}}],\"inLanguage\":\"es\"}]}<\/script>\n<!-- \/ Yoast SEO plugin. -->","yoast_head_json":{"title":"Objetos extraviados - ITES","robots":{"index":"index","follow":"follow","max-snippet":"max-snippet:-1","max-image-preview":"max-image-preview:large","max-video-preview":"max-video-preview:-1"},"canonical":"https:\/\/www.itesloscabos.edu.mx\/inicio\/objetos-extraviados\/","og_locale":"es_ES","og_type":"article","og_title":"Objetos extraviados - ITES","og_description":"Objetos Extraviados Sabemos lo importante que son tus pertenencias y queremos ayudarte a recuperarlas. Si has perdido algo en nuestras instalaciones, \u00a1est\u00e1s en el lugar correcto! Nuestro equipo est\u00e1 dedicado a reunirte con tus objetos perdidos y hacer que vuelvan a ti de manera segura. Por favor, revisa la lista de objetos encontrados a continuaci\u00f3n &hellip; Objetos extraviados Leer m\u00e1s &raquo;","og_url":"https:\/\/www.itesloscabos.edu.mx\/inicio\/objetos-extraviados\/","og_site_name":"ITES","article_modified_time":"2024-01-23T19:13:10+00:00","og_image":[{"url":"https:\/\/www.itesloscabos.edu.mx\/wp-content\/uploads\/2023\/11\/WhatsApp-Image-2023-11-23-at-5.10.59-PM.jpeg","type":"","width":"","height":""}],"twitter_card":"summary_large_image","twitter_misc":{"Tiempo de lectura":"1 minuto"},"schema":{"@context":"https:\/\/schema.org","@graph":[{"@type":"WebPage","@id":"https:\/\/www.itesloscabos.edu.mx\/inicio\/objetos-extraviados\/","url":"https:\/\/www.itesloscabos.edu.mx\/inicio\/objetos-extraviados\/","name":"Objetos extraviados - ITES","isPartOf":{"@id":"https:\/\/www.itesloscabos.edu.mx\/inicio\/#website"},"primaryImageOfPage":{"@id":"https:\/\/www.itesloscabos.edu.mx\/inicio\/objetos-extraviados\/#primaryimage"},"image":{"@id":"https:\/\/www.itesloscabos.edu.mx\/inicio\/objetos-extraviados\/#primaryimage"},"thumbnailUrl":"https:\/\/www.itesloscabos.edu.mx\/wp-content\/uploads\/2023\/11\/WhatsApp-Image-2023-11-23-at-5.10.59-PM.jpeg","datePublished":"2023-11-21T19:18:11+00:00","dateModified":"2024-01-23T19:13:10+00:00","breadcrumb":{"@id":"https:\/\/www.itesloscabos.edu.mx\/inicio\/objetos-extraviados\/#breadcrumb"},"inLanguage":"es","potentialAction":[{"@type":"ReadAction","target":["https:\/\/www.itesloscabos.edu.mx\/inicio\/objetos-extraviados\/"]}]},{"@type":"ImageObject","inLanguage":"es","@id":"https:\/\/www.itesloscabos.edu.mx\/inicio\/objetos-extraviados\/#primaryimage","url":"https:\/\/www.itesloscabos.edu.mx\/wp-content\/uploads\/2023\/11\/WhatsApp-Image-2023-11-23-at-5.10.59-PM.jpeg","contentUrl":"https:\/\/www.itesloscabos.edu.mx\/wp-content\/uploads\/2023\/11\/WhatsApp-Image-2023-11-23-at-5.10.59-PM.jpeg"},{"@type":"BreadcrumbList","@id":"https:\/\/www.itesloscabos.edu.mx\/inicio\/objetos-extraviados\/#breadcrumb","itemListElement":[{"@type":"ListItem","position":1,"name":"Portada","item":"https:\/\/www.itesloscabos.edu.mx\/inicio\/"},{"@type":"ListItem","position":2,"name":"Objetos extraviados"}]},{"@type":"WebSite","@id":"https:\/\/www.itesloscabos.edu.mx\/inicio\/#website","url":"https:\/\/www.itesloscabos.edu.mx\/inicio\/","name":"ITES","description":"Los Cabos","potentialAction":[{"@type":"SearchAction","target":{"@type":"EntryPoint","urlTemplate":"https:\/\/www.itesloscabos.edu.mx\/inicio\/?s={search_term_string}"},"query-input":{"@type":"PropertyValueSpecification","valueRequired":true,"valueName":"search_term_string"}}],"inLanguage":"es"}]}},"blog_post_layout_featured_media_urls":{"thumbnail":"","full":""},"categories_names":null,"comments_number":"0","_links":{"self":[{"href":"https:\/\/www.itesloscabos.edu.mx\/inicio\/wp-json\/wp\/v2\/pages\/3685","targetHints":{"allow":["GET"]}}],"collection":[{"href":"https:\/\/www.itesloscabos.edu.mx\/inicio\/wp-json\/wp\/v2\/pages"}],"about":[{"href":"https:\/\/www.itesloscabos.edu.mx\/inicio\/wp-json\/wp\/v2\/types\/page"}],"author":[{"embeddable":true,"href":"https:\/\/www.itesloscabos.edu.mx\/inicio\/wp-json\/wp\/v2\/users\/1"}],"replies":[{"embeddable":true,"href":"https:\/\/www.itesloscabos.edu.mx\/inicio\/wp-json\/wp\/v2\/comments?post=3685"}],"version-history":[{"count":12,"href":"https:\/\/www.itesloscabos.edu.mx\/inicio\/wp-json\/wp\/v2\/pages\/3685\/revisions"}],"predecessor-version":[{"id":4130,"href":"https:\/\/www.itesloscabos.edu.mx\/inicio\/wp-json\/wp\/v2\/pages\/3685\/revisions\/4130"}],"wp:attachment":[{"href":"https:\/\/www.itesloscabos.edu.mx\/inicio\/wp-json\/wp\/v2\/media?parent=3685"}],"curies":[{"name":"wp","href":"https:\/\/api.w.org\/{rel}","templated":true}]}}