{"id":2806,"date":"2023-08-11T10:16:48","date_gmt":"2023-08-11T16:16:48","guid":{"rendered":"https:\/\/www.itesloscabos.edu.mx\/inicio\/?page_id=2806"},"modified":"2024-02-06T20:49:59","modified_gmt":"2024-02-07T02:49:59","slug":"centro-de-lenguas","status":"publish","type":"page","link":"https:\/\/www.itesloscabos.edu.mx\/inicio\/centro-de-lenguas\/","title":{"rendered":"Centro de lenguas"},"content":{"rendered":"\n<h1>\n\t\tCentro de lenguas\n\t<\/h1>\n\t\t\t\t<img decoding=\"async\" src=\"https:\/\/www.itesloscabos.edu.mx\/wp-content\/plugins\/beaver-builder-lite-version\/img\/pixel.png\" alt=\"\" itemprop=\"image\" onerror=\"this.style.display='none'\"  \/>\n\t<h4> COORDINACI\u00d3N DE LENGUAS EXTRANJERAS <\/h4>\n<h4>HORARIO DE GRUPOS SEMESTRE ENERO-JUNIO 2024<\/h4>\n<h2>\n\t\tPASOS PARA INSCRIBIRTE Y HORARIOS DISPONIBLES\n\t<\/h2>\n\t<p><strong>PARA INSCRIBIRSE A UN CURSO DE INGL\u00c9S EN CAMPUS SAN JOS\u00c9 O SAN LUCAS:<\/strong><\/p>\n<p><strong>FORMA DE INSCRIPCI\u00d3N:\u00a0 EN L\u00cdNEA-SIE<\/strong><\/p>\n<p><strong>FECHA DE INSCRIPCI\u00d3N: 8 DE FEBRERO 2024\u00a0 &#8211; TODOS LOS NIVELES\u00a0 I AL VI<\/strong><\/p>\n<p><strong>HORARIO: A PARTIR DE LAS 09:00 A.M. Y HASTA LAS 23:00 P.M.<\/strong><\/p>\n<p>&nbsp;<\/p>\n\t\t\t\t<img loading=\"lazy\" decoding=\"async\" src=\"https:\/\/www.itesloscabos.edu.mx\/wp-content\/uploads\/2024\/02\/Captura-de-pantalla-2024-02-06-193318.png\" alt=\"Captura de pantalla 2024-02-06 193318\" itemprop=\"image\" height=\"539\" width=\"1073\" title=\"Captura de pantalla 2024-02-06 193318\" onerror=\"this.style.display='none'\"  \/>\n\t\t\t\t<img loading=\"lazy\" decoding=\"async\" src=\"https:\/\/www.itesloscabos.edu.mx\/wp-content\/uploads\/2024\/02\/Captura-de-pantalla-2024-02-06-193327.png\" alt=\"Captura de pantalla 2024-02-06 193327\" itemprop=\"image\" height=\"295\" width=\"1021\" title=\"Captura de pantalla 2024-02-06 193327\" onerror=\"this.style.display='none'\"  \/>\n\t\t\t\t<img loading=\"lazy\" decoding=\"async\" src=\"https:\/\/www.itesloscabos.edu.mx\/wp-content\/uploads\/2024\/02\/Captura-de-pantalla-2024-02-06-193948.png\" alt=\"Captura de pantalla 2024-02-06 193948\" itemprop=\"image\" height=\"466\" width=\"619\" title=\"Captura de pantalla 2024-02-06 193948\" onerror=\"this.style.display='none'\"  \/>\n\t\t\t\t<img loading=\"lazy\" decoding=\"async\" src=\"https:\/\/www.itesloscabos.edu.mx\/wp-content\/uploads\/2024\/02\/Captura-de-pantalla-2024-02-06-194022.png\" alt=\"Captura de pantalla 2024-02-06 194022\" itemprop=\"image\" height=\"666\" width=\"669\" title=\"Captura de pantalla 2024-02-06 194022\" onerror=\"this.style.display='none'\"  \/>\n\t\t\t\t<img loading=\"lazy\" decoding=\"async\" src=\"https:\/\/www.itesloscabos.edu.mx\/wp-content\/uploads\/2024\/02\/Captura-de-pantalla-2024-02-06-194035.png\" alt=\"Captura de pantalla 2024-02-06 194035\" itemprop=\"image\" height=\"383\" width=\"664\" title=\"Captura de pantalla 2024-02-06 194035\" onerror=\"this.style.display='none'\"  \/>\n\n","protected":false},"excerpt":{"rendered":"<p>Centro de lenguas COORDINACI\u00d3N DE LENGUAS EXTRANJERAS HORARIO DE GRUPOS SEMESTRE ENERO-JUNIO 2024 PASOS PARA INSCRIBIRTE Y HORARIOS DISPONIBLES PARA INSCRIBIRSE A UN CURSO DE INGL\u00c9S EN CAMPUS SAN JOS\u00c9 O SAN LUCAS: FORMA DE INSCRIPCI\u00d3N:\u00a0 EN L\u00cdNEA-SIE FECHA DE INSCRIPCI\u00d3N: 8 DE FEBRERO 2024\u00a0 &#8211; TODOS LOS NIVELES\u00a0 I AL VI HORARIO: A PARTIR &hellip;<\/p>\n<p class=\"read-more\"> <a class=\"\" href=\"https:\/\/www.itesloscabos.edu.mx\/inicio\/centro-de-lenguas\/\"> <span class=\"screen-reader-text\">Centro de lenguas<\/span> Leer m\u00e1s &raquo;<\/a><\/p>\n","protected":false},"author":1,"featured_media":0,"parent":0,"menu_order":0,"comment_status":"closed","ping_status":"closed","template":"","meta":{"om_disable_all_campaigns":false,"_monsterinsights_skip_tracking":false,"_monsterinsights_sitenote_active":false,"_monsterinsights_sitenote_note":"","_monsterinsights_sitenote_category":0,"_uf_show_specific_survey":0,"_uf_disable_surveys":false,"site-sidebar-layout":"no-sidebar","site-content-layout":"page-builder","ast-main-header-display":"","ast-hfb-above-header-display":"","ast-hfb-below-header-display":"","ast-hfb-mobile-header-display":"","site-post-title":"disabled","ast-breadcrumbs-content":"","ast-featured-img":"disabled","footer-sml-layout":"","theme-transparent-header-meta":"default","adv-header-id-meta":"","stick-header-meta":"","header-above-stick-meta":"","header-main-stick-meta":"","header-below-stick-meta":"","footnotes":""},"class_list":["post-2806","page","type-page","status-publish","hentry"],"aioseo_notices":[],"yoast_head":"<!-- This site is optimized with the Yoast SEO plugin v27.2 - https:\/\/yoast.com\/product\/yoast-seo-wordpress\/ -->\n<title>Centro de lenguas - ITES<\/title>\n<meta name=\"robots\" content=\"index, follow, max-snippet:-1, max-image-preview:large, max-video-preview:-1\" \/>\n<link rel=\"canonical\" href=\"https:\/\/www.itesloscabos.edu.mx\/inicio\/centro-de-lenguas\/\" \/>\n<meta property=\"og:locale\" content=\"es_ES\" \/>\n<meta property=\"og:type\" content=\"article\" \/>\n<meta property=\"og:title\" content=\"Centro de lenguas - ITES\" \/>\n<meta property=\"og:description\" content=\"Centro de lenguas COORDINACI\u00d3N DE LENGUAS EXTRANJERAS HORARIO DE GRUPOS SEMESTRE ENERO-JUNIO 2024 PASOS PARA INSCRIBIRTE Y HORARIOS DISPONIBLES PARA INSCRIBIRSE A UN CURSO DE INGL\u00c9S EN CAMPUS SAN JOS\u00c9 O SAN LUCAS: FORMA DE INSCRIPCI\u00d3N:\u00a0 EN L\u00cdNEA-SIE FECHA DE INSCRIPCI\u00d3N: 8 DE FEBRERO 2024\u00a0 &#8211; TODOS LOS NIVELES\u00a0 I AL VI HORARIO: A PARTIR &hellip; Centro de lenguas Leer m\u00e1s &raquo;\" \/>\n<meta property=\"og:url\" content=\"https:\/\/www.itesloscabos.edu.mx\/inicio\/centro-de-lenguas\/\" \/>\n<meta property=\"og:site_name\" content=\"ITES\" \/>\n<meta property=\"article:modified_time\" content=\"2024-02-07T02:49:59+00:00\" \/>\n<meta property=\"og:image\" content=\"https:\/\/www.itesloscabos.edu.mx\/wp-content\/plugins\/beaver-builder-lite-version\/img\/pixel.png\" \/>\n<meta name=\"twitter:card\" content=\"summary_large_image\" \/>\n<script type=\"application\/ld+json\" class=\"yoast-schema-graph\">{\"@context\":\"https:\/\/schema.org\",\"@graph\":[{\"@type\":\"WebPage\",\"@id\":\"https:\/\/www.itesloscabos.edu.mx\/inicio\/centro-de-lenguas\/\",\"url\":\"https:\/\/www.itesloscabos.edu.mx\/inicio\/centro-de-lenguas\/\",\"name\":\"Centro de lenguas - ITES\",\"isPartOf\":{\"@id\":\"https:\/\/www.itesloscabos.edu.mx\/inicio\/#website\"},\"primaryImageOfPage\":{\"@id\":\"https:\/\/www.itesloscabos.edu.mx\/inicio\/centro-de-lenguas\/#primaryimage\"},\"image\":{\"@id\":\"https:\/\/www.itesloscabos.edu.mx\/inicio\/centro-de-lenguas\/#primaryimage\"},\"thumbnailUrl\":\"https:\/\/www.itesloscabos.edu.mx\/wp-content\/plugins\/beaver-builder-lite-version\/img\/pixel.png\",\"datePublished\":\"2023-08-11T16:16:48+00:00\",\"dateModified\":\"2024-02-07T02:49:59+00:00\",\"breadcrumb\":{\"@id\":\"https:\/\/www.itesloscabos.edu.mx\/inicio\/centro-de-lenguas\/#breadcrumb\"},\"inLanguage\":\"es\",\"potentialAction\":[{\"@type\":\"ReadAction\",\"target\":[\"https:\/\/www.itesloscabos.edu.mx\/inicio\/centro-de-lenguas\/\"]}]},{\"@type\":\"ImageObject\",\"inLanguage\":\"es\",\"@id\":\"https:\/\/www.itesloscabos.edu.mx\/inicio\/centro-de-lenguas\/#primaryimage\",\"url\":\"https:\/\/www.itesloscabos.edu.mx\/wp-content\/plugins\/beaver-builder-lite-version\/img\/pixel.png\",\"contentUrl\":\"https:\/\/www.itesloscabos.edu.mx\/wp-content\/plugins\/beaver-builder-lite-version\/img\/pixel.png\"},{\"@type\":\"BreadcrumbList\",\"@id\":\"https:\/\/www.itesloscabos.edu.mx\/inicio\/centro-de-lenguas\/#breadcrumb\",\"itemListElement\":[{\"@type\":\"ListItem\",\"position\":1,\"name\":\"Portada\",\"item\":\"https:\/\/www.itesloscabos.edu.mx\/inicio\/\"},{\"@type\":\"ListItem\",\"position\":2,\"name\":\"Centro de lenguas\"}]},{\"@type\":\"WebSite\",\"@id\":\"https:\/\/www.itesloscabos.edu.mx\/inicio\/#website\",\"url\":\"https:\/\/www.itesloscabos.edu.mx\/inicio\/\",\"name\":\"ITES\",\"description\":\"Los Cabos\",\"potentialAction\":[{\"@type\":\"SearchAction\",\"target\":{\"@type\":\"EntryPoint\",\"urlTemplate\":\"https:\/\/www.itesloscabos.edu.mx\/inicio\/?s={search_term_string}\"},\"query-input\":{\"@type\":\"PropertyValueSpecification\",\"valueRequired\":true,\"valueName\":\"search_term_string\"}}],\"inLanguage\":\"es\"}]}<\/script>\n<!-- \/ Yoast SEO plugin. -->","yoast_head_json":{"title":"Centro de lenguas - ITES","robots":{"index":"index","follow":"follow","max-snippet":"max-snippet:-1","max-image-preview":"max-image-preview:large","max-video-preview":"max-video-preview:-1"},"canonical":"https:\/\/www.itesloscabos.edu.mx\/inicio\/centro-de-lenguas\/","og_locale":"es_ES","og_type":"article","og_title":"Centro de lenguas - ITES","og_description":"Centro de lenguas COORDINACI\u00d3N DE LENGUAS EXTRANJERAS HORARIO DE GRUPOS SEMESTRE ENERO-JUNIO 2024 PASOS PARA INSCRIBIRTE Y HORARIOS DISPONIBLES PARA INSCRIBIRSE A UN CURSO DE INGL\u00c9S EN CAMPUS SAN JOS\u00c9 O SAN LUCAS: FORMA DE INSCRIPCI\u00d3N:\u00a0 EN L\u00cdNEA-SIE FECHA DE INSCRIPCI\u00d3N: 8 DE FEBRERO 2024\u00a0 &#8211; TODOS LOS NIVELES\u00a0 I AL VI HORARIO: A PARTIR &hellip; Centro de lenguas Leer m\u00e1s &raquo;","og_url":"https:\/\/www.itesloscabos.edu.mx\/inicio\/centro-de-lenguas\/","og_site_name":"ITES","article_modified_time":"2024-02-07T02:49:59+00:00","og_image":[{"url":"https:\/\/www.itesloscabos.edu.mx\/wp-content\/plugins\/beaver-builder-lite-version\/img\/pixel.png","type":"","width":"","height":""}],"twitter_card":"summary_large_image","schema":{"@context":"https:\/\/schema.org","@graph":[{"@type":"WebPage","@id":"https:\/\/www.itesloscabos.edu.mx\/inicio\/centro-de-lenguas\/","url":"https:\/\/www.itesloscabos.edu.mx\/inicio\/centro-de-lenguas\/","name":"Centro de lenguas - ITES","isPartOf":{"@id":"https:\/\/www.itesloscabos.edu.mx\/inicio\/#website"},"primaryImageOfPage":{"@id":"https:\/\/www.itesloscabos.edu.mx\/inicio\/centro-de-lenguas\/#primaryimage"},"image":{"@id":"https:\/\/www.itesloscabos.edu.mx\/inicio\/centro-de-lenguas\/#primaryimage"},"thumbnailUrl":"https:\/\/www.itesloscabos.edu.mx\/wp-content\/plugins\/beaver-builder-lite-version\/img\/pixel.png","datePublished":"2023-08-11T16:16:48+00:00","dateModified":"2024-02-07T02:49:59+00:00","breadcrumb":{"@id":"https:\/\/www.itesloscabos.edu.mx\/inicio\/centro-de-lenguas\/#breadcrumb"},"inLanguage":"es","potentialAction":[{"@type":"ReadAction","target":["https:\/\/www.itesloscabos.edu.mx\/inicio\/centro-de-lenguas\/"]}]},{"@type":"ImageObject","inLanguage":"es","@id":"https:\/\/www.itesloscabos.edu.mx\/inicio\/centro-de-lenguas\/#primaryimage","url":"https:\/\/www.itesloscabos.edu.mx\/wp-content\/plugins\/beaver-builder-lite-version\/img\/pixel.png","contentUrl":"https:\/\/www.itesloscabos.edu.mx\/wp-content\/plugins\/beaver-builder-lite-version\/img\/pixel.png"},{"@type":"BreadcrumbList","@id":"https:\/\/www.itesloscabos.edu.mx\/inicio\/centro-de-lenguas\/#breadcrumb","itemListElement":[{"@type":"ListItem","position":1,"name":"Portada","item":"https:\/\/www.itesloscabos.edu.mx\/inicio\/"},{"@type":"ListItem","position":2,"name":"Centro de lenguas"}]},{"@type":"WebSite","@id":"https:\/\/www.itesloscabos.edu.mx\/inicio\/#website","url":"https:\/\/www.itesloscabos.edu.mx\/inicio\/","name":"ITES","description":"Los Cabos","potentialAction":[{"@type":"SearchAction","target":{"@type":"EntryPoint","urlTemplate":"https:\/\/www.itesloscabos.edu.mx\/inicio\/?s={search_term_string}"},"query-input":{"@type":"PropertyValueSpecification","valueRequired":true,"valueName":"search_term_string"}}],"inLanguage":"es"}]}},"blog_post_layout_featured_media_urls":{"thumbnail":"","full":""},"categories_names":null,"comments_number":"0","_links":{"self":[{"href":"https:\/\/www.itesloscabos.edu.mx\/inicio\/wp-json\/wp\/v2\/pages\/2806","targetHints":{"allow":["GET"]}}],"collection":[{"href":"https:\/\/www.itesloscabos.edu.mx\/inicio\/wp-json\/wp\/v2\/pages"}],"about":[{"href":"https:\/\/www.itesloscabos.edu.mx\/inicio\/wp-json\/wp\/v2\/types\/page"}],"author":[{"embeddable":true,"href":"https:\/\/www.itesloscabos.edu.mx\/inicio\/wp-json\/wp\/v2\/users\/1"}],"replies":[{"embeddable":true,"href":"https:\/\/www.itesloscabos.edu.mx\/inicio\/wp-json\/wp\/v2\/comments?post=2806"}],"version-history":[{"count":13,"href":"https:\/\/www.itesloscabos.edu.mx\/inicio\/wp-json\/wp\/v2\/pages\/2806\/revisions"}],"predecessor-version":[{"id":4305,"href":"https:\/\/www.itesloscabos.edu.mx\/inicio\/wp-json\/wp\/v2\/pages\/2806\/revisions\/4305"}],"wp:attachment":[{"href":"https:\/\/www.itesloscabos.edu.mx\/inicio\/wp-json\/wp\/v2\/media?parent=2806"}],"curies":[{"name":"wp","href":"https:\/\/api.w.org\/{rel}","templated":true}]}}