{"id":2660,"date":"2023-07-25T17:42:29","date_gmt":"2023-07-25T23:42:29","guid":{"rendered":"https:\/\/www.itesloscabos.edu.mx\/inicio\/?page_id=2660"},"modified":"2023-07-25T19:23:20","modified_gmt":"2023-07-26T01:23:20","slug":"quejas-denuncias-peticiones-o-irregularidades","status":"publish","type":"page","link":"https:\/\/www.itesloscabos.edu.mx\/inicio\/quejas-denuncias-peticiones-o-irregularidades\/","title":{"rendered":"Quejas Denuncias, Peticiones o Irregularidades"},"content":{"rendered":"\n\n\t<p class=\"collapseomatic \" id=\"id69e5d8e6daa86\"  tabindex=\"0\" title=\" Los mecanismos para la captaci\u00f3n de quejas y denuncias, as\u00ed como los medios institucionales para la atenci\u00f3n e investigaci\u00f3n de aqu\u00e9llas relacionadas con la ejecuci\u00f3n y aplicaci\u00f3n de los programas federales\"    > Los mecanismos para la captaci\u00f3n de quejas y denuncias, as\u00ed como los medios institucionales para la atenci\u00f3n e investigaci\u00f3n de aqu\u00e9llas relacionadas con la ejecuci\u00f3n y aplicaci\u00f3n de los programas federales<\/p><div id=\"target-id69e5d8e6daa86\" class=\"collapseomatic_content \">\n<p>Procedente de las acciones de vigilancia y en caso de encontrarse irregularidades podr\u00e1n presentarse quejas o denuncias a trav\u00e9s de los siguientes mecanismos:<\/p>\n<ul>\n<li>Denuncia Ciudadana de la Corrupci\u00f3n (SIDEC):\u00a0<a href=\"https:\/\/sidec.funcionpublica.gob.mx\/#!\/\" target=\"_blank\" rel=\"noopener\">https:\/\/sidec.funcionpublica.gob.mx\/#!\/<\/a><\/li>\n<li>V\u00eda correspondencia: Direcci\u00f3n General de Denuncias e Investigaciones de la Secretar\u00eda de la Funci\u00f3n P\u00fablica en Av. Insurgentes Sur No. 1735, Piso 2 Ala Norte, Guadalupe Inn, \u00c1lvaro Obreg\u00f3n, CP 01020, Ciudad de M\u00e9xico.<\/li>\n<li>V\u00eda telef\u00f3nica: En el interior de la Rep\u00fablica al 800 11 28 700 y en la Ciudad de M\u00e9xico 55 2000 2000.<\/li>\n<li>Presencial: En el m\u00f3dulo 3 de la SFP en Av. Insurgentes Sur No. 1735, PB, Guadalupe Inn, \u00c1lvaro Obreg\u00f3n, CP 01020, Ciudad de M\u00e9xico.<\/li>\n<li>Aplicaci\u00f3n (App) \u00abDenuncia Ciudadana de la Corrupci\u00f3n\u00bb.<\/li>\n<\/ul>\n<\/div>\n<p class=\"collapseomatic \" id=\"id69e5d8e6daaa5\"  tabindex=\"0\" title=\"Por parte del \u00d3rgano Interno de Control\"    >Por parte del \u00d3rgano Interno de Control<\/p><div id=\"target-id69e5d8e6daaa5\" class=\"collapseomatic_content \">\n<ul>\n<li>Para presentar quejas, denuncias, peticiones o irregularidades respecto a tr\u00e1mites correspondientes a la secretaria de Educaci\u00f3n P\u00fablica, relacionadas con la Educaci\u00f3n Superior, puede consultar la siguiente liga correspondiente al \u00d3rgano Interno de Control de la propia secretaria:<a href=\"http:\/\/www.oic.sep.gob.mx\/portal3\/quejas2.php\" target=\"_blank\" rel=\"noopener\">\u00a0http:\/\/www.oic.sep.gob.mx\/portal3\/quejas2.php<\/a><\/li>\n<li>O bien sus oficinas se encuentran ubicadas en Avenida Universidad No. 1074, Colonia Xoco, Alcald\u00eda Bento Ju\u00e1rez, C.P. 03330, Ciudad de M\u00e9xico, M\u00e9xico, Tel\u00e9fono 55-36-01-86-50.<\/li>\n<\/ul>\n<\/div>\n<p class=\"collapseomatic \" id=\"id69e5d8e6daab2\"  tabindex=\"0\" title=\"Por parte de la Instancia Normatival\"    >Por parte de la Instancia Normatival<\/p><div id=\"target-id69e5d8e6daab2\" class=\"collapseomatic_content \">\n<ul>\n<li>Lic. Miguel \u00c1ngel Andrade Herrera, Enlace de Contralor\u00eda Social del TecNM:<a href=\"mailto:contraloriasocial_posgrado@tecnm.mx\">\u00a0contraloriasocial_posgrado@tecnm.mx<\/a><\/li>\n<li>Las oficinas del Tecnol\u00f3gico Nacional de M\u00e9xico se encuentran ubicadas en Avenida Universidad No. 1200, piso 5, sector 5-3, Colonia Xoco, Alcald\u00eda Bento Ju\u00e1rez, C.P. 03330, Ciudad de M\u00e9xico, M\u00e9xico o bien comunicarse al tel\u00e9fono (55-36-00-25-11, ext. 65083, de lunes a viernes en un horario de 10:00 a 18:00 hrs.<\/li>\n<\/ul>\n<\/div>\n<p><strong><em>La Direcci\u00f3n de Posgrado, Investigaci\u00f3n e Innovaci\u00f3n &#8211; TecNM y Los Institutos Tecnol\u00f3gicos Federales, Descentralizados y Centros dar\u00e1n a conocer los mecanismos de captaci\u00f3n y atenci\u00f3n de quejas y denuncias y orientar\u00e1n en su presentaci\u00f3n.<\/em><\/strong><\/p>\n\t\t\t<a href=\"https:\/\/www.itesloscabos.edu.mx\/inicio\/contraloria-social\/\" target=\"_self\" role=\"button\" rel=\"noopener\">\n\t\t\t\t\t\tREGRESAR\n\t\t\t\t\t<\/a>\n\n","protected":false},"excerpt":{"rendered":"<p>La Direcci\u00f3n de Posgrado, Investigaci\u00f3n e Innovaci\u00f3n &#8211; TecNM y Los Institutos Tecnol\u00f3gicos Federales, Descentralizados y Centros dar\u00e1n a conocer los mecanismos de captaci\u00f3n y atenci\u00f3n de quejas y denuncias y orientar\u00e1n en su presentaci\u00f3n. REGRESAR<\/p>\n","protected":false},"author":1,"featured_media":0,"parent":0,"menu_order":0,"comment_status":"closed","ping_status":"closed","template":"","meta":{"om_disable_all_campaigns":false,"_monsterinsights_skip_tracking":false,"_monsterinsights_sitenote_active":false,"_monsterinsights_sitenote_note":"","_monsterinsights_sitenote_category":0,"_uf_show_specific_survey":0,"_uf_disable_surveys":false,"site-sidebar-layout":"default","site-content-layout":"default","ast-main-header-display":"","ast-hfb-above-header-display":"","ast-hfb-below-header-display":"","ast-hfb-mobile-header-display":"","site-post-title":"","ast-breadcrumbs-content":"","ast-featured-img":"","footer-sml-layout":"","theme-transparent-header-meta":"default","adv-header-id-meta":"","stick-header-meta":"","header-above-stick-meta":"","header-main-stick-meta":"","header-below-stick-meta":"","footnotes":""},"class_list":["post-2660","page","type-page","status-publish","hentry"],"aioseo_notices":[],"yoast_head":"<!-- This site is optimized with the Yoast SEO plugin v27.2 - https:\/\/yoast.com\/product\/yoast-seo-wordpress\/ -->\n<title>Quejas Denuncias, Peticiones o Irregularidades - ITES<\/title>\n<meta name=\"robots\" content=\"index, follow, max-snippet:-1, max-image-preview:large, max-video-preview:-1\" \/>\n<link rel=\"canonical\" href=\"https:\/\/www.itesloscabos.edu.mx\/inicio\/quejas-denuncias-peticiones-o-irregularidades\/\" \/>\n<meta property=\"og:locale\" content=\"es_ES\" \/>\n<meta property=\"og:type\" content=\"article\" \/>\n<meta property=\"og:title\" content=\"Quejas Denuncias, Peticiones o Irregularidades - ITES\" \/>\n<meta property=\"og:description\" content=\"La Direcci\u00f3n de Posgrado, Investigaci\u00f3n e Innovaci\u00f3n &#8211; TecNM y Los Institutos Tecnol\u00f3gicos Federales, Descentralizados y Centros dar\u00e1n a conocer los mecanismos de captaci\u00f3n y atenci\u00f3n de quejas y denuncias y orientar\u00e1n en su presentaci\u00f3n. REGRESAR\" \/>\n<meta property=\"og:url\" content=\"https:\/\/www.itesloscabos.edu.mx\/inicio\/quejas-denuncias-peticiones-o-irregularidades\/\" \/>\n<meta property=\"og:site_name\" content=\"ITES\" \/>\n<meta property=\"article:modified_time\" content=\"2023-07-26T01:23:20+00:00\" \/>\n<meta name=\"twitter:card\" content=\"summary_large_image\" \/>\n<meta name=\"twitter:label1\" content=\"Tiempo de lectura\" \/>\n\t<meta name=\"twitter:data1\" content=\"2 minutos\" \/>\n<script type=\"application\/ld+json\" class=\"yoast-schema-graph\">{\"@context\":\"https:\/\/schema.org\",\"@graph\":[{\"@type\":\"WebPage\",\"@id\":\"https:\/\/www.itesloscabos.edu.mx\/inicio\/quejas-denuncias-peticiones-o-irregularidades\/\",\"url\":\"https:\/\/www.itesloscabos.edu.mx\/inicio\/quejas-denuncias-peticiones-o-irregularidades\/\",\"name\":\"Quejas Denuncias, Peticiones o Irregularidades - ITES\",\"isPartOf\":{\"@id\":\"https:\/\/www.itesloscabos.edu.mx\/inicio\/#website\"},\"datePublished\":\"2023-07-25T23:42:29+00:00\",\"dateModified\":\"2023-07-26T01:23:20+00:00\",\"breadcrumb\":{\"@id\":\"https:\/\/www.itesloscabos.edu.mx\/inicio\/quejas-denuncias-peticiones-o-irregularidades\/#breadcrumb\"},\"inLanguage\":\"es\",\"potentialAction\":[{\"@type\":\"ReadAction\",\"target\":[\"https:\/\/www.itesloscabos.edu.mx\/inicio\/quejas-denuncias-peticiones-o-irregularidades\/\"]}]},{\"@type\":\"BreadcrumbList\",\"@id\":\"https:\/\/www.itesloscabos.edu.mx\/inicio\/quejas-denuncias-peticiones-o-irregularidades\/#breadcrumb\",\"itemListElement\":[{\"@type\":\"ListItem\",\"position\":1,\"name\":\"Portada\",\"item\":\"https:\/\/www.itesloscabos.edu.mx\/inicio\/\"},{\"@type\":\"ListItem\",\"position\":2,\"name\":\"Quejas Denuncias, Peticiones o Irregularidades\"}]},{\"@type\":\"WebSite\",\"@id\":\"https:\/\/www.itesloscabos.edu.mx\/inicio\/#website\",\"url\":\"https:\/\/www.itesloscabos.edu.mx\/inicio\/\",\"name\":\"ITES\",\"description\":\"Los Cabos\",\"potentialAction\":[{\"@type\":\"SearchAction\",\"target\":{\"@type\":\"EntryPoint\",\"urlTemplate\":\"https:\/\/www.itesloscabos.edu.mx\/inicio\/?s={search_term_string}\"},\"query-input\":{\"@type\":\"PropertyValueSpecification\",\"valueRequired\":true,\"valueName\":\"search_term_string\"}}],\"inLanguage\":\"es\"}]}<\/script>\n<!-- \/ Yoast SEO plugin. -->","yoast_head_json":{"title":"Quejas Denuncias, Peticiones o Irregularidades - ITES","robots":{"index":"index","follow":"follow","max-snippet":"max-snippet:-1","max-image-preview":"max-image-preview:large","max-video-preview":"max-video-preview:-1"},"canonical":"https:\/\/www.itesloscabos.edu.mx\/inicio\/quejas-denuncias-peticiones-o-irregularidades\/","og_locale":"es_ES","og_type":"article","og_title":"Quejas Denuncias, Peticiones o Irregularidades - ITES","og_description":"La Direcci\u00f3n de Posgrado, Investigaci\u00f3n e Innovaci\u00f3n &#8211; TecNM y Los Institutos Tecnol\u00f3gicos Federales, Descentralizados y Centros dar\u00e1n a conocer los mecanismos de captaci\u00f3n y atenci\u00f3n de quejas y denuncias y orientar\u00e1n en su presentaci\u00f3n. REGRESAR","og_url":"https:\/\/www.itesloscabos.edu.mx\/inicio\/quejas-denuncias-peticiones-o-irregularidades\/","og_site_name":"ITES","article_modified_time":"2023-07-26T01:23:20+00:00","twitter_card":"summary_large_image","twitter_misc":{"Tiempo de lectura":"2 minutos"},"schema":{"@context":"https:\/\/schema.org","@graph":[{"@type":"WebPage","@id":"https:\/\/www.itesloscabos.edu.mx\/inicio\/quejas-denuncias-peticiones-o-irregularidades\/","url":"https:\/\/www.itesloscabos.edu.mx\/inicio\/quejas-denuncias-peticiones-o-irregularidades\/","name":"Quejas Denuncias, Peticiones o Irregularidades - ITES","isPartOf":{"@id":"https:\/\/www.itesloscabos.edu.mx\/inicio\/#website"},"datePublished":"2023-07-25T23:42:29+00:00","dateModified":"2023-07-26T01:23:20+00:00","breadcrumb":{"@id":"https:\/\/www.itesloscabos.edu.mx\/inicio\/quejas-denuncias-peticiones-o-irregularidades\/#breadcrumb"},"inLanguage":"es","potentialAction":[{"@type":"ReadAction","target":["https:\/\/www.itesloscabos.edu.mx\/inicio\/quejas-denuncias-peticiones-o-irregularidades\/"]}]},{"@type":"BreadcrumbList","@id":"https:\/\/www.itesloscabos.edu.mx\/inicio\/quejas-denuncias-peticiones-o-irregularidades\/#breadcrumb","itemListElement":[{"@type":"ListItem","position":1,"name":"Portada","item":"https:\/\/www.itesloscabos.edu.mx\/inicio\/"},{"@type":"ListItem","position":2,"name":"Quejas Denuncias, Peticiones o Irregularidades"}]},{"@type":"WebSite","@id":"https:\/\/www.itesloscabos.edu.mx\/inicio\/#website","url":"https:\/\/www.itesloscabos.edu.mx\/inicio\/","name":"ITES","description":"Los Cabos","potentialAction":[{"@type":"SearchAction","target":{"@type":"EntryPoint","urlTemplate":"https:\/\/www.itesloscabos.edu.mx\/inicio\/?s={search_term_string}"},"query-input":{"@type":"PropertyValueSpecification","valueRequired":true,"valueName":"search_term_string"}}],"inLanguage":"es"}]}},"blog_post_layout_featured_media_urls":{"thumbnail":"","full":""},"categories_names":null,"comments_number":"0","_links":{"self":[{"href":"https:\/\/www.itesloscabos.edu.mx\/inicio\/wp-json\/wp\/v2\/pages\/2660","targetHints":{"allow":["GET"]}}],"collection":[{"href":"https:\/\/www.itesloscabos.edu.mx\/inicio\/wp-json\/wp\/v2\/pages"}],"about":[{"href":"https:\/\/www.itesloscabos.edu.mx\/inicio\/wp-json\/wp\/v2\/types\/page"}],"author":[{"embeddable":true,"href":"https:\/\/www.itesloscabos.edu.mx\/inicio\/wp-json\/wp\/v2\/users\/1"}],"replies":[{"embeddable":true,"href":"https:\/\/www.itesloscabos.edu.mx\/inicio\/wp-json\/wp\/v2\/comments?post=2660"}],"version-history":[{"count":4,"href":"https:\/\/www.itesloscabos.edu.mx\/inicio\/wp-json\/wp\/v2\/pages\/2660\/revisions"}],"predecessor-version":[{"id":2695,"href":"https:\/\/www.itesloscabos.edu.mx\/inicio\/wp-json\/wp\/v2\/pages\/2660\/revisions\/2695"}],"wp:attachment":[{"href":"https:\/\/www.itesloscabos.edu.mx\/inicio\/wp-json\/wp\/v2\/media?parent=2660"}],"curies":[{"name":"wp","href":"https:\/\/api.w.org\/{rel}","templated":true}]}}