{"id":2643,"date":"2023-07-25T17:03:13","date_gmt":"2023-07-25T23:03:13","guid":{"rendered":"https:\/\/www.itesloscabos.edu.mx\/inicio\/?page_id=2643"},"modified":"2023-07-25T19:26:09","modified_gmt":"2023-07-26T01:26:09","slug":"documentos-normativos","status":"publish","type":"page","link":"https:\/\/www.itesloscabos.edu.mx\/inicio\/documentos-normativos\/","title":{"rendered":"Documentos Normativos"},"content":{"rendered":"\r\n<p class=\"collapseomatic \" id=\"id69e5befaef774\"  tabindex=\"0\" title=\"Documentos Normativos\"    >Documentos Normativos<\/p><div id=\"target-id69e5befaef774\" class=\"collapseomatic_content \">\r\n<p><a href=\"https:\/\/www.itesloscabos.edu.mx\/wp-content\/uploads\/2023\/07\/1_Lineamientos_CS_28-10_2016_S247.pdf\">Lineamientos<\/a><\/p>\r\n<p><a href=\"https:\/\/www.itesloscabos.edu.mx\/wp-content\/uploads\/2023\/07\/2_ESQUEMA_S247_PRODEP_2023.pdf\">Esquema de Contralor\u00eda Social 2023<\/a><\/p>\r\n<p><a href=\"https:\/\/www.itesloscabos.edu.mx\/wp-content\/uploads\/2023\/07\/3_GUIA_OPERATIVA_S247_PRODEP_2023.pdf\">Gu\u00eda operativa<\/a><\/p>\r\n<p><a href=\"https:\/\/www.itesloscabos.edu.mx\/wp-content\/uploads\/2023\/07\/4_PATCS_S247_PRODEP_2023.pdf\">Programa Anual de Trabajo de Contralor\u00eda Social \u00abPATCS\u00bb 2023<\/a><\/p>\r\n<p><a href=\"https:\/\/www.itesloscabos.edu.mx\/wp-content\/uploads\/2023\/07\/5_OFICIO_DE_VALIDACION_S247_2023.pdf\">Oficio de Validaci\u00f3n de documentos normativos 2023<\/a><br \/><\/div>\r\n<p class=\"collapseomatic \" id=\"id69e5befaef79c\"  tabindex=\"0\" title=\"Formatos de Gu\u00eda Operativa\"    >Formatos de Gu\u00eda Operativa<\/p><div id=\"target-id69e5befaef79c\" class=\"collapseomatic_content \">\r\n<p><a href=\"https:\/\/www.itesloscabos.edu.mx\/wp-content\/uploads\/2023\/07\/Anexo_1_Acta_Const-1.docx\">Anexo 1.- Acta de Constituci\u00f3n del Comit\u00e9 de Contralor\u00eda Social 2023<\/a><\/p>\r\n<p><a href=\"https:\/\/www.itesloscabos.edu.mx\/wp-content\/uploads\/2023\/07\/Anexo_2_Acta_de_Sust.docx\">Anexo 2.- Acta de Sustituci\u00f3n de Integrante(s) del Comit\u00e9 de C.S. 2023<\/a><\/p>\r\n<p><a href=\"https:\/\/www.itesloscabos.edu.mx\/wp-content\/uploads\/2023\/07\/Anexo_3_Mint_reunion-1.docx\">Anexo 3.- Minuta de Reuni\u00f3n de Comit\u00e9 de Contralor\u00eda Social 2023<\/a><\/p>\r\n<p><a href=\"https:\/\/www.itesloscabos.edu.mx\/wp-content\/uploads\/2023\/07\/Anexo_4_Informe.xlsx\"> Anexo 4.- Informe del Comit\u00e9 de Contralor\u00eda Social 2023<\/a><\/p>\r\n<\/div>\r\n<p><a role=\"button\" href=\"https:\/\/www.itesloscabos.edu.mx\/inicio\/contraloria-social\/\" target=\"_self\" rel=\"noopener\"> REGRESAR <\/a><\/p>\r\n","protected":false},"excerpt":{"rendered":"<p>REGRESAR<\/p>\n","protected":false},"author":1,"featured_media":0,"parent":0,"menu_order":0,"comment_status":"closed","ping_status":"closed","template":"","meta":{"om_disable_all_campaigns":false,"_monsterinsights_skip_tracking":false,"_monsterinsights_sitenote_active":false,"_monsterinsights_sitenote_note":"","_monsterinsights_sitenote_category":0,"_uf_show_specific_survey":0,"_uf_disable_surveys":false,"site-sidebar-layout":"default","site-content-layout":"default","ast-main-header-display":"","ast-hfb-above-header-display":"","ast-hfb-below-header-display":"","ast-hfb-mobile-header-display":"","site-post-title":"","ast-breadcrumbs-content":"","ast-featured-img":"","footer-sml-layout":"","theme-transparent-header-meta":"default","adv-header-id-meta":"","stick-header-meta":"","header-above-stick-meta":"","header-main-stick-meta":"","header-below-stick-meta":"","footnotes":""},"class_list":["post-2643","page","type-page","status-publish","hentry"],"aioseo_notices":[],"yoast_head":"<!-- This site is optimized with the Yoast SEO plugin v27.2 - https:\/\/yoast.com\/product\/yoast-seo-wordpress\/ -->\n<title>Documentos Normativos - ITES<\/title>\n<meta name=\"robots\" content=\"index, follow, max-snippet:-1, max-image-preview:large, max-video-preview:-1\" \/>\n<link rel=\"canonical\" href=\"https:\/\/www.itesloscabos.edu.mx\/inicio\/documentos-normativos\/\" \/>\n<meta property=\"og:locale\" content=\"es_ES\" \/>\n<meta property=\"og:type\" content=\"article\" \/>\n<meta property=\"og:title\" content=\"Documentos Normativos - ITES\" \/>\n<meta property=\"og:description\" content=\"REGRESAR\" \/>\n<meta property=\"og:url\" content=\"https:\/\/www.itesloscabos.edu.mx\/inicio\/documentos-normativos\/\" \/>\n<meta property=\"og:site_name\" content=\"ITES\" \/>\n<meta property=\"article:modified_time\" content=\"2023-07-26T01:26:09+00:00\" \/>\n<meta name=\"twitter:card\" content=\"summary_large_image\" \/>\n<script type=\"application\/ld+json\" class=\"yoast-schema-graph\">{\"@context\":\"https:\/\/schema.org\",\"@graph\":[{\"@type\":\"WebPage\",\"@id\":\"https:\/\/www.itesloscabos.edu.mx\/inicio\/documentos-normativos\/\",\"url\":\"https:\/\/www.itesloscabos.edu.mx\/inicio\/documentos-normativos\/\",\"name\":\"Documentos Normativos - ITES\",\"isPartOf\":{\"@id\":\"https:\/\/www.itesloscabos.edu.mx\/inicio\/#website\"},\"datePublished\":\"2023-07-25T23:03:13+00:00\",\"dateModified\":\"2023-07-26T01:26:09+00:00\",\"breadcrumb\":{\"@id\":\"https:\/\/www.itesloscabos.edu.mx\/inicio\/documentos-normativos\/#breadcrumb\"},\"inLanguage\":\"es\",\"potentialAction\":[{\"@type\":\"ReadAction\",\"target\":[\"https:\/\/www.itesloscabos.edu.mx\/inicio\/documentos-normativos\/\"]}]},{\"@type\":\"BreadcrumbList\",\"@id\":\"https:\/\/www.itesloscabos.edu.mx\/inicio\/documentos-normativos\/#breadcrumb\",\"itemListElement\":[{\"@type\":\"ListItem\",\"position\":1,\"name\":\"Portada\",\"item\":\"https:\/\/www.itesloscabos.edu.mx\/inicio\/\"},{\"@type\":\"ListItem\",\"position\":2,\"name\":\"Documentos Normativos\"}]},{\"@type\":\"WebSite\",\"@id\":\"https:\/\/www.itesloscabos.edu.mx\/inicio\/#website\",\"url\":\"https:\/\/www.itesloscabos.edu.mx\/inicio\/\",\"name\":\"ITES\",\"description\":\"Los Cabos\",\"potentialAction\":[{\"@type\":\"SearchAction\",\"target\":{\"@type\":\"EntryPoint\",\"urlTemplate\":\"https:\/\/www.itesloscabos.edu.mx\/inicio\/?s={search_term_string}\"},\"query-input\":{\"@type\":\"PropertyValueSpecification\",\"valueRequired\":true,\"valueName\":\"search_term_string\"}}],\"inLanguage\":\"es\"}]}<\/script>\n<!-- \/ Yoast SEO plugin. -->","yoast_head_json":{"title":"Documentos Normativos - ITES","robots":{"index":"index","follow":"follow","max-snippet":"max-snippet:-1","max-image-preview":"max-image-preview:large","max-video-preview":"max-video-preview:-1"},"canonical":"https:\/\/www.itesloscabos.edu.mx\/inicio\/documentos-normativos\/","og_locale":"es_ES","og_type":"article","og_title":"Documentos Normativos - ITES","og_description":"REGRESAR","og_url":"https:\/\/www.itesloscabos.edu.mx\/inicio\/documentos-normativos\/","og_site_name":"ITES","article_modified_time":"2023-07-26T01:26:09+00:00","twitter_card":"summary_large_image","schema":{"@context":"https:\/\/schema.org","@graph":[{"@type":"WebPage","@id":"https:\/\/www.itesloscabos.edu.mx\/inicio\/documentos-normativos\/","url":"https:\/\/www.itesloscabos.edu.mx\/inicio\/documentos-normativos\/","name":"Documentos Normativos - ITES","isPartOf":{"@id":"https:\/\/www.itesloscabos.edu.mx\/inicio\/#website"},"datePublished":"2023-07-25T23:03:13+00:00","dateModified":"2023-07-26T01:26:09+00:00","breadcrumb":{"@id":"https:\/\/www.itesloscabos.edu.mx\/inicio\/documentos-normativos\/#breadcrumb"},"inLanguage":"es","potentialAction":[{"@type":"ReadAction","target":["https:\/\/www.itesloscabos.edu.mx\/inicio\/documentos-normativos\/"]}]},{"@type":"BreadcrumbList","@id":"https:\/\/www.itesloscabos.edu.mx\/inicio\/documentos-normativos\/#breadcrumb","itemListElement":[{"@type":"ListItem","position":1,"name":"Portada","item":"https:\/\/www.itesloscabos.edu.mx\/inicio\/"},{"@type":"ListItem","position":2,"name":"Documentos Normativos"}]},{"@type":"WebSite","@id":"https:\/\/www.itesloscabos.edu.mx\/inicio\/#website","url":"https:\/\/www.itesloscabos.edu.mx\/inicio\/","name":"ITES","description":"Los Cabos","potentialAction":[{"@type":"SearchAction","target":{"@type":"EntryPoint","urlTemplate":"https:\/\/www.itesloscabos.edu.mx\/inicio\/?s={search_term_string}"},"query-input":{"@type":"PropertyValueSpecification","valueRequired":true,"valueName":"search_term_string"}}],"inLanguage":"es"}]}},"blog_post_layout_featured_media_urls":{"thumbnail":"","full":""},"categories_names":null,"comments_number":"0","_links":{"self":[{"href":"https:\/\/www.itesloscabos.edu.mx\/inicio\/wp-json\/wp\/v2\/pages\/2643","targetHints":{"allow":["GET"]}}],"collection":[{"href":"https:\/\/www.itesloscabos.edu.mx\/inicio\/wp-json\/wp\/v2\/pages"}],"about":[{"href":"https:\/\/www.itesloscabos.edu.mx\/inicio\/wp-json\/wp\/v2\/types\/page"}],"author":[{"embeddable":true,"href":"https:\/\/www.itesloscabos.edu.mx\/inicio\/wp-json\/wp\/v2\/users\/1"}],"replies":[{"embeddable":true,"href":"https:\/\/www.itesloscabos.edu.mx\/inicio\/wp-json\/wp\/v2\/comments?post=2643"}],"version-history":[{"count":6,"href":"https:\/\/www.itesloscabos.edu.mx\/inicio\/wp-json\/wp\/v2\/pages\/2643\/revisions"}],"predecessor-version":[{"id":2650,"href":"https:\/\/www.itesloscabos.edu.mx\/inicio\/wp-json\/wp\/v2\/pages\/2643\/revisions\/2650"}],"wp:attachment":[{"href":"https:\/\/www.itesloscabos.edu.mx\/inicio\/wp-json\/wp\/v2\/media?parent=2643"}],"curies":[{"name":"wp","href":"https:\/\/api.w.org\/{rel}","templated":true}]}}