{"id":2639,"date":"2023-07-25T16:51:47","date_gmt":"2023-07-25T22:51:47","guid":{"rendered":"https:\/\/www.itesloscabos.edu.mx\/inicio\/?page_id=2639"},"modified":"2023-07-25T19:29:05","modified_gmt":"2023-07-26T01:29:05","slug":"contraloria-social-del-programa-presupuestario-s247","status":"publish","type":"page","link":"https:\/\/www.itesloscabos.edu.mx\/inicio\/contraloria-social-del-programa-presupuestario-s247\/","title":{"rendered":"Contralor\u00eda Social del Programa Presupuestario S247"},"content":{"rendered":"\r\n<p class=\"collapseomatic \" id=\"id69e5d8edc6e5d\"  tabindex=\"0\" title=\" Contralor\u00eda Social del Programa Presupuestarios  S247 \"    > Contralor\u00eda Social del Programa Presupuestarios  S247 <\/p><div id=\"target-id69e5d8edc6e5d\" class=\"collapseomatic_content \">\r\n<p><strong>\u00bfQu\u00e9 es la Contralor\u00eda Social?<\/strong><br \/>La Contralor\u00eda Social es un grupo de beneficiarios, que, de manera organizada, verificaran el cumplimiento de las metas y la correcta aplicaci\u00f3n de los recursos p\u00fablicos asignados a Programas Presupuestales con recursos federales. <strong>\u00bfQu\u00e9 vigila la contralor\u00eda Social?\u00bb<\/strong><br \/>*Que se difunda la informaci\u00f3n suficiente, veraz y oportuna sobre la operaci\u00f3n del programa.<br \/>*Que los otorgamientos de los apoyos sean con calidad, calidez, eficiente, eficaz, oportuno y de manera transparente.<br \/>*Que las autoridades competentes brinden atenci\u00f3n a las quejas o denuncias, relacionadas al programa. <strong>\u00bfQu\u00e9 es un Comit\u00e9 de Contralor\u00eda Social?<\/strong><br \/>Las formas de organizaci\u00f3n social constituidas por los beneficiarios referidas en el art\u00edculo 67 del Reglamento de la Ley General de Desarrollo Social, que llevan a cabo el seguimiento, supervisi\u00f3n y vigilancia de la ejecuci\u00f3n, cumplimiento de las metas y acciones comprometidas, as\u00ed como de la correcta aplicaci\u00f3n de los recursos asignados a los mismos. <strong>Objetivo de los Comit\u00e9s de Contralor\u00eda Social.<\/strong><br \/>Colaborar en forma VOLUNTARIA, ACTIVA y de manera representativa con organismos oficiales, seguimiento, supervisi\u00f3n y vigilancia de la ejecuci\u00f3n, cumplimiento de las metas y acciones comprometidas en el Programa, as\u00ed como de la correcta aplicaci\u00f3n de los recursos asignados. <strong>\u00bfCu\u00e1les son las funciones que deber\u00e1n de cumplir los Comit\u00e9s de Contralor\u00eda Social?<\/strong><br \/>*Representar los intereses y actuar como grupo de enlace entre la comunidad, las autoridades locales y autoridades centrales.<br \/>*Vigilar el adecuado manejo de los recursos financieros y que cumplan con el objetivo para el que fueron otorgados.<br \/>*Capturar y canalizar las Quejas o Denuncias a las \u00e1reas correspondientes.<br \/>*Reportar cualquier anomal\u00eda que se presente durante el proceso de la ejecuci\u00f3n y culminaci\u00f3n de los recursos Financieros. <strong>Medidas para promover la equidad de g\u00e9nero entre hombres y mujeres en la integraci\u00f3n de los Comit\u00e9s<\/strong><br \/>Dentro del Programa para el Desarrollo Profesional Docente (PRODEP) mismo que se rige por Reglas de operaciones emitidas por la Secretar\u00eda de Hacienda y Cr\u00e9dito P\u00fablico, donde menciona en el objetivo para el Tipo superior, \u00abProfesionalizar a las\/los PTC, ofreciendo las mismas oportunidades a mujeres y hombres para acceder a los apoyos que otorga el Programa, a fin de que alcancen las capacidades de investigaci\u00f3n-docencia, desarrollo tecnol\u00f3gico e innovaci\u00f3n y con responsabilidad social\u2026\u00bb Por lo anterior, podemos mencionar que para la formaci\u00f3n de los comit\u00e9s deber\u00e1n de ser de manera equitativa.<br \/><\/div>\r\n<p>&nbsp;<\/p>\r\n<p><a role=\"button\" href=\"https:\/\/www.itesloscabos.edu.mx\/inicio\/contraloria-social\/\" target=\"_self\" rel=\"noopener\"> REGRESAR <\/a><\/p>\r\n","protected":false},"excerpt":{"rendered":"<p>&nbsp; REGRESAR<\/p>\n","protected":false},"author":1,"featured_media":0,"parent":0,"menu_order":0,"comment_status":"closed","ping_status":"closed","template":"","meta":{"om_disable_all_campaigns":false,"_monsterinsights_skip_tracking":false,"_monsterinsights_sitenote_active":false,"_monsterinsights_sitenote_note":"","_monsterinsights_sitenote_category":0,"_uf_show_specific_survey":0,"_uf_disable_surveys":false,"site-sidebar-layout":"default","site-content-layout":"default","ast-main-header-display":"","ast-hfb-above-header-display":"","ast-hfb-below-header-display":"","ast-hfb-mobile-header-display":"","site-post-title":"","ast-breadcrumbs-content":"","ast-featured-img":"","footer-sml-layout":"","theme-transparent-header-meta":"default","adv-header-id-meta":"","stick-header-meta":"","header-above-stick-meta":"","header-main-stick-meta":"","header-below-stick-meta":"","footnotes":""},"class_list":["post-2639","page","type-page","status-publish","hentry"],"aioseo_notices":[],"yoast_head":"<!-- This site is optimized with the Yoast SEO plugin v27.2 - https:\/\/yoast.com\/product\/yoast-seo-wordpress\/ -->\n<title>Contralor\u00eda Social del Programa Presupuestario S247 - ITES<\/title>\n<meta name=\"robots\" content=\"index, follow, max-snippet:-1, max-image-preview:large, max-video-preview:-1\" \/>\n<link rel=\"canonical\" href=\"https:\/\/www.itesloscabos.edu.mx\/inicio\/contraloria-social-del-programa-presupuestario-s247\/\" \/>\n<meta property=\"og:locale\" content=\"es_ES\" \/>\n<meta property=\"og:type\" content=\"article\" \/>\n<meta property=\"og:title\" content=\"Contralor\u00eda Social del Programa Presupuestario S247 - ITES\" \/>\n<meta property=\"og:description\" content=\"&nbsp; REGRESAR\" \/>\n<meta property=\"og:url\" content=\"https:\/\/www.itesloscabos.edu.mx\/inicio\/contraloria-social-del-programa-presupuestario-s247\/\" \/>\n<meta property=\"og:site_name\" content=\"ITES\" \/>\n<meta property=\"article:modified_time\" content=\"2023-07-26T01:29:05+00:00\" \/>\n<meta name=\"twitter:card\" content=\"summary_large_image\" \/>\n<meta name=\"twitter:label1\" content=\"Tiempo de lectura\" \/>\n\t<meta name=\"twitter:data1\" content=\"2 minutos\" \/>\n<script type=\"application\/ld+json\" class=\"yoast-schema-graph\">{\"@context\":\"https:\/\/schema.org\",\"@graph\":[{\"@type\":\"WebPage\",\"@id\":\"https:\/\/www.itesloscabos.edu.mx\/inicio\/contraloria-social-del-programa-presupuestario-s247\/\",\"url\":\"https:\/\/www.itesloscabos.edu.mx\/inicio\/contraloria-social-del-programa-presupuestario-s247\/\",\"name\":\"Contralor\u00eda Social del Programa Presupuestario S247 - ITES\",\"isPartOf\":{\"@id\":\"https:\/\/www.itesloscabos.edu.mx\/inicio\/#website\"},\"datePublished\":\"2023-07-25T22:51:47+00:00\",\"dateModified\":\"2023-07-26T01:29:05+00:00\",\"breadcrumb\":{\"@id\":\"https:\/\/www.itesloscabos.edu.mx\/inicio\/contraloria-social-del-programa-presupuestario-s247\/#breadcrumb\"},\"inLanguage\":\"es\",\"potentialAction\":[{\"@type\":\"ReadAction\",\"target\":[\"https:\/\/www.itesloscabos.edu.mx\/inicio\/contraloria-social-del-programa-presupuestario-s247\/\"]}]},{\"@type\":\"BreadcrumbList\",\"@id\":\"https:\/\/www.itesloscabos.edu.mx\/inicio\/contraloria-social-del-programa-presupuestario-s247\/#breadcrumb\",\"itemListElement\":[{\"@type\":\"ListItem\",\"position\":1,\"name\":\"Portada\",\"item\":\"https:\/\/www.itesloscabos.edu.mx\/inicio\/\"},{\"@type\":\"ListItem\",\"position\":2,\"name\":\"Contralor\u00eda Social del Programa Presupuestario S247\"}]},{\"@type\":\"WebSite\",\"@id\":\"https:\/\/www.itesloscabos.edu.mx\/inicio\/#website\",\"url\":\"https:\/\/www.itesloscabos.edu.mx\/inicio\/\",\"name\":\"ITES\",\"description\":\"Los Cabos\",\"potentialAction\":[{\"@type\":\"SearchAction\",\"target\":{\"@type\":\"EntryPoint\",\"urlTemplate\":\"https:\/\/www.itesloscabos.edu.mx\/inicio\/?s={search_term_string}\"},\"query-input\":{\"@type\":\"PropertyValueSpecification\",\"valueRequired\":true,\"valueName\":\"search_term_string\"}}],\"inLanguage\":\"es\"}]}<\/script>\n<!-- \/ Yoast SEO plugin. -->","yoast_head_json":{"title":"Contralor\u00eda Social del Programa Presupuestario S247 - ITES","robots":{"index":"index","follow":"follow","max-snippet":"max-snippet:-1","max-image-preview":"max-image-preview:large","max-video-preview":"max-video-preview:-1"},"canonical":"https:\/\/www.itesloscabos.edu.mx\/inicio\/contraloria-social-del-programa-presupuestario-s247\/","og_locale":"es_ES","og_type":"article","og_title":"Contralor\u00eda Social del Programa Presupuestario S247 - ITES","og_description":"&nbsp; REGRESAR","og_url":"https:\/\/www.itesloscabos.edu.mx\/inicio\/contraloria-social-del-programa-presupuestario-s247\/","og_site_name":"ITES","article_modified_time":"2023-07-26T01:29:05+00:00","twitter_card":"summary_large_image","twitter_misc":{"Tiempo de lectura":"2 minutos"},"schema":{"@context":"https:\/\/schema.org","@graph":[{"@type":"WebPage","@id":"https:\/\/www.itesloscabos.edu.mx\/inicio\/contraloria-social-del-programa-presupuestario-s247\/","url":"https:\/\/www.itesloscabos.edu.mx\/inicio\/contraloria-social-del-programa-presupuestario-s247\/","name":"Contralor\u00eda Social del Programa Presupuestario S247 - ITES","isPartOf":{"@id":"https:\/\/www.itesloscabos.edu.mx\/inicio\/#website"},"datePublished":"2023-07-25T22:51:47+00:00","dateModified":"2023-07-26T01:29:05+00:00","breadcrumb":{"@id":"https:\/\/www.itesloscabos.edu.mx\/inicio\/contraloria-social-del-programa-presupuestario-s247\/#breadcrumb"},"inLanguage":"es","potentialAction":[{"@type":"ReadAction","target":["https:\/\/www.itesloscabos.edu.mx\/inicio\/contraloria-social-del-programa-presupuestario-s247\/"]}]},{"@type":"BreadcrumbList","@id":"https:\/\/www.itesloscabos.edu.mx\/inicio\/contraloria-social-del-programa-presupuestario-s247\/#breadcrumb","itemListElement":[{"@type":"ListItem","position":1,"name":"Portada","item":"https:\/\/www.itesloscabos.edu.mx\/inicio\/"},{"@type":"ListItem","position":2,"name":"Contralor\u00eda Social del Programa Presupuestario S247"}]},{"@type":"WebSite","@id":"https:\/\/www.itesloscabos.edu.mx\/inicio\/#website","url":"https:\/\/www.itesloscabos.edu.mx\/inicio\/","name":"ITES","description":"Los Cabos","potentialAction":[{"@type":"SearchAction","target":{"@type":"EntryPoint","urlTemplate":"https:\/\/www.itesloscabos.edu.mx\/inicio\/?s={search_term_string}"},"query-input":{"@type":"PropertyValueSpecification","valueRequired":true,"valueName":"search_term_string"}}],"inLanguage":"es"}]}},"blog_post_layout_featured_media_urls":{"thumbnail":"","full":""},"categories_names":null,"comments_number":"0","_links":{"self":[{"href":"https:\/\/www.itesloscabos.edu.mx\/inicio\/wp-json\/wp\/v2\/pages\/2639","targetHints":{"allow":["GET"]}}],"collection":[{"href":"https:\/\/www.itesloscabos.edu.mx\/inicio\/wp-json\/wp\/v2\/pages"}],"about":[{"href":"https:\/\/www.itesloscabos.edu.mx\/inicio\/wp-json\/wp\/v2\/types\/page"}],"author":[{"embeddable":true,"href":"https:\/\/www.itesloscabos.edu.mx\/inicio\/wp-json\/wp\/v2\/users\/1"}],"replies":[{"embeddable":true,"href":"https:\/\/www.itesloscabos.edu.mx\/inicio\/wp-json\/wp\/v2\/comments?post=2639"}],"version-history":[{"count":10,"href":"https:\/\/www.itesloscabos.edu.mx\/inicio\/wp-json\/wp\/v2\/pages\/2639\/revisions"}],"predecessor-version":[{"id":2681,"href":"https:\/\/www.itesloscabos.edu.mx\/inicio\/wp-json\/wp\/v2\/pages\/2639\/revisions\/2681"}],"wp:attachment":[{"href":"https:\/\/www.itesloscabos.edu.mx\/inicio\/wp-json\/wp\/v2\/media?parent=2639"}],"curies":[{"name":"wp","href":"https:\/\/api.w.org\/{rel}","templated":true}]}}