{"id":2583,"date":"2023-07-10T15:14:43","date_gmt":"2023-07-10T21:14:43","guid":{"rendered":"https:\/\/www.itesloscabos.edu.mx\/inicio\/?page_id=2583"},"modified":"2023-07-25T19:17:34","modified_gmt":"2023-07-26T01:17:34","slug":"contraloria","status":"publish","type":"page","link":"https:\/\/www.itesloscabos.edu.mx\/inicio\/contraloria\/","title":{"rendered":"PRODEP"},"content":{"rendered":"\n<h2>\n\t\tPRODEP\n\t<\/h2>\n\t<p class=\"collapseomatic \" id=\"id69e5d8ee4f31f\"  tabindex=\"0\" title=\" Programa para el Desarrollo Profesional Docentes s247 \"    > Programa para el Desarrollo Profesional Docentes s247 <\/p><div id=\"target-id69e5d8ee4f31f\" class=\"collapseomatic_content \">\n<p>\u00bfQu\u00e9 es el Programa para el Desarrollo Profesional Docente (PRODEP)?<\/p>\n<p>Es el Programa para el Desarrollo Profesional Docente (PRODEP), que tiene como objetivo contribuir para que el personal docente y personal con funciones de direcci\u00f3n, de supervisi\u00f3n, de asesor\u00eda t\u00e9cnico-pedag\u00f3gica y cuerpos acad\u00e9micos accedan y\/o concluyan programas de formaci\u00f3n, actualizaci\u00f3n acad\u00e9mica, capacitaci\u00f3n y\/o proyectos de investigaci\u00f3n para fortalecer el perfil necesario para el desempe\u00f1o de sus funciones.<\/p>\n<p><strong>Para el Tipo Superior<\/strong><\/p>\n<p>Profesionalizar a las\/los Profesores de Tiempo Completo, ofreciendo las mismas oportunidades a mujeres y hombres para acceder a los apoyos que otorga el Programa, a fin de que alcancen las capacidades de investigaci\u00f3n-docencia, desarrollo tecnol\u00f3gico e innovaci\u00f3n y con responsabilidad social; se articulen y consoliden en Cuerpos Acad\u00e9micos y con ello generen una nueva comunidad acad\u00e9mica capaz de transformar su entorno.<\/p>\n<p><strong>Poblaci\u00f3n Objetivo del Programa.<\/strong><\/p>\n<p>El Programa est\u00e1 dirigido a Profesores de Tiempo Completo (PTC) que pertenecen a los Institutos Tecnol\u00f3gicos del TecNM (Federales y Descentralizados).<\/p>\n<p><strong>Caracter\u00edsticas generales de los apoyos (tipo, monto, periodo de ejecuci\u00f3n y fecha de entrega).<\/strong><\/p>\n<p><img loading=\"lazy\" decoding=\"async\" src=\"https:\/\/www.itesloscabos.edu.mx\/wp-content\/uploads\/2023\/07\/tabla_S247_2023-300x208.png\" alt=\"\" width=\"689\" height=\"478\" \/><\/p>\n<p>&nbsp;<\/p>\n<p>&nbsp;<\/p>\n<p>&nbsp;<\/p>\n<p>&nbsp;<\/p>\n<p>&nbsp;<\/p>\n<p>&nbsp;<\/p>\n<p>&nbsp;<\/p>\n<p>&nbsp;<\/p>\n<p>&nbsp;<\/p>\n<p>&nbsp;<\/p>\n<p>&nbsp;<\/p>\n<p><strong>Son derechos de todos\/as los\/as beneficiarios\/as<\/strong><\/p>\n<ul>\n<li>Recibir un trato atento, digno y respetuoso, sin discriminaci\u00f3n alguna.<\/li>\n<li>Recibir asesor\u00eda y apoyo sobre la operaci\u00f3n de este de manera gratuita.<\/li>\n<li>Tener acceso a la informaci\u00f3n necesaria, de manera clara y oportuna, para resolver sus dudas respecto de las acciones del Programa.<\/li>\n<li>Recibir el comunicado por parte de las instancias ejecutoras sobre la asignaci\u00f3n del recurso.<\/li>\n<li>Tener la reserva y privacidad de sus datos personales en los t\u00e9rminos de lo establecido en la Ley General de Transparencia y Acceso a la Informaci\u00f3n P\u00fablica, la Ley Federal de Transparencia y Acceso a la Informaci\u00f3n P\u00fablica, su Reglamento y dem\u00e1s normativa jur\u00eddica aplicable.<\/li>\n<\/ul>\n<p><strong>Tipo Superior<\/strong><\/p>\n<ul>\n<li>Recibir la informaci\u00f3n correspondiente a las diferentes convocatorias que emite el Programa; y recibir la notificaci\u00f3n de los resultados de las solicitudes presentadas por los\/as PTC.<\/li>\n<li>Recibir la aportaci\u00f3n de los recursos para el pago de los apoyos con base en la disponibilidad presupuestal de las Unidades Responsables.<\/li>\n<\/ul>\n<p><strong>\u00a0De los beneficiarios<\/strong><\/p>\n<ul>\n<li>Recibir la notificaci\u00f3n de los resultados de las solicitudes que presenten.<\/li>\n<li>Manifestar su inconformidad ante los resultados emitidos a sus solicitudes.<\/li>\n<li>Recibir los recursos autorizados de acuerdo con lo establecido en las cartas de liberaci\u00f3n de recursos. Con base en la disponibilidad presupuestal de las UR.<\/li>\n<\/ul>\n<h5><strong>OBLIGACIONES, PARA EL TIPO SUPERIOR<\/strong><\/h5>\n<p><strong>Las personas beneficiarias<\/strong><\/p>\n<ul>\n<li>Hacer uso de los recursos de acuerdo con los rubros, montos aprobados y disposiciones establecidas en las presentes RO.<\/li>\n<li>Cumplir con las actividades comprometidas seg\u00fan el apoyo autorizado (proyectos de investigaci\u00f3n o plan de trabajo).<\/li>\n<li>Presentar al TecNM y a su IES de adscripci\u00f3n los informes semestrales que reflejen el avance en actividades y ejercicio de los recursos autorizados, considerando los informes a partir de la fecha de notificaci\u00f3n de los resultados, as\u00ed como el informe final del impacto acad\u00e9mico logrado con el apoyo recibido, mediante el formato electr\u00f3nico establecido que se encuentra en el SISUP.<\/li>\n<li>Entregar a la IPES de adscripci\u00f3n la evidencia de las actividades realizadas durante el periodo del apoyo durante los primeros 15 d\u00edas posteriores a la conclusi\u00f3n de la vigencia o bien, al presentar el informe final si el recurso se ejerce antes de este per\u00edodo.<\/li>\n<\/ul>\n<p><strong>Estructura Operativa del programa<\/strong><\/p>\n<p><img loading=\"lazy\" decoding=\"async\" src=\"https:\/\/www.itesloscabos.edu.mx\/wp-content\/uploads\/2023\/07\/estructura_operativa_programa-172x300.png\" alt=\"\" width=\"172\" height=\"300\" \/><\/p>\n<p>&nbsp;<\/p>\n<p>&nbsp;<\/p>\n<p>&nbsp;<\/p>\n<p>&nbsp;<\/p>\n<p>&nbsp;<\/p>\n<p>&nbsp;<\/p>\n<p>&nbsp;<\/p>\n<\/div>\n\t\t\t<a href=\"https:\/\/www.itesloscabos.edu.mx\/inicio\/contraloria-social\/\" target=\"_self\" role=\"button\" rel=\"noopener\">\n\t\t\t\t\t\tREGRESAR\n\t\t\t\t\t<\/a>\n\n","protected":false},"excerpt":{"rendered":"<p>PRODEP REGRESAR<\/p>\n","protected":false},"author":1,"featured_media":0,"parent":0,"menu_order":0,"comment_status":"closed","ping_status":"closed","template":"","meta":{"om_disable_all_campaigns":false,"_monsterinsights_skip_tracking":false,"_monsterinsights_sitenote_active":false,"_monsterinsights_sitenote_note":"","_monsterinsights_sitenote_category":0,"_uf_show_specific_survey":0,"_uf_disable_surveys":false,"site-sidebar-layout":"no-sidebar","site-content-layout":"page-builder","ast-main-header-display":"","ast-hfb-above-header-display":"","ast-hfb-below-header-display":"","ast-hfb-mobile-header-display":"","site-post-title":"disabled","ast-breadcrumbs-content":"","ast-featured-img":"disabled","footer-sml-layout":"","theme-transparent-header-meta":"enabled","adv-header-id-meta":"","stick-header-meta":"","header-above-stick-meta":"","header-main-stick-meta":"","header-below-stick-meta":"","footnotes":""},"class_list":["post-2583","page","type-page","status-publish","hentry"],"aioseo_notices":[],"yoast_head":"<!-- This site is optimized with the Yoast SEO plugin v27.2 - https:\/\/yoast.com\/product\/yoast-seo-wordpress\/ -->\n<title>PRODEP - ITES<\/title>\n<meta name=\"robots\" content=\"index, follow, max-snippet:-1, max-image-preview:large, max-video-preview:-1\" \/>\n<link rel=\"canonical\" href=\"https:\/\/www.itesloscabos.edu.mx\/inicio\/contraloria\/\" \/>\n<meta property=\"og:locale\" content=\"es_ES\" \/>\n<meta property=\"og:type\" content=\"article\" \/>\n<meta property=\"og:title\" content=\"PRODEP - ITES\" \/>\n<meta property=\"og:description\" content=\"PRODEP REGRESAR\" \/>\n<meta property=\"og:url\" content=\"https:\/\/www.itesloscabos.edu.mx\/inicio\/contraloria\/\" \/>\n<meta property=\"og:site_name\" content=\"ITES\" \/>\n<meta property=\"article:modified_time\" content=\"2023-07-26T01:17:34+00:00\" \/>\n<meta property=\"og:image\" content=\"https:\/\/www.itesloscabos.edu.mx\/wp-content\/uploads\/2023\/07\/tabla_S247_2023-300x208.png\" \/>\n<meta name=\"twitter:card\" content=\"summary_large_image\" \/>\n<meta name=\"twitter:label1\" content=\"Tiempo de lectura\" \/>\n\t<meta name=\"twitter:data1\" content=\"3 minutos\" \/>\n<script type=\"application\/ld+json\" class=\"yoast-schema-graph\">{\"@context\":\"https:\/\/schema.org\",\"@graph\":[{\"@type\":\"WebPage\",\"@id\":\"https:\/\/www.itesloscabos.edu.mx\/inicio\/contraloria\/\",\"url\":\"https:\/\/www.itesloscabos.edu.mx\/inicio\/contraloria\/\",\"name\":\"PRODEP - ITES\",\"isPartOf\":{\"@id\":\"https:\/\/www.itesloscabos.edu.mx\/inicio\/#website\"},\"primaryImageOfPage\":{\"@id\":\"https:\/\/www.itesloscabos.edu.mx\/inicio\/contraloria\/#primaryimage\"},\"image\":{\"@id\":\"https:\/\/www.itesloscabos.edu.mx\/inicio\/contraloria\/#primaryimage\"},\"thumbnailUrl\":\"https:\/\/www.itesloscabos.edu.mx\/wp-content\/uploads\/2023\/07\/tabla_S247_2023-300x208.png\",\"datePublished\":\"2023-07-10T21:14:43+00:00\",\"dateModified\":\"2023-07-26T01:17:34+00:00\",\"breadcrumb\":{\"@id\":\"https:\/\/www.itesloscabos.edu.mx\/inicio\/contraloria\/#breadcrumb\"},\"inLanguage\":\"es\",\"potentialAction\":[{\"@type\":\"ReadAction\",\"target\":[\"https:\/\/www.itesloscabos.edu.mx\/inicio\/contraloria\/\"]}]},{\"@type\":\"ImageObject\",\"inLanguage\":\"es\",\"@id\":\"https:\/\/www.itesloscabos.edu.mx\/inicio\/contraloria\/#primaryimage\",\"url\":\"https:\/\/www.itesloscabos.edu.mx\/wp-content\/uploads\/2023\/07\/tabla_S247_2023-300x208.png\",\"contentUrl\":\"https:\/\/www.itesloscabos.edu.mx\/wp-content\/uploads\/2023\/07\/tabla_S247_2023-300x208.png\"},{\"@type\":\"BreadcrumbList\",\"@id\":\"https:\/\/www.itesloscabos.edu.mx\/inicio\/contraloria\/#breadcrumb\",\"itemListElement\":[{\"@type\":\"ListItem\",\"position\":1,\"name\":\"Portada\",\"item\":\"https:\/\/www.itesloscabos.edu.mx\/inicio\/\"},{\"@type\":\"ListItem\",\"position\":2,\"name\":\"PRODEP\"}]},{\"@type\":\"WebSite\",\"@id\":\"https:\/\/www.itesloscabos.edu.mx\/inicio\/#website\",\"url\":\"https:\/\/www.itesloscabos.edu.mx\/inicio\/\",\"name\":\"ITES\",\"description\":\"Los Cabos\",\"potentialAction\":[{\"@type\":\"SearchAction\",\"target\":{\"@type\":\"EntryPoint\",\"urlTemplate\":\"https:\/\/www.itesloscabos.edu.mx\/inicio\/?s={search_term_string}\"},\"query-input\":{\"@type\":\"PropertyValueSpecification\",\"valueRequired\":true,\"valueName\":\"search_term_string\"}}],\"inLanguage\":\"es\"}]}<\/script>\n<!-- \/ Yoast SEO plugin. -->","yoast_head_json":{"title":"PRODEP - ITES","robots":{"index":"index","follow":"follow","max-snippet":"max-snippet:-1","max-image-preview":"max-image-preview:large","max-video-preview":"max-video-preview:-1"},"canonical":"https:\/\/www.itesloscabos.edu.mx\/inicio\/contraloria\/","og_locale":"es_ES","og_type":"article","og_title":"PRODEP - ITES","og_description":"PRODEP REGRESAR","og_url":"https:\/\/www.itesloscabos.edu.mx\/inicio\/contraloria\/","og_site_name":"ITES","article_modified_time":"2023-07-26T01:17:34+00:00","og_image":[{"url":"https:\/\/www.itesloscabos.edu.mx\/wp-content\/uploads\/2023\/07\/tabla_S247_2023-300x208.png","type":"","width":"","height":""}],"twitter_card":"summary_large_image","twitter_misc":{"Tiempo de lectura":"3 minutos"},"schema":{"@context":"https:\/\/schema.org","@graph":[{"@type":"WebPage","@id":"https:\/\/www.itesloscabos.edu.mx\/inicio\/contraloria\/","url":"https:\/\/www.itesloscabos.edu.mx\/inicio\/contraloria\/","name":"PRODEP - ITES","isPartOf":{"@id":"https:\/\/www.itesloscabos.edu.mx\/inicio\/#website"},"primaryImageOfPage":{"@id":"https:\/\/www.itesloscabos.edu.mx\/inicio\/contraloria\/#primaryimage"},"image":{"@id":"https:\/\/www.itesloscabos.edu.mx\/inicio\/contraloria\/#primaryimage"},"thumbnailUrl":"https:\/\/www.itesloscabos.edu.mx\/wp-content\/uploads\/2023\/07\/tabla_S247_2023-300x208.png","datePublished":"2023-07-10T21:14:43+00:00","dateModified":"2023-07-26T01:17:34+00:00","breadcrumb":{"@id":"https:\/\/www.itesloscabos.edu.mx\/inicio\/contraloria\/#breadcrumb"},"inLanguage":"es","potentialAction":[{"@type":"ReadAction","target":["https:\/\/www.itesloscabos.edu.mx\/inicio\/contraloria\/"]}]},{"@type":"ImageObject","inLanguage":"es","@id":"https:\/\/www.itesloscabos.edu.mx\/inicio\/contraloria\/#primaryimage","url":"https:\/\/www.itesloscabos.edu.mx\/wp-content\/uploads\/2023\/07\/tabla_S247_2023-300x208.png","contentUrl":"https:\/\/www.itesloscabos.edu.mx\/wp-content\/uploads\/2023\/07\/tabla_S247_2023-300x208.png"},{"@type":"BreadcrumbList","@id":"https:\/\/www.itesloscabos.edu.mx\/inicio\/contraloria\/#breadcrumb","itemListElement":[{"@type":"ListItem","position":1,"name":"Portada","item":"https:\/\/www.itesloscabos.edu.mx\/inicio\/"},{"@type":"ListItem","position":2,"name":"PRODEP"}]},{"@type":"WebSite","@id":"https:\/\/www.itesloscabos.edu.mx\/inicio\/#website","url":"https:\/\/www.itesloscabos.edu.mx\/inicio\/","name":"ITES","description":"Los Cabos","potentialAction":[{"@type":"SearchAction","target":{"@type":"EntryPoint","urlTemplate":"https:\/\/www.itesloscabos.edu.mx\/inicio\/?s={search_term_string}"},"query-input":{"@type":"PropertyValueSpecification","valueRequired":true,"valueName":"search_term_string"}}],"inLanguage":"es"}]}},"blog_post_layout_featured_media_urls":{"thumbnail":"","full":""},"categories_names":null,"comments_number":"0","_links":{"self":[{"href":"https:\/\/www.itesloscabos.edu.mx\/inicio\/wp-json\/wp\/v2\/pages\/2583","targetHints":{"allow":["GET"]}}],"collection":[{"href":"https:\/\/www.itesloscabos.edu.mx\/inicio\/wp-json\/wp\/v2\/pages"}],"about":[{"href":"https:\/\/www.itesloscabos.edu.mx\/inicio\/wp-json\/wp\/v2\/types\/page"}],"author":[{"embeddable":true,"href":"https:\/\/www.itesloscabos.edu.mx\/inicio\/wp-json\/wp\/v2\/users\/1"}],"replies":[{"embeddable":true,"href":"https:\/\/www.itesloscabos.edu.mx\/inicio\/wp-json\/wp\/v2\/comments?post=2583"}],"version-history":[{"count":27,"href":"https:\/\/www.itesloscabos.edu.mx\/inicio\/wp-json\/wp\/v2\/pages\/2583\/revisions"}],"predecessor-version":[{"id":2690,"href":"https:\/\/www.itesloscabos.edu.mx\/inicio\/wp-json\/wp\/v2\/pages\/2583\/revisions\/2690"}],"wp:attachment":[{"href":"https:\/\/www.itesloscabos.edu.mx\/inicio\/wp-json\/wp\/v2\/media?parent=2583"}],"curies":[{"name":"wp","href":"https:\/\/api.w.org\/{rel}","templated":true}]}}