{"id":2111,"date":"2023-06-03T02:17:59","date_gmt":"2023-06-03T08:17:59","guid":{"rendered":"https:\/\/www.itesloscabos.edu.mx\/inicio\/?page_id=2111"},"modified":"2026-04-08T16:01:01","modified_gmt":"2026-04-08T22:01:01","slug":"demo","status":"publish","type":"page","link":"https:\/\/www.itesloscabos.edu.mx\/inicio\/demo\/","title":{"rendered":"demo"},"content":{"rendered":"\n\n\t\t\t\t<img decoding=\"async\" src=\"https:\/\/www.itesloscabos.edu.mx\/wp-content\/uploads\/2024\/10\/Captura-de-pantalla-2024-10-14-192733.png\" alt=\"Captura de pantalla 2024-10-14 192733\" itemprop=\"image\" height=\"421\" width=\"1834\" title=\"Captura de pantalla 2024-10-14 192733\" onerror=\"this.style.display='none'\" loading=\"lazy\" \/>\n\t<strong>T\u00cdTULO CUARTO<br \/>\nDE LA INFORMACI\u00d3N Y RENDICI\u00d3N DE CUENTAS<br \/>\nCAP\u00cdTULO \u00daNICO<br \/>\nART\u00cdCULO 58<br \/>\n<\/strong><br \/>\nLos Entes P\u00fablicos se sujetar\u00e1n a la Ley General de Contabilidad Gubernamental para presentar la informaci\u00f3n financiera en los informes peri\u00f3dicos correspondientes y en su respectiva Cuenta P\u00fablica.\n<p>Lo anterior, sin perjuicio de las obligaciones de informaci\u00f3n establecidas en la Ley de Coordinaci\u00f3n Fiscal, la Ley Federal de Presupuesto y Responsabilidad Hacendaria, y el T\u00edtulo Tercero Bis de la Ley General de Salud, relativas a las Transferencias federales etiquetadas.<\/p>\n\t<section id=\"section-id-1632853665289\">\n<h2>EJERCICIO FISCAL 2025<\/h2>\nGu\u00eda Ley de Disciplina Financiera de las Entidades Federativas y los Municipios<br \/>\n<a href=\"https:\/\/drive.google.com\/file\/d\/1VHE2Xbs5ZeIW3QXCjpNIchzPfx2RZTfp\/view?usp=sharing\">Gu\u00eda Disciplina Financiera<\/a>\n<ul>\n<li><strong>Estado de Situaci\u00f3n Financiera Detallada &#8211; LDF<br \/>\n<\/strong>1er Trimestre\u00a0 \u00a0 \u00a0 \u00a0 \u00a0 \u00a0 2do Trimestre\u00a0 \u00a0 \u00a0 \u00a0 3er Trimestre\u00a0 \u00a0 \u00a0 \u00a0 \u00a0 4to Trimestre<\/li>\n<li><strong>Informe Anal\u00edtico de la Deuda P\u00fablica y Otros Pasivos &#8211; LDF<\/strong><br \/>\n1er Trimestre\u00a0 \u00a0 \u00a0 \u00a0 \u00a0 \u00a0 2do Trimestre\u00a0 \u00a0 \u00a0 \u00a0 3er Trimestre\u00a0 \u00a0 \u00a0 \u00a0 \u00a04to Trimestre<\/li>\n<li><strong>Informe Anal\u00edtico de Obligaciones Diferentes de Financiamientos &#8211; LDF<br \/>\n<\/strong>1er Trimestre\u00a0 \u00a0 \u00a0 \u00a0 \u00a0 \u00a0 2do Trimestre\u00a0 \u00a0 \u00a0 \u00a0 3er Trimestre\u00a0 \u00a0 \u00a0 \u00a0 \u00a0 4to Trimestre<\/li>\n<li><strong>Balance Presupuestario &#8211; LDF<\/strong><br \/>\n1er Trimestre\u00a0 \u00a0 \u00a0 \u00a0 \u00a0 \u00a0 2do Trimestre\u00a0 \u00a0 \u00a0 \u00a0 3er Trimestre\u00a0 \u00a0 \u00a0 \u00a0 \u00a04to Trimestre<\/li>\n<li><strong>Estado Anal\u00edtico de Ingresos Detallado &#8211; LDF<br \/>\n<\/strong>1er Trimestre\u00a0 \u00a0 \u00a0 \u00a0 \u00a0 \u00a0 2do Trimestre\u00a0 \u00a0 \u00a0 \u00a0 3er Trimestre\u00a0 \u00a0 \u00a0 \u00a0 \u00a0 4to Trimestre<\/li>\n<li><strong>Informes de Disciplina Financiera<br \/>\n<\/strong><a href=\"https:\/\/drive.google.com\/file\/d\/1P45ckBX672WR3BDgaa6LUEpgl1ytV6r5\/view?usp=sharing\">1er Trimestre\u00a0<\/a>\u00a0 \u00a0 \u00a0 \u00a0 \u00a0 \u00a0<a href=\"https:\/\/drive.google.com\/file\/d\/10DOENnO8pd236HfHnnBsUdrFcDxNU-42\/view?usp=sharing\">2do Trimestre\u00a0<\/a> \u00a0 \u00a0 \u00a0 <a href=\"https:\/\/drive.google.com\/file\/d\/1IahmEB2A6_ZjhUE-NkL6CppmKv5pP1Gu\/view?usp=sharing\">3er Trimestre<\/a>\u00a0 \u00a0 \u00a0 \u00a0 4to Trimestre<\/li>\n<li><strong>Notas de Disciplina Financiera.<\/strong><br \/>\n<a href=\"https:\/\/drive.google.com\/file\/d\/1TnNITZeFCfwzdEScz9WFX_yF9sx0BUAf\/view?usp=sharing\">1er Trimestre<\/a>\u00a0 \u00a0 \u00a0 \u00a0 \u00a0 \u00a0<a href=\"https:\/\/docs.google.com\/document\/d\/1oowIQJydCF8nnogk-IbqN9eBKRd88-7q\/edit?usp=sharing&amp;ouid=105227840963105994949&amp;rtpof=true&amp;sd=true\"> 2do Trimestre<\/a>\u00a0 \u00a0 \u00a0 \u00a0 <a href=\"https:\/\/drive.google.com\/file\/d\/1EBU0vRI8G984JEwBUalVs-9h66fqeCCa\/view?usp=sharing\">3er Trimestre<\/a>\u00a0 \u00a0 \u00a0 \u00a0 \u00a0<a href=\"https:\/\/drive.google.com\/file\/d\/157q4HQQBQgfzLNeqK80Wo74D8BAif53S\/view?usp=sharing\">4to\u00a0Trimestre<\/a><\/li>\n<\/ul>\n<p class=\"collapseomatic \" id=\"id69e5a631ce879\"  tabindex=\"0\" title=\"2024\"    >2024<\/p><div id=\"target-id69e5a631ce879\" class=\"collapseomatic_content \">\n<h2>EJERCICIO FISCAL 2024<\/h2>\nGu\u00eda Ley\u00a0 de Disciplina Financiera de las Entidades Federativas y los Municipios<br \/>\n<a href=\"https:\/\/drive.google.com\/file\/d\/1VHE2Xbs5ZeIW3QXCjpNIchzPfx2RZTfp\/view?usp=sharing\">Gu\u00eda Disciplina Financiera<\/a>\n<ul>\n<li><strong>Estado de Situaci\u00f3n Financiera Detallada &#8211; LDF<br \/>\n<\/strong><a href=\"https:\/\/drive.google.com\/file\/d\/1Hkz23sZa95MpAiWUaVDTiwl9HD2h9cL-\/view?usp=sharing\">1er Trimestre\u00a0<\/a> \u00a0 \u00a0 \u00a0 \u00a0 \u00a0 <a href=\"https:\/\/drive.google.com\/file\/d\/1ZJy-9krDsnGml-xFjH3ON0KylnEtaDbV\/view?usp=sharing\">2do Trimestre\u00a0<\/a> \u00a0 \u00a0 \u00a0 <a href=\"https:\/\/drive.google.com\/file\/d\/1l351e5zAEm_txAaNF1cD4p24jGpIgWNv\/view?usp=sharing\">3er Trimestre<\/a>\u00a0 \u00a0 \u00a0 \u00a0 \u00a0 <a href=\"https:\/\/drive.google.com\/file\/d\/1DmM9SoydS3vKq_7XeGv7Oemowedjmkto\/view?usp=sharing\">4to Trimestre<\/a><\/li>\n<li><strong>Informe Anal\u00edtico de la Deuda P\u00fablica y Otros Pasivos &#8211; LDF<\/strong><br \/>\n<a href=\"https:\/\/drive.google.com\/file\/d\/1wn4KqKMLMZFAc4xZe9PQdraz6CX1jNqY\/view?usp=sharing\">1er Trimestre\u00a0 \u00a0<\/a> \u00a0 \u00a0 \u00a0 \u00a0 <a href=\"https:\/\/drive.google.com\/file\/d\/1rffrsh0n-DGqu5SBRPLHgfrhQcQjJk3X\/view?usp=sharing\">2do Trimestre<\/a>\u00a0 \u00a0 \u00a0 \u00a0 <a href=\"https:\/\/drive.google.com\/file\/d\/1XgJcHa4hy57JUnRWQRBPlqYo-JXqx391\/view?usp=sharing\">3er Trimestre\u00a0<\/a> \u00a0 \u00a0 \u00a0 \u00a0<a href=\"https:\/\/drive.google.com\/file\/d\/1akJinTCq-enhEIOgRD00MVJYqgrvo1zv\/view?usp=sharing\">4to Trimestre<\/a><\/li>\n<li><strong>Informe Anal\u00edtico de Obligaciones Diferentes de Financiamientos &#8211; LDF<br \/>\n<\/strong><a href=\"https:\/\/drive.google.com\/file\/d\/1wDmm0HQNrIMgE8WqtQmf_GOhP86Ps2-o\/view?usp=sharing\">1er Trimestre<\/a>\u00a0 \u00a0 \u00a0 \u00a0 \u00a0 \u00a0 <a href=\"https:\/\/drive.google.com\/file\/d\/1YHuKB2emQEzVjyTfNj4jF4Eeny7hM_pO\/view?usp=sharing\">2do Trimestre<\/a>\u00a0 \u00a0 \u00a0 \u00a0 <a href=\"https:\/\/drive.google.com\/file\/d\/1Y3sm4OX9ABXTHiONKVwnvdTymb22L0GE\/view?usp=sharing\">3er Trimestre<\/a>\u00a0 \u00a0 \u00a0 \u00a0 \u00a0 <a href=\"https:\/\/drive.google.com\/file\/d\/1LjgkEaaWGm3kt7dup7ldq5PJeeEIedOh\/view?usp=sharing\">4to Trimestre<\/a><\/li>\n<li><strong>Balance Presupuestario &#8211; LDF<\/strong><br \/>\n<a href=\"https:\/\/drive.google.com\/file\/d\/1g0RMAU0uhIC5eUU9OUgiPo-SvKDPAVy_\/view?usp=sharing\">1er Trimestre<\/a>\u00a0 \u00a0 \u00a0 \u00a0 \u00a0 \u00a0 <a href=\"https:\/\/drive.google.com\/file\/d\/17TrVZ_EwpdG1q6lIz3q8YPhVj2qwLG-o\/view?usp=sharing\">2do Trimestre<\/a>\u00a0 \u00a0 \u00a0 \u00a0 <a href=\"https:\/\/drive.google.com\/file\/d\/1F7JF7tGUwKAp7VZYZQ-jTWIGnKcXp0nU\/view?usp=sharing\">3er Trimestre<\/a>\u00a0 \u00a0 \u00a0 \u00a0 \u00a0<a href=\"https:\/\/drive.google.com\/file\/d\/1wsOhKJs1qzLjz9s8IgRWu47VKtCWSc3U\/view?usp=sharing\">4to Trimestre<\/a><\/li>\n<li><strong>Estado Anal\u00edtico de Ingresos Detallado &#8211; LDF<br \/>\n<\/strong><a href=\"https:\/\/drive.google.com\/file\/d\/1ik0-lDZIcP5KdVyLJ4OVkloQghl5E3Bh\/view?usp=sharing\">1er Trimestre\u00a0<\/a> \u00a0 \u00a0 \u00a0 \u00a0 \u00a0 <a href=\"https:\/\/drive.google.com\/file\/d\/1czmIT3AKUZs_Vg0VHXt7nCG70vDmdz_a\/view?usp=sharing\">2do Trimestre<\/a>\u00a0 \u00a0 \u00a0 \u00a0 <a href=\"https:\/\/drive.google.com\/file\/d\/1hDA9ibFDvmZ_0QywElR_AO0dKFbOKSGX\/view?usp=sharing\">3er Trimestre\u00a0<\/a> \u00a0 \u00a0 \u00a0 \u00a0 <a href=\"https:\/\/drive.google.com\/file\/d\/1H5mhNOZMfERlgA8NYiwDUqoS1pXQZLYB\/view?usp=sharing\">4to Trimestre<\/a><\/li>\n<li><strong>Informes de Disciplina Financiera<br \/>\n<\/strong><a href=\"https:\/\/drive.google.com\/file\/d\/1Faybtiv72J7OPp3VqKXCri96cCigDinG\/view?usp=sharing\">1er Trimestre<\/a>\u00a0 \u00a0 \u00a0 \u00a0 \u00a0 \u00a0 <a href=\"https:\/\/drive.google.com\/file\/d\/1x1YI-mzfjjpf6fjmFR7eCZ-kBULoTwet\/view?usp=sharing\">2do Trimestre<\/a>\u00a0 \u00a0 \u00a0 \u00a0 <a href=\"https:\/\/drive.google.com\/file\/d\/1GYSdmrRnVwL1t3z8b65OKX8TFnUJpsq7\/view?usp=sharing\">3er Trimestre<\/a>\u00a0 \u00a0 \u00a0 \u00a0 \u00a0 <a href=\"https:\/\/drive.google.com\/file\/d\/1fqPLG-po91qi9ayFZVEB-lO_HEFvC40O\/view?usp=sharing\">4to Trimestre<\/a><\/li>\n<li><strong>Notas de Disciplina Financiera.<\/strong><br \/>\n<a href=\"https:\/\/drive.google.com\/file\/d\/12kZsjDSNepiz_rdZjdOfBSkjy27dln-z\/view?usp=sharing\">1er Trimestre<\/a>\u00a0 \u00a0 \u00a0 \u00a0 \u00a0 \u00a0<a href=\"https:\/\/drive.google.com\/file\/d\/1km5swxai70OGXWzcr406vZ6amwWf2NPB\/view?usp=sharing\"> 2do Trimestre<\/a>\u00a0 \u00a0 \u00a0 \u00a0 <a href=\"https:\/\/drive.google.com\/file\/d\/18hgaH7176K9oXGEZkGyGIaNgkpUvq6ox\/view?usp=sharing\">3er Trimestre<\/a>\u00a0 \u00a0 \u00a0 \u00a0 \u00a0\u00a0 <a href=\"https:\/\/drive.google.com\/file\/d\/1-JCGTaX4CinyWx8UsvFWObyzL8E-ffll\/view?usp=sharing\">4to Trimestre<\/a>\u00a0\u00a0 \u00a0 \u00a0 \u00a0 \u00a0 \u00a0 \u00a0 \u00a0 <a href=\"https:\/\/drive.google.com\/file\/d\/1_BDQfwEZfT61y5nlWUy4MQypgGIRSfXc\/view?usp=sharing\">ANUAL 2024<\/a><\/li>\n<\/ul>\n<\/div>\n<p class=\"collapseomatic \" id=\"id69e5a631ce89e\"  tabindex=\"0\" title=\"2023\"    >2023<\/p><div id=\"target-id69e5a631ce89e\" class=\"collapseomatic_content \">\n<h2>EJERCICIO FISCAL 2023<\/h2>\nGu\u00eda Ley\u00a0 de Disciplina Financiera de las Entidades Federativas y los Municipios<br \/>\n<a href=\"https:\/\/drive.google.com\/file\/d\/1VHE2Xbs5ZeIW3QXCjpNIchzPfx2RZTfp\/view?usp=sharing\">Gu\u00eda Disciplina Financiera<\/a>\n<strong>Informes de Disciplina Financiera<br \/>\n<\/strong>1er Trimestre\u00a0 \u00a0 \u00a0 \u00a0 \u00a0 \u00a0 \u00a0 2do Trimestre\u00a0 \u00a0 \u00a0 \u00a0 3er Trimestre\u00a0 \u00a0 \u00a0 \u00a0<a href=\"https:\/\/drive.google.com\/file\/d\/1Bw6X1nSfAIsmq7FpGvaZ32eokvq0B6s7\/view?usp=sharing\"> 4to Trimestre<\/a><br \/>\n<strong>Notas de Disciplina Financiera.<\/strong><br \/>\n1er Trimestre\u00a0 \u00a0 \u00a0 \u00a0 \u00a0 \u00a0 \u00a0 2do Trimestre\u00a0 \u00a0 \u00a0 \u00a0 3er Trimestre\u00a0 \u00a0 \u00a0 \u00a0 \u00a04to Trimestre\n<\/div>\n<p class=\"collapseomatic \" id=\"id69e5a631ce8af\"  tabindex=\"0\" title=\"2022\"    >2022<\/p><div id=\"target-id69e5a631ce8af\" class=\"collapseomatic_content \">\n<strong>Informes de Disciplina Financiera<br \/>\n<\/strong>1er Trimestre\u00a0 \u00a0 \u00a0 \u00a0 \u00a0 \u00a0 \u00a0 2do Trimestre\u00a0 \u00a0 \u00a0 \u00a0 3er Trimestre\u00a0 \u00a0 \u00a0 \u00a0 4to Trimestre<br \/>\n<strong>Notas de Disciplina Financiera.<\/strong><br \/>\n1er Trimestre\u00a0 \u00a0 \u00a0 \u00a0 \u00a0 \u00a0 \u00a0 2do Trimestre\u00a0 \u00a0 \u00a0 \u00a0 3er Trimestre\u00a0 \u00a0 \u00a0 \u00a0 \u00a04to Trimestre\n<\/div>\n<p>&nbsp;<\/p>\n<\/section>\n\n","protected":false},"excerpt":{"rendered":"<p>T\u00cdTULO CUARTO DE LA INFORMACI\u00d3N Y RENDICI\u00d3N DE CUENTAS CAP\u00cdTULO \u00daNICO ART\u00cdCULO 58 Los Entes P\u00fablicos se sujetar\u00e1n a la Ley General de Contabilidad Gubernamental para presentar la informaci\u00f3n financiera en los informes peri\u00f3dicos correspondientes y en su respectiva Cuenta P\u00fablica. Lo anterior, sin perjuicio de las obligaciones de informaci\u00f3n establecidas en la Ley de &hellip;<\/p>\n<p class=\"read-more\"> <a class=\"\" href=\"https:\/\/www.itesloscabos.edu.mx\/inicio\/demo\/\"> <span class=\"screen-reader-text\">demo<\/span> Leer m\u00e1s &raquo;<\/a><\/p>\n","protected":false},"author":1,"featured_media":1973,"parent":0,"menu_order":0,"comment_status":"closed","ping_status":"closed","template":"","meta":{"om_disable_all_campaigns":false,"_monsterinsights_skip_tracking":false,"_monsterinsights_sitenote_active":false,"_monsterinsights_sitenote_note":"","_monsterinsights_sitenote_category":0,"_uf_show_specific_survey":0,"_uf_disable_surveys":false,"site-sidebar-layout":"no-sidebar","site-content-layout":"boxed-container","ast-main-header-display":"","ast-hfb-above-header-display":"","ast-hfb-below-header-display":"","ast-hfb-mobile-header-display":"","site-post-title":"disabled","ast-breadcrumbs-content":"","ast-featured-img":"disabled","footer-sml-layout":"","theme-transparent-header-meta":"default","adv-header-id-meta":"","stick-header-meta":"","header-above-stick-meta":"","header-main-stick-meta":"","header-below-stick-meta":"","footnotes":""},"class_list":["post-2111","page","type-page","status-publish","has-post-thumbnail","hentry"],"aioseo_notices":[],"yoast_head":"<!-- This site is optimized with the Yoast SEO plugin v27.2 - https:\/\/yoast.com\/product\/yoast-seo-wordpress\/ -->\n<title>demo - ITES<\/title>\n<meta name=\"robots\" content=\"index, follow, max-snippet:-1, max-image-preview:large, max-video-preview:-1\" \/>\n<link rel=\"canonical\" href=\"https:\/\/www.itesloscabos.edu.mx\/inicio\/demo\/\" \/>\n<meta property=\"og:locale\" content=\"es_ES\" \/>\n<meta property=\"og:type\" content=\"article\" \/>\n<meta property=\"og:title\" content=\"demo - ITES\" \/>\n<meta property=\"og:description\" content=\"T\u00cdTULO CUARTO DE LA INFORMACI\u00d3N Y RENDICI\u00d3N DE CUENTAS CAP\u00cdTULO \u00daNICO ART\u00cdCULO 58 Los Entes P\u00fablicos se sujetar\u00e1n a la Ley General de Contabilidad Gubernamental para presentar la informaci\u00f3n financiera en los informes peri\u00f3dicos correspondientes y en su respectiva Cuenta P\u00fablica. Lo anterior, sin perjuicio de las obligaciones de informaci\u00f3n establecidas en la Ley de &hellip; demo Leer m\u00e1s &raquo;\" \/>\n<meta property=\"og:url\" content=\"https:\/\/www.itesloscabos.edu.mx\/inicio\/demo\/\" \/>\n<meta property=\"og:site_name\" content=\"ITES\" \/>\n<meta property=\"article:modified_time\" content=\"2026-04-08T22:01:01+00:00\" \/>\n<meta property=\"og:image\" content=\"https:\/\/www.itesloscabos.edu.mx\/wp-content\/uploads\/2023\/05\/ITES-e1710979486731.png\" \/>\n\t<meta property=\"og:image:width\" content=\"1287\" \/>\n\t<meta property=\"og:image:height\" content=\"700\" \/>\n\t<meta property=\"og:image:type\" content=\"image\/png\" \/>\n<meta name=\"twitter:card\" content=\"summary_large_image\" \/>\n<meta name=\"twitter:label1\" content=\"Tiempo de lectura\" \/>\n\t<meta name=\"twitter:data1\" content=\"2 minutos\" \/>\n<script type=\"application\/ld+json\" class=\"yoast-schema-graph\">{\"@context\":\"https:\/\/schema.org\",\"@graph\":[{\"@type\":\"WebPage\",\"@id\":\"https:\/\/www.itesloscabos.edu.mx\/inicio\/demo\/\",\"url\":\"https:\/\/www.itesloscabos.edu.mx\/inicio\/demo\/\",\"name\":\"demo - ITES\",\"isPartOf\":{\"@id\":\"https:\/\/www.itesloscabos.edu.mx\/inicio\/#website\"},\"primaryImageOfPage\":{\"@id\":\"https:\/\/www.itesloscabos.edu.mx\/inicio\/demo\/#primaryimage\"},\"image\":{\"@id\":\"https:\/\/www.itesloscabos.edu.mx\/inicio\/demo\/#primaryimage\"},\"thumbnailUrl\":\"https:\/\/www.itesloscabos.edu.mx\/wp-content\/uploads\/2023\/05\/ITES-e1710979486731.png\",\"datePublished\":\"2023-06-03T08:17:59+00:00\",\"dateModified\":\"2026-04-08T22:01:01+00:00\",\"breadcrumb\":{\"@id\":\"https:\/\/www.itesloscabos.edu.mx\/inicio\/demo\/#breadcrumb\"},\"inLanguage\":\"es\",\"potentialAction\":[{\"@type\":\"ReadAction\",\"target\":[\"https:\/\/www.itesloscabos.edu.mx\/inicio\/demo\/\"]}]},{\"@type\":\"ImageObject\",\"inLanguage\":\"es\",\"@id\":\"https:\/\/www.itesloscabos.edu.mx\/inicio\/demo\/#primaryimage\",\"url\":\"https:\/\/www.itesloscabos.edu.mx\/wp-content\/uploads\/2023\/05\/ITES-e1710979486731.png\",\"contentUrl\":\"https:\/\/www.itesloscabos.edu.mx\/wp-content\/uploads\/2023\/05\/ITES-e1710979486731.png\",\"width\":1287,\"height\":700},{\"@type\":\"BreadcrumbList\",\"@id\":\"https:\/\/www.itesloscabos.edu.mx\/inicio\/demo\/#breadcrumb\",\"itemListElement\":[{\"@type\":\"ListItem\",\"position\":1,\"name\":\"Portada\",\"item\":\"https:\/\/www.itesloscabos.edu.mx\/inicio\/\"},{\"@type\":\"ListItem\",\"position\":2,\"name\":\"demo\"}]},{\"@type\":\"WebSite\",\"@id\":\"https:\/\/www.itesloscabos.edu.mx\/inicio\/#website\",\"url\":\"https:\/\/www.itesloscabos.edu.mx\/inicio\/\",\"name\":\"ITES\",\"description\":\"Los Cabos\",\"potentialAction\":[{\"@type\":\"SearchAction\",\"target\":{\"@type\":\"EntryPoint\",\"urlTemplate\":\"https:\/\/www.itesloscabos.edu.mx\/inicio\/?s={search_term_string}\"},\"query-input\":{\"@type\":\"PropertyValueSpecification\",\"valueRequired\":true,\"valueName\":\"search_term_string\"}}],\"inLanguage\":\"es\"}]}<\/script>\n<!-- \/ Yoast SEO plugin. -->","yoast_head_json":{"title":"demo - ITES","robots":{"index":"index","follow":"follow","max-snippet":"max-snippet:-1","max-image-preview":"max-image-preview:large","max-video-preview":"max-video-preview:-1"},"canonical":"https:\/\/www.itesloscabos.edu.mx\/inicio\/demo\/","og_locale":"es_ES","og_type":"article","og_title":"demo - ITES","og_description":"T\u00cdTULO CUARTO DE LA INFORMACI\u00d3N Y RENDICI\u00d3N DE CUENTAS CAP\u00cdTULO \u00daNICO ART\u00cdCULO 58 Los Entes P\u00fablicos se sujetar\u00e1n a la Ley General de Contabilidad Gubernamental para presentar la informaci\u00f3n financiera en los informes peri\u00f3dicos correspondientes y en su respectiva Cuenta P\u00fablica. Lo anterior, sin perjuicio de las obligaciones de informaci\u00f3n establecidas en la Ley de &hellip; demo Leer m\u00e1s &raquo;","og_url":"https:\/\/www.itesloscabos.edu.mx\/inicio\/demo\/","og_site_name":"ITES","article_modified_time":"2026-04-08T22:01:01+00:00","og_image":[{"width":1287,"height":700,"url":"https:\/\/www.itesloscabos.edu.mx\/wp-content\/uploads\/2023\/05\/ITES-e1710979486731.png","type":"image\/png"}],"twitter_card":"summary_large_image","twitter_misc":{"Tiempo de lectura":"2 minutos"},"schema":{"@context":"https:\/\/schema.org","@graph":[{"@type":"WebPage","@id":"https:\/\/www.itesloscabos.edu.mx\/inicio\/demo\/","url":"https:\/\/www.itesloscabos.edu.mx\/inicio\/demo\/","name":"demo - ITES","isPartOf":{"@id":"https:\/\/www.itesloscabos.edu.mx\/inicio\/#website"},"primaryImageOfPage":{"@id":"https:\/\/www.itesloscabos.edu.mx\/inicio\/demo\/#primaryimage"},"image":{"@id":"https:\/\/www.itesloscabos.edu.mx\/inicio\/demo\/#primaryimage"},"thumbnailUrl":"https:\/\/www.itesloscabos.edu.mx\/wp-content\/uploads\/2023\/05\/ITES-e1710979486731.png","datePublished":"2023-06-03T08:17:59+00:00","dateModified":"2026-04-08T22:01:01+00:00","breadcrumb":{"@id":"https:\/\/www.itesloscabos.edu.mx\/inicio\/demo\/#breadcrumb"},"inLanguage":"es","potentialAction":[{"@type":"ReadAction","target":["https:\/\/www.itesloscabos.edu.mx\/inicio\/demo\/"]}]},{"@type":"ImageObject","inLanguage":"es","@id":"https:\/\/www.itesloscabos.edu.mx\/inicio\/demo\/#primaryimage","url":"https:\/\/www.itesloscabos.edu.mx\/wp-content\/uploads\/2023\/05\/ITES-e1710979486731.png","contentUrl":"https:\/\/www.itesloscabos.edu.mx\/wp-content\/uploads\/2023\/05\/ITES-e1710979486731.png","width":1287,"height":700},{"@type":"BreadcrumbList","@id":"https:\/\/www.itesloscabos.edu.mx\/inicio\/demo\/#breadcrumb","itemListElement":[{"@type":"ListItem","position":1,"name":"Portada","item":"https:\/\/www.itesloscabos.edu.mx\/inicio\/"},{"@type":"ListItem","position":2,"name":"demo"}]},{"@type":"WebSite","@id":"https:\/\/www.itesloscabos.edu.mx\/inicio\/#website","url":"https:\/\/www.itesloscabos.edu.mx\/inicio\/","name":"ITES","description":"Los Cabos","potentialAction":[{"@type":"SearchAction","target":{"@type":"EntryPoint","urlTemplate":"https:\/\/www.itesloscabos.edu.mx\/inicio\/?s={search_term_string}"},"query-input":{"@type":"PropertyValueSpecification","valueRequired":true,"valueName":"search_term_string"}}],"inLanguage":"es"}]}},"blog_post_layout_featured_media_urls":{"thumbnail":["https:\/\/www.itesloscabos.edu.mx\/wp-content\/uploads\/2023\/05\/ITES-e1710979486731-150x150.png",150,150,true],"full":["https:\/\/www.itesloscabos.edu.mx\/wp-content\/uploads\/2023\/05\/ITES-e1710979486731.png",1287,700,false]},"categories_names":null,"comments_number":"0","_links":{"self":[{"href":"https:\/\/www.itesloscabos.edu.mx\/inicio\/wp-json\/wp\/v2\/pages\/2111","targetHints":{"allow":["GET"]}}],"collection":[{"href":"https:\/\/www.itesloscabos.edu.mx\/inicio\/wp-json\/wp\/v2\/pages"}],"about":[{"href":"https:\/\/www.itesloscabos.edu.mx\/inicio\/wp-json\/wp\/v2\/types\/page"}],"author":[{"embeddable":true,"href":"https:\/\/www.itesloscabos.edu.mx\/inicio\/wp-json\/wp\/v2\/users\/1"}],"replies":[{"embeddable":true,"href":"https:\/\/www.itesloscabos.edu.mx\/inicio\/wp-json\/wp\/v2\/comments?post=2111"}],"version-history":[{"count":12,"href":"https:\/\/www.itesloscabos.edu.mx\/inicio\/wp-json\/wp\/v2\/pages\/2111\/revisions"}],"predecessor-version":[{"id":6579,"href":"https:\/\/www.itesloscabos.edu.mx\/inicio\/wp-json\/wp\/v2\/pages\/2111\/revisions\/6579"}],"wp:featuredmedia":[{"embeddable":true,"href":"https:\/\/www.itesloscabos.edu.mx\/inicio\/wp-json\/wp\/v2\/media\/1973"}],"wp:attachment":[{"href":"https:\/\/www.itesloscabos.edu.mx\/inicio\/wp-json\/wp\/v2\/media?parent=2111"}],"curies":[{"name":"wp","href":"https:\/\/api.w.org\/{rel}","templated":true}]}}