{"id":1399,"date":"2023-01-27T15:32:15","date_gmt":"2023-01-27T21:32:15","guid":{"rendered":"https:\/\/www.itesloscabos.edu.mx\/inicio\/?page_id=1399"},"modified":"2024-03-12T11:46:32","modified_gmt":"2024-03-12T17:46:32","slug":"gestion-de-igualdad-laboral","status":"publish","type":"page","link":"https:\/\/www.itesloscabos.edu.mx\/inicio\/gestion-de-igualdad-laboral\/","title":{"rendered":"Sistema de gesti\u00f3n de igualdad laboral y no discriminaci\u00f3n"},"content":{"rendered":"\n<h1>\n\t\tSISTEMA DE GESTI\u00d3N DE IGUALDAD LABORAL Y NO DISCRIMINACI\u00d3N\n\t<\/h1>\n\t\t\t\t<img decoding=\"async\" src=\"https:\/\/www.itesloscabos.edu.mx\/wp-content\/plugins\/beaver-builder-lite-version\/img\/pixel.png\" alt=\"\" itemprop=\"image\" onerror=\"this.style.display='none'\"  \/>\n<h2>\n\t\tPronunciamiento Cero Tolerancia al Hostigamiento y Acoso Sexual en el TecNM\n\t<\/h2>\n\t\t\t\t<a href=\"https:\/\/www.itesloscabos.edu.mx\/wp-content\/uploads\/2023\/01\/Pronunciamiento_Cero_Tolerancia_al_Hostigamiento_y_Acoso_Sexual_en_el_TecNM.pdf\" target=\"_self\" itemprop=\"url\" rel=\"noopener\">\n\t\t\t\t<img loading=\"lazy\" decoding=\"async\" src=\"https:\/\/www.itesloscabos.edu.mx\/wp-content\/uploads\/2024\/03\/cer.png\" alt=\"cer\" itemprop=\"image\" height=\"13442\" width=\"2550\" title=\"cer\" onerror=\"this.style.display='none'\"  \/>\n\t\t\t\t<\/a>\n<h2>\n\t\tPol\u00edtica de igualdad\u00a0 laboral y no discriminaci\u00f3n en el tecnm\n\t<\/h2>\n\t\t\t\t<a href=\"https:\/\/www.itesloscabos.edu.mx\/wp-content\/uploads\/2023\/01\/TecNM-GIG-MA-A01_Politica_de_Igualdad.pdf\" target=\"_self\" itemprop=\"url\" rel=\"noopener\">\n\t\t\t\t<img loading=\"lazy\" decoding=\"async\" src=\"https:\/\/www.itesloscabos.edu.mx\/wp-content\/uploads\/2024\/03\/po.png\" alt=\"po\" itemprop=\"image\" height=\"3280\" width=\"2528\" title=\"po\" onerror=\"this.style.display='none'\"  \/>\n\t\t\t\t<\/a>\n\n","protected":false},"excerpt":{"rendered":"<p>SISTEMA DE GESTI\u00d3N DE IGUALDAD LABORAL Y NO DISCRIMINACI\u00d3N Pronunciamiento Cero Tolerancia al Hostigamiento y Acoso Sexual en el TecNM Pol\u00edtica de igualdad\u00a0 laboral y no discriminaci\u00f3n en el tecnm<\/p>\n","protected":false},"author":1,"featured_media":0,"parent":0,"menu_order":0,"comment_status":"closed","ping_status":"closed","template":"","meta":{"om_disable_all_campaigns":false,"_monsterinsights_skip_tracking":false,"_monsterinsights_sitenote_active":false,"_monsterinsights_sitenote_note":"","_monsterinsights_sitenote_category":0,"_uf_show_specific_survey":0,"_uf_disable_surveys":false,"site-sidebar-layout":"no-sidebar","site-content-layout":"page-builder","ast-main-header-display":"","ast-hfb-above-header-display":"","ast-hfb-below-header-display":"","ast-hfb-mobile-header-display":"","site-post-title":"disabled","ast-breadcrumbs-content":"","ast-featured-img":"disabled","footer-sml-layout":"","theme-transparent-header-meta":"default","adv-header-id-meta":"","stick-header-meta":"","header-above-stick-meta":"","header-main-stick-meta":"","header-below-stick-meta":"","footnotes":""},"class_list":["post-1399","page","type-page","status-publish","hentry"],"aioseo_notices":[],"yoast_head":"<!-- This site is optimized with the Yoast SEO plugin v27.2 - https:\/\/yoast.com\/product\/yoast-seo-wordpress\/ -->\n<title>Sistema de gesti\u00f3n de igualdad laboral y no discriminaci\u00f3n - ITES<\/title>\n<meta name=\"robots\" content=\"index, follow, max-snippet:-1, max-image-preview:large, max-video-preview:-1\" \/>\n<link rel=\"canonical\" href=\"https:\/\/www.itesloscabos.edu.mx\/inicio\/gestion-de-igualdad-laboral\/\" \/>\n<meta property=\"og:locale\" content=\"es_ES\" \/>\n<meta property=\"og:type\" content=\"article\" \/>\n<meta property=\"og:title\" content=\"Sistema de gesti\u00f3n de igualdad laboral y no discriminaci\u00f3n - ITES\" \/>\n<meta property=\"og:description\" content=\"SISTEMA DE GESTI\u00d3N DE IGUALDAD LABORAL Y NO DISCRIMINACI\u00d3N Pronunciamiento Cero Tolerancia al Hostigamiento y Acoso Sexual en el TecNM Pol\u00edtica de igualdad\u00a0 laboral y no discriminaci\u00f3n en el tecnm\" \/>\n<meta property=\"og:url\" content=\"https:\/\/www.itesloscabos.edu.mx\/inicio\/gestion-de-igualdad-laboral\/\" \/>\n<meta property=\"og:site_name\" content=\"ITES\" \/>\n<meta property=\"article:modified_time\" content=\"2024-03-12T17:46:32+00:00\" \/>\n<meta property=\"og:image\" content=\"https:\/\/www.itesloscabos.edu.mx\/wp-content\/plugins\/beaver-builder-lite-version\/img\/pixel.png\" \/>\n<meta name=\"twitter:card\" content=\"summary_large_image\" \/>\n<meta name=\"twitter:label1\" content=\"Tiempo de lectura\" \/>\n\t<meta name=\"twitter:data1\" content=\"1 minuto\" \/>\n<script type=\"application\/ld+json\" class=\"yoast-schema-graph\">{\"@context\":\"https:\/\/schema.org\",\"@graph\":[{\"@type\":\"WebPage\",\"@id\":\"https:\/\/www.itesloscabos.edu.mx\/inicio\/gestion-de-igualdad-laboral\/\",\"url\":\"https:\/\/www.itesloscabos.edu.mx\/inicio\/gestion-de-igualdad-laboral\/\",\"name\":\"Sistema de gesti\u00f3n de igualdad laboral y no discriminaci\u00f3n - ITES\",\"isPartOf\":{\"@id\":\"https:\/\/www.itesloscabos.edu.mx\/inicio\/#website\"},\"primaryImageOfPage\":{\"@id\":\"https:\/\/www.itesloscabos.edu.mx\/inicio\/gestion-de-igualdad-laboral\/#primaryimage\"},\"image\":{\"@id\":\"https:\/\/www.itesloscabos.edu.mx\/inicio\/gestion-de-igualdad-laboral\/#primaryimage\"},\"thumbnailUrl\":\"https:\/\/www.itesloscabos.edu.mx\/wp-content\/plugins\/beaver-builder-lite-version\/img\/pixel.png\",\"datePublished\":\"2023-01-27T21:32:15+00:00\",\"dateModified\":\"2024-03-12T17:46:32+00:00\",\"breadcrumb\":{\"@id\":\"https:\/\/www.itesloscabos.edu.mx\/inicio\/gestion-de-igualdad-laboral\/#breadcrumb\"},\"inLanguage\":\"es\",\"potentialAction\":[{\"@type\":\"ReadAction\",\"target\":[\"https:\/\/www.itesloscabos.edu.mx\/inicio\/gestion-de-igualdad-laboral\/\"]}]},{\"@type\":\"ImageObject\",\"inLanguage\":\"es\",\"@id\":\"https:\/\/www.itesloscabos.edu.mx\/inicio\/gestion-de-igualdad-laboral\/#primaryimage\",\"url\":\"https:\/\/www.itesloscabos.edu.mx\/wp-content\/plugins\/beaver-builder-lite-version\/img\/pixel.png\",\"contentUrl\":\"https:\/\/www.itesloscabos.edu.mx\/wp-content\/plugins\/beaver-builder-lite-version\/img\/pixel.png\"},{\"@type\":\"BreadcrumbList\",\"@id\":\"https:\/\/www.itesloscabos.edu.mx\/inicio\/gestion-de-igualdad-laboral\/#breadcrumb\",\"itemListElement\":[{\"@type\":\"ListItem\",\"position\":1,\"name\":\"Portada\",\"item\":\"https:\/\/www.itesloscabos.edu.mx\/inicio\/\"},{\"@type\":\"ListItem\",\"position\":2,\"name\":\"Sistema de gesti\u00f3n de igualdad laboral y no discriminaci\u00f3n\"}]},{\"@type\":\"WebSite\",\"@id\":\"https:\/\/www.itesloscabos.edu.mx\/inicio\/#website\",\"url\":\"https:\/\/www.itesloscabos.edu.mx\/inicio\/\",\"name\":\"ITES\",\"description\":\"Los Cabos\",\"potentialAction\":[{\"@type\":\"SearchAction\",\"target\":{\"@type\":\"EntryPoint\",\"urlTemplate\":\"https:\/\/www.itesloscabos.edu.mx\/inicio\/?s={search_term_string}\"},\"query-input\":{\"@type\":\"PropertyValueSpecification\",\"valueRequired\":true,\"valueName\":\"search_term_string\"}}],\"inLanguage\":\"es\"}]}<\/script>\n<!-- \/ Yoast SEO plugin. -->","yoast_head_json":{"title":"Sistema de gesti\u00f3n de igualdad laboral y no discriminaci\u00f3n - ITES","robots":{"index":"index","follow":"follow","max-snippet":"max-snippet:-1","max-image-preview":"max-image-preview:large","max-video-preview":"max-video-preview:-1"},"canonical":"https:\/\/www.itesloscabos.edu.mx\/inicio\/gestion-de-igualdad-laboral\/","og_locale":"es_ES","og_type":"article","og_title":"Sistema de gesti\u00f3n de igualdad laboral y no discriminaci\u00f3n - ITES","og_description":"SISTEMA DE GESTI\u00d3N DE IGUALDAD LABORAL Y NO DISCRIMINACI\u00d3N Pronunciamiento Cero Tolerancia al Hostigamiento y Acoso Sexual en el TecNM Pol\u00edtica de igualdad\u00a0 laboral y no discriminaci\u00f3n en el tecnm","og_url":"https:\/\/www.itesloscabos.edu.mx\/inicio\/gestion-de-igualdad-laboral\/","og_site_name":"ITES","article_modified_time":"2024-03-12T17:46:32+00:00","og_image":[{"url":"https:\/\/www.itesloscabos.edu.mx\/wp-content\/plugins\/beaver-builder-lite-version\/img\/pixel.png","type":"","width":"","height":""}],"twitter_card":"summary_large_image","twitter_misc":{"Tiempo de lectura":"1 minuto"},"schema":{"@context":"https:\/\/schema.org","@graph":[{"@type":"WebPage","@id":"https:\/\/www.itesloscabos.edu.mx\/inicio\/gestion-de-igualdad-laboral\/","url":"https:\/\/www.itesloscabos.edu.mx\/inicio\/gestion-de-igualdad-laboral\/","name":"Sistema de gesti\u00f3n de igualdad laboral y no discriminaci\u00f3n - ITES","isPartOf":{"@id":"https:\/\/www.itesloscabos.edu.mx\/inicio\/#website"},"primaryImageOfPage":{"@id":"https:\/\/www.itesloscabos.edu.mx\/inicio\/gestion-de-igualdad-laboral\/#primaryimage"},"image":{"@id":"https:\/\/www.itesloscabos.edu.mx\/inicio\/gestion-de-igualdad-laboral\/#primaryimage"},"thumbnailUrl":"https:\/\/www.itesloscabos.edu.mx\/wp-content\/plugins\/beaver-builder-lite-version\/img\/pixel.png","datePublished":"2023-01-27T21:32:15+00:00","dateModified":"2024-03-12T17:46:32+00:00","breadcrumb":{"@id":"https:\/\/www.itesloscabos.edu.mx\/inicio\/gestion-de-igualdad-laboral\/#breadcrumb"},"inLanguage":"es","potentialAction":[{"@type":"ReadAction","target":["https:\/\/www.itesloscabos.edu.mx\/inicio\/gestion-de-igualdad-laboral\/"]}]},{"@type":"ImageObject","inLanguage":"es","@id":"https:\/\/www.itesloscabos.edu.mx\/inicio\/gestion-de-igualdad-laboral\/#primaryimage","url":"https:\/\/www.itesloscabos.edu.mx\/wp-content\/plugins\/beaver-builder-lite-version\/img\/pixel.png","contentUrl":"https:\/\/www.itesloscabos.edu.mx\/wp-content\/plugins\/beaver-builder-lite-version\/img\/pixel.png"},{"@type":"BreadcrumbList","@id":"https:\/\/www.itesloscabos.edu.mx\/inicio\/gestion-de-igualdad-laboral\/#breadcrumb","itemListElement":[{"@type":"ListItem","position":1,"name":"Portada","item":"https:\/\/www.itesloscabos.edu.mx\/inicio\/"},{"@type":"ListItem","position":2,"name":"Sistema de gesti\u00f3n de igualdad laboral y no discriminaci\u00f3n"}]},{"@type":"WebSite","@id":"https:\/\/www.itesloscabos.edu.mx\/inicio\/#website","url":"https:\/\/www.itesloscabos.edu.mx\/inicio\/","name":"ITES","description":"Los Cabos","potentialAction":[{"@type":"SearchAction","target":{"@type":"EntryPoint","urlTemplate":"https:\/\/www.itesloscabos.edu.mx\/inicio\/?s={search_term_string}"},"query-input":{"@type":"PropertyValueSpecification","valueRequired":true,"valueName":"search_term_string"}}],"inLanguage":"es"}]}},"blog_post_layout_featured_media_urls":{"thumbnail":"","full":""},"categories_names":null,"comments_number":"0","_links":{"self":[{"href":"https:\/\/www.itesloscabos.edu.mx\/inicio\/wp-json\/wp\/v2\/pages\/1399","targetHints":{"allow":["GET"]}}],"collection":[{"href":"https:\/\/www.itesloscabos.edu.mx\/inicio\/wp-json\/wp\/v2\/pages"}],"about":[{"href":"https:\/\/www.itesloscabos.edu.mx\/inicio\/wp-json\/wp\/v2\/types\/page"}],"author":[{"embeddable":true,"href":"https:\/\/www.itesloscabos.edu.mx\/inicio\/wp-json\/wp\/v2\/users\/1"}],"replies":[{"embeddable":true,"href":"https:\/\/www.itesloscabos.edu.mx\/inicio\/wp-json\/wp\/v2\/comments?post=1399"}],"version-history":[{"count":6,"href":"https:\/\/www.itesloscabos.edu.mx\/inicio\/wp-json\/wp\/v2\/pages\/1399\/revisions"}],"predecessor-version":[{"id":4630,"href":"https:\/\/www.itesloscabos.edu.mx\/inicio\/wp-json\/wp\/v2\/pages\/1399\/revisions\/4630"}],"wp:attachment":[{"href":"https:\/\/www.itesloscabos.edu.mx\/inicio\/wp-json\/wp\/v2\/media?parent=1399"}],"curies":[{"name":"wp","href":"https:\/\/api.w.org\/{rel}","templated":true}]}}