{"id":1270,"date":"2023-01-17T12:35:14","date_gmt":"2023-01-17T18:35:14","guid":{"rendered":"https:\/\/www.itesloscabos.edu.mx\/inicio\/?page_id=1270"},"modified":"2025-08-23T13:44:39","modified_gmt":"2025-08-23T19:44:39","slug":"servicio-social","status":"publish","type":"page","link":"https:\/\/www.itesloscabos.edu.mx\/inicio\/servicio-social\/","title":{"rendered":"Servicio Social"},"content":{"rendered":"\n\n\t<h1>\n\t\t\t\t\tservicio social\n\t\t\t\t<\/h1>\n\t<p>Quedan a su disposici\u00f3n los diferentes formatos de servicio social, al darle click a los botones se descargar\u00e1n autom\u00e1ticamente en tu barra de tareas o en su caso se almacenar\u00e1 en la carpeta de descargas.<\/p>\n\t\t\t<a href=\"https:\/\/www.itesloscabos.edu.mx\/wp-content\/uploads\/2023\/06\/Elaboracion_de_Reporte_Final-1SERVICIO.doc\" target=\"_self\">\n\t\t\t\t\t\t\tFORMATO INFORME FINAL DEL SERVICIO SOCIAL\n\t\t\t\t\t<\/a>\n\t\t\t<a href=\"https:\/\/www.itesloscabos.edu.mx\/wp-content\/uploads\/2025\/08\/ANEXO-XIX.-CARTA-DE-TERMINACION-DE-SERVICIO-SOCIAL-EMPRESA.doc\" target=\"_self\">\n\t\t\t\t\t\t\tANEXO XIX.-CARTA DE TERMINACI\u00d3N DE SERVICIO SOCIAL\n\t\t\t\t\t<\/a>\n\t\t\t<a href=\"https:\/\/www.itesloscabos.edu.mx\/wp-content\/uploads\/2025\/08\/ANEXO-XX-.-CARTA_COMPROMISO-DE-SERVICIO-SOCIAL.doc\" target=\"_self\">\n\t\t\t\t\t\t\tANEXO XX .-CARTA_COMPROMISO DE SERVICIO SOCIAL\n\t\t\t\t\t<\/a>\n\t\t\t<a href=\"https:\/\/www.itesloscabos.edu.mx\/wp-content\/uploads\/2025\/08\/ANEXO-XXII.-REPORTE_BIMESTRAL-DE-SERVICIO-SOCIAL.doc\" target=\"_self\">\n\t\t\t\t\t\t\tANEXO XXII.-REPORTE_BIMESTRAL DE SERVICIO SOCIAL\n\t\t\t\t\t<\/a>\n\t\t\t<a href=\"https:\/\/www.itesloscabos.edu.mx\/wp-content\/uploads\/2025\/08\/ANEXO-XXIII.-EVALUACION-CUALITATIVA-DEL-PRESTADOR-DE-SERVICIO-SOCIAL.doc\" target=\"_self\">\n\t\t\t\t\t\t\tANEXO XXIII.-EVALUACION CUALITATIVA DEL PRESTADOR DE SERVICIO SOCIAL\n\t\t\t\t\t<\/a>\n\t\t\t<a href=\"https:\/\/www.itesloscabos.edu.mx\/wp-content\/uploads\/2025\/08\/ANEXO-XXIV-AUTOEVALUACION-CUALITATIVA-DEL-PRESTADOR-DE-SERVICIO-SOCIAL.doc\" target=\"_self\">\n\t\t\t\t\t\t\tANEXO XXIV AUTOEVALUACION CUALITATIVA DEL PRESTADOR DE SERVICIO SOCIAL\n\t\t\t\t\t<\/a>\n\t\t\t<a href=\"https:\/\/www.itesloscabos.edu.mx\/wp-content\/uploads\/2023\/01\/ANEXO-XXV-EVALUACION-DE-LAS-ACTIVIDADES-POR-EL-PRESTADOR-DE-SERVICIO-SOCIAL.doc\" target=\"_self\">\n\t\t\t\t\t\t\tANEXO XXV EVALUACI\u00d3N DE LAS ACTIVIDADES POR EL PRESTADOR DE SERVICIO SOCIAL\n\t\t\t\t\t<\/a>\n\t\t\t<a href=\"https:\/\/www.itesloscabos.edu.mx\/wp-content\/uploads\/2025\/08\/ANEXO-XVIII.-SOLICITUD-DE-SERVICIO-SOCIAL.doc\" target=\"_self\">\n\t\t\t\t\t\t\tANEXO XVIII.-SOLICITUD DE SERVICIO SOCIAL\n\t\t\t\t\t<\/a>\n\n","protected":false},"excerpt":{"rendered":"<p>servicio social Quedan a su disposici\u00f3n los diferentes formatos de servicio social, al darle click a los botones se descargar\u00e1n autom\u00e1ticamente en tu barra de tareas o en su caso se almacenar\u00e1 en la carpeta de descargas. FORMATO INFORME FINAL DEL SERVICIO SOCIAL ANEXO XIX.-CARTA DE TERMINACI\u00d3N DE SERVICIO SOCIAL ANEXO XX .-CARTA_COMPROMISO DE SERVICIO &hellip;<\/p>\n<p class=\"read-more\"> <a class=\"\" href=\"https:\/\/www.itesloscabos.edu.mx\/inicio\/servicio-social\/\"> <span class=\"screen-reader-text\">Servicio Social<\/span> Leer m\u00e1s &raquo;<\/a><\/p>\n","protected":false},"author":1,"featured_media":0,"parent":0,"menu_order":0,"comment_status":"closed","ping_status":"closed","template":"","meta":{"om_disable_all_campaigns":false,"_monsterinsights_skip_tracking":false,"_monsterinsights_sitenote_active":false,"_monsterinsights_sitenote_note":"","_monsterinsights_sitenote_category":0,"_uf_show_specific_survey":0,"_uf_disable_surveys":false,"site-sidebar-layout":"no-sidebar","site-content-layout":"page-builder","ast-main-header-display":"","ast-hfb-above-header-display":"","ast-hfb-below-header-display":"","ast-hfb-mobile-header-display":"","site-post-title":"disabled","ast-breadcrumbs-content":"","ast-featured-img":"disabled","footer-sml-layout":"","theme-transparent-header-meta":"enabled","adv-header-id-meta":"","stick-header-meta":"","header-above-stick-meta":"","header-main-stick-meta":"","header-below-stick-meta":"","footnotes":""},"class_list":["post-1270","page","type-page","status-publish","hentry"],"aioseo_notices":[],"yoast_head":"<!-- This site is optimized with the Yoast SEO plugin v27.2 - https:\/\/yoast.com\/product\/yoast-seo-wordpress\/ -->\n<title>Servicio Social - ITES<\/title>\n<meta name=\"robots\" content=\"index, follow, max-snippet:-1, max-image-preview:large, max-video-preview:-1\" \/>\n<link rel=\"canonical\" href=\"https:\/\/www.itesloscabos.edu.mx\/inicio\/servicio-social\/\" \/>\n<meta property=\"og:locale\" content=\"es_ES\" \/>\n<meta property=\"og:type\" content=\"article\" \/>\n<meta property=\"og:title\" content=\"Servicio Social - ITES\" \/>\n<meta property=\"og:description\" content=\"servicio social Quedan a su disposici\u00f3n los diferentes formatos de servicio social, al darle click a los botones se descargar\u00e1n autom\u00e1ticamente en tu barra de tareas o en su caso se almacenar\u00e1 en la carpeta de descargas. FORMATO INFORME FINAL DEL SERVICIO SOCIAL ANEXO XIX.-CARTA DE TERMINACI\u00d3N DE SERVICIO SOCIAL ANEXO XX .-CARTA_COMPROMISO DE SERVICIO &hellip; Servicio Social Leer m\u00e1s &raquo;\" \/>\n<meta property=\"og:url\" content=\"https:\/\/www.itesloscabos.edu.mx\/inicio\/servicio-social\/\" \/>\n<meta property=\"og:site_name\" content=\"ITES\" \/>\n<meta property=\"article:modified_time\" content=\"2025-08-23T19:44:39+00:00\" \/>\n<meta name=\"twitter:card\" content=\"summary_large_image\" \/>\n<meta name=\"twitter:label1\" content=\"Tiempo de lectura\" \/>\n\t<meta name=\"twitter:data1\" content=\"1 minuto\" \/>\n<script type=\"application\/ld+json\" class=\"yoast-schema-graph\">{\"@context\":\"https:\/\/schema.org\",\"@graph\":[{\"@type\":\"WebPage\",\"@id\":\"https:\/\/www.itesloscabos.edu.mx\/inicio\/servicio-social\/\",\"url\":\"https:\/\/www.itesloscabos.edu.mx\/inicio\/servicio-social\/\",\"name\":\"Servicio Social - ITES\",\"isPartOf\":{\"@id\":\"https:\/\/www.itesloscabos.edu.mx\/inicio\/#website\"},\"datePublished\":\"2023-01-17T18:35:14+00:00\",\"dateModified\":\"2025-08-23T19:44:39+00:00\",\"breadcrumb\":{\"@id\":\"https:\/\/www.itesloscabos.edu.mx\/inicio\/servicio-social\/#breadcrumb\"},\"inLanguage\":\"es\",\"potentialAction\":[{\"@type\":\"ReadAction\",\"target\":[\"https:\/\/www.itesloscabos.edu.mx\/inicio\/servicio-social\/\"]}]},{\"@type\":\"BreadcrumbList\",\"@id\":\"https:\/\/www.itesloscabos.edu.mx\/inicio\/servicio-social\/#breadcrumb\",\"itemListElement\":[{\"@type\":\"ListItem\",\"position\":1,\"name\":\"Portada\",\"item\":\"https:\/\/www.itesloscabos.edu.mx\/inicio\/\"},{\"@type\":\"ListItem\",\"position\":2,\"name\":\"Servicio Social\"}]},{\"@type\":\"WebSite\",\"@id\":\"https:\/\/www.itesloscabos.edu.mx\/inicio\/#website\",\"url\":\"https:\/\/www.itesloscabos.edu.mx\/inicio\/\",\"name\":\"ITES\",\"description\":\"Los Cabos\",\"potentialAction\":[{\"@type\":\"SearchAction\",\"target\":{\"@type\":\"EntryPoint\",\"urlTemplate\":\"https:\/\/www.itesloscabos.edu.mx\/inicio\/?s={search_term_string}\"},\"query-input\":{\"@type\":\"PropertyValueSpecification\",\"valueRequired\":true,\"valueName\":\"search_term_string\"}}],\"inLanguage\":\"es\"}]}<\/script>\n<!-- \/ Yoast SEO plugin. -->","yoast_head_json":{"title":"Servicio Social - ITES","robots":{"index":"index","follow":"follow","max-snippet":"max-snippet:-1","max-image-preview":"max-image-preview:large","max-video-preview":"max-video-preview:-1"},"canonical":"https:\/\/www.itesloscabos.edu.mx\/inicio\/servicio-social\/","og_locale":"es_ES","og_type":"article","og_title":"Servicio Social - ITES","og_description":"servicio social Quedan a su disposici\u00f3n los diferentes formatos de servicio social, al darle click a los botones se descargar\u00e1n autom\u00e1ticamente en tu barra de tareas o en su caso se almacenar\u00e1 en la carpeta de descargas. FORMATO INFORME FINAL DEL SERVICIO SOCIAL ANEXO XIX.-CARTA DE TERMINACI\u00d3N DE SERVICIO SOCIAL ANEXO XX .-CARTA_COMPROMISO DE SERVICIO &hellip; Servicio Social Leer m\u00e1s &raquo;","og_url":"https:\/\/www.itesloscabos.edu.mx\/inicio\/servicio-social\/","og_site_name":"ITES","article_modified_time":"2025-08-23T19:44:39+00:00","twitter_card":"summary_large_image","twitter_misc":{"Tiempo de lectura":"1 minuto"},"schema":{"@context":"https:\/\/schema.org","@graph":[{"@type":"WebPage","@id":"https:\/\/www.itesloscabos.edu.mx\/inicio\/servicio-social\/","url":"https:\/\/www.itesloscabos.edu.mx\/inicio\/servicio-social\/","name":"Servicio Social - ITES","isPartOf":{"@id":"https:\/\/www.itesloscabos.edu.mx\/inicio\/#website"},"datePublished":"2023-01-17T18:35:14+00:00","dateModified":"2025-08-23T19:44:39+00:00","breadcrumb":{"@id":"https:\/\/www.itesloscabos.edu.mx\/inicio\/servicio-social\/#breadcrumb"},"inLanguage":"es","potentialAction":[{"@type":"ReadAction","target":["https:\/\/www.itesloscabos.edu.mx\/inicio\/servicio-social\/"]}]},{"@type":"BreadcrumbList","@id":"https:\/\/www.itesloscabos.edu.mx\/inicio\/servicio-social\/#breadcrumb","itemListElement":[{"@type":"ListItem","position":1,"name":"Portada","item":"https:\/\/www.itesloscabos.edu.mx\/inicio\/"},{"@type":"ListItem","position":2,"name":"Servicio Social"}]},{"@type":"WebSite","@id":"https:\/\/www.itesloscabos.edu.mx\/inicio\/#website","url":"https:\/\/www.itesloscabos.edu.mx\/inicio\/","name":"ITES","description":"Los Cabos","potentialAction":[{"@type":"SearchAction","target":{"@type":"EntryPoint","urlTemplate":"https:\/\/www.itesloscabos.edu.mx\/inicio\/?s={search_term_string}"},"query-input":{"@type":"PropertyValueSpecification","valueRequired":true,"valueName":"search_term_string"}}],"inLanguage":"es"}]}},"blog_post_layout_featured_media_urls":{"thumbnail":"","full":""},"categories_names":null,"comments_number":"0","_links":{"self":[{"href":"https:\/\/www.itesloscabos.edu.mx\/inicio\/wp-json\/wp\/v2\/pages\/1270","targetHints":{"allow":["GET"]}}],"collection":[{"href":"https:\/\/www.itesloscabos.edu.mx\/inicio\/wp-json\/wp\/v2\/pages"}],"about":[{"href":"https:\/\/www.itesloscabos.edu.mx\/inicio\/wp-json\/wp\/v2\/types\/page"}],"author":[{"embeddable":true,"href":"https:\/\/www.itesloscabos.edu.mx\/inicio\/wp-json\/wp\/v2\/users\/1"}],"replies":[{"embeddable":true,"href":"https:\/\/www.itesloscabos.edu.mx\/inicio\/wp-json\/wp\/v2\/comments?post=1270"}],"version-history":[{"count":15,"href":"https:\/\/www.itesloscabos.edu.mx\/inicio\/wp-json\/wp\/v2\/pages\/1270\/revisions"}],"predecessor-version":[{"id":6242,"href":"https:\/\/www.itesloscabos.edu.mx\/inicio\/wp-json\/wp\/v2\/pages\/1270\/revisions\/6242"}],"wp:attachment":[{"href":"https:\/\/www.itesloscabos.edu.mx\/inicio\/wp-json\/wp\/v2\/media?parent=1270"}],"curies":[{"name":"wp","href":"https:\/\/api.w.org\/{rel}","templated":true}]}}