{"id":1265,"date":"2023-01-17T12:30:41","date_gmt":"2023-01-17T18:30:41","guid":{"rendered":"https:\/\/www.itesloscabos.edu.mx\/inicio\/?page_id=1265"},"modified":"2024-03-07T13:55:03","modified_gmt":"2024-03-07T19:55:03","slug":"residencias","status":"publish","type":"page","link":"https:\/\/www.itesloscabos.edu.mx\/inicio\/residencias\/","title":{"rendered":"Residencias"},"content":{"rendered":"\n\n\t<h1>\n\t\t\t\t\tRESIDENCIAS\n\t\t\t\t<\/h1>\n\t<p>Quedan a su disposici\u00f3n los diferentes formatos de residencias profesionales, al darle click a los botones se descargar\u00e1n autom\u00e1ticamente en tu barra de tareas o en su caso se almacenar\u00e1 en la carpeta de descargas.<\/p>\n\t\t\t\t\t\t\t\t\t\t\t\t<h2>Formatos Estudiantes<\/h2>\n\t\t\t\t\t\t<p>Descarga los formatos para estudiante<\/p>\t\t\t\t\t\n\t\t\t<!-- END .front -->\n\t\t\t\t\t\t\t\t\t\t<h2>Formatos<\/h2>\n\t\t\t\t\t\t<p><a href=\"https:\/\/www.itesloscabos.edu.mx\/wp-content\/uploads\/2024\/02\/Formato-Registro-de-Anteproyecto.docx\">REGISTRO ANTEPROYECTO<\/a><a href=\"https:\/\/www.itesloscabos.edu.mx\/wp-content\/uploads\/2024\/02\/Convenio-docx.docx\">CONVENIO<\/a><a href=\"https:\/\/www.itesloscabos.edu.mx\/wp-content\/uploads\/2024\/02\/Formato-Solicitud-de-Residencia-Profesional.doc\">FORMATO SOLICITUD RESIDENCIA PROFESIONAL<\/a>\u00a0<a href=\"https:\/\/www.itesloscabos.edu.mx\/wp-content\/uploads\/2024\/03\/AEJEMPLO-DE-TERMINACION-DE-SERVICIO-Y-RESIDENCIAS.docx\">FORMATOS DE TERMINACI\u00d3N DE SERVICIO SOCIAL Y RESIDENCIAS PROFESIONALES<\/a><\/p>\t\t\t\t\t\n\t\t\t<!-- END .back -->\n\t\t <!-- ifb-flip-box -->\n\t <!-- flip-box -->\n\t\t\t\t\t\t\t\t\t\t\t\t<h2>Formatos JEFATURA DE DIVISI\u00d3N<\/h2>\n\t\t\t\t\t\t<p>Descarga los formatos para jefes de divisi\u00f3n<\/p>\t\t\t\t\t\n\t\t\t<!-- END .front -->\n\t\t\t\t\t\t\t\t\t\t<h2>Formatos<\/h2>\n\t\t\t\t\t\t<p><a href=\"https:\/\/www.itesloscabos.edu.mx\/wp-content\/uploads\/2024\/02\/Formato-Asignacion-de-Asesor-a-Interno-a-de-Residencias-Profesionales.doc\">FORMATO ASIGNACI\u00d3N DE ASESOR (A) INTERNO (A) DE RESIDENCIAS PROFESIONALES<\/a><a href=\"https:\/\/www.itesloscabos.edu.mx\/wp-content\/uploads\/2024\/02\/Formato-Dictamen-de-Anteproyectos-de-Residencias-Profesionales.doc\">FORMATO DICTAMEN DE ANTEPROYECTOS DE RESIDENCIAS PROFESIONALES<\/a><\/p>\t\t\t\t\t\n\t\t\t<!-- END .back -->\n\t\t <!-- ifb-flip-box -->\n\t <!-- flip-box -->\n\t\t\t\t\t\t\t\t\t\t\t\t<h2>FORMATOS RESIDENCIAS ASESOR INTERNO<\/h2>\n\t\t\t\t\t\t<p>Descarga los formatos para asesores internos<\/p>\t\t\t\t\t\n\t\t\t<!-- END .front -->\n\t\t\t\t\t\t\t\t\t\t<h2>Formatos<\/h2>\n\t\t\t\t\t\t<p><a href=\"https:\/\/www.itesloscabos.edu.mx\/wp-content\/uploads\/2024\/02\/Formato-Informe-Semestral-de-Residencias-Profesionales.doc\">FORMATO INFORME SEMESTRAL DE RESIDENCIAS PROFESIONALES<\/a><a href=\"https:\/\/www.itesloscabos.edu.mx\/wp-content\/uploads\/2024\/02\/Formato-evaluacion-y-seguimiento-mensual-de-residencias-profesionales.doc\">FORMATO EVALUACI\u00d3N Y SEGUIMIENTO (MENSUAL) DE RESIDENCIAS PROFESIONALES<\/a><a href=\"https:\/\/www.itesloscabos.edu.mx\/wp-content\/uploads\/2024\/02\/Formato-evaluacion-de-reporte-de-residencias-profesionales.doc\">FORMATO EVALUACI\u00d3N DE REPORTE DE RESIDENCIAS PROFESIONALES<\/a><\/p>\t\t\t\t\t\n\t\t\t<!-- END .back -->\n\t\t <!-- ifb-flip-box -->\n\t <!-- flip-box -->\n\n","protected":false},"excerpt":{"rendered":"<p>RESIDENCIAS Quedan a su disposici\u00f3n los diferentes formatos de residencias profesionales, al darle click a los botones se descargar\u00e1n autom\u00e1ticamente en tu barra de tareas o en su caso se almacenar\u00e1 en la carpeta de descargas. Formatos Estudiantes Descarga los formatos para estudiante Formatos REGISTRO ANTEPROYECTOCONVENIOFORMATO SOLICITUD RESIDENCIA PROFESIONAL\u00a0FORMATOS DE TERMINACI\u00d3N DE SERVICIO SOCIAL Y &hellip;<\/p>\n<p class=\"read-more\"> <a class=\"\" href=\"https:\/\/www.itesloscabos.edu.mx\/inicio\/residencias\/\"> <span class=\"screen-reader-text\">Residencias<\/span> Leer m\u00e1s &raquo;<\/a><\/p>\n","protected":false},"author":1,"featured_media":0,"parent":0,"menu_order":0,"comment_status":"closed","ping_status":"closed","template":"","meta":{"om_disable_all_campaigns":false,"_monsterinsights_skip_tracking":false,"_monsterinsights_sitenote_active":false,"_monsterinsights_sitenote_note":"","_monsterinsights_sitenote_category":0,"_uf_show_specific_survey":0,"_uf_disable_surveys":false,"site-sidebar-layout":"no-sidebar","site-content-layout":"page-builder","ast-main-header-display":"","ast-hfb-above-header-display":"","ast-hfb-below-header-display":"","ast-hfb-mobile-header-display":"","site-post-title":"disabled","ast-breadcrumbs-content":"","ast-featured-img":"disabled","footer-sml-layout":"","theme-transparent-header-meta":"enabled","adv-header-id-meta":"","stick-header-meta":"","header-above-stick-meta":"","header-main-stick-meta":"","header-below-stick-meta":"","footnotes":""},"class_list":["post-1265","page","type-page","status-publish","hentry"],"aioseo_notices":[],"yoast_head":"<!-- This site is optimized with the Yoast SEO plugin v27.2 - https:\/\/yoast.com\/product\/yoast-seo-wordpress\/ -->\n<title>Residencias - ITES<\/title>\n<meta name=\"robots\" content=\"index, follow, max-snippet:-1, max-image-preview:large, max-video-preview:-1\" \/>\n<link rel=\"canonical\" href=\"https:\/\/www.itesloscabos.edu.mx\/inicio\/residencias\/\" \/>\n<meta property=\"og:locale\" content=\"es_ES\" \/>\n<meta property=\"og:type\" content=\"article\" \/>\n<meta property=\"og:title\" content=\"Residencias - ITES\" \/>\n<meta property=\"og:description\" content=\"RESIDENCIAS Quedan a su disposici\u00f3n los diferentes formatos de residencias profesionales, al darle click a los botones se descargar\u00e1n autom\u00e1ticamente en tu barra de tareas o en su caso se almacenar\u00e1 en la carpeta de descargas. Formatos Estudiantes Descarga los formatos para estudiante Formatos REGISTRO ANTEPROYECTOCONVENIOFORMATO SOLICITUD RESIDENCIA PROFESIONAL\u00a0FORMATOS DE TERMINACI\u00d3N DE SERVICIO SOCIAL Y &hellip; Residencias Leer m\u00e1s &raquo;\" \/>\n<meta property=\"og:url\" content=\"https:\/\/www.itesloscabos.edu.mx\/inicio\/residencias\/\" \/>\n<meta property=\"og:site_name\" content=\"ITES\" \/>\n<meta property=\"article:modified_time\" content=\"2024-03-07T19:55:03+00:00\" \/>\n<meta name=\"twitter:card\" content=\"summary_large_image\" \/>\n<meta name=\"twitter:label1\" content=\"Tiempo de lectura\" \/>\n\t<meta name=\"twitter:data1\" content=\"1 minuto\" \/>\n<script type=\"application\/ld+json\" class=\"yoast-schema-graph\">{\"@context\":\"https:\/\/schema.org\",\"@graph\":[{\"@type\":\"WebPage\",\"@id\":\"https:\/\/www.itesloscabos.edu.mx\/inicio\/residencias\/\",\"url\":\"https:\/\/www.itesloscabos.edu.mx\/inicio\/residencias\/\",\"name\":\"Residencias - ITES\",\"isPartOf\":{\"@id\":\"https:\/\/www.itesloscabos.edu.mx\/inicio\/#website\"},\"datePublished\":\"2023-01-17T18:30:41+00:00\",\"dateModified\":\"2024-03-07T19:55:03+00:00\",\"breadcrumb\":{\"@id\":\"https:\/\/www.itesloscabos.edu.mx\/inicio\/residencias\/#breadcrumb\"},\"inLanguage\":\"es\",\"potentialAction\":[{\"@type\":\"ReadAction\",\"target\":[\"https:\/\/www.itesloscabos.edu.mx\/inicio\/residencias\/\"]}]},{\"@type\":\"BreadcrumbList\",\"@id\":\"https:\/\/www.itesloscabos.edu.mx\/inicio\/residencias\/#breadcrumb\",\"itemListElement\":[{\"@type\":\"ListItem\",\"position\":1,\"name\":\"Portada\",\"item\":\"https:\/\/www.itesloscabos.edu.mx\/inicio\/\"},{\"@type\":\"ListItem\",\"position\":2,\"name\":\"Residencias\"}]},{\"@type\":\"WebSite\",\"@id\":\"https:\/\/www.itesloscabos.edu.mx\/inicio\/#website\",\"url\":\"https:\/\/www.itesloscabos.edu.mx\/inicio\/\",\"name\":\"ITES\",\"description\":\"Los Cabos\",\"potentialAction\":[{\"@type\":\"SearchAction\",\"target\":{\"@type\":\"EntryPoint\",\"urlTemplate\":\"https:\/\/www.itesloscabos.edu.mx\/inicio\/?s={search_term_string}\"},\"query-input\":{\"@type\":\"PropertyValueSpecification\",\"valueRequired\":true,\"valueName\":\"search_term_string\"}}],\"inLanguage\":\"es\"}]}<\/script>\n<!-- \/ Yoast SEO plugin. -->","yoast_head_json":{"title":"Residencias - ITES","robots":{"index":"index","follow":"follow","max-snippet":"max-snippet:-1","max-image-preview":"max-image-preview:large","max-video-preview":"max-video-preview:-1"},"canonical":"https:\/\/www.itesloscabos.edu.mx\/inicio\/residencias\/","og_locale":"es_ES","og_type":"article","og_title":"Residencias - ITES","og_description":"RESIDENCIAS Quedan a su disposici\u00f3n los diferentes formatos de residencias profesionales, al darle click a los botones se descargar\u00e1n autom\u00e1ticamente en tu barra de tareas o en su caso se almacenar\u00e1 en la carpeta de descargas. Formatos Estudiantes Descarga los formatos para estudiante Formatos REGISTRO ANTEPROYECTOCONVENIOFORMATO SOLICITUD RESIDENCIA PROFESIONAL\u00a0FORMATOS DE TERMINACI\u00d3N DE SERVICIO SOCIAL Y &hellip; Residencias Leer m\u00e1s &raquo;","og_url":"https:\/\/www.itesloscabos.edu.mx\/inicio\/residencias\/","og_site_name":"ITES","article_modified_time":"2024-03-07T19:55:03+00:00","twitter_card":"summary_large_image","twitter_misc":{"Tiempo de lectura":"1 minuto"},"schema":{"@context":"https:\/\/schema.org","@graph":[{"@type":"WebPage","@id":"https:\/\/www.itesloscabos.edu.mx\/inicio\/residencias\/","url":"https:\/\/www.itesloscabos.edu.mx\/inicio\/residencias\/","name":"Residencias - ITES","isPartOf":{"@id":"https:\/\/www.itesloscabos.edu.mx\/inicio\/#website"},"datePublished":"2023-01-17T18:30:41+00:00","dateModified":"2024-03-07T19:55:03+00:00","breadcrumb":{"@id":"https:\/\/www.itesloscabos.edu.mx\/inicio\/residencias\/#breadcrumb"},"inLanguage":"es","potentialAction":[{"@type":"ReadAction","target":["https:\/\/www.itesloscabos.edu.mx\/inicio\/residencias\/"]}]},{"@type":"BreadcrumbList","@id":"https:\/\/www.itesloscabos.edu.mx\/inicio\/residencias\/#breadcrumb","itemListElement":[{"@type":"ListItem","position":1,"name":"Portada","item":"https:\/\/www.itesloscabos.edu.mx\/inicio\/"},{"@type":"ListItem","position":2,"name":"Residencias"}]},{"@type":"WebSite","@id":"https:\/\/www.itesloscabos.edu.mx\/inicio\/#website","url":"https:\/\/www.itesloscabos.edu.mx\/inicio\/","name":"ITES","description":"Los Cabos","potentialAction":[{"@type":"SearchAction","target":{"@type":"EntryPoint","urlTemplate":"https:\/\/www.itesloscabos.edu.mx\/inicio\/?s={search_term_string}"},"query-input":{"@type":"PropertyValueSpecification","valueRequired":true,"valueName":"search_term_string"}}],"inLanguage":"es"}]}},"blog_post_layout_featured_media_urls":{"thumbnail":"","full":""},"categories_names":null,"comments_number":"0","_links":{"self":[{"href":"https:\/\/www.itesloscabos.edu.mx\/inicio\/wp-json\/wp\/v2\/pages\/1265","targetHints":{"allow":["GET"]}}],"collection":[{"href":"https:\/\/www.itesloscabos.edu.mx\/inicio\/wp-json\/wp\/v2\/pages"}],"about":[{"href":"https:\/\/www.itesloscabos.edu.mx\/inicio\/wp-json\/wp\/v2\/types\/page"}],"author":[{"embeddable":true,"href":"https:\/\/www.itesloscabos.edu.mx\/inicio\/wp-json\/wp\/v2\/users\/1"}],"replies":[{"embeddable":true,"href":"https:\/\/www.itesloscabos.edu.mx\/inicio\/wp-json\/wp\/v2\/comments?post=1265"}],"version-history":[{"count":30,"href":"https:\/\/www.itesloscabos.edu.mx\/inicio\/wp-json\/wp\/v2\/pages\/1265\/revisions"}],"predecessor-version":[{"id":4618,"href":"https:\/\/www.itesloscabos.edu.mx\/inicio\/wp-json\/wp\/v2\/pages\/1265\/revisions\/4618"}],"wp:attachment":[{"href":"https:\/\/www.itesloscabos.edu.mx\/inicio\/wp-json\/wp\/v2\/media?parent=1265"}],"curies":[{"name":"wp","href":"https:\/\/api.w.org\/{rel}","templated":true}]}}